{"id":10127,"date":"2021-05-04T14:37:20","date_gmt":"2021-05-04T12:37:20","guid":{"rendered":"https:\/\/acieloabierto.net\/producten\/zenhit\/"},"modified":"2021-05-04T14:37:20","modified_gmt":"2021-05-04T12:37:20","slug":"zenhit","status":"publish","type":"product","link":"https:\/\/acieloabierto.net\/es\/producten\/zenhit\/","title":{"rendered":"Zenhit"},"content":{"rendered":"<p>Zenhit se convirti\u00f3 inmediatamente en una de las colecciones estrella de la gama Royal Botania. Las grandes secciones de teca hacen que cada pieza destaque. Los elementos del sal\u00f3n permiten una vertiginosa variedad de combinaciones, con sillones individuales, esquineros y unidades de dos y tres plazas.Tambi\u00e9n hay tumbonas a la izquierda y a la derecha. Pueden combinarse para formar el juego de sal\u00f3n, o por separado. Incluso tiene la opci\u00f3n de juntar una versi\u00f3n para zurdos y otra para diestros para crear su propio oasis privado.<\/p>\n","protected":false},"excerpt":{"rendered":"<p>Zenhit se convirti\u00f3 inmediatamente en una de las colecciones estrella de la gama Royal Botania. Las grandes secciones de teca hacen que cada pieza destaque. Los elementos del sal\u00f3n permiten una vertiginosa variedad de combinaciones, con sillones individuales, esquineros y unidades de dos y tres plazas.Tambi\u00e9n hay tumbonas a la izquierda y a la derecha. [&hellip;]<\/p>\n","protected":false},"featured_media":9478,"comment_status":"closed","ping_status":"closed","template":"","meta":{"wds_primary_pwb-brand":0,"wds_primary_product_cat":0},"brands":[{"id":467,"name":"Royal Botania","slug":"royal-botania-es"}],"yoast_head":"<!-- This site is optimized with the Yoast SEO plugin v16.3 - https:\/\/yoast.com\/wordpress\/plugins\/seo\/ -->\n<title>Zenhit - A Cielo Abierto<\/title>\n<meta name=\"robots\" content=\"index, follow, max-snippet:-1, max-image-preview:large, max-video-preview:-1\" \/>\n<link rel=\"canonical\" href=\"https:\/\/acieloabierto.net\/es\/producten\/zenhit\/\" \/>\n<meta property=\"og:locale\" content=\"es_ES\" \/>\n<meta property=\"og:type\" content=\"article\" \/>\n<meta property=\"og:title\" content=\"Zenhit - A Cielo Abierto\" \/>\n<meta property=\"og:description\" content=\"Zenhit se convirti\u00f3 inmediatamente en una de las colecciones estrella de la gama Royal Botania. Las grandes secciones de teca hacen que cada pieza destaque. Los elementos del sal\u00f3n permiten una vertiginosa variedad de combinaciones, con sillones individuales, esquineros y unidades de dos y tres plazas.Tambi\u00e9n hay tumbonas a la izquierda y a la derecha. [&hellip;]\" \/>\n<meta property=\"og:url\" content=\"https:\/\/acieloabierto.net\/es\/producten\/zenhit\/\" \/>\n<meta property=\"og:site_name\" content=\"A Cielo Abierto\" \/>\n<meta property=\"og:image\" content=\"https:\/\/acieloabierto.net\/wp-content\/uploads\/2021\/05\/Zenith-RoyalBotania-Ligbed1.jpg\" \/>\n\t<meta property=\"og:image:width\" content=\"1920\" \/>\n\t<meta property=\"og:image:height\" content=\"1300\" \/>\n<meta name=\"twitter:card\" content=\"summary_large_image\" \/>\n<script type=\"application\/ld+json\" class=\"yoast-schema-graph\">{\"@context\":\"https:\/\/schema.org\",\"@graph\":[{\"@type\":\"Organization\",\"@id\":\"https:\/\/acieloabierto.net\/en\/#organization\",\"name\":\"A Cielo Abierto\",\"url\":\"https:\/\/acieloabierto.net\/en\/\",\"sameAs\":[],\"logo\":{\"@type\":\"ImageObject\",\"@id\":\"https:\/\/acieloabierto.net\/en\/#logo\",\"inLanguage\":\"es\",\"url\":\"https:\/\/acieloabierto.net\/wp-content\/uploads\/2021\/02\/logo.svg\",\"contentUrl\":\"https:\/\/acieloabierto.net\/wp-content\/uploads\/2021\/02\/logo.svg\",\"caption\":\"A Cielo Abierto\"},\"image\":{\"@id\":\"https:\/\/acieloabierto.net\/en\/#logo\"}},{\"@type\":\"WebSite\",\"@id\":\"https:\/\/acieloabierto.net\/en\/#website\",\"url\":\"https:\/\/acieloabierto.net\/en\/\",\"name\":\"A Cielo Abierto\",\"description\":\"Tuinmeubels Costa Blanca\",\"publisher\":{\"@id\":\"https:\/\/acieloabierto.net\/en\/#organization\"},\"potentialAction\":[{\"@type\":\"SearchAction\",\"target\":\"https:\/\/acieloabierto.net\/en\/?s={search_term_string}\",\"query-input\":\"required name=search_term_string\"}],\"inLanguage\":\"es\"},{\"@type\":\"ImageObject\",\"@id\":\"https:\/\/acieloabierto.net\/es\/producten\/zenhit\/#primaryimage\",\"inLanguage\":\"es\",\"url\":\"https:\/\/acieloabierto.net\/wp-content\/uploads\/2021\/05\/Zenith-RoyalBotania-Ligbed1.jpg\",\"contentUrl\":\"https:\/\/acieloabierto.net\/wp-content\/uploads\/2021\/05\/Zenith-RoyalBotania-Ligbed1.jpg\",\"width\":1920,\"height\":1300},{\"@type\":\"WebPage\",\"@id\":\"https:\/\/acieloabierto.net\/es\/producten\/zenhit\/#webpage\",\"url\":\"https:\/\/acieloabierto.net\/es\/producten\/zenhit\/\",\"name\":\"Zenhit - A Cielo Abierto\",\"isPartOf\":{\"@id\":\"https:\/\/acieloabierto.net\/en\/#website\"},\"primaryImageOfPage\":{\"@id\":\"https:\/\/acieloabierto.net\/es\/producten\/zenhit\/#primaryimage\"},\"datePublished\":\"2021-05-04T12:37:20+00:00\",\"dateModified\":\"2021-05-04T12:37:20+00:00\",\"breadcrumb\":{\"@id\":\"https:\/\/acieloabierto.net\/es\/producten\/zenhit\/#breadcrumb\"},\"inLanguage\":\"es\",\"potentialAction\":[{\"@type\":\"ReadAction\",\"target\":[\"https:\/\/acieloabierto.net\/es\/producten\/zenhit\/\"]}]},{\"@type\":\"BreadcrumbList\",\"@id\":\"https:\/\/acieloabierto.net\/es\/producten\/zenhit\/#breadcrumb\",\"itemListElement\":[{\"@type\":\"ListItem\",\"position\":1,\"item\":{\"@type\":\"WebPage\",\"@id\":\"https:\/\/acieloabierto.net\/\",\"url\":\"https:\/\/acieloabierto.net\/\",\"name\":\"Home\"}},{\"@type\":\"ListItem\",\"position\":2,\"item\":{\"@type\":\"WebPage\",\"@id\":\"\",\"url\":\"\",\"name\":\"\"}},{\"@type\":\"ListItem\",\"position\":3,\"item\":{\"@id\":\"https:\/\/acieloabierto.net\/es\/producten\/zenhit\/#webpage\"}}]}]}<\/script>\n<!-- \/ Yoast SEO plugin. -->","_links":{"self":[{"href":"https:\/\/acieloabierto.net\/es\/wp-json\/wp\/v2\/product\/10127"}],"collection":[{"href":"https:\/\/acieloabierto.net\/es\/wp-json\/wp\/v2\/product"}],"about":[{"href":"https:\/\/acieloabierto.net\/es\/wp-json\/wp\/v2\/types\/product"}],"replies":[{"embeddable":true,"href":"https:\/\/acieloabierto.net\/es\/wp-json\/wp\/v2\/comments?post=10127"}],"wp:featuredmedia":[{"embeddable":true,"href":"https:\/\/acieloabierto.net\/es\/wp-json\/wp\/v2\/media\/9478"}],"wp:attachment":[{"href":"https:\/\/acieloabierto.net\/es\/wp-json\/wp\/v2\/media?parent=10127"}],"curies":[{"name":"wp","href":"https:\/\/api.w.org\/{rel}","templated":true}]}}