{"id":10122,"date":"2021-05-04T14:29:59","date_gmt":"2021-05-04T12:29:59","guid":{"rendered":"https:\/\/acieloabierto.net\/producten\/organix\/"},"modified":"2021-05-04T14:29:59","modified_gmt":"2021-05-04T12:29:59","slug":"organix","status":"publish","type":"product","link":"https:\/\/acieloabierto.net\/es\/producten\/organix\/","title":{"rendered":"Organix"},"content":{"rendered":"<p>La mayor\u00eda de las formas org\u00e1nicas son curvas o redondas, y para honrar el rechazo natural de las l\u00edneas rectas, hemos dise\u00f1ado nuestra nueva colecci\u00f3n de salones Organix.<br \/>\nInspirada en la propia naturaleza, la colecci\u00f3n Organix es impresionante tanto si se mezcla en un entorno natural como si contrasta con la arquitectura minimalista.<br \/>\nLos cojines del respaldo se presentan en tres curvas diferentes a juego con los elementos en forma de ri\u00f1\u00f3n y pueden fijarse f\u00e1cilmente a las bases de aluminio seg\u00fan se desee, ofreciendo infinitas posibilidades de disposici\u00f3n, as\u00ed como las combinaciones de colores de las telas y las tapas de cer\u00e1mica. lo que le permite personalizar su juego de sal\u00f3n Organix seg\u00fan sus preferencias personales.<\/p>\n","protected":false},"excerpt":{"rendered":"<p>La mayor\u00eda de las formas org\u00e1nicas son curvas o redondas, y para honrar el rechazo natural de las l\u00edneas rectas, hemos dise\u00f1ado nuestra nueva colecci\u00f3n de salones Organix. Inspirada en la propia naturaleza, la colecci\u00f3n Organix es impresionante tanto si se mezcla en un entorno natural como si contrasta con la arquitectura minimalista. Los cojines [&hellip;]<\/p>\n","protected":false},"featured_media":9485,"comment_status":"closed","ping_status":"closed","template":"","meta":{"wds_primary_pwb-brand":0,"wds_primary_product_cat":0},"brands":[{"id":467,"name":"Royal Botania","slug":"royal-botania-es"}],"yoast_head":"<!-- This site is optimized with the Yoast SEO plugin v16.3 - https:\/\/yoast.com\/wordpress\/plugins\/seo\/ -->\n<title>Organix - A Cielo Abierto<\/title>\n<meta name=\"robots\" content=\"index, follow, max-snippet:-1, max-image-preview:large, max-video-preview:-1\" \/>\n<link rel=\"canonical\" href=\"https:\/\/acieloabierto.net\/es\/producten\/organix\/\" \/>\n<meta property=\"og:locale\" content=\"es_ES\" \/>\n<meta property=\"og:type\" content=\"article\" \/>\n<meta property=\"og:title\" content=\"Organix - A Cielo Abierto\" \/>\n<meta property=\"og:description\" content=\"La mayor\u00eda de las formas org\u00e1nicas son curvas o redondas, y para honrar el rechazo natural de las l\u00edneas rectas, hemos dise\u00f1ado nuestra nueva colecci\u00f3n de salones Organix. Inspirada en la propia naturaleza, la colecci\u00f3n Organix es impresionante tanto si se mezcla en un entorno natural como si contrasta con la arquitectura minimalista. Los cojines [&hellip;]\" \/>\n<meta property=\"og:url\" content=\"https:\/\/acieloabierto.net\/es\/producten\/organix\/\" \/>\n<meta property=\"og:site_name\" content=\"A Cielo Abierto\" \/>\n<meta property=\"og:image\" content=\"https:\/\/acieloabierto.net\/wp-content\/uploads\/2021\/05\/Organix-RoyalBotania-Lounge2.jpg\" \/>\n\t<meta property=\"og:image:width\" content=\"1920\" \/>\n\t<meta property=\"og:image:height\" content=\"1300\" \/>\n<meta name=\"twitter:card\" content=\"summary_large_image\" \/>\n<meta name=\"twitter:label1\" content=\"Tiempo de lectura\">\n\t<meta name=\"twitter:data1\" content=\"1 minuto\">\n<script type=\"application\/ld+json\" class=\"yoast-schema-graph\">{\"@context\":\"https:\/\/schema.org\",\"@graph\":[{\"@type\":\"Organization\",\"@id\":\"https:\/\/acieloabierto.net\/en\/#organization\",\"name\":\"A Cielo Abierto\",\"url\":\"https:\/\/acieloabierto.net\/en\/\",\"sameAs\":[],\"logo\":{\"@type\":\"ImageObject\",\"@id\":\"https:\/\/acieloabierto.net\/en\/#logo\",\"inLanguage\":\"es\",\"url\":\"https:\/\/acieloabierto.net\/wp-content\/uploads\/2021\/02\/logo.svg\",\"contentUrl\":\"https:\/\/acieloabierto.net\/wp-content\/uploads\/2021\/02\/logo.svg\",\"caption\":\"A Cielo Abierto\"},\"image\":{\"@id\":\"https:\/\/acieloabierto.net\/en\/#logo\"}},{\"@type\":\"WebSite\",\"@id\":\"https:\/\/acieloabierto.net\/en\/#website\",\"url\":\"https:\/\/acieloabierto.net\/en\/\",\"name\":\"A Cielo Abierto\",\"description\":\"Tuinmeubels Costa Blanca\",\"publisher\":{\"@id\":\"https:\/\/acieloabierto.net\/en\/#organization\"},\"potentialAction\":[{\"@type\":\"SearchAction\",\"target\":\"https:\/\/acieloabierto.net\/en\/?s={search_term_string}\",\"query-input\":\"required name=search_term_string\"}],\"inLanguage\":\"es\"},{\"@type\":\"ImageObject\",\"@id\":\"https:\/\/acieloabierto.net\/es\/producten\/organix\/#primaryimage\",\"inLanguage\":\"es\",\"url\":\"https:\/\/acieloabierto.net\/wp-content\/uploads\/2021\/05\/Organix-RoyalBotania-Lounge2.jpg\",\"contentUrl\":\"https:\/\/acieloabierto.net\/wp-content\/uploads\/2021\/05\/Organix-RoyalBotania-Lounge2.jpg\",\"width\":1920,\"height\":1300},{\"@type\":\"WebPage\",\"@id\":\"https:\/\/acieloabierto.net\/es\/producten\/organix\/#webpage\",\"url\":\"https:\/\/acieloabierto.net\/es\/producten\/organix\/\",\"name\":\"Organix - A Cielo Abierto\",\"isPartOf\":{\"@id\":\"https:\/\/acieloabierto.net\/en\/#website\"},\"primaryImageOfPage\":{\"@id\":\"https:\/\/acieloabierto.net\/es\/producten\/organix\/#primaryimage\"},\"datePublished\":\"2021-05-04T12:29:59+00:00\",\"dateModified\":\"2021-05-04T12:29:59+00:00\",\"breadcrumb\":{\"@id\":\"https:\/\/acieloabierto.net\/es\/producten\/organix\/#breadcrumb\"},\"inLanguage\":\"es\",\"potentialAction\":[{\"@type\":\"ReadAction\",\"target\":[\"https:\/\/acieloabierto.net\/es\/producten\/organix\/\"]}]},{\"@type\":\"BreadcrumbList\",\"@id\":\"https:\/\/acieloabierto.net\/es\/producten\/organix\/#breadcrumb\",\"itemListElement\":[{\"@type\":\"ListItem\",\"position\":1,\"item\":{\"@type\":\"WebPage\",\"@id\":\"https:\/\/acieloabierto.net\/\",\"url\":\"https:\/\/acieloabierto.net\/\",\"name\":\"Home\"}},{\"@type\":\"ListItem\",\"position\":2,\"item\":{\"@type\":\"WebPage\",\"@id\":\"\",\"url\":\"\",\"name\":\"\"}},{\"@type\":\"ListItem\",\"position\":3,\"item\":{\"@id\":\"https:\/\/acieloabierto.net\/es\/producten\/organix\/#webpage\"}}]}]}<\/script>\n<!-- \/ Yoast SEO plugin. -->","_links":{"self":[{"href":"https:\/\/acieloabierto.net\/es\/wp-json\/wp\/v2\/product\/10122"}],"collection":[{"href":"https:\/\/acieloabierto.net\/es\/wp-json\/wp\/v2\/product"}],"about":[{"href":"https:\/\/acieloabierto.net\/es\/wp-json\/wp\/v2\/types\/product"}],"replies":[{"embeddable":true,"href":"https:\/\/acieloabierto.net\/es\/wp-json\/wp\/v2\/comments?post=10122"}],"wp:featuredmedia":[{"embeddable":true,"href":"https:\/\/acieloabierto.net\/es\/wp-json\/wp\/v2\/media\/9485"}],"wp:attachment":[{"href":"https:\/\/acieloabierto.net\/es\/wp-json\/wp\/v2\/media?parent=10122"}],"curies":[{"name":"wp","href":"https:\/\/api.w.org\/{rel}","templated":true}]}}