{"id":10121,"date":"2021-04-30T14:17:21","date_gmt":"2021-04-30T12:17:21","guid":{"rendered":"https:\/\/acieloabierto.net\/producten\/ninix\/"},"modified":"2021-04-30T14:17:21","modified_gmt":"2021-04-30T12:17:21","slug":"ninix","status":"publish","type":"product","link":"https:\/\/acieloabierto.net\/es\/producten\/ninix\/","title":{"rendered":"Ninix"},"content":{"rendered":"<p>Puede parecer una contradicci\u00f3n, pero Ninix significa tanto el m\u00ednimo como el m\u00e1ximo. Ninix combina lo mejor de ambos.<\/p>\n<p>Se ofrece lo m\u00e1ximo en cuanto a la elecci\u00f3n de materiales, la ergonom\u00eda optimizada y el refinamiento en la calidad y el dise\u00f1o. Lo m\u00ednimo se relaciona con las l\u00edneas simples y limpias del dise\u00f1o.<\/p>\n","protected":false},"excerpt":{"rendered":"<p>Puede parecer una contradicci\u00f3n, pero Ninix significa tanto el m\u00ednimo como el m\u00e1ximo. Ninix combina lo mejor de ambos. Se ofrece lo m\u00e1ximo en cuanto a la elecci\u00f3n de materiales, la ergonom\u00eda optimizada y el refinamiento en la calidad y el dise\u00f1o. Lo m\u00ednimo se relaciona con las l\u00edneas simples y limpias del dise\u00f1o.<\/p>\n","protected":false},"featured_media":9488,"comment_status":"closed","ping_status":"closed","template":"","meta":{"wds_primary_pwb-brand":0,"wds_primary_product_cat":0},"brands":[{"id":467,"name":"Royal Botania","slug":"royal-botania-es"}],"yoast_head":"<!-- This site is optimized with the Yoast SEO plugin v16.3 - https:\/\/yoast.com\/wordpress\/plugins\/seo\/ -->\n<title>Ninix - A Cielo Abierto<\/title>\n<meta name=\"robots\" content=\"index, follow, max-snippet:-1, max-image-preview:large, max-video-preview:-1\" \/>\n<link rel=\"canonical\" href=\"https:\/\/acieloabierto.net\/es\/producten\/ninix\/\" \/>\n<meta property=\"og:locale\" content=\"es_ES\" \/>\n<meta property=\"og:type\" content=\"article\" \/>\n<meta property=\"og:title\" content=\"Ninix - A Cielo Abierto\" \/>\n<meta property=\"og:description\" content=\"Puede parecer una contradicci\u00f3n, pero Ninix significa tanto el m\u00ednimo como el m\u00e1ximo. Ninix combina lo mejor de ambos. Se ofrece lo m\u00e1ximo en cuanto a la elecci\u00f3n de materiales, la ergonom\u00eda optimizada y el refinamiento en la calidad y el dise\u00f1o. Lo m\u00ednimo se relaciona con las l\u00edneas simples y limpias del dise\u00f1o.\" \/>\n<meta property=\"og:url\" content=\"https:\/\/acieloabierto.net\/es\/producten\/ninix\/\" \/>\n<meta property=\"og:site_name\" content=\"A Cielo Abierto\" \/>\n<meta property=\"og:image\" content=\"https:\/\/acieloabierto.net\/wp-content\/uploads\/2021\/04\/NINIX-RoyalBotania-Ligbed.jpg\" \/>\n\t<meta property=\"og:image:width\" content=\"1920\" \/>\n\t<meta property=\"og:image:height\" content=\"1300\" \/>\n<meta name=\"twitter:card\" content=\"summary_large_image\" \/>\n<script type=\"application\/ld+json\" class=\"yoast-schema-graph\">{\"@context\":\"https:\/\/schema.org\",\"@graph\":[{\"@type\":\"Organization\",\"@id\":\"https:\/\/acieloabierto.net\/en\/#organization\",\"name\":\"A Cielo Abierto\",\"url\":\"https:\/\/acieloabierto.net\/en\/\",\"sameAs\":[],\"logo\":{\"@type\":\"ImageObject\",\"@id\":\"https:\/\/acieloabierto.net\/en\/#logo\",\"inLanguage\":\"es\",\"url\":\"https:\/\/acieloabierto.net\/wp-content\/uploads\/2021\/02\/logo.svg\",\"contentUrl\":\"https:\/\/acieloabierto.net\/wp-content\/uploads\/2021\/02\/logo.svg\",\"caption\":\"A Cielo Abierto\"},\"image\":{\"@id\":\"https:\/\/acieloabierto.net\/en\/#logo\"}},{\"@type\":\"WebSite\",\"@id\":\"https:\/\/acieloabierto.net\/en\/#website\",\"url\":\"https:\/\/acieloabierto.net\/en\/\",\"name\":\"A Cielo Abierto\",\"description\":\"Tuinmeubels Costa Blanca\",\"publisher\":{\"@id\":\"https:\/\/acieloabierto.net\/en\/#organization\"},\"potentialAction\":[{\"@type\":\"SearchAction\",\"target\":\"https:\/\/acieloabierto.net\/en\/?s={search_term_string}\",\"query-input\":\"required name=search_term_string\"}],\"inLanguage\":\"es\"},{\"@type\":\"ImageObject\",\"@id\":\"https:\/\/acieloabierto.net\/es\/producten\/ninix\/#primaryimage\",\"inLanguage\":\"es\",\"url\":\"https:\/\/acieloabierto.net\/wp-content\/uploads\/2021\/04\/NINIX-RoyalBotania-Ligbed.jpg\",\"contentUrl\":\"https:\/\/acieloabierto.net\/wp-content\/uploads\/2021\/04\/NINIX-RoyalBotania-Ligbed.jpg\",\"width\":1920,\"height\":1300},{\"@type\":\"WebPage\",\"@id\":\"https:\/\/acieloabierto.net\/es\/producten\/ninix\/#webpage\",\"url\":\"https:\/\/acieloabierto.net\/es\/producten\/ninix\/\",\"name\":\"Ninix - A Cielo Abierto\",\"isPartOf\":{\"@id\":\"https:\/\/acieloabierto.net\/en\/#website\"},\"primaryImageOfPage\":{\"@id\":\"https:\/\/acieloabierto.net\/es\/producten\/ninix\/#primaryimage\"},\"datePublished\":\"2021-04-30T12:17:21+00:00\",\"dateModified\":\"2021-04-30T12:17:21+00:00\",\"breadcrumb\":{\"@id\":\"https:\/\/acieloabierto.net\/es\/producten\/ninix\/#breadcrumb\"},\"inLanguage\":\"es\",\"potentialAction\":[{\"@type\":\"ReadAction\",\"target\":[\"https:\/\/acieloabierto.net\/es\/producten\/ninix\/\"]}]},{\"@type\":\"BreadcrumbList\",\"@id\":\"https:\/\/acieloabierto.net\/es\/producten\/ninix\/#breadcrumb\",\"itemListElement\":[{\"@type\":\"ListItem\",\"position\":1,\"item\":{\"@type\":\"WebPage\",\"@id\":\"https:\/\/acieloabierto.net\/\",\"url\":\"https:\/\/acieloabierto.net\/\",\"name\":\"Home\"}},{\"@type\":\"ListItem\",\"position\":2,\"item\":{\"@type\":\"WebPage\",\"@id\":\"\",\"url\":\"\",\"name\":\"\"}},{\"@type\":\"ListItem\",\"position\":3,\"item\":{\"@id\":\"https:\/\/acieloabierto.net\/es\/producten\/ninix\/#webpage\"}}]}]}<\/script>\n<!-- \/ Yoast SEO plugin. -->","_links":{"self":[{"href":"https:\/\/acieloabierto.net\/es\/wp-json\/wp\/v2\/product\/10121"}],"collection":[{"href":"https:\/\/acieloabierto.net\/es\/wp-json\/wp\/v2\/product"}],"about":[{"href":"https:\/\/acieloabierto.net\/es\/wp-json\/wp\/v2\/types\/product"}],"replies":[{"embeddable":true,"href":"https:\/\/acieloabierto.net\/es\/wp-json\/wp\/v2\/comments?post=10121"}],"wp:featuredmedia":[{"embeddable":true,"href":"https:\/\/acieloabierto.net\/es\/wp-json\/wp\/v2\/media\/9488"}],"wp:attachment":[{"href":"https:\/\/acieloabierto.net\/es\/wp-json\/wp\/v2\/media?parent=10121"}],"curies":[{"name":"wp","href":"https:\/\/api.w.org\/{rel}","templated":true}]}}