{"id":10120,"date":"2021-04-30T13:54:15","date_gmt":"2021-04-30T11:54:15","guid":{"rendered":"https:\/\/acieloabierto.net\/producten\/mozaix\/"},"modified":"2021-04-30T13:54:15","modified_gmt":"2021-04-30T11:54:15","slug":"mozaix","status":"publish","type":"product","link":"https:\/\/acieloabierto.net\/es\/producten\/mozaix\/","title":{"rendered":"Mozaix"},"content":{"rendered":"<p>El MOZAIX es una obra de arte. Las grandes rejillas de teca, caoba aceitada o aluminio, disponibles en cuatro longitudes, le ofrecen una amplia gama de combinaciones para crear su disposici\u00f3n favorita.<\/p>\n<p>Todos estos cojines tienen un relleno QuickDry, por lo que un chaparr\u00f3n no impedir\u00e1 disfrutar de este lujoso mobiliario de jard\u00edn.<\/p>\n<p>Las secciones que quedan abiertas tras colocar los cojines ofrecen posibilidades de ajuste casi ilimitadas.<\/p>\n","protected":false},"excerpt":{"rendered":"<p>El MOZAIX es una obra de arte. Las grandes rejillas de teca, caoba aceitada o aluminio, disponibles en cuatro longitudes, le ofrecen una amplia gama de combinaciones para crear su disposici\u00f3n favorita. Todos estos cojines tienen un relleno QuickDry, por lo que un chaparr\u00f3n no impedir\u00e1 disfrutar de este lujoso mobiliario de jard\u00edn. Las secciones [&hellip;]<\/p>\n","protected":false},"featured_media":9497,"comment_status":"closed","ping_status":"closed","template":"","meta":{"wds_primary_pwb-brand":0,"wds_primary_product_cat":0},"brands":[{"id":467,"name":"Royal Botania","slug":"royal-botania-es"}],"yoast_head":"<!-- This site is optimized with the Yoast SEO plugin v16.3 - https:\/\/yoast.com\/wordpress\/plugins\/seo\/ -->\n<title>Mozaix - A Cielo Abierto<\/title>\n<meta name=\"robots\" content=\"index, follow, max-snippet:-1, max-image-preview:large, max-video-preview:-1\" \/>\n<link rel=\"canonical\" href=\"https:\/\/acieloabierto.net\/es\/producten\/mozaix\/\" \/>\n<meta property=\"og:locale\" content=\"es_ES\" \/>\n<meta property=\"og:type\" content=\"article\" \/>\n<meta property=\"og:title\" content=\"Mozaix - A Cielo Abierto\" \/>\n<meta property=\"og:description\" content=\"El MOZAIX es una obra de arte. Las grandes rejillas de teca, caoba aceitada o aluminio, disponibles en cuatro longitudes, le ofrecen una amplia gama de combinaciones para crear su disposici\u00f3n favorita. Todos estos cojines tienen un relleno QuickDry, por lo que un chaparr\u00f3n no impedir\u00e1 disfrutar de este lujoso mobiliario de jard\u00edn. Las secciones [&hellip;]\" \/>\n<meta property=\"og:url\" content=\"https:\/\/acieloabierto.net\/es\/producten\/mozaix\/\" \/>\n<meta property=\"og:site_name\" content=\"A Cielo Abierto\" \/>\n<meta property=\"og:image\" content=\"https:\/\/acieloabierto.net\/wp-content\/uploads\/2021\/04\/Mozaix-RoyalBotania-Lounge2.jpg\" \/>\n\t<meta property=\"og:image:width\" content=\"1920\" \/>\n\t<meta property=\"og:image:height\" content=\"1300\" \/>\n<meta name=\"twitter:card\" content=\"summary_large_image\" \/>\n<script type=\"application\/ld+json\" class=\"yoast-schema-graph\">{\"@context\":\"https:\/\/schema.org\",\"@graph\":[{\"@type\":\"Organization\",\"@id\":\"https:\/\/acieloabierto.net\/en\/#organization\",\"name\":\"A Cielo Abierto\",\"url\":\"https:\/\/acieloabierto.net\/en\/\",\"sameAs\":[],\"logo\":{\"@type\":\"ImageObject\",\"@id\":\"https:\/\/acieloabierto.net\/en\/#logo\",\"inLanguage\":\"es\",\"url\":\"https:\/\/acieloabierto.net\/wp-content\/uploads\/2021\/02\/logo.svg\",\"contentUrl\":\"https:\/\/acieloabierto.net\/wp-content\/uploads\/2021\/02\/logo.svg\",\"caption\":\"A Cielo Abierto\"},\"image\":{\"@id\":\"https:\/\/acieloabierto.net\/en\/#logo\"}},{\"@type\":\"WebSite\",\"@id\":\"https:\/\/acieloabierto.net\/en\/#website\",\"url\":\"https:\/\/acieloabierto.net\/en\/\",\"name\":\"A Cielo Abierto\",\"description\":\"Tuinmeubels Costa Blanca\",\"publisher\":{\"@id\":\"https:\/\/acieloabierto.net\/en\/#organization\"},\"potentialAction\":[{\"@type\":\"SearchAction\",\"target\":\"https:\/\/acieloabierto.net\/en\/?s={search_term_string}\",\"query-input\":\"required name=search_term_string\"}],\"inLanguage\":\"es\"},{\"@type\":\"ImageObject\",\"@id\":\"https:\/\/acieloabierto.net\/es\/producten\/mozaix\/#primaryimage\",\"inLanguage\":\"es\",\"url\":\"https:\/\/acieloabierto.net\/wp-content\/uploads\/2021\/04\/Mozaix-RoyalBotania-Lounge2.jpg\",\"contentUrl\":\"https:\/\/acieloabierto.net\/wp-content\/uploads\/2021\/04\/Mozaix-RoyalBotania-Lounge2.jpg\",\"width\":1920,\"height\":1300},{\"@type\":\"WebPage\",\"@id\":\"https:\/\/acieloabierto.net\/es\/producten\/mozaix\/#webpage\",\"url\":\"https:\/\/acieloabierto.net\/es\/producten\/mozaix\/\",\"name\":\"Mozaix - A Cielo Abierto\",\"isPartOf\":{\"@id\":\"https:\/\/acieloabierto.net\/en\/#website\"},\"primaryImageOfPage\":{\"@id\":\"https:\/\/acieloabierto.net\/es\/producten\/mozaix\/#primaryimage\"},\"datePublished\":\"2021-04-30T11:54:15+00:00\",\"dateModified\":\"2021-04-30T11:54:15+00:00\",\"breadcrumb\":{\"@id\":\"https:\/\/acieloabierto.net\/es\/producten\/mozaix\/#breadcrumb\"},\"inLanguage\":\"es\",\"potentialAction\":[{\"@type\":\"ReadAction\",\"target\":[\"https:\/\/acieloabierto.net\/es\/producten\/mozaix\/\"]}]},{\"@type\":\"BreadcrumbList\",\"@id\":\"https:\/\/acieloabierto.net\/es\/producten\/mozaix\/#breadcrumb\",\"itemListElement\":[{\"@type\":\"ListItem\",\"position\":1,\"item\":{\"@type\":\"WebPage\",\"@id\":\"https:\/\/acieloabierto.net\/\",\"url\":\"https:\/\/acieloabierto.net\/\",\"name\":\"Home\"}},{\"@type\":\"ListItem\",\"position\":2,\"item\":{\"@type\":\"WebPage\",\"@id\":\"\",\"url\":\"\",\"name\":\"\"}},{\"@type\":\"ListItem\",\"position\":3,\"item\":{\"@id\":\"https:\/\/acieloabierto.net\/es\/producten\/mozaix\/#webpage\"}}]}]}<\/script>\n<!-- \/ Yoast SEO plugin. -->","_links":{"self":[{"href":"https:\/\/acieloabierto.net\/es\/wp-json\/wp\/v2\/product\/10120"}],"collection":[{"href":"https:\/\/acieloabierto.net\/es\/wp-json\/wp\/v2\/product"}],"about":[{"href":"https:\/\/acieloabierto.net\/es\/wp-json\/wp\/v2\/types\/product"}],"replies":[{"embeddable":true,"href":"https:\/\/acieloabierto.net\/es\/wp-json\/wp\/v2\/comments?post=10120"}],"wp:featuredmedia":[{"embeddable":true,"href":"https:\/\/acieloabierto.net\/es\/wp-json\/wp\/v2\/media\/9497"}],"wp:attachment":[{"href":"https:\/\/acieloabierto.net\/es\/wp-json\/wp\/v2\/media?parent=10120"}],"curies":[{"name":"wp","href":"https:\/\/api.w.org\/{rel}","templated":true}]}}