{"id":10119,"date":"2021-04-30T13:47:19","date_gmt":"2021-04-30T11:47:19","guid":{"rendered":"https:\/\/acieloabierto.net\/producten\/exes\/"},"modified":"2021-04-30T13:47:19","modified_gmt":"2021-04-30T11:47:19","slug":"exes","status":"publish","type":"product","link":"https:\/\/acieloabierto.net\/es\/producten\/exes\/","title":{"rendered":"Exes"},"content":{"rendered":"<p>Qu\u00e9 mejor nombre para una silla formada por dos armazones en forma de X que ofrecen m\u00e1s comodidad y estilo que&#8230; \u00a1Exes!<\/p>\n<p>Las l\u00edneas org\u00e1nicas y fluidas de la estructura de aluminio fundido a presi\u00f3n s\u00f3lo se ven interrumpidas por los reposabrazos c\u00f3nicos de teca, que aportan un c\u00e1lido elemento de dise\u00f1o. El respaldo curvo, perfectamente integrado, tiene dos aberturas en forma de X. No s\u00f3lo sirven como elementos est\u00e9ticos, sino tambi\u00e9n como puntos de fijaci\u00f3n para el coj\u00edn del respaldo. Se fijan mediante pomos en forma de X que vienen de serie en el color del cuadro. La teca tambi\u00e9n se ofrece como opci\u00f3n a juego con los reposabrazos. Hacen que la silla Exes sea a\u00fan m\u00e1s llamativa.<\/p>\n","protected":false},"excerpt":{"rendered":"<p>Qu\u00e9 mejor nombre para una silla formada por dos armazones en forma de X que ofrecen m\u00e1s comodidad y estilo que&#8230; \u00a1Exes! Las l\u00edneas org\u00e1nicas y fluidas de la estructura de aluminio fundido a presi\u00f3n s\u00f3lo se ven interrumpidas por los reposabrazos c\u00f3nicos de teca, que aportan un c\u00e1lido elemento de dise\u00f1o. El respaldo curvo, [&hellip;]<\/p>\n","protected":false},"featured_media":9500,"comment_status":"closed","ping_status":"closed","template":"","meta":{"wds_primary_pwb-brand":0,"wds_primary_product_cat":0},"brands":[{"id":467,"name":"Royal Botania","slug":"royal-botania-es"}],"yoast_head":"<!-- This site is optimized with the Yoast SEO plugin v16.3 - https:\/\/yoast.com\/wordpress\/plugins\/seo\/ -->\n<title>Exes - A Cielo Abierto<\/title>\n<meta name=\"robots\" content=\"index, follow, max-snippet:-1, max-image-preview:large, max-video-preview:-1\" \/>\n<link rel=\"canonical\" href=\"https:\/\/acieloabierto.net\/es\/producten\/exes\/\" \/>\n<meta property=\"og:locale\" content=\"es_ES\" \/>\n<meta property=\"og:type\" content=\"article\" \/>\n<meta property=\"og:title\" content=\"Exes - A Cielo Abierto\" \/>\n<meta property=\"og:description\" content=\"Qu\u00e9 mejor nombre para una silla formada por dos armazones en forma de X que ofrecen m\u00e1s comodidad y estilo que&#8230; \u00a1Exes! Las l\u00edneas org\u00e1nicas y fluidas de la estructura de aluminio fundido a presi\u00f3n s\u00f3lo se ven interrumpidas por los reposabrazos c\u00f3nicos de teca, que aportan un c\u00e1lido elemento de dise\u00f1o. El respaldo curvo, [&hellip;]\" \/>\n<meta property=\"og:url\" content=\"https:\/\/acieloabierto.net\/es\/producten\/exes\/\" \/>\n<meta property=\"og:site_name\" content=\"A Cielo Abierto\" \/>\n<meta property=\"og:image\" content=\"https:\/\/acieloabierto.net\/wp-content\/uploads\/2021\/04\/Exes-RoyalBotania-Stoelen.jpg\" \/>\n\t<meta property=\"og:image:width\" content=\"1920\" \/>\n\t<meta property=\"og:image:height\" content=\"1300\" \/>\n<meta name=\"twitter:card\" content=\"summary_large_image\" \/>\n<meta name=\"twitter:label1\" content=\"Tiempo de lectura\">\n\t<meta name=\"twitter:data1\" content=\"1 minuto\">\n<script type=\"application\/ld+json\" class=\"yoast-schema-graph\">{\"@context\":\"https:\/\/schema.org\",\"@graph\":[{\"@type\":\"Organization\",\"@id\":\"https:\/\/acieloabierto.net\/en\/#organization\",\"name\":\"A Cielo Abierto\",\"url\":\"https:\/\/acieloabierto.net\/en\/\",\"sameAs\":[],\"logo\":{\"@type\":\"ImageObject\",\"@id\":\"https:\/\/acieloabierto.net\/en\/#logo\",\"inLanguage\":\"es\",\"url\":\"https:\/\/acieloabierto.net\/wp-content\/uploads\/2021\/02\/logo.svg\",\"contentUrl\":\"https:\/\/acieloabierto.net\/wp-content\/uploads\/2021\/02\/logo.svg\",\"caption\":\"A Cielo Abierto\"},\"image\":{\"@id\":\"https:\/\/acieloabierto.net\/en\/#logo\"}},{\"@type\":\"WebSite\",\"@id\":\"https:\/\/acieloabierto.net\/en\/#website\",\"url\":\"https:\/\/acieloabierto.net\/en\/\",\"name\":\"A Cielo Abierto\",\"description\":\"Tuinmeubels Costa Blanca\",\"publisher\":{\"@id\":\"https:\/\/acieloabierto.net\/en\/#organization\"},\"potentialAction\":[{\"@type\":\"SearchAction\",\"target\":\"https:\/\/acieloabierto.net\/en\/?s={search_term_string}\",\"query-input\":\"required name=search_term_string\"}],\"inLanguage\":\"es\"},{\"@type\":\"ImageObject\",\"@id\":\"https:\/\/acieloabierto.net\/es\/producten\/exes\/#primaryimage\",\"inLanguage\":\"es\",\"url\":\"https:\/\/acieloabierto.net\/wp-content\/uploads\/2021\/04\/Exes-RoyalBotania-Stoelen.jpg\",\"contentUrl\":\"https:\/\/acieloabierto.net\/wp-content\/uploads\/2021\/04\/Exes-RoyalBotania-Stoelen.jpg\",\"width\":1920,\"height\":1300},{\"@type\":\"WebPage\",\"@id\":\"https:\/\/acieloabierto.net\/es\/producten\/exes\/#webpage\",\"url\":\"https:\/\/acieloabierto.net\/es\/producten\/exes\/\",\"name\":\"Exes - A Cielo Abierto\",\"isPartOf\":{\"@id\":\"https:\/\/acieloabierto.net\/en\/#website\"},\"primaryImageOfPage\":{\"@id\":\"https:\/\/acieloabierto.net\/es\/producten\/exes\/#primaryimage\"},\"datePublished\":\"2021-04-30T11:47:19+00:00\",\"dateModified\":\"2021-04-30T11:47:19+00:00\",\"breadcrumb\":{\"@id\":\"https:\/\/acieloabierto.net\/es\/producten\/exes\/#breadcrumb\"},\"inLanguage\":\"es\",\"potentialAction\":[{\"@type\":\"ReadAction\",\"target\":[\"https:\/\/acieloabierto.net\/es\/producten\/exes\/\"]}]},{\"@type\":\"BreadcrumbList\",\"@id\":\"https:\/\/acieloabierto.net\/es\/producten\/exes\/#breadcrumb\",\"itemListElement\":[{\"@type\":\"ListItem\",\"position\":1,\"item\":{\"@type\":\"WebPage\",\"@id\":\"https:\/\/acieloabierto.net\/\",\"url\":\"https:\/\/acieloabierto.net\/\",\"name\":\"Home\"}},{\"@type\":\"ListItem\",\"position\":2,\"item\":{\"@type\":\"WebPage\",\"@id\":\"\",\"url\":\"\",\"name\":\"\"}},{\"@type\":\"ListItem\",\"position\":3,\"item\":{\"@id\":\"https:\/\/acieloabierto.net\/es\/producten\/exes\/#webpage\"}}]}]}<\/script>\n<!-- \/ Yoast SEO plugin. -->","_links":{"self":[{"href":"https:\/\/acieloabierto.net\/es\/wp-json\/wp\/v2\/product\/10119"}],"collection":[{"href":"https:\/\/acieloabierto.net\/es\/wp-json\/wp\/v2\/product"}],"about":[{"href":"https:\/\/acieloabierto.net\/es\/wp-json\/wp\/v2\/types\/product"}],"replies":[{"embeddable":true,"href":"https:\/\/acieloabierto.net\/es\/wp-json\/wp\/v2\/comments?post=10119"}],"wp:featuredmedia":[{"embeddable":true,"href":"https:\/\/acieloabierto.net\/es\/wp-json\/wp\/v2\/media\/9500"}],"wp:attachment":[{"href":"https:\/\/acieloabierto.net\/es\/wp-json\/wp\/v2\/media?parent=10119"}],"curies":[{"name":"wp","href":"https:\/\/api.w.org\/{rel}","templated":true}]}}