{"id":10098,"date":"2021-03-04T14:03:23","date_gmt":"2021-03-04T13:03:23","guid":{"rendered":"https:\/\/acieloabierto.net\/producten\/vis-a-vis\/"},"modified":"2021-03-04T14:03:23","modified_gmt":"2021-03-04T13:03:23","slug":"vis-a-vis","status":"publish","type":"product","link":"https:\/\/acieloabierto.net\/es\/producten\/vis-a-vis\/","title":{"rendered":"Vis \u00e0 Vis"},"content":{"rendered":"<p>El sof\u00e1 Vis \u00e0 vis es una oda al dise\u00f1o puro. Las esbeltas plataformas de teca, que parecen flotar, soportan c\u00f3modos cojines de exterior sin ning\u00fan soporte visible para los brazos o la espalda. Los cojines se deslizan sobre un soporte de acero inoxidable, lo que confiere a este sof\u00e1 de sal\u00f3n una hermosa vista desde todos los lados. Un borde gr\u00e1fico de listones de teca enmarca el conjunto. El sof\u00e1 Vis \u00e0 vis consiste en un sistema de construcci\u00f3n modular que permite infinitas composiciones, desde un peque\u00f1o sof\u00e1 cama hasta un gran conjunto de sal\u00f3n con mesas auxiliares. Los cojines de exterior est\u00e1n dise\u00f1ados para soportar un chaparr\u00f3n, gracias a un relleno ventilado en una funda interior que repele el agua. Las costuras de esta funda est\u00e1n cubiertas adicionalmente desde el interior, por lo que la humedad no tiene ninguna posibilidad. En cuanto a los tejidos, puedes elegir entre m\u00e1s de 100 telas de exterior inspiradas en la naturaleza.<\/p>\n","protected":false},"excerpt":{"rendered":"<p>El sof\u00e1 Vis \u00e0 vis es una oda al dise\u00f1o puro. Las esbeltas plataformas de teca, que parecen flotar, soportan c\u00f3modos cojines de exterior sin ning\u00fan soporte visible para los brazos o la espalda. Los cojines se deslizan sobre un soporte de acero inoxidable, lo que confiere a este sof\u00e1 de sal\u00f3n una hermosa vista [&hellip;]<\/p>\n","protected":false},"featured_media":9624,"comment_status":"open","ping_status":"closed","template":"","meta":{"wds_primary_pwb-brand":0,"wds_primary_product_cat":0},"brands":[{"id":464,"name":"Tribu","slug":"tribu"}],"yoast_head":"<!-- This site is optimized with the Yoast SEO plugin v16.3 - https:\/\/yoast.com\/wordpress\/plugins\/seo\/ -->\n<title>Vis \u00e0 Vis - A Cielo Abierto<\/title>\n<meta name=\"robots\" content=\"index, follow, max-snippet:-1, max-image-preview:large, max-video-preview:-1\" \/>\n<link rel=\"canonical\" href=\"https:\/\/acieloabierto.net\/es\/producten\/vis-a-vis\/\" \/>\n<meta property=\"og:locale\" content=\"es_ES\" \/>\n<meta property=\"og:type\" content=\"article\" \/>\n<meta property=\"og:title\" content=\"Vis \u00e0 Vis - A Cielo Abierto\" \/>\n<meta property=\"og:description\" content=\"El sof\u00e1 Vis \u00e0 vis es una oda al dise\u00f1o puro. Las esbeltas plataformas de teca, que parecen flotar, soportan c\u00f3modos cojines de exterior sin ning\u00fan soporte visible para los brazos o la espalda. Los cojines se deslizan sobre un soporte de acero inoxidable, lo que confiere a este sof\u00e1 de sal\u00f3n una hermosa vista [&hellip;]\" \/>\n<meta property=\"og:url\" content=\"https:\/\/acieloabierto.net\/es\/producten\/vis-a-vis\/\" \/>\n<meta property=\"og:site_name\" content=\"A Cielo Abierto\" \/>\n<meta property=\"og:image\" content=\"https:\/\/acieloabierto.net\/wp-content\/uploads\/2021\/03\/visavis-tribu-stoel1.jpg\" \/>\n\t<meta property=\"og:image:width\" content=\"1920\" \/>\n\t<meta property=\"og:image:height\" content=\"1284\" \/>\n<meta name=\"twitter:card\" content=\"summary_large_image\" \/>\n<meta name=\"twitter:label1\" content=\"Tiempo de lectura\">\n\t<meta name=\"twitter:data1\" content=\"1 minuto\">\n<script type=\"application\/ld+json\" class=\"yoast-schema-graph\">{\"@context\":\"https:\/\/schema.org\",\"@graph\":[{\"@type\":\"Organization\",\"@id\":\"https:\/\/acieloabierto.net\/en\/#organization\",\"name\":\"A Cielo Abierto\",\"url\":\"https:\/\/acieloabierto.net\/en\/\",\"sameAs\":[],\"logo\":{\"@type\":\"ImageObject\",\"@id\":\"https:\/\/acieloabierto.net\/en\/#logo\",\"inLanguage\":\"es\",\"url\":\"https:\/\/acieloabierto.net\/wp-content\/uploads\/2021\/02\/logo.svg\",\"contentUrl\":\"https:\/\/acieloabierto.net\/wp-content\/uploads\/2021\/02\/logo.svg\",\"caption\":\"A Cielo Abierto\"},\"image\":{\"@id\":\"https:\/\/acieloabierto.net\/en\/#logo\"}},{\"@type\":\"WebSite\",\"@id\":\"https:\/\/acieloabierto.net\/en\/#website\",\"url\":\"https:\/\/acieloabierto.net\/en\/\",\"name\":\"A Cielo Abierto\",\"description\":\"Tuinmeubels Costa Blanca\",\"publisher\":{\"@id\":\"https:\/\/acieloabierto.net\/en\/#organization\"},\"potentialAction\":[{\"@type\":\"SearchAction\",\"target\":\"https:\/\/acieloabierto.net\/en\/?s={search_term_string}\",\"query-input\":\"required name=search_term_string\"}],\"inLanguage\":\"es\"},{\"@type\":\"ImageObject\",\"@id\":\"https:\/\/acieloabierto.net\/es\/producten\/vis-a-vis\/#primaryimage\",\"inLanguage\":\"es\",\"url\":\"https:\/\/acieloabierto.net\/wp-content\/uploads\/2021\/03\/visavis-tribu-stoel1.jpg\",\"contentUrl\":\"https:\/\/acieloabierto.net\/wp-content\/uploads\/2021\/03\/visavis-tribu-stoel1.jpg\",\"width\":1920,\"height\":1284},{\"@type\":\"WebPage\",\"@id\":\"https:\/\/acieloabierto.net\/es\/producten\/vis-a-vis\/#webpage\",\"url\":\"https:\/\/acieloabierto.net\/es\/producten\/vis-a-vis\/\",\"name\":\"Vis \\u00e0 Vis - A Cielo Abierto\",\"isPartOf\":{\"@id\":\"https:\/\/acieloabierto.net\/en\/#website\"},\"primaryImageOfPage\":{\"@id\":\"https:\/\/acieloabierto.net\/es\/producten\/vis-a-vis\/#primaryimage\"},\"datePublished\":\"2021-03-04T13:03:23+00:00\",\"dateModified\":\"2021-03-04T13:03:23+00:00\",\"breadcrumb\":{\"@id\":\"https:\/\/acieloabierto.net\/es\/producten\/vis-a-vis\/#breadcrumb\"},\"inLanguage\":\"es\",\"potentialAction\":[{\"@type\":\"ReadAction\",\"target\":[\"https:\/\/acieloabierto.net\/es\/producten\/vis-a-vis\/\"]}]},{\"@type\":\"BreadcrumbList\",\"@id\":\"https:\/\/acieloabierto.net\/es\/producten\/vis-a-vis\/#breadcrumb\",\"itemListElement\":[{\"@type\":\"ListItem\",\"position\":1,\"item\":{\"@type\":\"WebPage\",\"@id\":\"https:\/\/acieloabierto.net\/\",\"url\":\"https:\/\/acieloabierto.net\/\",\"name\":\"Home\"}},{\"@type\":\"ListItem\",\"position\":2,\"item\":{\"@type\":\"WebPage\",\"@id\":\"\",\"url\":\"\",\"name\":\"\"}},{\"@type\":\"ListItem\",\"position\":3,\"item\":{\"@id\":\"https:\/\/acieloabierto.net\/es\/producten\/vis-a-vis\/#webpage\"}}]}]}<\/script>\n<!-- \/ Yoast SEO plugin. -->","_links":{"self":[{"href":"https:\/\/acieloabierto.net\/es\/wp-json\/wp\/v2\/product\/10098"}],"collection":[{"href":"https:\/\/acieloabierto.net\/es\/wp-json\/wp\/v2\/product"}],"about":[{"href":"https:\/\/acieloabierto.net\/es\/wp-json\/wp\/v2\/types\/product"}],"replies":[{"embeddable":true,"href":"https:\/\/acieloabierto.net\/es\/wp-json\/wp\/v2\/comments?post=10098"}],"wp:featuredmedia":[{"embeddable":true,"href":"https:\/\/acieloabierto.net\/es\/wp-json\/wp\/v2\/media\/9624"}],"wp:attachment":[{"href":"https:\/\/acieloabierto.net\/es\/wp-json\/wp\/v2\/media?parent=10098"}],"curies":[{"name":"wp","href":"https:\/\/api.w.org\/{rel}","templated":true}]}}