{"id":10095,"date":"2021-03-04T10:26:48","date_gmt":"2021-03-04T09:26:48","guid":{"rendered":"https:\/\/acieloabierto.net\/producten\/kumo\/"},"modified":"2021-03-04T10:26:48","modified_gmt":"2021-03-04T09:26:48","slug":"kumo","status":"publish","type":"product","link":"https:\/\/acieloabierto.net\/es\/producten\/kumo\/","title":{"rendered":"Kumo"},"content":{"rendered":"<p>Kumo es la palabra japonesa para \u00abnube\u00bb. La moderna colecci\u00f3n representa una isla de asientos ligera y l\u00fadica con otomana. La colecci\u00f3n le invita a crear su propio capullo de exterior. Esta l\u00ednea est\u00e1 disponible en varias formas y tama\u00f1os. Gracias a los reposabrazos y respaldos extra\u00edbles, puede transformar un c\u00f3modo sof\u00e1 en una elegante cama de sal\u00f3n o un lujoso sill\u00f3n en un pr\u00e1ctico reposapi\u00e9s en un abrir y cerrar de ojos.<\/p>\n","protected":false},"excerpt":{"rendered":"<p>Kumo es la palabra japonesa para \u00abnube\u00bb. La moderna colecci\u00f3n representa una isla de asientos ligera y l\u00fadica con otomana. La colecci\u00f3n le invita a crear su propio capullo de exterior. Esta l\u00ednea est\u00e1 disponible en varias formas y tama\u00f1os. Gracias a los reposabrazos y respaldos extra\u00edbles, puede transformar un c\u00f3modo sof\u00e1 en una elegante [&hellip;]<\/p>\n","protected":false},"featured_media":9787,"comment_status":"open","ping_status":"closed","template":"","meta":{"wds_primary_pwb-brand":0,"wds_primary_product_cat":0},"brands":[{"id":463,"name":"Manutti","slug":"manutti"}],"yoast_head":"<!-- This site is optimized with the Yoast SEO plugin v16.3 - https:\/\/yoast.com\/wordpress\/plugins\/seo\/ -->\n<title>Kumo - A Cielo Abierto<\/title>\n<meta name=\"robots\" content=\"index, follow, max-snippet:-1, max-image-preview:large, max-video-preview:-1\" \/>\n<link rel=\"canonical\" href=\"https:\/\/acieloabierto.net\/es\/producten\/kumo\/\" \/>\n<meta property=\"og:locale\" content=\"es_ES\" \/>\n<meta property=\"og:type\" content=\"article\" \/>\n<meta property=\"og:title\" content=\"Kumo - A Cielo Abierto\" \/>\n<meta property=\"og:description\" content=\"Kumo es la palabra japonesa para \u00abnube\u00bb. La moderna colecci\u00f3n representa una isla de asientos ligera y l\u00fadica con otomana. La colecci\u00f3n le invita a crear su propio capullo de exterior. Esta l\u00ednea est\u00e1 disponible en varias formas y tama\u00f1os. Gracias a los reposabrazos y respaldos extra\u00edbles, puede transformar un c\u00f3modo sof\u00e1 en una elegante [&hellip;]\" \/>\n<meta property=\"og:url\" content=\"https:\/\/acieloabierto.net\/es\/producten\/kumo\/\" \/>\n<meta property=\"og:site_name\" content=\"A Cielo Abierto\" \/>\n<meta property=\"og:image\" content=\"https:\/\/acieloabierto.net\/wp-content\/uploads\/2021\/03\/kumo-manutti-lounge2.jpg\" \/>\n\t<meta property=\"og:image:width\" content=\"1920\" \/>\n\t<meta property=\"og:image:height\" content=\"1300\" \/>\n<meta name=\"twitter:card\" content=\"summary_large_image\" \/>\n<script type=\"application\/ld+json\" class=\"yoast-schema-graph\">{\"@context\":\"https:\/\/schema.org\",\"@graph\":[{\"@type\":\"Organization\",\"@id\":\"https:\/\/acieloabierto.net\/en\/#organization\",\"name\":\"A Cielo Abierto\",\"url\":\"https:\/\/acieloabierto.net\/en\/\",\"sameAs\":[],\"logo\":{\"@type\":\"ImageObject\",\"@id\":\"https:\/\/acieloabierto.net\/en\/#logo\",\"inLanguage\":\"es\",\"url\":\"https:\/\/acieloabierto.net\/wp-content\/uploads\/2021\/02\/logo.svg\",\"contentUrl\":\"https:\/\/acieloabierto.net\/wp-content\/uploads\/2021\/02\/logo.svg\",\"caption\":\"A Cielo Abierto\"},\"image\":{\"@id\":\"https:\/\/acieloabierto.net\/en\/#logo\"}},{\"@type\":\"WebSite\",\"@id\":\"https:\/\/acieloabierto.net\/en\/#website\",\"url\":\"https:\/\/acieloabierto.net\/en\/\",\"name\":\"A Cielo Abierto\",\"description\":\"Tuinmeubels Costa Blanca\",\"publisher\":{\"@id\":\"https:\/\/acieloabierto.net\/en\/#organization\"},\"potentialAction\":[{\"@type\":\"SearchAction\",\"target\":\"https:\/\/acieloabierto.net\/en\/?s={search_term_string}\",\"query-input\":\"required name=search_term_string\"}],\"inLanguage\":\"es\"},{\"@type\":\"ImageObject\",\"@id\":\"https:\/\/acieloabierto.net\/es\/producten\/kumo\/#primaryimage\",\"inLanguage\":\"es\",\"url\":\"https:\/\/acieloabierto.net\/wp-content\/uploads\/2021\/03\/kumo-manutti-lounge2.jpg\",\"contentUrl\":\"https:\/\/acieloabierto.net\/wp-content\/uploads\/2021\/03\/kumo-manutti-lounge2.jpg\",\"width\":1920,\"height\":1300},{\"@type\":\"WebPage\",\"@id\":\"https:\/\/acieloabierto.net\/es\/producten\/kumo\/#webpage\",\"url\":\"https:\/\/acieloabierto.net\/es\/producten\/kumo\/\",\"name\":\"Kumo - A Cielo Abierto\",\"isPartOf\":{\"@id\":\"https:\/\/acieloabierto.net\/en\/#website\"},\"primaryImageOfPage\":{\"@id\":\"https:\/\/acieloabierto.net\/es\/producten\/kumo\/#primaryimage\"},\"datePublished\":\"2021-03-04T09:26:48+00:00\",\"dateModified\":\"2021-03-04T09:26:48+00:00\",\"breadcrumb\":{\"@id\":\"https:\/\/acieloabierto.net\/es\/producten\/kumo\/#breadcrumb\"},\"inLanguage\":\"es\",\"potentialAction\":[{\"@type\":\"ReadAction\",\"target\":[\"https:\/\/acieloabierto.net\/es\/producten\/kumo\/\"]}]},{\"@type\":\"BreadcrumbList\",\"@id\":\"https:\/\/acieloabierto.net\/es\/producten\/kumo\/#breadcrumb\",\"itemListElement\":[{\"@type\":\"ListItem\",\"position\":1,\"item\":{\"@type\":\"WebPage\",\"@id\":\"https:\/\/acieloabierto.net\/\",\"url\":\"https:\/\/acieloabierto.net\/\",\"name\":\"Home\"}},{\"@type\":\"ListItem\",\"position\":2,\"item\":{\"@type\":\"WebPage\",\"@id\":\"\",\"url\":\"\",\"name\":\"\"}},{\"@type\":\"ListItem\",\"position\":3,\"item\":{\"@id\":\"https:\/\/acieloabierto.net\/es\/producten\/kumo\/#webpage\"}}]}]}<\/script>\n<!-- \/ Yoast SEO plugin. -->","_links":{"self":[{"href":"https:\/\/acieloabierto.net\/es\/wp-json\/wp\/v2\/product\/10095"}],"collection":[{"href":"https:\/\/acieloabierto.net\/es\/wp-json\/wp\/v2\/product"}],"about":[{"href":"https:\/\/acieloabierto.net\/es\/wp-json\/wp\/v2\/types\/product"}],"replies":[{"embeddable":true,"href":"https:\/\/acieloabierto.net\/es\/wp-json\/wp\/v2\/comments?post=10095"}],"wp:featuredmedia":[{"embeddable":true,"href":"https:\/\/acieloabierto.net\/es\/wp-json\/wp\/v2\/media\/9787"}],"wp:attachment":[{"href":"https:\/\/acieloabierto.net\/es\/wp-json\/wp\/v2\/media?parent=10095"}],"curies":[{"name":"wp","href":"https:\/\/api.w.org\/{rel}","templated":true}]}}