{"id":10089,"date":"2021-03-04T10:47:37","date_gmt":"2021-03-04T09:47:37","guid":{"rendered":"https:\/\/acieloabierto.net\/producten\/elio\/"},"modified":"2021-03-04T10:47:37","modified_gmt":"2021-03-04T09:47:37","slug":"elio","status":"publish","type":"product","link":"https:\/\/acieloabierto.net\/es\/producten\/elio\/","title":{"rendered":"Elio"},"content":{"rendered":"<p>Elio, bautizado con el nombre del dios griego del sol Helios y dise\u00f1ado por el estudio de dise\u00f1o canadiense Yabu Pushelberg, Elio pretende capturar un momento universal y fugaz en el tiempo: una puesta de sol. Inspirado en el movimiento de la luz que se refleja en los paisajes y los objetos, el elegante tejido de Elio capta los suaves matices que surgen al atardecer. Elio se caracteriza por una silueta sutilmente redondeada que se curva hacia el interior, creando un delicioso capullo. El sill\u00f3n, la silla baja, la butaca de respaldo alto y el sof\u00e1 de dos plazas tienen una estructura de teca natural, con las patas traseras que atraviesan la carcasa del asiento. El asiento est\u00e1 tejido a mano en Tricord.\u00a0 Las antiguas t\u00e9cnicas textiles se combinan con materiales y procesos de te\u00f1ido contempor\u00e1neos para crear un material suave al tacto, pero resistente a la intemperie. El efecto d\u00e9grad\u00e9 con matices sutiles se consigue combinando hilos de diferentes colores en una sola hebra y da a cada pieza un aspecto \u00fanico.\u00a0 El mimbre est\u00e1 disponible en lino, wengu\u00e9 y musgo.<\/p>\n","protected":false},"excerpt":{"rendered":"<p>Elio, bautizado con el nombre del dios griego del sol Helios y dise\u00f1ado por el estudio de dise\u00f1o canadiense Yabu Pushelberg, Elio pretende capturar un momento universal y fugaz en el tiempo: una puesta de sol. Inspirado en el movimiento de la luz que se refleja en los paisajes y los objetos, el elegante tejido [&hellip;]<\/p>\n","protected":false},"featured_media":9762,"comment_status":"open","ping_status":"closed","template":"","meta":{"wds_primary_pwb-brand":0,"wds_primary_product_cat":0},"brands":[{"id":464,"name":"Tribu","slug":"tribu"}],"yoast_head":"<!-- This site is optimized with the Yoast SEO plugin v16.3 - https:\/\/yoast.com\/wordpress\/plugins\/seo\/ -->\n<title>Elio - A Cielo Abierto<\/title>\n<meta name=\"robots\" content=\"index, follow, max-snippet:-1, max-image-preview:large, max-video-preview:-1\" \/>\n<link rel=\"canonical\" href=\"https:\/\/acieloabierto.net\/es\/producten\/elio\/\" \/>\n<meta property=\"og:locale\" content=\"es_ES\" \/>\n<meta property=\"og:type\" content=\"article\" \/>\n<meta property=\"og:title\" content=\"Elio - A Cielo Abierto\" \/>\n<meta property=\"og:description\" content=\"Elio, bautizado con el nombre del dios griego del sol Helios y dise\u00f1ado por el estudio de dise\u00f1o canadiense Yabu Pushelberg, Elio pretende capturar un momento universal y fugaz en el tiempo: una puesta de sol. Inspirado en el movimiento de la luz que se refleja en los paisajes y los objetos, el elegante tejido [&hellip;]\" \/>\n<meta property=\"og:url\" content=\"https:\/\/acieloabierto.net\/es\/producten\/elio\/\" \/>\n<meta property=\"og:site_name\" content=\"A Cielo Abierto\" \/>\n<meta property=\"og:image\" content=\"https:\/\/acieloabierto.net\/wp-content\/uploads\/2021\/03\/elio-tribu-lounge1.jpg\" \/>\n\t<meta property=\"og:image:width\" content=\"1920\" \/>\n\t<meta property=\"og:image:height\" content=\"1300\" \/>\n<meta name=\"twitter:card\" content=\"summary_large_image\" \/>\n<meta name=\"twitter:label1\" content=\"Tiempo de lectura\">\n\t<meta name=\"twitter:data1\" content=\"1 minuto\">\n<script type=\"application\/ld+json\" class=\"yoast-schema-graph\">{\"@context\":\"https:\/\/schema.org\",\"@graph\":[{\"@type\":\"Organization\",\"@id\":\"https:\/\/acieloabierto.net\/en\/#organization\",\"name\":\"A Cielo Abierto\",\"url\":\"https:\/\/acieloabierto.net\/en\/\",\"sameAs\":[],\"logo\":{\"@type\":\"ImageObject\",\"@id\":\"https:\/\/acieloabierto.net\/en\/#logo\",\"inLanguage\":\"es\",\"url\":\"https:\/\/acieloabierto.net\/wp-content\/uploads\/2021\/02\/logo.svg\",\"contentUrl\":\"https:\/\/acieloabierto.net\/wp-content\/uploads\/2021\/02\/logo.svg\",\"caption\":\"A Cielo Abierto\"},\"image\":{\"@id\":\"https:\/\/acieloabierto.net\/en\/#logo\"}},{\"@type\":\"WebSite\",\"@id\":\"https:\/\/acieloabierto.net\/en\/#website\",\"url\":\"https:\/\/acieloabierto.net\/en\/\",\"name\":\"A Cielo Abierto\",\"description\":\"Tuinmeubels Costa Blanca\",\"publisher\":{\"@id\":\"https:\/\/acieloabierto.net\/en\/#organization\"},\"potentialAction\":[{\"@type\":\"SearchAction\",\"target\":\"https:\/\/acieloabierto.net\/en\/?s={search_term_string}\",\"query-input\":\"required name=search_term_string\"}],\"inLanguage\":\"es\"},{\"@type\":\"ImageObject\",\"@id\":\"https:\/\/acieloabierto.net\/es\/producten\/elio\/#primaryimage\",\"inLanguage\":\"es\",\"url\":\"https:\/\/acieloabierto.net\/wp-content\/uploads\/2021\/03\/elio-tribu-lounge1.jpg\",\"contentUrl\":\"https:\/\/acieloabierto.net\/wp-content\/uploads\/2021\/03\/elio-tribu-lounge1.jpg\",\"width\":1920,\"height\":1300},{\"@type\":\"WebPage\",\"@id\":\"https:\/\/acieloabierto.net\/es\/producten\/elio\/#webpage\",\"url\":\"https:\/\/acieloabierto.net\/es\/producten\/elio\/\",\"name\":\"Elio - A Cielo Abierto\",\"isPartOf\":{\"@id\":\"https:\/\/acieloabierto.net\/en\/#website\"},\"primaryImageOfPage\":{\"@id\":\"https:\/\/acieloabierto.net\/es\/producten\/elio\/#primaryimage\"},\"datePublished\":\"2021-03-04T09:47:37+00:00\",\"dateModified\":\"2021-03-04T09:47:37+00:00\",\"breadcrumb\":{\"@id\":\"https:\/\/acieloabierto.net\/es\/producten\/elio\/#breadcrumb\"},\"inLanguage\":\"es\",\"potentialAction\":[{\"@type\":\"ReadAction\",\"target\":[\"https:\/\/acieloabierto.net\/es\/producten\/elio\/\"]}]},{\"@type\":\"BreadcrumbList\",\"@id\":\"https:\/\/acieloabierto.net\/es\/producten\/elio\/#breadcrumb\",\"itemListElement\":[{\"@type\":\"ListItem\",\"position\":1,\"item\":{\"@type\":\"WebPage\",\"@id\":\"https:\/\/acieloabierto.net\/\",\"url\":\"https:\/\/acieloabierto.net\/\",\"name\":\"Home\"}},{\"@type\":\"ListItem\",\"position\":2,\"item\":{\"@type\":\"WebPage\",\"@id\":\"\",\"url\":\"\",\"name\":\"\"}},{\"@type\":\"ListItem\",\"position\":3,\"item\":{\"@id\":\"https:\/\/acieloabierto.net\/es\/producten\/elio\/#webpage\"}}]}]}<\/script>\n<!-- \/ Yoast SEO plugin. -->","_links":{"self":[{"href":"https:\/\/acieloabierto.net\/es\/wp-json\/wp\/v2\/product\/10089"}],"collection":[{"href":"https:\/\/acieloabierto.net\/es\/wp-json\/wp\/v2\/product"}],"about":[{"href":"https:\/\/acieloabierto.net\/es\/wp-json\/wp\/v2\/types\/product"}],"replies":[{"embeddable":true,"href":"https:\/\/acieloabierto.net\/es\/wp-json\/wp\/v2\/comments?post=10089"}],"wp:featuredmedia":[{"embeddable":true,"href":"https:\/\/acieloabierto.net\/es\/wp-json\/wp\/v2\/media\/9762"}],"wp:attachment":[{"href":"https:\/\/acieloabierto.net\/es\/wp-json\/wp\/v2\/media?parent=10089"}],"curies":[{"name":"wp","href":"https:\/\/api.w.org\/{rel}","templated":true}]}}