{"id":10087,"date":"2021-03-04T11:13:25","date_gmt":"2021-03-04T10:13:25","guid":{"rendered":"https:\/\/acieloabierto.net\/producten\/mood\/"},"modified":"2021-03-04T11:13:25","modified_gmt":"2021-03-04T10:13:25","slug":"mood","status":"publish","type":"product","link":"https:\/\/acieloabierto.net\/es\/producten\/mood\/","title":{"rendered":"Mood"},"content":{"rendered":"<p>El dise\u00f1o aireado de la colecci\u00f3n Mood y la c\u00e1lida combinaci\u00f3n de teca y respaldos tejidos a mano crean un ambiente instant\u00e1neo en su terraza. El bonito dise\u00f1o redondeado del marco confiere a la colecci\u00f3n un aspecto acogedor. El tejido Tricord tiene un tacto suave, pero es completamente resistente a la intemperie. Trib\u00f9 ha desarrollado una gama de tonos naturales, como el musgo, el lino, el wengu\u00e9, el marr\u00f3n tierra y el gris piedra, que se adaptan perfectamente a cualquier entorno exterior.<\/p>\n","protected":false},"excerpt":{"rendered":"<p>El dise\u00f1o aireado de la colecci\u00f3n Mood y la c\u00e1lida combinaci\u00f3n de teca y respaldos tejidos a mano crean un ambiente instant\u00e1neo en su terraza. El bonito dise\u00f1o redondeado del marco confiere a la colecci\u00f3n un aspecto acogedor. El tejido Tricord tiene un tacto suave, pero es completamente resistente a la intemperie. Trib\u00f9 ha desarrollado [&hellip;]<\/p>\n","protected":false},"featured_media":9751,"comment_status":"open","ping_status":"closed","template":"","meta":{"wds_primary_pwb-brand":0,"wds_primary_product_cat":0},"brands":[{"id":464,"name":"Tribu","slug":"tribu"}],"yoast_head":"<!-- This site is optimized with the Yoast SEO plugin v16.3 - https:\/\/yoast.com\/wordpress\/plugins\/seo\/ -->\n<title>Mood - A Cielo Abierto<\/title>\n<meta name=\"robots\" content=\"index, follow, max-snippet:-1, max-image-preview:large, max-video-preview:-1\" \/>\n<link rel=\"canonical\" href=\"https:\/\/acieloabierto.net\/es\/producten\/mood\/\" \/>\n<meta property=\"og:locale\" content=\"es_ES\" \/>\n<meta property=\"og:type\" content=\"article\" \/>\n<meta property=\"og:title\" content=\"Mood - A Cielo Abierto\" \/>\n<meta property=\"og:description\" content=\"El dise\u00f1o aireado de la colecci\u00f3n Mood y la c\u00e1lida combinaci\u00f3n de teca y respaldos tejidos a mano crean un ambiente instant\u00e1neo en su terraza. El bonito dise\u00f1o redondeado del marco confiere a la colecci\u00f3n un aspecto acogedor. El tejido Tricord tiene un tacto suave, pero es completamente resistente a la intemperie. Trib\u00f9 ha desarrollado [&hellip;]\" \/>\n<meta property=\"og:url\" content=\"https:\/\/acieloabierto.net\/es\/producten\/mood\/\" \/>\n<meta property=\"og:site_name\" content=\"A Cielo Abierto\" \/>\n<meta property=\"og:image\" content=\"https:\/\/acieloabierto.net\/wp-content\/uploads\/2021\/03\/mood-tribu-lounge1.jpg\" \/>\n\t<meta property=\"og:image:width\" content=\"1920\" \/>\n\t<meta property=\"og:image:height\" content=\"1300\" \/>\n<meta name=\"twitter:card\" content=\"summary_large_image\" \/>\n<script type=\"application\/ld+json\" class=\"yoast-schema-graph\">{\"@context\":\"https:\/\/schema.org\",\"@graph\":[{\"@type\":\"Organization\",\"@id\":\"https:\/\/acieloabierto.net\/en\/#organization\",\"name\":\"A Cielo Abierto\",\"url\":\"https:\/\/acieloabierto.net\/en\/\",\"sameAs\":[],\"logo\":{\"@type\":\"ImageObject\",\"@id\":\"https:\/\/acieloabierto.net\/en\/#logo\",\"inLanguage\":\"es\",\"url\":\"https:\/\/acieloabierto.net\/wp-content\/uploads\/2021\/02\/logo.svg\",\"contentUrl\":\"https:\/\/acieloabierto.net\/wp-content\/uploads\/2021\/02\/logo.svg\",\"caption\":\"A Cielo Abierto\"},\"image\":{\"@id\":\"https:\/\/acieloabierto.net\/en\/#logo\"}},{\"@type\":\"WebSite\",\"@id\":\"https:\/\/acieloabierto.net\/en\/#website\",\"url\":\"https:\/\/acieloabierto.net\/en\/\",\"name\":\"A Cielo Abierto\",\"description\":\"Tuinmeubels Costa Blanca\",\"publisher\":{\"@id\":\"https:\/\/acieloabierto.net\/en\/#organization\"},\"potentialAction\":[{\"@type\":\"SearchAction\",\"target\":\"https:\/\/acieloabierto.net\/en\/?s={search_term_string}\",\"query-input\":\"required name=search_term_string\"}],\"inLanguage\":\"es\"},{\"@type\":\"ImageObject\",\"@id\":\"https:\/\/acieloabierto.net\/es\/producten\/mood\/#primaryimage\",\"inLanguage\":\"es\",\"url\":\"https:\/\/acieloabierto.net\/wp-content\/uploads\/2021\/03\/mood-tribu-lounge1.jpg\",\"contentUrl\":\"https:\/\/acieloabierto.net\/wp-content\/uploads\/2021\/03\/mood-tribu-lounge1.jpg\",\"width\":1920,\"height\":1300},{\"@type\":\"WebPage\",\"@id\":\"https:\/\/acieloabierto.net\/es\/producten\/mood\/#webpage\",\"url\":\"https:\/\/acieloabierto.net\/es\/producten\/mood\/\",\"name\":\"Mood - A Cielo Abierto\",\"isPartOf\":{\"@id\":\"https:\/\/acieloabierto.net\/en\/#website\"},\"primaryImageOfPage\":{\"@id\":\"https:\/\/acieloabierto.net\/es\/producten\/mood\/#primaryimage\"},\"datePublished\":\"2021-03-04T10:13:25+00:00\",\"dateModified\":\"2021-03-04T10:13:25+00:00\",\"breadcrumb\":{\"@id\":\"https:\/\/acieloabierto.net\/es\/producten\/mood\/#breadcrumb\"},\"inLanguage\":\"es\",\"potentialAction\":[{\"@type\":\"ReadAction\",\"target\":[\"https:\/\/acieloabierto.net\/es\/producten\/mood\/\"]}]},{\"@type\":\"BreadcrumbList\",\"@id\":\"https:\/\/acieloabierto.net\/es\/producten\/mood\/#breadcrumb\",\"itemListElement\":[{\"@type\":\"ListItem\",\"position\":1,\"item\":{\"@type\":\"WebPage\",\"@id\":\"https:\/\/acieloabierto.net\/\",\"url\":\"https:\/\/acieloabierto.net\/\",\"name\":\"Home\"}},{\"@type\":\"ListItem\",\"position\":2,\"item\":{\"@type\":\"WebPage\",\"@id\":\"\",\"url\":\"\",\"name\":\"\"}},{\"@type\":\"ListItem\",\"position\":3,\"item\":{\"@id\":\"https:\/\/acieloabierto.net\/es\/producten\/mood\/#webpage\"}}]}]}<\/script>\n<!-- \/ Yoast SEO plugin. -->","_links":{"self":[{"href":"https:\/\/acieloabierto.net\/es\/wp-json\/wp\/v2\/product\/10087"}],"collection":[{"href":"https:\/\/acieloabierto.net\/es\/wp-json\/wp\/v2\/product"}],"about":[{"href":"https:\/\/acieloabierto.net\/es\/wp-json\/wp\/v2\/types\/product"}],"replies":[{"embeddable":true,"href":"https:\/\/acieloabierto.net\/es\/wp-json\/wp\/v2\/comments?post=10087"}],"wp:featuredmedia":[{"embeddable":true,"href":"https:\/\/acieloabierto.net\/es\/wp-json\/wp\/v2\/media\/9751"}],"wp:attachment":[{"href":"https:\/\/acieloabierto.net\/es\/wp-json\/wp\/v2\/media?parent=10087"}],"curies":[{"name":"wp","href":"https:\/\/api.w.org\/{rel}","templated":true}]}}