{"id":10084,"date":"2021-03-04T13:47:53","date_gmt":"2021-03-04T12:47:53","guid":{"rendered":"https:\/\/acieloabierto.net\/producten\/nodi\/"},"modified":"2021-03-04T13:47:53","modified_gmt":"2021-03-04T12:47:53","slug":"nodi","status":"publish","type":"product","link":"https:\/\/acieloabierto.net\/es\/producten\/nodi\/","title":{"rendered":"Nodi"},"content":{"rendered":"<p>El sof\u00e1 modular Nodi tiene una fuerte personalidad pero se integra sutilmente en su entorno sin exigir toda la atenci\u00f3n. El marco es de acero inoxidable con recubrimiento de polvo, pero el dise\u00f1o reflexivo de Yabu Pushelberg le da un aspecto ligero y arquitect\u00f3nico, gracias a la elegante curva del marco y al tejido abierto de Canax\u00ae. El relleno extra suave y aireado del coj\u00edn hace que Nodi sea excepcionalmente c\u00f3modo. Con tres elementos de asiento modulares y cuatro profundidades de asiento, puede armar el sof\u00e1 seg\u00fan sus necesidades.<\/p>\n","protected":false},"excerpt":{"rendered":"<p>El sof\u00e1 modular Nodi tiene una fuerte personalidad pero se integra sutilmente en su entorno sin exigir toda la atenci\u00f3n. El marco es de acero inoxidable con recubrimiento de polvo, pero el dise\u00f1o reflexivo de Yabu Pushelberg le da un aspecto ligero y arquitect\u00f3nico, gracias a la elegante curva del marco y al tejido abierto [&hellip;]<\/p>\n","protected":false},"featured_media":9741,"comment_status":"open","ping_status":"closed","template":"","meta":{"wds_primary_pwb-brand":0,"wds_primary_product_cat":0},"brands":[{"id":464,"name":"Tribu","slug":"tribu"}],"yoast_head":"<!-- This site is optimized with the Yoast SEO plugin v16.3 - https:\/\/yoast.com\/wordpress\/plugins\/seo\/ -->\n<title>Nodi - A Cielo Abierto<\/title>\n<meta name=\"robots\" content=\"index, follow, max-snippet:-1, max-image-preview:large, max-video-preview:-1\" \/>\n<link rel=\"canonical\" href=\"https:\/\/acieloabierto.net\/es\/producten\/nodi\/\" \/>\n<meta property=\"og:locale\" content=\"es_ES\" \/>\n<meta property=\"og:type\" content=\"article\" \/>\n<meta property=\"og:title\" content=\"Nodi - A Cielo Abierto\" \/>\n<meta property=\"og:description\" content=\"El sof\u00e1 modular Nodi tiene una fuerte personalidad pero se integra sutilmente en su entorno sin exigir toda la atenci\u00f3n. El marco es de acero inoxidable con recubrimiento de polvo, pero el dise\u00f1o reflexivo de Yabu Pushelberg le da un aspecto ligero y arquitect\u00f3nico, gracias a la elegante curva del marco y al tejido abierto [&hellip;]\" \/>\n<meta property=\"og:url\" content=\"https:\/\/acieloabierto.net\/es\/producten\/nodi\/\" \/>\n<meta property=\"og:site_name\" content=\"A Cielo Abierto\" \/>\n<meta property=\"og:image\" content=\"https:\/\/acieloabierto.net\/wp-content\/uploads\/2021\/03\/nodi-tribu-lounge3.jpg\" \/>\n\t<meta property=\"og:image:width\" content=\"1920\" \/>\n\t<meta property=\"og:image:height\" content=\"1300\" \/>\n<meta name=\"twitter:card\" content=\"summary_large_image\" \/>\n<script type=\"application\/ld+json\" class=\"yoast-schema-graph\">{\"@context\":\"https:\/\/schema.org\",\"@graph\":[{\"@type\":\"Organization\",\"@id\":\"https:\/\/acieloabierto.net\/en\/#organization\",\"name\":\"A Cielo Abierto\",\"url\":\"https:\/\/acieloabierto.net\/en\/\",\"sameAs\":[],\"logo\":{\"@type\":\"ImageObject\",\"@id\":\"https:\/\/acieloabierto.net\/en\/#logo\",\"inLanguage\":\"es\",\"url\":\"https:\/\/acieloabierto.net\/wp-content\/uploads\/2021\/02\/logo.svg\",\"contentUrl\":\"https:\/\/acieloabierto.net\/wp-content\/uploads\/2021\/02\/logo.svg\",\"caption\":\"A Cielo Abierto\"},\"image\":{\"@id\":\"https:\/\/acieloabierto.net\/en\/#logo\"}},{\"@type\":\"WebSite\",\"@id\":\"https:\/\/acieloabierto.net\/en\/#website\",\"url\":\"https:\/\/acieloabierto.net\/en\/\",\"name\":\"A Cielo Abierto\",\"description\":\"Tuinmeubels Costa Blanca\",\"publisher\":{\"@id\":\"https:\/\/acieloabierto.net\/en\/#organization\"},\"potentialAction\":[{\"@type\":\"SearchAction\",\"target\":\"https:\/\/acieloabierto.net\/en\/?s={search_term_string}\",\"query-input\":\"required name=search_term_string\"}],\"inLanguage\":\"es\"},{\"@type\":\"ImageObject\",\"@id\":\"https:\/\/acieloabierto.net\/es\/producten\/nodi\/#primaryimage\",\"inLanguage\":\"es\",\"url\":\"https:\/\/acieloabierto.net\/wp-content\/uploads\/2021\/03\/nodi-tribu-lounge3.jpg\",\"contentUrl\":\"https:\/\/acieloabierto.net\/wp-content\/uploads\/2021\/03\/nodi-tribu-lounge3.jpg\",\"width\":1920,\"height\":1300},{\"@type\":\"WebPage\",\"@id\":\"https:\/\/acieloabierto.net\/es\/producten\/nodi\/#webpage\",\"url\":\"https:\/\/acieloabierto.net\/es\/producten\/nodi\/\",\"name\":\"Nodi - A Cielo Abierto\",\"isPartOf\":{\"@id\":\"https:\/\/acieloabierto.net\/en\/#website\"},\"primaryImageOfPage\":{\"@id\":\"https:\/\/acieloabierto.net\/es\/producten\/nodi\/#primaryimage\"},\"datePublished\":\"2021-03-04T12:47:53+00:00\",\"dateModified\":\"2021-03-04T12:47:53+00:00\",\"breadcrumb\":{\"@id\":\"https:\/\/acieloabierto.net\/es\/producten\/nodi\/#breadcrumb\"},\"inLanguage\":\"es\",\"potentialAction\":[{\"@type\":\"ReadAction\",\"target\":[\"https:\/\/acieloabierto.net\/es\/producten\/nodi\/\"]}]},{\"@type\":\"BreadcrumbList\",\"@id\":\"https:\/\/acieloabierto.net\/es\/producten\/nodi\/#breadcrumb\",\"itemListElement\":[{\"@type\":\"ListItem\",\"position\":1,\"item\":{\"@type\":\"WebPage\",\"@id\":\"https:\/\/acieloabierto.net\/\",\"url\":\"https:\/\/acieloabierto.net\/\",\"name\":\"Home\"}},{\"@type\":\"ListItem\",\"position\":2,\"item\":{\"@type\":\"WebPage\",\"@id\":\"\",\"url\":\"\",\"name\":\"\"}},{\"@type\":\"ListItem\",\"position\":3,\"item\":{\"@id\":\"https:\/\/acieloabierto.net\/es\/producten\/nodi\/#webpage\"}}]}]}<\/script>\n<!-- \/ Yoast SEO plugin. -->","_links":{"self":[{"href":"https:\/\/acieloabierto.net\/es\/wp-json\/wp\/v2\/product\/10084"}],"collection":[{"href":"https:\/\/acieloabierto.net\/es\/wp-json\/wp\/v2\/product"}],"about":[{"href":"https:\/\/acieloabierto.net\/es\/wp-json\/wp\/v2\/types\/product"}],"replies":[{"embeddable":true,"href":"https:\/\/acieloabierto.net\/es\/wp-json\/wp\/v2\/comments?post=10084"}],"wp:featuredmedia":[{"embeddable":true,"href":"https:\/\/acieloabierto.net\/es\/wp-json\/wp\/v2\/media\/9741"}],"wp:attachment":[{"href":"https:\/\/acieloabierto.net\/es\/wp-json\/wp\/v2\/media?parent=10084"}],"curies":[{"name":"wp","href":"https:\/\/api.w.org\/{rel}","templated":true}]}}