{"id":10083,"date":"2021-03-04T13:49:53","date_gmt":"2021-03-04T12:49:53","guid":{"rendered":"https:\/\/acieloabierto.net\/producten\/pavilion\/"},"modified":"2021-03-04T13:49:53","modified_gmt":"2021-03-04T12:49:53","slug":"pavilion","status":"publish","type":"product","link":"https:\/\/acieloabierto.net\/es\/producten\/pavilion\/","title":{"rendered":"Pavilion"},"content":{"rendered":"<p>Monica Armani ha dado a la cl\u00e1sica cama con dosel un moderno lavado de cara con una silueta geom\u00e9tricamente refinada en aluminio con recubrimiento de polvo. El sof\u00e1 cama se puede montar completamente a su gusto. Para la pared trasera y el techo, puede elegir entre lamas de aluminio o teca, o el tejido Sunvision, un tejido patentado que filtra los rayos del sol sin bloquearlos. En el techo, este Sunvision tambi\u00e9n se puede deslizar para aprovechar al m\u00e1ximo la luz del sol. La estructura est\u00e1 disponible en 2 colores diferentes y el resistente asiento de Batyline puede completarse con 2 c\u00f3modos cojines de exterior resistentes a la lluvia y a los rayos UV. Una pr\u00e1ctica mesa y unas cortinas transparentes completan el cuadro.<\/p>\n","protected":false},"excerpt":{"rendered":"<p>Monica Armani ha dado a la cl\u00e1sica cama con dosel un moderno lavado de cara con una silueta geom\u00e9tricamente refinada en aluminio con recubrimiento de polvo. El sof\u00e1 cama se puede montar completamente a su gusto. Para la pared trasera y el techo, puede elegir entre lamas de aluminio o teca, o el tejido Sunvision, [&hellip;]<\/p>\n","protected":false},"featured_media":9709,"comment_status":"open","ping_status":"closed","template":"","meta":{"wds_primary_pwb-brand":0,"wds_primary_product_cat":0},"brands":[{"id":464,"name":"Tribu","slug":"tribu"}],"yoast_head":"<!-- This site is optimized with the Yoast SEO plugin v16.3 - https:\/\/yoast.com\/wordpress\/plugins\/seo\/ -->\n<title>Pavilion - A Cielo Abierto<\/title>\n<meta name=\"robots\" content=\"index, follow, max-snippet:-1, max-image-preview:large, max-video-preview:-1\" \/>\n<link rel=\"canonical\" href=\"https:\/\/acieloabierto.net\/es\/producten\/pavilion\/\" \/>\n<meta property=\"og:locale\" content=\"es_ES\" \/>\n<meta property=\"og:type\" content=\"article\" \/>\n<meta property=\"og:title\" content=\"Pavilion - A Cielo Abierto\" \/>\n<meta property=\"og:description\" content=\"Monica Armani ha dado a la cl\u00e1sica cama con dosel un moderno lavado de cara con una silueta geom\u00e9tricamente refinada en aluminio con recubrimiento de polvo. El sof\u00e1 cama se puede montar completamente a su gusto. Para la pared trasera y el techo, puede elegir entre lamas de aluminio o teca, o el tejido Sunvision, [&hellip;]\" \/>\n<meta property=\"og:url\" content=\"https:\/\/acieloabierto.net\/es\/producten\/pavilion\/\" \/>\n<meta property=\"og:site_name\" content=\"A Cielo Abierto\" \/>\n<meta property=\"og:image\" content=\"https:\/\/acieloabierto.net\/wp-content\/uploads\/2021\/03\/pavilion-tribu-lounge1.jpg\" \/>\n\t<meta property=\"og:image:width\" content=\"1920\" \/>\n\t<meta property=\"og:image:height\" content=\"1300\" \/>\n<meta name=\"twitter:card\" content=\"summary_large_image\" \/>\n<meta name=\"twitter:label1\" content=\"Tiempo de lectura\">\n\t<meta name=\"twitter:data1\" content=\"1 minuto\">\n<script type=\"application\/ld+json\" class=\"yoast-schema-graph\">{\"@context\":\"https:\/\/schema.org\",\"@graph\":[{\"@type\":\"Organization\",\"@id\":\"https:\/\/acieloabierto.net\/en\/#organization\",\"name\":\"A Cielo Abierto\",\"url\":\"https:\/\/acieloabierto.net\/en\/\",\"sameAs\":[],\"logo\":{\"@type\":\"ImageObject\",\"@id\":\"https:\/\/acieloabierto.net\/en\/#logo\",\"inLanguage\":\"es\",\"url\":\"https:\/\/acieloabierto.net\/wp-content\/uploads\/2021\/02\/logo.svg\",\"contentUrl\":\"https:\/\/acieloabierto.net\/wp-content\/uploads\/2021\/02\/logo.svg\",\"caption\":\"A Cielo Abierto\"},\"image\":{\"@id\":\"https:\/\/acieloabierto.net\/en\/#logo\"}},{\"@type\":\"WebSite\",\"@id\":\"https:\/\/acieloabierto.net\/en\/#website\",\"url\":\"https:\/\/acieloabierto.net\/en\/\",\"name\":\"A Cielo Abierto\",\"description\":\"Tuinmeubels Costa Blanca\",\"publisher\":{\"@id\":\"https:\/\/acieloabierto.net\/en\/#organization\"},\"potentialAction\":[{\"@type\":\"SearchAction\",\"target\":\"https:\/\/acieloabierto.net\/en\/?s={search_term_string}\",\"query-input\":\"required name=search_term_string\"}],\"inLanguage\":\"es\"},{\"@type\":\"ImageObject\",\"@id\":\"https:\/\/acieloabierto.net\/es\/producten\/pavilion\/#primaryimage\",\"inLanguage\":\"es\",\"url\":\"https:\/\/acieloabierto.net\/wp-content\/uploads\/2021\/03\/pavilion-tribu-lounge1.jpg\",\"contentUrl\":\"https:\/\/acieloabierto.net\/wp-content\/uploads\/2021\/03\/pavilion-tribu-lounge1.jpg\",\"width\":1920,\"height\":1300},{\"@type\":\"WebPage\",\"@id\":\"https:\/\/acieloabierto.net\/es\/producten\/pavilion\/#webpage\",\"url\":\"https:\/\/acieloabierto.net\/es\/producten\/pavilion\/\",\"name\":\"Pavilion - A Cielo Abierto\",\"isPartOf\":{\"@id\":\"https:\/\/acieloabierto.net\/en\/#website\"},\"primaryImageOfPage\":{\"@id\":\"https:\/\/acieloabierto.net\/es\/producten\/pavilion\/#primaryimage\"},\"datePublished\":\"2021-03-04T12:49:53+00:00\",\"dateModified\":\"2021-03-04T12:49:53+00:00\",\"breadcrumb\":{\"@id\":\"https:\/\/acieloabierto.net\/es\/producten\/pavilion\/#breadcrumb\"},\"inLanguage\":\"es\",\"potentialAction\":[{\"@type\":\"ReadAction\",\"target\":[\"https:\/\/acieloabierto.net\/es\/producten\/pavilion\/\"]}]},{\"@type\":\"BreadcrumbList\",\"@id\":\"https:\/\/acieloabierto.net\/es\/producten\/pavilion\/#breadcrumb\",\"itemListElement\":[{\"@type\":\"ListItem\",\"position\":1,\"item\":{\"@type\":\"WebPage\",\"@id\":\"https:\/\/acieloabierto.net\/\",\"url\":\"https:\/\/acieloabierto.net\/\",\"name\":\"Home\"}},{\"@type\":\"ListItem\",\"position\":2,\"item\":{\"@type\":\"WebPage\",\"@id\":\"\",\"url\":\"\",\"name\":\"\"}},{\"@type\":\"ListItem\",\"position\":3,\"item\":{\"@id\":\"https:\/\/acieloabierto.net\/es\/producten\/pavilion\/#webpage\"}}]}]}<\/script>\n<!-- \/ Yoast SEO plugin. -->","_links":{"self":[{"href":"https:\/\/acieloabierto.net\/es\/wp-json\/wp\/v2\/product\/10083"}],"collection":[{"href":"https:\/\/acieloabierto.net\/es\/wp-json\/wp\/v2\/product"}],"about":[{"href":"https:\/\/acieloabierto.net\/es\/wp-json\/wp\/v2\/types\/product"}],"replies":[{"embeddable":true,"href":"https:\/\/acieloabierto.net\/es\/wp-json\/wp\/v2\/comments?post=10083"}],"wp:featuredmedia":[{"embeddable":true,"href":"https:\/\/acieloabierto.net\/es\/wp-json\/wp\/v2\/media\/9709"}],"wp:attachment":[{"href":"https:\/\/acieloabierto.net\/es\/wp-json\/wp\/v2\/media?parent=10083"}],"curies":[{"name":"wp","href":"https:\/\/api.w.org\/{rel}","templated":true}]}}