{"id":10081,"date":"2021-03-04T13:52:22","date_gmt":"2021-03-04T12:52:22","guid":{"rendered":"https:\/\/acieloabierto.net\/producten\/pure\/"},"modified":"2021-03-04T13:52:22","modified_gmt":"2021-03-04T12:52:22","slug":"pure","status":"publish","type":"product","link":"https:\/\/acieloabierto.net\/es\/producten\/pure\/","title":{"rendered":"Pure"},"content":{"rendered":"<p>Con Pure Sofa, el dise\u00f1ador Andrei Munteanu reduce el dise\u00f1o a la esencia, despojado de todo exceso: pura simplicidad y elegancia. Este sof\u00e1 modular de exterior de teca consta de cinco elementos que puede combinar f\u00e1cilmente para crear el conjunto de sal\u00f3n de sus sue\u00f1os. Para su teca, Trib\u00f9 selecciona \u00fanicamente la mejor calidad, madera de clase A procedente de plantaciones gestionadas de forma sostenible en Indonesia, que es inspeccionada in situ durante todo el a\u00f1o por su filial Trib\u00f9 Asia. Los cojines est\u00e1n disponibles en 2 dise\u00f1os diferentes y en una amplia gama de tejidos de lujo para exteriores. Gracias al relleno ventilado y resistente al agua, los cojines pueden soportar sin problemas un chaparr\u00f3n.<\/p>\n","protected":false},"excerpt":{"rendered":"<p>Con Pure Sofa, el dise\u00f1ador Andrei Munteanu reduce el dise\u00f1o a la esencia, despojado de todo exceso: pura simplicidad y elegancia. Este sof\u00e1 modular de exterior de teca consta de cinco elementos que puede combinar f\u00e1cilmente para crear el conjunto de sal\u00f3n de sus sue\u00f1os. Para su teca, Trib\u00f9 selecciona \u00fanicamente la mejor calidad, madera [&hellip;]<\/p>\n","protected":false},"featured_media":9704,"comment_status":"open","ping_status":"closed","template":"","meta":{"wds_primary_pwb-brand":0,"wds_primary_product_cat":0},"brands":[{"id":464,"name":"Tribu","slug":"tribu"}],"yoast_head":"<!-- This site is optimized with the Yoast SEO plugin v16.3 - https:\/\/yoast.com\/wordpress\/plugins\/seo\/ -->\n<title>Pure - A Cielo Abierto<\/title>\n<meta name=\"robots\" content=\"index, follow, max-snippet:-1, max-image-preview:large, max-video-preview:-1\" \/>\n<link rel=\"canonical\" href=\"https:\/\/acieloabierto.net\/es\/producten\/pure\/\" \/>\n<meta property=\"og:locale\" content=\"es_ES\" \/>\n<meta property=\"og:type\" content=\"article\" \/>\n<meta property=\"og:title\" content=\"Pure - A Cielo Abierto\" \/>\n<meta property=\"og:description\" content=\"Con Pure Sofa, el dise\u00f1ador Andrei Munteanu reduce el dise\u00f1o a la esencia, despojado de todo exceso: pura simplicidad y elegancia. Este sof\u00e1 modular de exterior de teca consta de cinco elementos que puede combinar f\u00e1cilmente para crear el conjunto de sal\u00f3n de sus sue\u00f1os. Para su teca, Trib\u00f9 selecciona \u00fanicamente la mejor calidad, madera [&hellip;]\" \/>\n<meta property=\"og:url\" content=\"https:\/\/acieloabierto.net\/es\/producten\/pure\/\" \/>\n<meta property=\"og:site_name\" content=\"A Cielo Abierto\" \/>\n<meta property=\"og:image\" content=\"https:\/\/acieloabierto.net\/wp-content\/uploads\/2021\/03\/pure-tribu-lounge1.jpg\" \/>\n\t<meta property=\"og:image:width\" content=\"1920\" \/>\n\t<meta property=\"og:image:height\" content=\"1300\" \/>\n<meta name=\"twitter:card\" content=\"summary_large_image\" \/>\n<meta name=\"twitter:label1\" content=\"Tiempo de lectura\">\n\t<meta name=\"twitter:data1\" content=\"1 minuto\">\n<script type=\"application\/ld+json\" class=\"yoast-schema-graph\">{\"@context\":\"https:\/\/schema.org\",\"@graph\":[{\"@type\":\"Organization\",\"@id\":\"https:\/\/acieloabierto.net\/en\/#organization\",\"name\":\"A Cielo Abierto\",\"url\":\"https:\/\/acieloabierto.net\/en\/\",\"sameAs\":[],\"logo\":{\"@type\":\"ImageObject\",\"@id\":\"https:\/\/acieloabierto.net\/en\/#logo\",\"inLanguage\":\"es\",\"url\":\"https:\/\/acieloabierto.net\/wp-content\/uploads\/2021\/02\/logo.svg\",\"contentUrl\":\"https:\/\/acieloabierto.net\/wp-content\/uploads\/2021\/02\/logo.svg\",\"caption\":\"A Cielo Abierto\"},\"image\":{\"@id\":\"https:\/\/acieloabierto.net\/en\/#logo\"}},{\"@type\":\"WebSite\",\"@id\":\"https:\/\/acieloabierto.net\/en\/#website\",\"url\":\"https:\/\/acieloabierto.net\/en\/\",\"name\":\"A Cielo Abierto\",\"description\":\"Tuinmeubels Costa Blanca\",\"publisher\":{\"@id\":\"https:\/\/acieloabierto.net\/en\/#organization\"},\"potentialAction\":[{\"@type\":\"SearchAction\",\"target\":\"https:\/\/acieloabierto.net\/en\/?s={search_term_string}\",\"query-input\":\"required name=search_term_string\"}],\"inLanguage\":\"es\"},{\"@type\":\"ImageObject\",\"@id\":\"https:\/\/acieloabierto.net\/es\/producten\/pure\/#primaryimage\",\"inLanguage\":\"es\",\"url\":\"https:\/\/acieloabierto.net\/wp-content\/uploads\/2021\/03\/pure-tribu-lounge1.jpg\",\"contentUrl\":\"https:\/\/acieloabierto.net\/wp-content\/uploads\/2021\/03\/pure-tribu-lounge1.jpg\",\"width\":1920,\"height\":1300},{\"@type\":\"WebPage\",\"@id\":\"https:\/\/acieloabierto.net\/es\/producten\/pure\/#webpage\",\"url\":\"https:\/\/acieloabierto.net\/es\/producten\/pure\/\",\"name\":\"Pure - A Cielo Abierto\",\"isPartOf\":{\"@id\":\"https:\/\/acieloabierto.net\/en\/#website\"},\"primaryImageOfPage\":{\"@id\":\"https:\/\/acieloabierto.net\/es\/producten\/pure\/#primaryimage\"},\"datePublished\":\"2021-03-04T12:52:22+00:00\",\"dateModified\":\"2021-03-04T12:52:22+00:00\",\"breadcrumb\":{\"@id\":\"https:\/\/acieloabierto.net\/es\/producten\/pure\/#breadcrumb\"},\"inLanguage\":\"es\",\"potentialAction\":[{\"@type\":\"ReadAction\",\"target\":[\"https:\/\/acieloabierto.net\/es\/producten\/pure\/\"]}]},{\"@type\":\"BreadcrumbList\",\"@id\":\"https:\/\/acieloabierto.net\/es\/producten\/pure\/#breadcrumb\",\"itemListElement\":[{\"@type\":\"ListItem\",\"position\":1,\"item\":{\"@type\":\"WebPage\",\"@id\":\"https:\/\/acieloabierto.net\/\",\"url\":\"https:\/\/acieloabierto.net\/\",\"name\":\"Home\"}},{\"@type\":\"ListItem\",\"position\":2,\"item\":{\"@type\":\"WebPage\",\"@id\":\"\",\"url\":\"\",\"name\":\"\"}},{\"@type\":\"ListItem\",\"position\":3,\"item\":{\"@id\":\"https:\/\/acieloabierto.net\/es\/producten\/pure\/#webpage\"}}]}]}<\/script>\n<!-- \/ Yoast SEO plugin. -->","_links":{"self":[{"href":"https:\/\/acieloabierto.net\/es\/wp-json\/wp\/v2\/product\/10081"}],"collection":[{"href":"https:\/\/acieloabierto.net\/es\/wp-json\/wp\/v2\/product"}],"about":[{"href":"https:\/\/acieloabierto.net\/es\/wp-json\/wp\/v2\/types\/product"}],"replies":[{"embeddable":true,"href":"https:\/\/acieloabierto.net\/es\/wp-json\/wp\/v2\/comments?post=10081"}],"wp:featuredmedia":[{"embeddable":true,"href":"https:\/\/acieloabierto.net\/es\/wp-json\/wp\/v2\/media\/9704"}],"wp:attachment":[{"href":"https:\/\/acieloabierto.net\/es\/wp-json\/wp\/v2\/media?parent=10081"}],"curies":[{"name":"wp","href":"https:\/\/api.w.org\/{rel}","templated":true}]}}