{"id":10080,"date":"2021-03-04T13:55:21","date_gmt":"2021-03-04T12:55:21","guid":{"rendered":"https:\/\/acieloabierto.net\/producten\/senja\/"},"modified":"2021-03-04T13:55:21","modified_gmt":"2021-03-04T12:55:21","slug":"senja","status":"publish","type":"product","link":"https:\/\/acieloabierto.net\/es\/producten\/senja\/","title":{"rendered":"Senja"},"content":{"rendered":"<p>Rel\u00e1jese y acurr\u00faquese en el sof\u00e1 ultramoderno Senja. Combine m\u00f3dulos de una, dos o tres plazas con reposabrazos altos o bajos, elija el color de las patas y tenga todo lo que necesita a mano con un tablero, una consola o una mesa auxiliar de teca o piedra de lava esmaltada. Senja tambi\u00e9n est\u00e1 disponible en dos profundidades de asiento: una profundidad est\u00e1ndar o una versi\u00f3n extra profunda para una mayor comodidad en el sal\u00f3n. Los cojines de estilo n\u00f3rdico est\u00e1n rematados con ribetes y soportan sin problemas una ducha, gracias al acolchado ventilado e hidr\u00f3fugo. Las costuras de la cubierta de relleno est\u00e1n cubiertas adicionalmente desde el interior para que la humedad no tenga ninguna oportunidad. En cuanto a los tejidos, puedes elegir entre m\u00e1s de 100 telas de exterior inspiradas en la naturaleza.<\/p>\n","protected":false},"excerpt":{"rendered":"<p>Rel\u00e1jese y acurr\u00faquese en el sof\u00e1 ultramoderno Senja. Combine m\u00f3dulos de una, dos o tres plazas con reposabrazos altos o bajos, elija el color de las patas y tenga todo lo que necesita a mano con un tablero, una consola o una mesa auxiliar de teca o piedra de lava esmaltada. Senja tambi\u00e9n est\u00e1 disponible [&hellip;]<\/p>\n","protected":false},"featured_media":9698,"comment_status":"open","ping_status":"closed","template":"","meta":{"wds_primary_pwb-brand":0,"wds_primary_product_cat":0},"brands":[{"id":464,"name":"Tribu","slug":"tribu"}],"yoast_head":"<!-- This site is optimized with the Yoast SEO plugin v16.3 - https:\/\/yoast.com\/wordpress\/plugins\/seo\/ -->\n<title>Senja - A Cielo Abierto<\/title>\n<meta name=\"robots\" content=\"index, follow, max-snippet:-1, max-image-preview:large, max-video-preview:-1\" \/>\n<link rel=\"canonical\" href=\"https:\/\/acieloabierto.net\/es\/producten\/senja\/\" \/>\n<meta property=\"og:locale\" content=\"es_ES\" \/>\n<meta property=\"og:type\" content=\"article\" \/>\n<meta property=\"og:title\" content=\"Senja - A Cielo Abierto\" \/>\n<meta property=\"og:description\" content=\"Rel\u00e1jese y acurr\u00faquese en el sof\u00e1 ultramoderno Senja. Combine m\u00f3dulos de una, dos o tres plazas con reposabrazos altos o bajos, elija el color de las patas y tenga todo lo que necesita a mano con un tablero, una consola o una mesa auxiliar de teca o piedra de lava esmaltada. Senja tambi\u00e9n est\u00e1 disponible [&hellip;]\" \/>\n<meta property=\"og:url\" content=\"https:\/\/acieloabierto.net\/es\/producten\/senja\/\" \/>\n<meta property=\"og:site_name\" content=\"A Cielo Abierto\" \/>\n<meta property=\"og:image\" content=\"https:\/\/acieloabierto.net\/wp-content\/uploads\/2021\/03\/senja-tribu-lounge.jpg\" \/>\n\t<meta property=\"og:image:width\" content=\"1920\" \/>\n\t<meta property=\"og:image:height\" content=\"1300\" \/>\n<meta name=\"twitter:card\" content=\"summary_large_image\" \/>\n<meta name=\"twitter:label1\" content=\"Tiempo de lectura\">\n\t<meta name=\"twitter:data1\" content=\"1 minuto\">\n<script type=\"application\/ld+json\" class=\"yoast-schema-graph\">{\"@context\":\"https:\/\/schema.org\",\"@graph\":[{\"@type\":\"Organization\",\"@id\":\"https:\/\/acieloabierto.net\/en\/#organization\",\"name\":\"A Cielo Abierto\",\"url\":\"https:\/\/acieloabierto.net\/en\/\",\"sameAs\":[],\"logo\":{\"@type\":\"ImageObject\",\"@id\":\"https:\/\/acieloabierto.net\/en\/#logo\",\"inLanguage\":\"es\",\"url\":\"https:\/\/acieloabierto.net\/wp-content\/uploads\/2021\/02\/logo.svg\",\"contentUrl\":\"https:\/\/acieloabierto.net\/wp-content\/uploads\/2021\/02\/logo.svg\",\"caption\":\"A Cielo Abierto\"},\"image\":{\"@id\":\"https:\/\/acieloabierto.net\/en\/#logo\"}},{\"@type\":\"WebSite\",\"@id\":\"https:\/\/acieloabierto.net\/en\/#website\",\"url\":\"https:\/\/acieloabierto.net\/en\/\",\"name\":\"A Cielo Abierto\",\"description\":\"Tuinmeubels Costa Blanca\",\"publisher\":{\"@id\":\"https:\/\/acieloabierto.net\/en\/#organization\"},\"potentialAction\":[{\"@type\":\"SearchAction\",\"target\":\"https:\/\/acieloabierto.net\/en\/?s={search_term_string}\",\"query-input\":\"required name=search_term_string\"}],\"inLanguage\":\"es\"},{\"@type\":\"ImageObject\",\"@id\":\"https:\/\/acieloabierto.net\/es\/producten\/senja\/#primaryimage\",\"inLanguage\":\"es\",\"url\":\"https:\/\/acieloabierto.net\/wp-content\/uploads\/2021\/03\/senja-tribu-lounge.jpg\",\"contentUrl\":\"https:\/\/acieloabierto.net\/wp-content\/uploads\/2021\/03\/senja-tribu-lounge.jpg\",\"width\":1920,\"height\":1300},{\"@type\":\"WebPage\",\"@id\":\"https:\/\/acieloabierto.net\/es\/producten\/senja\/#webpage\",\"url\":\"https:\/\/acieloabierto.net\/es\/producten\/senja\/\",\"name\":\"Senja - A Cielo Abierto\",\"isPartOf\":{\"@id\":\"https:\/\/acieloabierto.net\/en\/#website\"},\"primaryImageOfPage\":{\"@id\":\"https:\/\/acieloabierto.net\/es\/producten\/senja\/#primaryimage\"},\"datePublished\":\"2021-03-04T12:55:21+00:00\",\"dateModified\":\"2021-03-04T12:55:21+00:00\",\"breadcrumb\":{\"@id\":\"https:\/\/acieloabierto.net\/es\/producten\/senja\/#breadcrumb\"},\"inLanguage\":\"es\",\"potentialAction\":[{\"@type\":\"ReadAction\",\"target\":[\"https:\/\/acieloabierto.net\/es\/producten\/senja\/\"]}]},{\"@type\":\"BreadcrumbList\",\"@id\":\"https:\/\/acieloabierto.net\/es\/producten\/senja\/#breadcrumb\",\"itemListElement\":[{\"@type\":\"ListItem\",\"position\":1,\"item\":{\"@type\":\"WebPage\",\"@id\":\"https:\/\/acieloabierto.net\/\",\"url\":\"https:\/\/acieloabierto.net\/\",\"name\":\"Home\"}},{\"@type\":\"ListItem\",\"position\":2,\"item\":{\"@type\":\"WebPage\",\"@id\":\"\",\"url\":\"\",\"name\":\"\"}},{\"@type\":\"ListItem\",\"position\":3,\"item\":{\"@id\":\"https:\/\/acieloabierto.net\/es\/producten\/senja\/#webpage\"}}]}]}<\/script>\n<!-- \/ Yoast SEO plugin. -->","_links":{"self":[{"href":"https:\/\/acieloabierto.net\/es\/wp-json\/wp\/v2\/product\/10080"}],"collection":[{"href":"https:\/\/acieloabierto.net\/es\/wp-json\/wp\/v2\/product"}],"about":[{"href":"https:\/\/acieloabierto.net\/es\/wp-json\/wp\/v2\/types\/product"}],"replies":[{"embeddable":true,"href":"https:\/\/acieloabierto.net\/es\/wp-json\/wp\/v2\/comments?post=10080"}],"wp:featuredmedia":[{"embeddable":true,"href":"https:\/\/acieloabierto.net\/es\/wp-json\/wp\/v2\/media\/9698"}],"wp:attachment":[{"href":"https:\/\/acieloabierto.net\/es\/wp-json\/wp\/v2\/media?parent=10080"}],"curies":[{"name":"wp","href":"https:\/\/api.w.org\/{rel}","templated":true}]}}