{"id":10079,"date":"2021-03-04T13:59:20","date_gmt":"2021-03-04T12:59:20","guid":{"rendered":"https:\/\/acieloabierto.net\/producten\/tosca\/"},"modified":"2021-03-04T13:59:20","modified_gmt":"2021-03-04T12:59:20","slug":"tosca","status":"publish","type":"product","link":"https:\/\/acieloabierto.net\/es\/producten\/tosca\/","title":{"rendered":"Tosca"},"content":{"rendered":"<p>La colecci\u00f3n Tosca es a la vez c\u00e1lida y acogedora, elegante e intrigante. Fue la primera vez que TRIB\u00d9 emple\u00f3 a una dise\u00f1adora. Por ello, la feminidad y la emoci\u00f3n fueron las palabras clave a la hora de dise\u00f1ar esta exclusiva colecci\u00f3n de muebles de exterior. Una elegante carcasa de asiento de acero inoxidable con recubrimiento de polvo se apoya en unas patas delgadas y afiladas y est\u00e1 tapizada con mimbre vertical extra ancho. El material utilizado para el mimbre puede calificarse ciertamente de innovador: la espuma est\u00e1 recubierta de una \u00abmedia\u00bb tubular, tejida con tela y poliolefina. El material tiene un aspecto sorprendentemente natural, pero es 100% resistente a la intemperie. La comodidad de los muebles es tambi\u00e9n muy agradable, gracias a los c\u00f3modos cojines de exterior.<\/p>\n","protected":false},"excerpt":{"rendered":"<p>La colecci\u00f3n Tosca es a la vez c\u00e1lida y acogedora, elegante e intrigante. Fue la primera vez que TRIB\u00d9 emple\u00f3 a una dise\u00f1adora. Por ello, la feminidad y la emoci\u00f3n fueron las palabras clave a la hora de dise\u00f1ar esta exclusiva colecci\u00f3n de muebles de exterior. Una elegante carcasa de asiento de acero inoxidable con [&hellip;]<\/p>\n","protected":false},"featured_media":9692,"comment_status":"open","ping_status":"closed","template":"","meta":{"wds_primary_pwb-brand":0,"wds_primary_product_cat":0},"brands":[{"id":464,"name":"Tribu","slug":"tribu"}],"yoast_head":"<!-- This site is optimized with the Yoast SEO plugin v16.3 - https:\/\/yoast.com\/wordpress\/plugins\/seo\/ -->\n<title>Tosca - A Cielo Abierto<\/title>\n<meta name=\"robots\" content=\"index, follow, max-snippet:-1, max-image-preview:large, max-video-preview:-1\" \/>\n<link rel=\"canonical\" href=\"https:\/\/acieloabierto.net\/es\/producten\/tosca\/\" \/>\n<meta property=\"og:locale\" content=\"es_ES\" \/>\n<meta property=\"og:type\" content=\"article\" \/>\n<meta property=\"og:title\" content=\"Tosca - A Cielo Abierto\" \/>\n<meta property=\"og:description\" content=\"La colecci\u00f3n Tosca es a la vez c\u00e1lida y acogedora, elegante e intrigante. Fue la primera vez que TRIB\u00d9 emple\u00f3 a una dise\u00f1adora. Por ello, la feminidad y la emoci\u00f3n fueron las palabras clave a la hora de dise\u00f1ar esta exclusiva colecci\u00f3n de muebles de exterior. Una elegante carcasa de asiento de acero inoxidable con [&hellip;]\" \/>\n<meta property=\"og:url\" content=\"https:\/\/acieloabierto.net\/es\/producten\/tosca\/\" \/>\n<meta property=\"og:site_name\" content=\"A Cielo Abierto\" \/>\n<meta property=\"og:image\" content=\"https:\/\/acieloabierto.net\/wp-content\/uploads\/2021\/03\/tosca-tribu-stoel.jpg\" \/>\n\t<meta property=\"og:image:width\" content=\"1920\" \/>\n\t<meta property=\"og:image:height\" content=\"1282\" \/>\n<meta name=\"twitter:card\" content=\"summary_large_image\" \/>\n<meta name=\"twitter:label1\" content=\"Tiempo de lectura\">\n\t<meta name=\"twitter:data1\" content=\"1 minuto\">\n<script type=\"application\/ld+json\" class=\"yoast-schema-graph\">{\"@context\":\"https:\/\/schema.org\",\"@graph\":[{\"@type\":\"Organization\",\"@id\":\"https:\/\/acieloabierto.net\/en\/#organization\",\"name\":\"A Cielo Abierto\",\"url\":\"https:\/\/acieloabierto.net\/en\/\",\"sameAs\":[],\"logo\":{\"@type\":\"ImageObject\",\"@id\":\"https:\/\/acieloabierto.net\/en\/#logo\",\"inLanguage\":\"es\",\"url\":\"https:\/\/acieloabierto.net\/wp-content\/uploads\/2021\/02\/logo.svg\",\"contentUrl\":\"https:\/\/acieloabierto.net\/wp-content\/uploads\/2021\/02\/logo.svg\",\"caption\":\"A Cielo Abierto\"},\"image\":{\"@id\":\"https:\/\/acieloabierto.net\/en\/#logo\"}},{\"@type\":\"WebSite\",\"@id\":\"https:\/\/acieloabierto.net\/en\/#website\",\"url\":\"https:\/\/acieloabierto.net\/en\/\",\"name\":\"A Cielo Abierto\",\"description\":\"Tuinmeubels Costa Blanca\",\"publisher\":{\"@id\":\"https:\/\/acieloabierto.net\/en\/#organization\"},\"potentialAction\":[{\"@type\":\"SearchAction\",\"target\":\"https:\/\/acieloabierto.net\/en\/?s={search_term_string}\",\"query-input\":\"required name=search_term_string\"}],\"inLanguage\":\"es\"},{\"@type\":\"ImageObject\",\"@id\":\"https:\/\/acieloabierto.net\/es\/producten\/tosca\/#primaryimage\",\"inLanguage\":\"es\",\"url\":\"https:\/\/acieloabierto.net\/wp-content\/uploads\/2021\/03\/tosca-tribu-stoel.jpg\",\"contentUrl\":\"https:\/\/acieloabierto.net\/wp-content\/uploads\/2021\/03\/tosca-tribu-stoel.jpg\",\"width\":1920,\"height\":1282},{\"@type\":\"WebPage\",\"@id\":\"https:\/\/acieloabierto.net\/es\/producten\/tosca\/#webpage\",\"url\":\"https:\/\/acieloabierto.net\/es\/producten\/tosca\/\",\"name\":\"Tosca - A Cielo Abierto\",\"isPartOf\":{\"@id\":\"https:\/\/acieloabierto.net\/en\/#website\"},\"primaryImageOfPage\":{\"@id\":\"https:\/\/acieloabierto.net\/es\/producten\/tosca\/#primaryimage\"},\"datePublished\":\"2021-03-04T12:59:20+00:00\",\"dateModified\":\"2021-03-04T12:59:20+00:00\",\"breadcrumb\":{\"@id\":\"https:\/\/acieloabierto.net\/es\/producten\/tosca\/#breadcrumb\"},\"inLanguage\":\"es\",\"potentialAction\":[{\"@type\":\"ReadAction\",\"target\":[\"https:\/\/acieloabierto.net\/es\/producten\/tosca\/\"]}]},{\"@type\":\"BreadcrumbList\",\"@id\":\"https:\/\/acieloabierto.net\/es\/producten\/tosca\/#breadcrumb\",\"itemListElement\":[{\"@type\":\"ListItem\",\"position\":1,\"item\":{\"@type\":\"WebPage\",\"@id\":\"https:\/\/acieloabierto.net\/\",\"url\":\"https:\/\/acieloabierto.net\/\",\"name\":\"Home\"}},{\"@type\":\"ListItem\",\"position\":2,\"item\":{\"@type\":\"WebPage\",\"@id\":\"\",\"url\":\"\",\"name\":\"\"}},{\"@type\":\"ListItem\",\"position\":3,\"item\":{\"@id\":\"https:\/\/acieloabierto.net\/es\/producten\/tosca\/#webpage\"}}]}]}<\/script>\n<!-- \/ Yoast SEO plugin. -->","_links":{"self":[{"href":"https:\/\/acieloabierto.net\/es\/wp-json\/wp\/v2\/product\/10079"}],"collection":[{"href":"https:\/\/acieloabierto.net\/es\/wp-json\/wp\/v2\/product"}],"about":[{"href":"https:\/\/acieloabierto.net\/es\/wp-json\/wp\/v2\/types\/product"}],"replies":[{"embeddable":true,"href":"https:\/\/acieloabierto.net\/es\/wp-json\/wp\/v2\/comments?post=10079"}],"wp:featuredmedia":[{"embeddable":true,"href":"https:\/\/acieloabierto.net\/es\/wp-json\/wp\/v2\/media\/9692"}],"wp:attachment":[{"href":"https:\/\/acieloabierto.net\/es\/wp-json\/wp\/v2\/media?parent=10079"}],"curies":[{"name":"wp","href":"https:\/\/api.w.org\/{rel}","templated":true}]}}