{"id":10076,"date":"2021-03-03T16:00:52","date_gmt":"2021-03-03T15:00:52","guid":{"rendered":"https:\/\/acieloabierto.net\/producten\/pasturo\/"},"modified":"2021-03-03T16:00:52","modified_gmt":"2021-03-03T15:00:52","slug":"pasturo","status":"publish","type":"product","link":"https:\/\/acieloabierto.net\/es\/producten\/pasturo\/","title":{"rendered":"Pasturo"},"content":{"rendered":"<p>La serie Pasturo de Borek tiene bellas formas redondas con un c\u00e1lido tacto natural. Un marco de acero galvanizado con recubrimiento de polvo en color antracita combinado con la cuerda Ardenza en color gris hierro. No s\u00f3lo el color, sino tambi\u00e9n el bonito dise\u00f1o redondeado es \u00fanico y da a los modelos Pasturo un aspecto alegre. Sin embargo, este aspecto elegante contrasta con el dise\u00f1o s\u00f3lido como una roca de este reci\u00e9n llegado de BOREK, en acero inoxidable recubierto indestructible y cuerda Ardenza de alta calidad. La colecci\u00f3n se compone de una silla, un sill\u00f3n bajo, un sof\u00e1 bajo y un sof\u00e1 cama. La cuerda est\u00e1 hecha de un hilo sint\u00e9tico termopl\u00e1stico. Tanto el n\u00facleo del hilo como el propio hilo est\u00e1n coloreados por completo. Este material es repelente al agua, resistente a los rayos UV y al moho.<\/p>\n","protected":false},"excerpt":{"rendered":"<p>La serie Pasturo de Borek tiene bellas formas redondas con un c\u00e1lido tacto natural. Un marco de acero galvanizado con recubrimiento de polvo en color antracita combinado con la cuerda Ardenza en color gris hierro. No s\u00f3lo el color, sino tambi\u00e9n el bonito dise\u00f1o redondeado es \u00fanico y da a los modelos Pasturo un aspecto [&hellip;]<\/p>\n","protected":false},"featured_media":9834,"comment_status":"closed","ping_status":"closed","template":"","meta":{"wds_primary_pwb-brand":0,"wds_primary_product_cat":0},"brands":[{"id":455,"name":"Borek","slug":"borek"}],"yoast_head":"<!-- This site is optimized with the Yoast SEO plugin v16.3 - https:\/\/yoast.com\/wordpress\/plugins\/seo\/ -->\n<title>Pasturo - A Cielo Abierto<\/title>\n<meta name=\"robots\" content=\"index, follow, max-snippet:-1, max-image-preview:large, max-video-preview:-1\" \/>\n<link rel=\"canonical\" href=\"https:\/\/acieloabierto.net\/es\/producten\/pasturo\/\" \/>\n<meta property=\"og:locale\" content=\"es_ES\" \/>\n<meta property=\"og:type\" content=\"article\" \/>\n<meta property=\"og:title\" content=\"Pasturo - A Cielo Abierto\" \/>\n<meta property=\"og:description\" content=\"La serie Pasturo de Borek tiene bellas formas redondas con un c\u00e1lido tacto natural. Un marco de acero galvanizado con recubrimiento de polvo en color antracita combinado con la cuerda Ardenza en color gris hierro. No s\u00f3lo el color, sino tambi\u00e9n el bonito dise\u00f1o redondeado es \u00fanico y da a los modelos Pasturo un aspecto [&hellip;]\" \/>\n<meta property=\"og:url\" content=\"https:\/\/acieloabierto.net\/es\/producten\/pasturo\/\" \/>\n<meta property=\"og:site_name\" content=\"A Cielo Abierto\" \/>\n<meta property=\"og:image\" content=\"https:\/\/acieloabierto.net\/wp-content\/uploads\/2021\/03\/pasturo-borek-lounge3.jpg\" \/>\n\t<meta property=\"og:image:width\" content=\"1920\" \/>\n\t<meta property=\"og:image:height\" content=\"1282\" \/>\n<meta name=\"twitter:card\" content=\"summary_large_image\" \/>\n<meta name=\"twitter:label1\" content=\"Tiempo de lectura\">\n\t<meta name=\"twitter:data1\" content=\"1 minuto\">\n<script type=\"application\/ld+json\" class=\"yoast-schema-graph\">{\"@context\":\"https:\/\/schema.org\",\"@graph\":[{\"@type\":\"Organization\",\"@id\":\"https:\/\/acieloabierto.net\/en\/#organization\",\"name\":\"A Cielo Abierto\",\"url\":\"https:\/\/acieloabierto.net\/en\/\",\"sameAs\":[],\"logo\":{\"@type\":\"ImageObject\",\"@id\":\"https:\/\/acieloabierto.net\/en\/#logo\",\"inLanguage\":\"es\",\"url\":\"https:\/\/acieloabierto.net\/wp-content\/uploads\/2021\/02\/logo.svg\",\"contentUrl\":\"https:\/\/acieloabierto.net\/wp-content\/uploads\/2021\/02\/logo.svg\",\"caption\":\"A Cielo Abierto\"},\"image\":{\"@id\":\"https:\/\/acieloabierto.net\/en\/#logo\"}},{\"@type\":\"WebSite\",\"@id\":\"https:\/\/acieloabierto.net\/en\/#website\",\"url\":\"https:\/\/acieloabierto.net\/en\/\",\"name\":\"A Cielo Abierto\",\"description\":\"Tuinmeubels Costa Blanca\",\"publisher\":{\"@id\":\"https:\/\/acieloabierto.net\/en\/#organization\"},\"potentialAction\":[{\"@type\":\"SearchAction\",\"target\":\"https:\/\/acieloabierto.net\/en\/?s={search_term_string}\",\"query-input\":\"required name=search_term_string\"}],\"inLanguage\":\"es\"},{\"@type\":\"ImageObject\",\"@id\":\"https:\/\/acieloabierto.net\/es\/producten\/pasturo\/#primaryimage\",\"inLanguage\":\"es\",\"url\":\"https:\/\/acieloabierto.net\/wp-content\/uploads\/2021\/03\/pasturo-borek-lounge3.jpg\",\"contentUrl\":\"https:\/\/acieloabierto.net\/wp-content\/uploads\/2021\/03\/pasturo-borek-lounge3.jpg\",\"width\":1920,\"height\":1282},{\"@type\":\"WebPage\",\"@id\":\"https:\/\/acieloabierto.net\/es\/producten\/pasturo\/#webpage\",\"url\":\"https:\/\/acieloabierto.net\/es\/producten\/pasturo\/\",\"name\":\"Pasturo - A Cielo Abierto\",\"isPartOf\":{\"@id\":\"https:\/\/acieloabierto.net\/en\/#website\"},\"primaryImageOfPage\":{\"@id\":\"https:\/\/acieloabierto.net\/es\/producten\/pasturo\/#primaryimage\"},\"datePublished\":\"2021-03-03T15:00:52+00:00\",\"dateModified\":\"2021-03-03T15:00:52+00:00\",\"breadcrumb\":{\"@id\":\"https:\/\/acieloabierto.net\/es\/producten\/pasturo\/#breadcrumb\"},\"inLanguage\":\"es\",\"potentialAction\":[{\"@type\":\"ReadAction\",\"target\":[\"https:\/\/acieloabierto.net\/es\/producten\/pasturo\/\"]}]},{\"@type\":\"BreadcrumbList\",\"@id\":\"https:\/\/acieloabierto.net\/es\/producten\/pasturo\/#breadcrumb\",\"itemListElement\":[{\"@type\":\"ListItem\",\"position\":1,\"item\":{\"@type\":\"WebPage\",\"@id\":\"https:\/\/acieloabierto.net\/\",\"url\":\"https:\/\/acieloabierto.net\/\",\"name\":\"Home\"}},{\"@type\":\"ListItem\",\"position\":2,\"item\":{\"@type\":\"WebPage\",\"@id\":\"\",\"url\":\"\",\"name\":\"\"}},{\"@type\":\"ListItem\",\"position\":3,\"item\":{\"@id\":\"https:\/\/acieloabierto.net\/es\/producten\/pasturo\/#webpage\"}}]}]}<\/script>\n<!-- \/ Yoast SEO plugin. -->","_links":{"self":[{"href":"https:\/\/acieloabierto.net\/es\/wp-json\/wp\/v2\/product\/10076"}],"collection":[{"href":"https:\/\/acieloabierto.net\/es\/wp-json\/wp\/v2\/product"}],"about":[{"href":"https:\/\/acieloabierto.net\/es\/wp-json\/wp\/v2\/types\/product"}],"replies":[{"embeddable":true,"href":"https:\/\/acieloabierto.net\/es\/wp-json\/wp\/v2\/comments?post=10076"}],"wp:featuredmedia":[{"embeddable":true,"href":"https:\/\/acieloabierto.net\/es\/wp-json\/wp\/v2\/media\/9834"}],"wp:attachment":[{"href":"https:\/\/acieloabierto.net\/es\/wp-json\/wp\/v2\/media?parent=10076"}],"curies":[{"name":"wp","href":"https:\/\/api.w.org\/{rel}","templated":true}]}}