{"id":10075,"date":"2021-03-03T15:58:01","date_gmt":"2021-03-03T14:58:01","guid":{"rendered":"https:\/\/acieloabierto.net\/producten\/murcia\/"},"modified":"2021-03-03T15:58:01","modified_gmt":"2021-03-03T14:58:01","slug":"murcia","status":"publish","type":"product","link":"https:\/\/acieloabierto.net\/es\/producten\/murcia\/","title":{"rendered":"Murcia"},"content":{"rendered":"<p>El icono del dise\u00f1o Marcel Wolterinck est\u00e1 en su elemento con su colecci\u00f3n Murcia para Borek. El hecho de que el todoterreno creativo no tenga miedo de las grandes dimensiones XL es claramente visible en esta nueva generaci\u00f3n de elementos de asiento con cojines de gran formato. Los m\u00f3dulos, en blanco o antracita, pueden combinarse a voluntad para formar un c\u00f3modo sof\u00e1 o un sof\u00e1 de esquina. Los m\u00f3dulos son de aluminio con recubrimiento de polvo y son f\u00e1ciles de limpiar con Borek Multi Cleaner. La colecci\u00f3n Murcia se caracteriza por su dise\u00f1o elegante, sus c\u00f3modos cojines de asiento y respaldo y crea un ambiente \u00fanico en la terraza. Esta colecci\u00f3n puede combinarse con varias mesas bajas y auxiliares de la colecci\u00f3n Borek.<\/p>\n","protected":false},"excerpt":{"rendered":"<p>El icono del dise\u00f1o Marcel Wolterinck est\u00e1 en su elemento con su colecci\u00f3n Murcia para Borek. El hecho de que el todoterreno creativo no tenga miedo de las grandes dimensiones XL es claramente visible en esta nueva generaci\u00f3n de elementos de asiento con cojines de gran formato. Los m\u00f3dulos, en blanco o antracita, pueden combinarse [&hellip;]<\/p>\n","protected":false},"featured_media":9846,"comment_status":"closed","ping_status":"closed","template":"","meta":{"wds_primary_pwb-brand":0,"wds_primary_product_cat":0},"brands":[{"id":455,"name":"Borek","slug":"borek"}],"yoast_head":"<!-- This site is optimized with the Yoast SEO plugin v16.3 - https:\/\/yoast.com\/wordpress\/plugins\/seo\/ -->\n<title>Murcia - A Cielo Abierto<\/title>\n<meta name=\"robots\" content=\"index, follow, max-snippet:-1, max-image-preview:large, max-video-preview:-1\" \/>\n<link rel=\"canonical\" href=\"https:\/\/acieloabierto.net\/es\/producten\/murcia\/\" \/>\n<meta property=\"og:locale\" content=\"es_ES\" \/>\n<meta property=\"og:type\" content=\"article\" \/>\n<meta property=\"og:title\" content=\"Murcia - A Cielo Abierto\" \/>\n<meta property=\"og:description\" content=\"El icono del dise\u00f1o Marcel Wolterinck est\u00e1 en su elemento con su colecci\u00f3n Murcia para Borek. El hecho de que el todoterreno creativo no tenga miedo de las grandes dimensiones XL es claramente visible en esta nueva generaci\u00f3n de elementos de asiento con cojines de gran formato. Los m\u00f3dulos, en blanco o antracita, pueden combinarse [&hellip;]\" \/>\n<meta property=\"og:url\" content=\"https:\/\/acieloabierto.net\/es\/producten\/murcia\/\" \/>\n<meta property=\"og:site_name\" content=\"A Cielo Abierto\" \/>\n<meta property=\"og:image\" content=\"https:\/\/acieloabierto.net\/wp-content\/uploads\/2021\/03\/murcia-borek-lounge1.jpg\" \/>\n\t<meta property=\"og:image:width\" content=\"1920\" \/>\n\t<meta property=\"og:image:height\" content=\"1280\" \/>\n<meta name=\"twitter:card\" content=\"summary_large_image\" \/>\n<meta name=\"twitter:label1\" content=\"Tiempo de lectura\">\n\t<meta name=\"twitter:data1\" content=\"1 minuto\">\n<script type=\"application\/ld+json\" class=\"yoast-schema-graph\">{\"@context\":\"https:\/\/schema.org\",\"@graph\":[{\"@type\":\"Organization\",\"@id\":\"https:\/\/acieloabierto.net\/en\/#organization\",\"name\":\"A Cielo Abierto\",\"url\":\"https:\/\/acieloabierto.net\/en\/\",\"sameAs\":[],\"logo\":{\"@type\":\"ImageObject\",\"@id\":\"https:\/\/acieloabierto.net\/en\/#logo\",\"inLanguage\":\"es\",\"url\":\"https:\/\/acieloabierto.net\/wp-content\/uploads\/2021\/02\/logo.svg\",\"contentUrl\":\"https:\/\/acieloabierto.net\/wp-content\/uploads\/2021\/02\/logo.svg\",\"caption\":\"A Cielo Abierto\"},\"image\":{\"@id\":\"https:\/\/acieloabierto.net\/en\/#logo\"}},{\"@type\":\"WebSite\",\"@id\":\"https:\/\/acieloabierto.net\/en\/#website\",\"url\":\"https:\/\/acieloabierto.net\/en\/\",\"name\":\"A Cielo Abierto\",\"description\":\"Tuinmeubels Costa Blanca\",\"publisher\":{\"@id\":\"https:\/\/acieloabierto.net\/en\/#organization\"},\"potentialAction\":[{\"@type\":\"SearchAction\",\"target\":\"https:\/\/acieloabierto.net\/en\/?s={search_term_string}\",\"query-input\":\"required name=search_term_string\"}],\"inLanguage\":\"es\"},{\"@type\":\"ImageObject\",\"@id\":\"https:\/\/acieloabierto.net\/es\/producten\/murcia\/#primaryimage\",\"inLanguage\":\"es\",\"url\":\"https:\/\/acieloabierto.net\/wp-content\/uploads\/2021\/03\/murcia-borek-lounge1.jpg\",\"contentUrl\":\"https:\/\/acieloabierto.net\/wp-content\/uploads\/2021\/03\/murcia-borek-lounge1.jpg\",\"width\":1920,\"height\":1280},{\"@type\":\"WebPage\",\"@id\":\"https:\/\/acieloabierto.net\/es\/producten\/murcia\/#webpage\",\"url\":\"https:\/\/acieloabierto.net\/es\/producten\/murcia\/\",\"name\":\"Murcia - A Cielo Abierto\",\"isPartOf\":{\"@id\":\"https:\/\/acieloabierto.net\/en\/#website\"},\"primaryImageOfPage\":{\"@id\":\"https:\/\/acieloabierto.net\/es\/producten\/murcia\/#primaryimage\"},\"datePublished\":\"2021-03-03T14:58:01+00:00\",\"dateModified\":\"2021-03-03T14:58:01+00:00\",\"breadcrumb\":{\"@id\":\"https:\/\/acieloabierto.net\/es\/producten\/murcia\/#breadcrumb\"},\"inLanguage\":\"es\",\"potentialAction\":[{\"@type\":\"ReadAction\",\"target\":[\"https:\/\/acieloabierto.net\/es\/producten\/murcia\/\"]}]},{\"@type\":\"BreadcrumbList\",\"@id\":\"https:\/\/acieloabierto.net\/es\/producten\/murcia\/#breadcrumb\",\"itemListElement\":[{\"@type\":\"ListItem\",\"position\":1,\"item\":{\"@type\":\"WebPage\",\"@id\":\"https:\/\/acieloabierto.net\/\",\"url\":\"https:\/\/acieloabierto.net\/\",\"name\":\"Home\"}},{\"@type\":\"ListItem\",\"position\":2,\"item\":{\"@type\":\"WebPage\",\"@id\":\"\",\"url\":\"\",\"name\":\"\"}},{\"@type\":\"ListItem\",\"position\":3,\"item\":{\"@id\":\"https:\/\/acieloabierto.net\/es\/producten\/murcia\/#webpage\"}}]}]}<\/script>\n<!-- \/ Yoast SEO plugin. -->","_links":{"self":[{"href":"https:\/\/acieloabierto.net\/es\/wp-json\/wp\/v2\/product\/10075"}],"collection":[{"href":"https:\/\/acieloabierto.net\/es\/wp-json\/wp\/v2\/product"}],"about":[{"href":"https:\/\/acieloabierto.net\/es\/wp-json\/wp\/v2\/types\/product"}],"replies":[{"embeddable":true,"href":"https:\/\/acieloabierto.net\/es\/wp-json\/wp\/v2\/comments?post=10075"}],"wp:featuredmedia":[{"embeddable":true,"href":"https:\/\/acieloabierto.net\/es\/wp-json\/wp\/v2\/media\/9846"}],"wp:attachment":[{"href":"https:\/\/acieloabierto.net\/es\/wp-json\/wp\/v2\/media?parent=10075"}],"curies":[{"name":"wp","href":"https:\/\/api.w.org\/{rel}","templated":true}]}}