{"id":10073,"date":"2021-03-03T15:52:38","date_gmt":"2021-03-03T14:52:38","guid":{"rendered":"https:\/\/acieloabierto.net\/producten\/luxx-urbino\/"},"modified":"2021-03-03T15:52:38","modified_gmt":"2021-03-03T14:52:38","slug":"luxx-urbino","status":"publish","type":"product","link":"https:\/\/acieloabierto.net\/es\/producten\/luxx-urbino\/","title":{"rendered":"luxx-urbino"},"content":{"rendered":"<p>Las colecciones Urbino y Luxx est\u00e1n construidas con una estructura de teca y un asiento Batyline Eden. Este material es una variante de lujo del conocido Batyline. Se ha utilizado un acabado m\u00e1s suave y acariciable, con las caracter\u00edsticas y la calidad de la conocida Batyline. Borek utiliza madera de teca madura, que se cosecha de acuerdo con las normas de conservaci\u00f3n del medio ambiente. La madera de teca no tratada se vuelve gradualmente gris\u00e1cea y puede limpiarse con el limpiador de teca Borek. Para mantener el color marr\u00f3n dorado natural durante m\u00e1s tiempo, la teca envejecida puede recuperar su color natural trat\u00e1ndola con el sellador de teca Borek. Al utilizar el protector de teca Borek, la teca se vuelve repelente al agua y a la suciedad y protege la p\u00e1tina gris plateada de la teca desgastada.<\/p>\n","protected":false},"excerpt":{"rendered":"<p>Las colecciones Urbino y Luxx est\u00e1n construidas con una estructura de teca y un asiento Batyline Eden. Este material es una variante de lujo del conocido Batyline. Se ha utilizado un acabado m\u00e1s suave y acariciable, con las caracter\u00edsticas y la calidad de la conocida Batyline. Borek utiliza madera de teca madura, que se cosecha [&hellip;]<\/p>\n","protected":false},"featured_media":9867,"comment_status":"closed","ping_status":"closed","template":"","meta":{"wds_primary_pwb-brand":0,"wds_primary_product_cat":0},"brands":[{"id":455,"name":"Borek","slug":"borek"}],"yoast_head":"<!-- This site is optimized with the Yoast SEO plugin v16.3 - https:\/\/yoast.com\/wordpress\/plugins\/seo\/ -->\n<title>luxx-urbino - A Cielo Abierto<\/title>\n<meta name=\"robots\" content=\"index, follow, max-snippet:-1, max-image-preview:large, max-video-preview:-1\" \/>\n<link rel=\"canonical\" href=\"https:\/\/acieloabierto.net\/es\/producten\/luxx-urbino\/\" \/>\n<meta property=\"og:locale\" content=\"es_ES\" \/>\n<meta property=\"og:type\" content=\"article\" \/>\n<meta property=\"og:title\" content=\"luxx-urbino - A Cielo Abierto\" \/>\n<meta property=\"og:description\" content=\"Las colecciones Urbino y Luxx est\u00e1n construidas con una estructura de teca y un asiento Batyline Eden. Este material es una variante de lujo del conocido Batyline. Se ha utilizado un acabado m\u00e1s suave y acariciable, con las caracter\u00edsticas y la calidad de la conocida Batyline. Borek utiliza madera de teca madura, que se cosecha [&hellip;]\" \/>\n<meta property=\"og:url\" content=\"https:\/\/acieloabierto.net\/es\/producten\/luxx-urbino\/\" \/>\n<meta property=\"og:site_name\" content=\"A Cielo Abierto\" \/>\n<meta property=\"og:image\" content=\"https:\/\/acieloabierto.net\/wp-content\/uploads\/2021\/03\/urbino-borek-tafel.jpg\" \/>\n\t<meta property=\"og:image:width\" content=\"1682\" \/>\n\t<meta property=\"og:image:height\" content=\"1066\" \/>\n<meta name=\"twitter:card\" content=\"summary_large_image\" \/>\n<meta name=\"twitter:label1\" content=\"Tiempo de lectura\">\n\t<meta name=\"twitter:data1\" content=\"1 minuto\">\n<script type=\"application\/ld+json\" class=\"yoast-schema-graph\">{\"@context\":\"https:\/\/schema.org\",\"@graph\":[{\"@type\":\"Organization\",\"@id\":\"https:\/\/acieloabierto.net\/en\/#organization\",\"name\":\"A Cielo Abierto\",\"url\":\"https:\/\/acieloabierto.net\/en\/\",\"sameAs\":[],\"logo\":{\"@type\":\"ImageObject\",\"@id\":\"https:\/\/acieloabierto.net\/en\/#logo\",\"inLanguage\":\"es\",\"url\":\"https:\/\/acieloabierto.net\/wp-content\/uploads\/2021\/02\/logo.svg\",\"contentUrl\":\"https:\/\/acieloabierto.net\/wp-content\/uploads\/2021\/02\/logo.svg\",\"caption\":\"A Cielo Abierto\"},\"image\":{\"@id\":\"https:\/\/acieloabierto.net\/en\/#logo\"}},{\"@type\":\"WebSite\",\"@id\":\"https:\/\/acieloabierto.net\/en\/#website\",\"url\":\"https:\/\/acieloabierto.net\/en\/\",\"name\":\"A Cielo Abierto\",\"description\":\"Tuinmeubels Costa Blanca\",\"publisher\":{\"@id\":\"https:\/\/acieloabierto.net\/en\/#organization\"},\"potentialAction\":[{\"@type\":\"SearchAction\",\"target\":\"https:\/\/acieloabierto.net\/en\/?s={search_term_string}\",\"query-input\":\"required name=search_term_string\"}],\"inLanguage\":\"es\"},{\"@type\":\"ImageObject\",\"@id\":\"https:\/\/acieloabierto.net\/es\/producten\/luxx-urbino\/#primaryimage\",\"inLanguage\":\"es\",\"url\":\"https:\/\/acieloabierto.net\/wp-content\/uploads\/2021\/03\/urbino-borek-tafel.jpg\",\"contentUrl\":\"https:\/\/acieloabierto.net\/wp-content\/uploads\/2021\/03\/urbino-borek-tafel.jpg\",\"width\":1682,\"height\":1066},{\"@type\":\"WebPage\",\"@id\":\"https:\/\/acieloabierto.net\/es\/producten\/luxx-urbino\/#webpage\",\"url\":\"https:\/\/acieloabierto.net\/es\/producten\/luxx-urbino\/\",\"name\":\"luxx-urbino - A Cielo Abierto\",\"isPartOf\":{\"@id\":\"https:\/\/acieloabierto.net\/en\/#website\"},\"primaryImageOfPage\":{\"@id\":\"https:\/\/acieloabierto.net\/es\/producten\/luxx-urbino\/#primaryimage\"},\"datePublished\":\"2021-03-03T14:52:38+00:00\",\"dateModified\":\"2021-03-03T14:52:38+00:00\",\"breadcrumb\":{\"@id\":\"https:\/\/acieloabierto.net\/es\/producten\/luxx-urbino\/#breadcrumb\"},\"inLanguage\":\"es\",\"potentialAction\":[{\"@type\":\"ReadAction\",\"target\":[\"https:\/\/acieloabierto.net\/es\/producten\/luxx-urbino\/\"]}]},{\"@type\":\"BreadcrumbList\",\"@id\":\"https:\/\/acieloabierto.net\/es\/producten\/luxx-urbino\/#breadcrumb\",\"itemListElement\":[{\"@type\":\"ListItem\",\"position\":1,\"item\":{\"@type\":\"WebPage\",\"@id\":\"https:\/\/acieloabierto.net\/\",\"url\":\"https:\/\/acieloabierto.net\/\",\"name\":\"Home\"}},{\"@type\":\"ListItem\",\"position\":2,\"item\":{\"@type\":\"WebPage\",\"@id\":\"\",\"url\":\"\",\"name\":\"\"}},{\"@type\":\"ListItem\",\"position\":3,\"item\":{\"@id\":\"https:\/\/acieloabierto.net\/es\/producten\/luxx-urbino\/#webpage\"}}]}]}<\/script>\n<!-- \/ Yoast SEO plugin. -->","_links":{"self":[{"href":"https:\/\/acieloabierto.net\/es\/wp-json\/wp\/v2\/product\/10073"}],"collection":[{"href":"https:\/\/acieloabierto.net\/es\/wp-json\/wp\/v2\/product"}],"about":[{"href":"https:\/\/acieloabierto.net\/es\/wp-json\/wp\/v2\/types\/product"}],"replies":[{"embeddable":true,"href":"https:\/\/acieloabierto.net\/es\/wp-json\/wp\/v2\/comments?post=10073"}],"wp:featuredmedia":[{"embeddable":true,"href":"https:\/\/acieloabierto.net\/es\/wp-json\/wp\/v2\/media\/9867"}],"wp:attachment":[{"href":"https:\/\/acieloabierto.net\/es\/wp-json\/wp\/v2\/media?parent=10073"}],"curies":[{"name":"wp","href":"https:\/\/api.w.org\/{rel}","templated":true}]}}