{"id":10072,"date":"2021-03-03T15:50:29","date_gmt":"2021-03-03T14:50:29","guid":{"rendered":"https:\/\/acieloabierto.net\/producten\/lincoln\/"},"modified":"2021-03-03T15:50:29","modified_gmt":"2021-03-03T14:50:29","slug":"lincoln","status":"publish","type":"product","link":"https:\/\/acieloabierto.net\/es\/producten\/lincoln\/","title":{"rendered":"Lincoln"},"content":{"rendered":"<p>La colecci\u00f3n Lincoln de Borek fue dise\u00f1ada por Eric Kuster y tiene un c\u00e1lido aire natural. Un marco de aluminio con recubrimiento de polvo en combinaci\u00f3n con la cuerda Ardenza. Esta serie est\u00e1 disponible en 2 combinaciones: marco de aluminio antracita en combinaci\u00f3n con Rope en color gris oscuro o la combinaci\u00f3n arena\/arena. La cuerda est\u00e1 hecha de un hilo sint\u00e9tico termopl\u00e1stico. Tanto el n\u00facleo del hilo como el propio hilo est\u00e1n coloreados por completo. Este material es repelente al agua, resistente a los rayos UV y al moho. Los elementos del sal\u00f3n, como el rinc\u00f3n, el centro, la chaise longue y la isla, se entregan con cojines Sunbrella para todo tipo de clima, por lo que puede dejar los cojines fuera durante la temporada. Estos m\u00f3dulos son ideales para crear una disposici\u00f3n de sal\u00f3n a su gusto.<\/p>\n","protected":false},"excerpt":{"rendered":"<p>La colecci\u00f3n Lincoln de Borek fue dise\u00f1ada por Eric Kuster y tiene un c\u00e1lido aire natural. Un marco de aluminio con recubrimiento de polvo en combinaci\u00f3n con la cuerda Ardenza. Esta serie est\u00e1 disponible en 2 combinaciones: marco de aluminio antracita en combinaci\u00f3n con Rope en color gris oscuro o la combinaci\u00f3n arena\/arena. La cuerda [&hellip;]<\/p>\n","protected":false},"featured_media":9878,"comment_status":"closed","ping_status":"closed","template":"","meta":{"wds_primary_pwb-brand":0,"wds_primary_product_cat":0},"brands":[{"id":455,"name":"Borek","slug":"borek"}],"yoast_head":"<!-- This site is optimized with the Yoast SEO plugin v16.3 - https:\/\/yoast.com\/wordpress\/plugins\/seo\/ -->\n<title>Lincoln - A Cielo Abierto<\/title>\n<meta name=\"robots\" content=\"index, follow, max-snippet:-1, max-image-preview:large, max-video-preview:-1\" \/>\n<link rel=\"canonical\" href=\"https:\/\/acieloabierto.net\/es\/producten\/lincoln\/\" \/>\n<meta property=\"og:locale\" content=\"es_ES\" \/>\n<meta property=\"og:type\" content=\"article\" \/>\n<meta property=\"og:title\" content=\"Lincoln - A Cielo Abierto\" \/>\n<meta property=\"og:description\" content=\"La colecci\u00f3n Lincoln de Borek fue dise\u00f1ada por Eric Kuster y tiene un c\u00e1lido aire natural. Un marco de aluminio con recubrimiento de polvo en combinaci\u00f3n con la cuerda Ardenza. Esta serie est\u00e1 disponible en 2 combinaciones: marco de aluminio antracita en combinaci\u00f3n con Rope en color gris oscuro o la combinaci\u00f3n arena\/arena. La cuerda [&hellip;]\" \/>\n<meta property=\"og:url\" content=\"https:\/\/acieloabierto.net\/es\/producten\/lincoln\/\" \/>\n<meta property=\"og:site_name\" content=\"A Cielo Abierto\" \/>\n<meta property=\"og:image\" content=\"https:\/\/acieloabierto.net\/wp-content\/uploads\/2021\/03\/lincoln-borek-lounge-1.jpg\" \/>\n\t<meta property=\"og:image:width\" content=\"1920\" \/>\n\t<meta property=\"og:image:height\" content=\"1300\" \/>\n<meta name=\"twitter:card\" content=\"summary_large_image\" \/>\n<meta name=\"twitter:label1\" content=\"Tiempo de lectura\">\n\t<meta name=\"twitter:data1\" content=\"1 minuto\">\n<script type=\"application\/ld+json\" class=\"yoast-schema-graph\">{\"@context\":\"https:\/\/schema.org\",\"@graph\":[{\"@type\":\"Organization\",\"@id\":\"https:\/\/acieloabierto.net\/en\/#organization\",\"name\":\"A Cielo Abierto\",\"url\":\"https:\/\/acieloabierto.net\/en\/\",\"sameAs\":[],\"logo\":{\"@type\":\"ImageObject\",\"@id\":\"https:\/\/acieloabierto.net\/en\/#logo\",\"inLanguage\":\"es\",\"url\":\"https:\/\/acieloabierto.net\/wp-content\/uploads\/2021\/02\/logo.svg\",\"contentUrl\":\"https:\/\/acieloabierto.net\/wp-content\/uploads\/2021\/02\/logo.svg\",\"caption\":\"A Cielo Abierto\"},\"image\":{\"@id\":\"https:\/\/acieloabierto.net\/en\/#logo\"}},{\"@type\":\"WebSite\",\"@id\":\"https:\/\/acieloabierto.net\/en\/#website\",\"url\":\"https:\/\/acieloabierto.net\/en\/\",\"name\":\"A Cielo Abierto\",\"description\":\"Tuinmeubels Costa Blanca\",\"publisher\":{\"@id\":\"https:\/\/acieloabierto.net\/en\/#organization\"},\"potentialAction\":[{\"@type\":\"SearchAction\",\"target\":\"https:\/\/acieloabierto.net\/en\/?s={search_term_string}\",\"query-input\":\"required name=search_term_string\"}],\"inLanguage\":\"es\"},{\"@type\":\"ImageObject\",\"@id\":\"https:\/\/acieloabierto.net\/es\/producten\/lincoln\/#primaryimage\",\"inLanguage\":\"es\",\"url\":\"https:\/\/acieloabierto.net\/wp-content\/uploads\/2021\/03\/lincoln-borek-lounge-1.jpg\",\"contentUrl\":\"https:\/\/acieloabierto.net\/wp-content\/uploads\/2021\/03\/lincoln-borek-lounge-1.jpg\",\"width\":1920,\"height\":1300},{\"@type\":\"WebPage\",\"@id\":\"https:\/\/acieloabierto.net\/es\/producten\/lincoln\/#webpage\",\"url\":\"https:\/\/acieloabierto.net\/es\/producten\/lincoln\/\",\"name\":\"Lincoln - A Cielo Abierto\",\"isPartOf\":{\"@id\":\"https:\/\/acieloabierto.net\/en\/#website\"},\"primaryImageOfPage\":{\"@id\":\"https:\/\/acieloabierto.net\/es\/producten\/lincoln\/#primaryimage\"},\"datePublished\":\"2021-03-03T14:50:29+00:00\",\"dateModified\":\"2021-03-03T14:50:29+00:00\",\"breadcrumb\":{\"@id\":\"https:\/\/acieloabierto.net\/es\/producten\/lincoln\/#breadcrumb\"},\"inLanguage\":\"es\",\"potentialAction\":[{\"@type\":\"ReadAction\",\"target\":[\"https:\/\/acieloabierto.net\/es\/producten\/lincoln\/\"]}]},{\"@type\":\"BreadcrumbList\",\"@id\":\"https:\/\/acieloabierto.net\/es\/producten\/lincoln\/#breadcrumb\",\"itemListElement\":[{\"@type\":\"ListItem\",\"position\":1,\"item\":{\"@type\":\"WebPage\",\"@id\":\"https:\/\/acieloabierto.net\/\",\"url\":\"https:\/\/acieloabierto.net\/\",\"name\":\"Home\"}},{\"@type\":\"ListItem\",\"position\":2,\"item\":{\"@type\":\"WebPage\",\"@id\":\"\",\"url\":\"\",\"name\":\"\"}},{\"@type\":\"ListItem\",\"position\":3,\"item\":{\"@id\":\"https:\/\/acieloabierto.net\/es\/producten\/lincoln\/#webpage\"}}]}]}<\/script>\n<!-- \/ Yoast SEO plugin. -->","_links":{"self":[{"href":"https:\/\/acieloabierto.net\/es\/wp-json\/wp\/v2\/product\/10072"}],"collection":[{"href":"https:\/\/acieloabierto.net\/es\/wp-json\/wp\/v2\/product"}],"about":[{"href":"https:\/\/acieloabierto.net\/es\/wp-json\/wp\/v2\/types\/product"}],"replies":[{"embeddable":true,"href":"https:\/\/acieloabierto.net\/es\/wp-json\/wp\/v2\/comments?post=10072"}],"wp:featuredmedia":[{"embeddable":true,"href":"https:\/\/acieloabierto.net\/es\/wp-json\/wp\/v2\/media\/9878"}],"wp:attachment":[{"href":"https:\/\/acieloabierto.net\/es\/wp-json\/wp\/v2\/media?parent=10072"}],"curies":[{"name":"wp","href":"https:\/\/api.w.org\/{rel}","templated":true}]}}