{"id":10071,"date":"2021-03-03T15:46:56","date_gmt":"2021-03-03T14:46:56","guid":{"rendered":"https:\/\/acieloabierto.net\/producten\/hhybrid\/"},"modified":"2021-03-03T15:46:56","modified_gmt":"2021-03-03T14:46:56","slug":"hhybrid","status":"publish","type":"product","link":"https:\/\/acieloabierto.net\/es\/producten\/hhybrid\/","title":{"rendered":"Hybrid"},"content":{"rendered":"<p>Frans van Rens ha dise\u00f1ado varias colecciones para Borek. Una de ellas es esta hermosa l\u00ednea h\u00edbrida. La elegante madera de teca se combina con el aluminio. Los sillones bajos est\u00e1n tapizados con gruesos cojines para todo tipo de clima. Estas c\u00f3modas sillas de comedor bajas pueden deslizarse hasta la mesa de comedor baja, ya que las sillas est\u00e1n equipadas con ruedas. La madera de teca no tratada se vuelve gradualmente gris\u00e1cea y puede limpiarse con el limpiador de teca Borek. Para mantener el color marr\u00f3n dorado natural durante m\u00e1s tiempo, la teca envejecida puede recuperar su color natural trat\u00e1ndola con el sellador de teca Borek.<\/p>\n","protected":false},"excerpt":{"rendered":"<p>Frans van Rens ha dise\u00f1ado varias colecciones para Borek. Una de ellas es esta hermosa l\u00ednea h\u00edbrida. La elegante madera de teca se combina con el aluminio. Los sillones bajos est\u00e1n tapizados con gruesos cojines para todo tipo de clima. Estas c\u00f3modas sillas de comedor bajas pueden deslizarse hasta la mesa de comedor baja, ya [&hellip;]<\/p>\n","protected":false},"featured_media":9880,"comment_status":"closed","ping_status":"closed","template":"","meta":{"wds_primary_pwb-brand":0,"wds_primary_product_cat":0},"brands":[{"id":455,"name":"Borek","slug":"borek"}],"yoast_head":"<!-- This site is optimized with the Yoast SEO plugin v16.3 - https:\/\/yoast.com\/wordpress\/plugins\/seo\/ -->\n<title>Hybrid - A Cielo Abierto<\/title>\n<meta name=\"robots\" content=\"index, follow, max-snippet:-1, max-image-preview:large, max-video-preview:-1\" \/>\n<link rel=\"canonical\" href=\"https:\/\/acieloabierto.net\/es\/producten\/hhybrid\/\" \/>\n<meta property=\"og:locale\" content=\"es_ES\" \/>\n<meta property=\"og:type\" content=\"article\" \/>\n<meta property=\"og:title\" content=\"Hybrid - A Cielo Abierto\" \/>\n<meta property=\"og:description\" content=\"Frans van Rens ha dise\u00f1ado varias colecciones para Borek. Una de ellas es esta hermosa l\u00ednea h\u00edbrida. La elegante madera de teca se combina con el aluminio. Los sillones bajos est\u00e1n tapizados con gruesos cojines para todo tipo de clima. Estas c\u00f3modas sillas de comedor bajas pueden deslizarse hasta la mesa de comedor baja, ya [&hellip;]\" \/>\n<meta property=\"og:url\" content=\"https:\/\/acieloabierto.net\/es\/producten\/hhybrid\/\" \/>\n<meta property=\"og:site_name\" content=\"A Cielo Abierto\" \/>\n<meta property=\"og:image\" content=\"https:\/\/acieloabierto.net\/wp-content\/uploads\/2021\/03\/hybrid-borek-tafel.jpg\" \/>\n\t<meta property=\"og:image:width\" content=\"1920\" \/>\n\t<meta property=\"og:image:height\" content=\"1300\" \/>\n<meta name=\"twitter:card\" content=\"summary_large_image\" \/>\n<meta name=\"twitter:label1\" content=\"Tiempo de lectura\">\n\t<meta name=\"twitter:data1\" content=\"1 minuto\">\n<script type=\"application\/ld+json\" class=\"yoast-schema-graph\">{\"@context\":\"https:\/\/schema.org\",\"@graph\":[{\"@type\":\"Organization\",\"@id\":\"https:\/\/acieloabierto.net\/en\/#organization\",\"name\":\"A Cielo Abierto\",\"url\":\"https:\/\/acieloabierto.net\/en\/\",\"sameAs\":[],\"logo\":{\"@type\":\"ImageObject\",\"@id\":\"https:\/\/acieloabierto.net\/en\/#logo\",\"inLanguage\":\"es\",\"url\":\"https:\/\/acieloabierto.net\/wp-content\/uploads\/2021\/02\/logo.svg\",\"contentUrl\":\"https:\/\/acieloabierto.net\/wp-content\/uploads\/2021\/02\/logo.svg\",\"caption\":\"A Cielo Abierto\"},\"image\":{\"@id\":\"https:\/\/acieloabierto.net\/en\/#logo\"}},{\"@type\":\"WebSite\",\"@id\":\"https:\/\/acieloabierto.net\/en\/#website\",\"url\":\"https:\/\/acieloabierto.net\/en\/\",\"name\":\"A Cielo Abierto\",\"description\":\"Tuinmeubels Costa Blanca\",\"publisher\":{\"@id\":\"https:\/\/acieloabierto.net\/en\/#organization\"},\"potentialAction\":[{\"@type\":\"SearchAction\",\"target\":\"https:\/\/acieloabierto.net\/en\/?s={search_term_string}\",\"query-input\":\"required name=search_term_string\"}],\"inLanguage\":\"es\"},{\"@type\":\"ImageObject\",\"@id\":\"https:\/\/acieloabierto.net\/es\/producten\/hhybrid\/#primaryimage\",\"inLanguage\":\"es\",\"url\":\"https:\/\/acieloabierto.net\/wp-content\/uploads\/2021\/03\/hybrid-borek-tafel.jpg\",\"contentUrl\":\"https:\/\/acieloabierto.net\/wp-content\/uploads\/2021\/03\/hybrid-borek-tafel.jpg\",\"width\":1920,\"height\":1300},{\"@type\":\"WebPage\",\"@id\":\"https:\/\/acieloabierto.net\/es\/producten\/hhybrid\/#webpage\",\"url\":\"https:\/\/acieloabierto.net\/es\/producten\/hhybrid\/\",\"name\":\"Hybrid - A Cielo Abierto\",\"isPartOf\":{\"@id\":\"https:\/\/acieloabierto.net\/en\/#website\"},\"primaryImageOfPage\":{\"@id\":\"https:\/\/acieloabierto.net\/es\/producten\/hhybrid\/#primaryimage\"},\"datePublished\":\"2021-03-03T14:46:56+00:00\",\"dateModified\":\"2021-03-03T14:46:56+00:00\",\"breadcrumb\":{\"@id\":\"https:\/\/acieloabierto.net\/es\/producten\/hhybrid\/#breadcrumb\"},\"inLanguage\":\"es\",\"potentialAction\":[{\"@type\":\"ReadAction\",\"target\":[\"https:\/\/acieloabierto.net\/es\/producten\/hhybrid\/\"]}]},{\"@type\":\"BreadcrumbList\",\"@id\":\"https:\/\/acieloabierto.net\/es\/producten\/hhybrid\/#breadcrumb\",\"itemListElement\":[{\"@type\":\"ListItem\",\"position\":1,\"item\":{\"@type\":\"WebPage\",\"@id\":\"https:\/\/acieloabierto.net\/\",\"url\":\"https:\/\/acieloabierto.net\/\",\"name\":\"Home\"}},{\"@type\":\"ListItem\",\"position\":2,\"item\":{\"@type\":\"WebPage\",\"@id\":\"\",\"url\":\"\",\"name\":\"\"}},{\"@type\":\"ListItem\",\"position\":3,\"item\":{\"@id\":\"https:\/\/acieloabierto.net\/es\/producten\/hhybrid\/#webpage\"}}]}]}<\/script>\n<!-- \/ Yoast SEO plugin. -->","_links":{"self":[{"href":"https:\/\/acieloabierto.net\/es\/wp-json\/wp\/v2\/product\/10071"}],"collection":[{"href":"https:\/\/acieloabierto.net\/es\/wp-json\/wp\/v2\/product"}],"about":[{"href":"https:\/\/acieloabierto.net\/es\/wp-json\/wp\/v2\/types\/product"}],"replies":[{"embeddable":true,"href":"https:\/\/acieloabierto.net\/es\/wp-json\/wp\/v2\/comments?post=10071"}],"wp:featuredmedia":[{"embeddable":true,"href":"https:\/\/acieloabierto.net\/es\/wp-json\/wp\/v2\/media\/9880"}],"wp:attachment":[{"href":"https:\/\/acieloabierto.net\/es\/wp-json\/wp\/v2\/media?parent=10071"}],"curies":[{"name":"wp","href":"https:\/\/api.w.org\/{rel}","templated":true}]}}