{"id":10055,"date":"2021-02-22T10:51:30","date_gmt":"2021-02-22T09:51:30","guid":{"rendered":"https:\/\/acieloabierto.net\/producten\/link\/"},"modified":"2021-02-22T10:51:30","modified_gmt":"2021-02-22T09:51:30","slug":"link","status":"publish","type":"product","link":"https:\/\/acieloabierto.net\/es\/producten\/link\/","title":{"rendered":"Link"},"content":{"rendered":"<p>M\u00e1xima flexibilidad. Al ser nuestra colecci\u00f3n m\u00e1s modular, Link ofrece infinitas posibilidades. Con respaldos extra\u00edbles y una estructura ligera, tanto los asientos como las mesas pueden intercambiarse para adaptarse a su propio dise\u00f1o. Los suaves cojines redondos, el tejido laminado de lino trenzado y las elegantes patas de teca muestran la notable atenci\u00f3n al detalle de la colecci\u00f3n.<\/p>\n","protected":false},"excerpt":{"rendered":"<p>M\u00e1xima flexibilidad. Al ser nuestra colecci\u00f3n m\u00e1s modular, Link ofrece infinitas posibilidades. Con respaldos extra\u00edbles y una estructura ligera, tanto los asientos como las mesas pueden intercambiarse para adaptarse a su propio dise\u00f1o. Los suaves cojines redondos, el tejido laminado de lino trenzado y las elegantes patas de teca muestran la notable atenci\u00f3n al detalle [&hellip;]<\/p>\n","protected":false},"featured_media":7833,"comment_status":"closed","ping_status":"closed","template":"","meta":{"wds_primary_pwb-brand":0,"wds_primary_product_cat":0},"brands":[{"id":457,"name":"Diphano","slug":"diphano"}],"yoast_head":"<!-- This site is optimized with the Yoast SEO plugin v16.3 - https:\/\/yoast.com\/wordpress\/plugins\/seo\/ -->\n<title>Link - A Cielo Abierto<\/title>\n<meta name=\"robots\" content=\"index, follow, max-snippet:-1, max-image-preview:large, max-video-preview:-1\" \/>\n<link rel=\"canonical\" href=\"https:\/\/acieloabierto.net\/es\/producten\/link\/\" \/>\n<meta property=\"og:locale\" content=\"es_ES\" \/>\n<meta property=\"og:type\" content=\"article\" \/>\n<meta property=\"og:title\" content=\"Link - A Cielo Abierto\" \/>\n<meta property=\"og:description\" content=\"M\u00e1xima flexibilidad. Al ser nuestra colecci\u00f3n m\u00e1s modular, Link ofrece infinitas posibilidades. Con respaldos extra\u00edbles y una estructura ligera, tanto los asientos como las mesas pueden intercambiarse para adaptarse a su propio dise\u00f1o. Los suaves cojines redondos, el tejido laminado de lino trenzado y las elegantes patas de teca muestran la notable atenci\u00f3n al detalle [&hellip;]\" \/>\n<meta property=\"og:url\" content=\"https:\/\/acieloabierto.net\/es\/producten\/link\/\" \/>\n<meta property=\"og:site_name\" content=\"A Cielo Abierto\" \/>\n<meta name=\"twitter:card\" content=\"summary_large_image\" \/>\n<script type=\"application\/ld+json\" class=\"yoast-schema-graph\">{\"@context\":\"https:\/\/schema.org\",\"@graph\":[{\"@type\":\"Organization\",\"@id\":\"https:\/\/acieloabierto.net\/en\/#organization\",\"name\":\"A Cielo Abierto\",\"url\":\"https:\/\/acieloabierto.net\/en\/\",\"sameAs\":[],\"logo\":{\"@type\":\"ImageObject\",\"@id\":\"https:\/\/acieloabierto.net\/en\/#logo\",\"inLanguage\":\"es\",\"url\":\"https:\/\/acieloabierto.net\/wp-content\/uploads\/2021\/02\/logo.svg\",\"contentUrl\":\"https:\/\/acieloabierto.net\/wp-content\/uploads\/2021\/02\/logo.svg\",\"caption\":\"A Cielo Abierto\"},\"image\":{\"@id\":\"https:\/\/acieloabierto.net\/en\/#logo\"}},{\"@type\":\"WebSite\",\"@id\":\"https:\/\/acieloabierto.net\/en\/#website\",\"url\":\"https:\/\/acieloabierto.net\/en\/\",\"name\":\"A Cielo Abierto\",\"description\":\"Tuinmeubels Costa Blanca\",\"publisher\":{\"@id\":\"https:\/\/acieloabierto.net\/en\/#organization\"},\"potentialAction\":[{\"@type\":\"SearchAction\",\"target\":\"https:\/\/acieloabierto.net\/en\/?s={search_term_string}\",\"query-input\":\"required name=search_term_string\"}],\"inLanguage\":\"es\"},{\"@type\":\"ImageObject\",\"@id\":\"https:\/\/acieloabierto.net\/es\/producten\/link\/#primaryimage\",\"inLanguage\":\"es\",\"url\":\"https:\/\/acieloabierto.net\/wp-content\/uploads\/2021\/02\/link-diphano-lounge.jpg\",\"contentUrl\":\"https:\/\/acieloabierto.net\/wp-content\/uploads\/2021\/02\/link-diphano-lounge.jpg\",\"width\":1920,\"height\":1300},{\"@type\":\"WebPage\",\"@id\":\"https:\/\/acieloabierto.net\/es\/producten\/link\/#webpage\",\"url\":\"https:\/\/acieloabierto.net\/es\/producten\/link\/\",\"name\":\"Link - A Cielo Abierto\",\"isPartOf\":{\"@id\":\"https:\/\/acieloabierto.net\/en\/#website\"},\"primaryImageOfPage\":{\"@id\":\"https:\/\/acieloabierto.net\/es\/producten\/link\/#primaryimage\"},\"datePublished\":\"2021-02-22T09:51:30+00:00\",\"dateModified\":\"2021-02-22T09:51:30+00:00\",\"breadcrumb\":{\"@id\":\"https:\/\/acieloabierto.net\/es\/producten\/link\/#breadcrumb\"},\"inLanguage\":\"es\",\"potentialAction\":[{\"@type\":\"ReadAction\",\"target\":[\"https:\/\/acieloabierto.net\/es\/producten\/link\/\"]}]},{\"@type\":\"BreadcrumbList\",\"@id\":\"https:\/\/acieloabierto.net\/es\/producten\/link\/#breadcrumb\",\"itemListElement\":[{\"@type\":\"ListItem\",\"position\":1,\"item\":{\"@type\":\"WebPage\",\"@id\":\"https:\/\/acieloabierto.net\/\",\"url\":\"https:\/\/acieloabierto.net\/\",\"name\":\"Home\"}},{\"@type\":\"ListItem\",\"position\":2,\"item\":{\"@type\":\"WebPage\",\"@id\":\"\",\"url\":\"\",\"name\":\"\"}},{\"@type\":\"ListItem\",\"position\":3,\"item\":{\"@id\":\"https:\/\/acieloabierto.net\/es\/producten\/link\/#webpage\"}}]}]}<\/script>\n<!-- \/ Yoast SEO plugin. -->","_links":{"self":[{"href":"https:\/\/acieloabierto.net\/es\/wp-json\/wp\/v2\/product\/10055"}],"collection":[{"href":"https:\/\/acieloabierto.net\/es\/wp-json\/wp\/v2\/product"}],"about":[{"href":"https:\/\/acieloabierto.net\/es\/wp-json\/wp\/v2\/types\/product"}],"replies":[{"embeddable":true,"href":"https:\/\/acieloabierto.net\/es\/wp-json\/wp\/v2\/comments?post=10055"}],"wp:featuredmedia":[{"embeddable":true,"href":"https:\/\/acieloabierto.net\/es\/wp-json\/wp\/v2\/media\/7833"}],"wp:attachment":[{"href":"https:\/\/acieloabierto.net\/es\/wp-json\/wp\/v2\/media?parent=10055"}],"curies":[{"name":"wp","href":"https:\/\/api.w.org\/{rel}","templated":true}]}}