{"id":10039,"date":"2021-02-22T10:51:30","date_gmt":"2021-02-22T09:51:30","guid":{"rendered":"https:\/\/acieloabierto.net\/producten\/metris\/"},"modified":"2021-02-22T10:51:30","modified_gmt":"2021-02-22T09:51:30","slug":"metris","status":"publish","type":"product","link":"https:\/\/acieloabierto.net\/es\/producten\/metris\/","title":{"rendered":"Metris"},"content":{"rendered":"<p>Metris est\u00e1 disponible en color lava y blanco, esta amplia colecci\u00f3n incluye desde c\u00f3modas sillas y mesas de buen gusto hasta un elemento de bar de moda. Metris tiene un moderno dise\u00f1o lineal en aluminio con recubrimiento de polvo. Un dise\u00f1o sencillo pero elegante para disfrutar en buena compa\u00f1\u00eda. Combine las exclusivas mesas de fiesta con las largas mesas de comedor para mantener conversaciones interminables y momentos inolvidables. La colecci\u00f3n Metris es f\u00e1cilmente apilable y muy duradera, y se adapta a cualquier estilo y presupuesto.<\/p>\n","protected":false},"excerpt":{"rendered":"<p>Metris est\u00e1 disponible en color lava y blanco, esta amplia colecci\u00f3n incluye desde c\u00f3modas sillas y mesas de buen gusto hasta un elemento de bar de moda. Metris tiene un moderno dise\u00f1o lineal en aluminio con recubrimiento de polvo. Un dise\u00f1o sencillo pero elegante para disfrutar en buena compa\u00f1\u00eda. Combine las exclusivas mesas de fiesta [&hellip;]<\/p>\n","protected":false},"featured_media":7838,"comment_status":"closed","ping_status":"closed","template":"","meta":{"wds_primary_pwb-brand":0,"wds_primary_product_cat":0},"brands":[{"id":457,"name":"Diphano","slug":"diphano"}],"yoast_head":"<!-- This site is optimized with the Yoast SEO plugin v16.3 - https:\/\/yoast.com\/wordpress\/plugins\/seo\/ -->\n<title>Metris - A Cielo Abierto<\/title>\n<meta name=\"robots\" content=\"index, follow, max-snippet:-1, max-image-preview:large, max-video-preview:-1\" \/>\n<link rel=\"canonical\" href=\"https:\/\/acieloabierto.net\/es\/producten\/metris\/\" \/>\n<meta property=\"og:locale\" content=\"es_ES\" \/>\n<meta property=\"og:type\" content=\"article\" \/>\n<meta property=\"og:title\" content=\"Metris - A Cielo Abierto\" \/>\n<meta property=\"og:description\" content=\"Metris est\u00e1 disponible en color lava y blanco, esta amplia colecci\u00f3n incluye desde c\u00f3modas sillas y mesas de buen gusto hasta un elemento de bar de moda. Metris tiene un moderno dise\u00f1o lineal en aluminio con recubrimiento de polvo. Un dise\u00f1o sencillo pero elegante para disfrutar en buena compa\u00f1\u00eda. Combine las exclusivas mesas de fiesta [&hellip;]\" \/>\n<meta property=\"og:url\" content=\"https:\/\/acieloabierto.net\/es\/producten\/metris\/\" \/>\n<meta property=\"og:site_name\" content=\"A Cielo Abierto\" \/>\n<meta name=\"twitter:card\" content=\"summary_large_image\" \/>\n<script type=\"application\/ld+json\" class=\"yoast-schema-graph\">{\"@context\":\"https:\/\/schema.org\",\"@graph\":[{\"@type\":\"Organization\",\"@id\":\"https:\/\/acieloabierto.net\/en\/#organization\",\"name\":\"A Cielo Abierto\",\"url\":\"https:\/\/acieloabierto.net\/en\/\",\"sameAs\":[],\"logo\":{\"@type\":\"ImageObject\",\"@id\":\"https:\/\/acieloabierto.net\/en\/#logo\",\"inLanguage\":\"es\",\"url\":\"https:\/\/acieloabierto.net\/wp-content\/uploads\/2021\/02\/logo.svg\",\"contentUrl\":\"https:\/\/acieloabierto.net\/wp-content\/uploads\/2021\/02\/logo.svg\",\"caption\":\"A Cielo Abierto\"},\"image\":{\"@id\":\"https:\/\/acieloabierto.net\/en\/#logo\"}},{\"@type\":\"WebSite\",\"@id\":\"https:\/\/acieloabierto.net\/en\/#website\",\"url\":\"https:\/\/acieloabierto.net\/en\/\",\"name\":\"A Cielo Abierto\",\"description\":\"Tuinmeubels Costa Blanca\",\"publisher\":{\"@id\":\"https:\/\/acieloabierto.net\/en\/#organization\"},\"potentialAction\":[{\"@type\":\"SearchAction\",\"target\":\"https:\/\/acieloabierto.net\/en\/?s={search_term_string}\",\"query-input\":\"required name=search_term_string\"}],\"inLanguage\":\"es\"},{\"@type\":\"ImageObject\",\"@id\":\"https:\/\/acieloabierto.net\/es\/producten\/metris\/#primaryimage\",\"inLanguage\":\"es\",\"url\":\"https:\/\/acieloabierto.net\/wp-content\/uploads\/2021\/02\/metris-diphano-tafel-stoelen.jpg\",\"contentUrl\":\"https:\/\/acieloabierto.net\/wp-content\/uploads\/2021\/02\/metris-diphano-tafel-stoelen.jpg\",\"width\":1920,\"height\":1300},{\"@type\":\"WebPage\",\"@id\":\"https:\/\/acieloabierto.net\/es\/producten\/metris\/#webpage\",\"url\":\"https:\/\/acieloabierto.net\/es\/producten\/metris\/\",\"name\":\"Metris - A Cielo Abierto\",\"isPartOf\":{\"@id\":\"https:\/\/acieloabierto.net\/en\/#website\"},\"primaryImageOfPage\":{\"@id\":\"https:\/\/acieloabierto.net\/es\/producten\/metris\/#primaryimage\"},\"datePublished\":\"2021-02-22T09:51:30+00:00\",\"dateModified\":\"2021-02-22T09:51:30+00:00\",\"breadcrumb\":{\"@id\":\"https:\/\/acieloabierto.net\/es\/producten\/metris\/#breadcrumb\"},\"inLanguage\":\"es\",\"potentialAction\":[{\"@type\":\"ReadAction\",\"target\":[\"https:\/\/acieloabierto.net\/es\/producten\/metris\/\"]}]},{\"@type\":\"BreadcrumbList\",\"@id\":\"https:\/\/acieloabierto.net\/es\/producten\/metris\/#breadcrumb\",\"itemListElement\":[{\"@type\":\"ListItem\",\"position\":1,\"item\":{\"@type\":\"WebPage\",\"@id\":\"https:\/\/acieloabierto.net\/\",\"url\":\"https:\/\/acieloabierto.net\/\",\"name\":\"Home\"}},{\"@type\":\"ListItem\",\"position\":2,\"item\":{\"@type\":\"WebPage\",\"@id\":\"\",\"url\":\"\",\"name\":\"\"}},{\"@type\":\"ListItem\",\"position\":3,\"item\":{\"@id\":\"https:\/\/acieloabierto.net\/es\/producten\/metris\/#webpage\"}}]}]}<\/script>\n<!-- \/ Yoast SEO plugin. -->","_links":{"self":[{"href":"https:\/\/acieloabierto.net\/es\/wp-json\/wp\/v2\/product\/10039"}],"collection":[{"href":"https:\/\/acieloabierto.net\/es\/wp-json\/wp\/v2\/product"}],"about":[{"href":"https:\/\/acieloabierto.net\/es\/wp-json\/wp\/v2\/types\/product"}],"replies":[{"embeddable":true,"href":"https:\/\/acieloabierto.net\/es\/wp-json\/wp\/v2\/comments?post=10039"}],"wp:featuredmedia":[{"embeddable":true,"href":"https:\/\/acieloabierto.net\/es\/wp-json\/wp\/v2\/media\/7838"}],"wp:attachment":[{"href":"https:\/\/acieloabierto.net\/es\/wp-json\/wp\/v2\/media?parent=10039"}],"curies":[{"name":"wp","href":"https:\/\/api.w.org\/{rel}","templated":true}]}}