{"id":9623,"date":"2021-03-04T14:03:23","date_gmt":"2021-03-04T13:03:23","guid":{"rendered":"https:\/\/acieloabierto.net\/producten\/vis-a-vis\/"},"modified":"2024-09-13T12:27:24","modified_gmt":"2024-09-13T10:27:24","slug":"vis-a-vis","status":"publish","type":"product","link":"https:\/\/acieloabierto.net\/en\/products\/vis-a-vis\/","title":{"rendered":"Vis \u00e0 Vis"},"content":{"rendered":"<p>The <strong>Vis \u00e0 Vis collection from Trib\u00f9<\/strong> redefines outdoor <strong>wooden furniture<\/strong> with its use of <strong>premium plantation teak<\/strong>. The collection&#8217;s sleek teak platforms form the base of the modular Vis \u00e0 Vis sofa, supporting <strong>weather-resistant cushions<\/strong> without any visible back or arm structures. This <strong>minimalist design<\/strong> enhances the feeling of openness and flexibility in your outdoor space.<\/p>\n<p>Among the highlights of the collection is a <strong>sunbed<\/strong> featuring an integrated side table, which can be connected to a parallel sunbed for a more cohesive look. The dining tables, available in various lengths and widths, offer endless extension possibilities, making them perfect for large gatherings. The <strong>armchairs, low chairs, and rocking chairs<\/strong> are wrapped in a breathable Canax\u00ae weave, a material blend of PVC and natural hemp that provides durability and a light, airy aesthetic.<\/p>\n<p>Explore the Vis \u00e0 Vis collection and elevate your outdoor space with timeless elegance and versatility.<\/p>\n","protected":false},"excerpt":{"rendered":"<p>The Vis \u00e0 Vis collection from Trib\u00f9 redefines outdoor wooden furniture with its use of premium plantation teak. The collection&#8217;s sleek teak platforms form the base of the modular Vis \u00e0 Vis sofa, supporting weather-resistant cushions without any visible back or arm structures. This minimalist design enhances the feeling of openness and flexibility in your [&hellip;]<\/p>\n","protected":false},"featured_media":8305,"comment_status":"open","ping_status":"closed","template":"","meta":{"wds_primary_pwb-brand":0,"wds_primary_product_cat":0},"brands":[{"id":278,"name":"Trib\u00f9","slug":"tribu-outdoor-furniture"}],"yoast_head":"<!-- This site is optimized with the Yoast SEO plugin v16.3 - https:\/\/yoast.com\/wordpress\/plugins\/seo\/ -->\n<title>Vis \u00e0 Vis - Acielo Abierto<\/title>\n<meta name=\"description\" content=\"Discover the Vis \u00e0 Vis collection by Trib\u00f9\u2014luxurious teak outdoor furniture with modular designs and Canax\u00ae weave. Visit us for details!\" \/>\n<meta name=\"robots\" content=\"index, follow, max-snippet:-1, max-image-preview:large, max-video-preview:-1\" \/>\n<link rel=\"canonical\" href=\"https:\/\/acieloabierto.net\/en\/products\/vis-a-vis\/\" \/>\n<meta property=\"og:locale\" content=\"en_US\" \/>\n<meta property=\"og:type\" content=\"article\" \/>\n<meta property=\"og:title\" content=\"Vis \u00e0 Vis - Acielo Abierto\" \/>\n<meta property=\"og:description\" content=\"Discover the Vis \u00e0 Vis collection by Trib\u00f9\u2014luxurious teak outdoor furniture with modular designs and Canax\u00ae weave. Visit us for details!\" \/>\n<meta property=\"og:url\" content=\"https:\/\/acieloabierto.net\/en\/products\/vis-a-vis\/\" \/>\n<meta property=\"og:site_name\" content=\"Acielo Abierto\" \/>\n<meta property=\"article:modified_time\" content=\"2024-09-13T10:27:24+00:00\" \/>\n<meta property=\"og:image\" content=\"https:\/\/acieloabierto.net\/wp-content\/uploads\/2021\/03\/visavis-tribu-stoel1.jpg\" \/>\n\t<meta property=\"og:image:width\" content=\"1920\" \/>\n\t<meta property=\"og:image:height\" content=\"1284\" \/>\n<meta name=\"twitter:card\" content=\"summary_large_image\" \/>\n<meta name=\"twitter:label1\" content=\"Est. reading time\">\n\t<meta name=\"twitter:data1\" content=\"1 minute\">\n<script type=\"application\/ld+json\" class=\"yoast-schema-graph\">{\"@context\":\"https:\/\/schema.org\",\"@graph\":[{\"@type\":\"Organization\",\"@id\":\"https:\/\/acieloabierto.net\/en\/#organization\",\"name\":\"A Cielo Abierto\",\"url\":\"https:\/\/acieloabierto.net\/en\/\",\"sameAs\":[],\"logo\":{\"@type\":\"ImageObject\",\"@id\":\"https:\/\/acieloabierto.net\/en\/#logo\",\"inLanguage\":\"en-US\",\"url\":\"https:\/\/acieloabierto.net\/wp-content\/uploads\/2021\/02\/logo.svg\",\"contentUrl\":\"https:\/\/acieloabierto.net\/wp-content\/uploads\/2021\/02\/logo.svg\",\"caption\":\"A Cielo Abierto\"},\"image\":{\"@id\":\"https:\/\/acieloabierto.net\/en\/#logo\"}},{\"@type\":\"WebSite\",\"@id\":\"https:\/\/acieloabierto.net\/en\/#website\",\"url\":\"https:\/\/acieloabierto.net\/en\/\",\"name\":\"Acielo Abierto\",\"description\":\"Tuinmeubels Costa Blanca &amp; Marbella\",\"publisher\":{\"@id\":\"https:\/\/acieloabierto.net\/en\/#organization\"},\"potentialAction\":[{\"@type\":\"SearchAction\",\"target\":\"https:\/\/acieloabierto.net\/en\/?s={search_term_string}\",\"query-input\":\"required name=search_term_string\"}],\"inLanguage\":\"en-US\"},{\"@type\":\"ImageObject\",\"@id\":\"https:\/\/acieloabierto.net\/en\/products\/vis-a-vis\/#primaryimage\",\"inLanguage\":\"en-US\",\"url\":\"https:\/\/acieloabierto.net\/wp-content\/uploads\/2021\/03\/visavis-tribu-stoel1.jpg\",\"contentUrl\":\"https:\/\/acieloabierto.net\/wp-content\/uploads\/2021\/03\/visavis-tribu-stoel1.jpg\",\"width\":1920,\"height\":1284},{\"@type\":\"WebPage\",\"@id\":\"https:\/\/acieloabierto.net\/en\/products\/vis-a-vis\/#webpage\",\"url\":\"https:\/\/acieloabierto.net\/en\/products\/vis-a-vis\/\",\"name\":\"Vis \\u00e0 Vis - Acielo Abierto\",\"isPartOf\":{\"@id\":\"https:\/\/acieloabierto.net\/en\/#website\"},\"primaryImageOfPage\":{\"@id\":\"https:\/\/acieloabierto.net\/en\/products\/vis-a-vis\/#primaryimage\"},\"datePublished\":\"2021-03-04T13:03:23+00:00\",\"dateModified\":\"2024-09-13T10:27:24+00:00\",\"description\":\"Discover the Vis \\u00e0 Vis collection by Trib\\u00f9\\u2014luxurious teak outdoor furniture with modular designs and Canax\\u00ae weave. Visit us for details!\",\"breadcrumb\":{\"@id\":\"https:\/\/acieloabierto.net\/en\/products\/vis-a-vis\/#breadcrumb\"},\"inLanguage\":\"en-US\",\"potentialAction\":[{\"@type\":\"ReadAction\",\"target\":[\"https:\/\/acieloabierto.net\/en\/products\/vis-a-vis\/\"]}]},{\"@type\":\"BreadcrumbList\",\"@id\":\"https:\/\/acieloabierto.net\/en\/products\/vis-a-vis\/#breadcrumb\",\"itemListElement\":[{\"@type\":\"ListItem\",\"position\":1,\"item\":{\"@type\":\"WebPage\",\"@id\":\"https:\/\/acieloabierto.net\/\",\"url\":\"https:\/\/acieloabierto.net\/\",\"name\":\"Home\"}},{\"@type\":\"ListItem\",\"position\":2,\"item\":{\"@type\":\"WebPage\",\"@id\":\"\",\"url\":\"\",\"name\":\"\"}},{\"@type\":\"ListItem\",\"position\":3,\"item\":{\"@id\":\"https:\/\/acieloabierto.net\/en\/products\/vis-a-vis\/#webpage\"}}]}]}<\/script>\n<!-- \/ Yoast SEO plugin. -->","_links":{"self":[{"href":"https:\/\/acieloabierto.net\/en\/wp-json\/wp\/v2\/product\/9623"}],"collection":[{"href":"https:\/\/acieloabierto.net\/en\/wp-json\/wp\/v2\/product"}],"about":[{"href":"https:\/\/acieloabierto.net\/en\/wp-json\/wp\/v2\/types\/product"}],"replies":[{"embeddable":true,"href":"https:\/\/acieloabierto.net\/en\/wp-json\/wp\/v2\/comments?post=9623"}],"wp:featuredmedia":[{"embeddable":true,"href":"https:\/\/acieloabierto.net\/en\/wp-json\/wp\/v2\/media\/8305"}],"wp:attachment":[{"href":"https:\/\/acieloabierto.net\/en\/wp-json\/wp\/v2\/media?parent=9623"}],"curies":[{"name":"wp","href":"https:\/\/api.w.org\/{rel}","templated":true}]}}