{"id":13811,"date":"2021-05-04T14:29:59","date_gmt":"2021-05-04T12:29:59","guid":{"rendered":"https:\/\/acieloabierto.net\/producten\/organix\/"},"modified":"2021-05-04T14:29:59","modified_gmt":"2021-05-04T12:29:59","slug":"organix","status":"publish","type":"product","link":"https:\/\/acieloabierto.net\/de\/produkte\/organix\/","title":{"rendered":"Organix"},"content":{"rendered":"<p><span style=\"font-weight: 400;\">Die meisten organischen Formen sind entweder geschwungen oder rund, und um die nat\u00fcrliche Abneigung gegen gerade<\/span><\/p>\n<p><span style=\"font-weight: 400;\">haben wir unsere v\u00f6llig neue Organix-Lounge-Kollektion entworfen.<\/span><\/p>\n<p><span style=\"font-weight: 400;\">Inspiriert von der Natur selbst, ist die Organix-Kollektion atemberaubend, egal ob sie sich in eine nat\u00fcrliche Umgebung einf\u00fcgt<\/span><\/p>\n<p><span style=\"font-weight: 400;\">nat\u00fcrlichen Umgebung oder im Kontrast zu minimalistischer Architektur.<\/span><\/p>\n<p><span style=\"font-weight: 400;\">Die R\u00fcckenkissen sind in drei verschiedenen Kurven erh\u00e4ltlich, die zu den nierenf\u00f6rmigen Elementen passen, und lassen sich<\/span><\/p>\n<p><span style=\"font-weight: 400;\">den Aluminiumsockeln befestigt werden, so dass die<\/span><\/p>\n<p><span style=\"font-weight: 400;\">Die Gestaltungsm\u00f6glichkeiten sind endlos, ebenso wie die Farbkombinationen von Stoff und Keramik.<\/span><\/p>\n<p><span style=\"font-weight: 400;\">So k\u00f6nnen Sie Ihr Organix-Lounge-Set ganz nach Ihren pers\u00f6nlichen Vorlieben gestalten.<\/span><\/p>\n","protected":false},"excerpt":{"rendered":"<p>Die meisten organischen Formen sind entweder geschwungen oder rund, und um die nat\u00fcrliche Abneigung gegen gerade haben wir unsere v\u00f6llig neue Organix-Lounge-Kollektion entworfen. Inspiriert von der Natur selbst, ist die Organix-Kollektion atemberaubend, egal ob sie sich in eine nat\u00fcrliche Umgebung einf\u00fcgt nat\u00fcrlichen Umgebung oder im Kontrast zu minimalistischer Architektur. Die R\u00fcckenkissen sind in drei verschiedenen [&hellip;]<\/p>\n","protected":false},"featured_media":13815,"comment_status":"closed","ping_status":"closed","template":"","meta":{"wds_primary_pwb-brand":0,"wds_primary_product_cat":0},"brands":[{"id":672,"name":"Royal Botania","slug":"royal-botania-de"}],"yoast_head":"<!-- This site is optimized with the Yoast SEO plugin v16.3 - https:\/\/yoast.com\/wordpress\/plugins\/seo\/ -->\n<title>Organix - Acielo Abierto<\/title>\n<meta name=\"robots\" content=\"index, follow, max-snippet:-1, max-image-preview:large, max-video-preview:-1\" \/>\n<link rel=\"canonical\" href=\"https:\/\/acieloabierto.net\/de\/produkte\/organix\/\" \/>\n<meta property=\"og:locale\" content=\"de_DE\" \/>\n<meta property=\"og:type\" content=\"article\" \/>\n<meta property=\"og:title\" content=\"Organix - Acielo Abierto\" \/>\n<meta property=\"og:description\" content=\"Die meisten organischen Formen sind entweder geschwungen oder rund, und um die nat\u00fcrliche Abneigung gegen gerade haben wir unsere v\u00f6llig neue Organix-Lounge-Kollektion entworfen. Inspiriert von der Natur selbst, ist die Organix-Kollektion atemberaubend, egal ob sie sich in eine nat\u00fcrliche Umgebung einf\u00fcgt nat\u00fcrlichen Umgebung oder im Kontrast zu minimalistischer Architektur. Die R\u00fcckenkissen sind in drei verschiedenen [&hellip;]\" \/>\n<meta property=\"og:url\" content=\"https:\/\/acieloabierto.net\/de\/produkte\/organix\/\" \/>\n<meta property=\"og:site_name\" content=\"Acielo Abierto\" \/>\n<meta property=\"og:image\" content=\"https:\/\/acieloabierto.net\/wp-content\/uploads\/2021\/05\/Organix-RoyalBotania-Lounge2.jpg\" \/>\n\t<meta property=\"og:image:width\" content=\"1920\" \/>\n\t<meta property=\"og:image:height\" content=\"1300\" \/>\n<meta name=\"twitter:card\" content=\"summary_large_image\" \/>\n<meta name=\"twitter:label1\" content=\"Gesch\u00e4tzte Lesezeit\">\n\t<meta name=\"twitter:data1\" content=\"1\u00a0Minute\">\n<script type=\"application\/ld+json\" class=\"yoast-schema-graph\">{\"@context\":\"https:\/\/schema.org\",\"@graph\":[{\"@type\":\"Organization\",\"@id\":\"https:\/\/acieloabierto.net\/en\/#organization\",\"name\":\"A Cielo Abierto\",\"url\":\"https:\/\/acieloabierto.net\/en\/\",\"sameAs\":[],\"logo\":{\"@type\":\"ImageObject\",\"@id\":\"https:\/\/acieloabierto.net\/en\/#logo\",\"inLanguage\":\"de\",\"url\":\"https:\/\/acieloabierto.net\/wp-content\/uploads\/2021\/02\/logo.svg\",\"contentUrl\":\"https:\/\/acieloabierto.net\/wp-content\/uploads\/2021\/02\/logo.svg\",\"caption\":\"A Cielo Abierto\"},\"image\":{\"@id\":\"https:\/\/acieloabierto.net\/en\/#logo\"}},{\"@type\":\"WebSite\",\"@id\":\"https:\/\/acieloabierto.net\/en\/#website\",\"url\":\"https:\/\/acieloabierto.net\/en\/\",\"name\":\"Acielo Abierto\",\"description\":\"Tuinmeubels Costa Blanca\",\"publisher\":{\"@id\":\"https:\/\/acieloabierto.net\/en\/#organization\"},\"potentialAction\":[{\"@type\":\"SearchAction\",\"target\":\"https:\/\/acieloabierto.net\/en\/?s={search_term_string}\",\"query-input\":\"required name=search_term_string\"}],\"inLanguage\":\"de\"},{\"@type\":\"ImageObject\",\"@id\":\"https:\/\/acieloabierto.net\/de\/produkte\/organix\/#primaryimage\",\"inLanguage\":\"de\",\"url\":\"https:\/\/acieloabierto.net\/wp-content\/uploads\/2021\/05\/Organix-RoyalBotania-Lounge2.jpg\",\"contentUrl\":\"https:\/\/acieloabierto.net\/wp-content\/uploads\/2021\/05\/Organix-RoyalBotania-Lounge2.jpg\",\"width\":1920,\"height\":1300},{\"@type\":\"WebPage\",\"@id\":\"https:\/\/acieloabierto.net\/de\/produkte\/organix\/#webpage\",\"url\":\"https:\/\/acieloabierto.net\/de\/produkte\/organix\/\",\"name\":\"Organix - Acielo Abierto\",\"isPartOf\":{\"@id\":\"https:\/\/acieloabierto.net\/en\/#website\"},\"primaryImageOfPage\":{\"@id\":\"https:\/\/acieloabierto.net\/de\/produkte\/organix\/#primaryimage\"},\"datePublished\":\"2021-05-04T12:29:59+00:00\",\"dateModified\":\"2021-05-04T12:29:59+00:00\",\"breadcrumb\":{\"@id\":\"https:\/\/acieloabierto.net\/de\/produkte\/organix\/#breadcrumb\"},\"inLanguage\":\"de\",\"potentialAction\":[{\"@type\":\"ReadAction\",\"target\":[\"https:\/\/acieloabierto.net\/de\/produkte\/organix\/\"]}]},{\"@type\":\"BreadcrumbList\",\"@id\":\"https:\/\/acieloabierto.net\/de\/produkte\/organix\/#breadcrumb\",\"itemListElement\":[{\"@type\":\"ListItem\",\"position\":1,\"item\":{\"@type\":\"WebPage\",\"@id\":\"https:\/\/acieloabierto.net\/\",\"url\":\"https:\/\/acieloabierto.net\/\",\"name\":\"Home\"}},{\"@type\":\"ListItem\",\"position\":2,\"item\":{\"@type\":\"WebPage\",\"@id\":\"\",\"url\":\"\",\"name\":\"\"}},{\"@type\":\"ListItem\",\"position\":3,\"item\":{\"@id\":\"https:\/\/acieloabierto.net\/de\/produkte\/organix\/#webpage\"}}]}]}<\/script>\n<!-- \/ Yoast SEO plugin. -->","_links":{"self":[{"href":"https:\/\/acieloabierto.net\/de\/wp-json\/wp\/v2\/product\/13811"}],"collection":[{"href":"https:\/\/acieloabierto.net\/de\/wp-json\/wp\/v2\/product"}],"about":[{"href":"https:\/\/acieloabierto.net\/de\/wp-json\/wp\/v2\/types\/product"}],"replies":[{"embeddable":true,"href":"https:\/\/acieloabierto.net\/de\/wp-json\/wp\/v2\/comments?post=13811"}],"wp:featuredmedia":[{"embeddable":true,"href":"https:\/\/acieloabierto.net\/de\/wp-json\/wp\/v2\/media\/13815"}],"wp:attachment":[{"href":"https:\/\/acieloabierto.net\/de\/wp-json\/wp\/v2\/media?parent=13811"}],"curies":[{"name":"wp","href":"https:\/\/api.w.org\/{rel}","templated":true}]}}