{"id":13801,"date":"2021-04-30T14:17:21","date_gmt":"2021-04-30T12:17:21","guid":{"rendered":"https:\/\/acieloabierto.net\/producten\/ninix\/"},"modified":"2021-04-30T14:17:21","modified_gmt":"2021-04-30T12:17:21","slug":"ninix","status":"publish","type":"product","link":"https:\/\/acieloabierto.net\/de\/produkte\/ninix\/","title":{"rendered":"Ninix"},"content":{"rendered":"<p><span style=\"font-weight: 400;\">Erleben Sie die perfekte Balance zwischen Minimalismus und Luxus mit der Kollektion Ninix von Royal Botania. Ninix ist eine der ikonischsten Linien der Marke und steht f\u00fcr die Verschmelzung von schlichtem, minimalistischem Design mit maximalem Komfort, hochwertigen Materialien und bahnbrechender Innovation.<\/span><\/p>\n<p>&nbsp;<\/p>\n<p><span style=\"font-weight: 400;\">Jedes St\u00fcck der Ninix-Kollektion ist ein Meisterwerk der Outdoor-M\u00f6bel und wird mit gr\u00f6\u00dfter Sorgfalt in Bezug auf Ergonomie und Qualit\u00e4t hergestellt. Die Kollektion zeichnet sich durch raffinierte Details aus, wie z. B. aufwendig eingelegte Armlehnen, den mit Pr\u00e4zision am Rahmen befestigten Batyline-Sitzstoff und versteckte Rollen, die den Komfort jedes Sessels erh\u00f6hen. Die Kollektion verf\u00fcgt auch \u00fcber einen revolution\u00e4ren Gasfedermechanismus, der den Standard f\u00fcr ergonomische Spitzenleistungen setzt, insbesondere bei der ber\u00fchmten Liege Ninix 195.<\/span><\/p>\n<p>&nbsp;<\/p>\n<p><span style=\"font-weight: 400;\">Von der eleganten, minimalistischen \u00c4sthetik bis hin zu den technischen Fortschritten, einschlie\u00dflich der cleveren Mechanismen der ausziehbaren Tische, ist die Ninix-Kollektion ein Wegbereiter und definiert den Luxus im Freien neu. Ob auf einer modernen Terrasse oder in einem weitl\u00e4ufigen Garten, diese Kollektion bietet zeitloses Design und \u00fcberragenden Komfort und ist ein Highlight f\u00fcr jeden Au\u00dfenbereich.<\/span><\/p>\n","protected":false},"excerpt":{"rendered":"<p>Erleben Sie die perfekte Balance zwischen Minimalismus und Luxus mit der Kollektion Ninix von Royal Botania. Ninix ist eine der ikonischsten Linien der Marke und steht f\u00fcr die Verschmelzung von schlichtem, minimalistischem Design mit maximalem Komfort, hochwertigen Materialien und bahnbrechender Innovation. &nbsp; Jedes St\u00fcck der Ninix-Kollektion ist ein Meisterwerk der Outdoor-M\u00f6bel und wird mit gr\u00f6\u00dfter [&hellip;]<\/p>\n","protected":false},"featured_media":13802,"comment_status":"closed","ping_status":"closed","template":"","meta":{"wds_primary_pwb-brand":0,"wds_primary_product_cat":0},"brands":[{"id":672,"name":"Royal Botania","slug":"royal-botania-de"}],"yoast_head":"<!-- This site is optimized with the Yoast SEO plugin v16.3 - https:\/\/yoast.com\/wordpress\/plugins\/seo\/ -->\n<title>Ninix - Acielo Abierto<\/title>\n<meta name=\"description\" content=\"Ontdek de Ninix collectie van Royal Botania, een mix van luxe en minimalisme. Shop tijdloos outdoor design in onze winkels!\" \/>\n<meta name=\"robots\" content=\"index, follow, max-snippet:-1, max-image-preview:large, max-video-preview:-1\" \/>\n<link rel=\"canonical\" href=\"https:\/\/acieloabierto.net\/de\/produkte\/ninix\/\" \/>\n<meta property=\"og:locale\" content=\"de_DE\" \/>\n<meta property=\"og:type\" content=\"article\" \/>\n<meta property=\"og:title\" content=\"Ninix - Acielo Abierto\" \/>\n<meta property=\"og:description\" content=\"Ontdek de Ninix collectie van Royal Botania, een mix van luxe en minimalisme. Shop tijdloos outdoor design in onze winkels!\" \/>\n<meta property=\"og:url\" content=\"https:\/\/acieloabierto.net\/de\/produkte\/ninix\/\" \/>\n<meta property=\"og:site_name\" content=\"Acielo Abierto\" \/>\n<meta property=\"og:image\" content=\"https:\/\/acieloabierto.net\/wp-content\/uploads\/2021\/04\/NINIX-RoyalBotania-Ligbed.jpg\" \/>\n\t<meta property=\"og:image:width\" content=\"1920\" \/>\n\t<meta property=\"og:image:height\" content=\"1300\" \/>\n<meta name=\"twitter:card\" content=\"summary_large_image\" \/>\n<meta name=\"twitter:label1\" content=\"Gesch\u00e4tzte Lesezeit\">\n\t<meta name=\"twitter:data1\" content=\"1\u00a0Minute\">\n<script type=\"application\/ld+json\" class=\"yoast-schema-graph\">{\"@context\":\"https:\/\/schema.org\",\"@graph\":[{\"@type\":\"Organization\",\"@id\":\"https:\/\/acieloabierto.net\/en\/#organization\",\"name\":\"A Cielo Abierto\",\"url\":\"https:\/\/acieloabierto.net\/en\/\",\"sameAs\":[],\"logo\":{\"@type\":\"ImageObject\",\"@id\":\"https:\/\/acieloabierto.net\/en\/#logo\",\"inLanguage\":\"de\",\"url\":\"https:\/\/acieloabierto.net\/wp-content\/uploads\/2021\/02\/logo.svg\",\"contentUrl\":\"https:\/\/acieloabierto.net\/wp-content\/uploads\/2021\/02\/logo.svg\",\"caption\":\"A Cielo Abierto\"},\"image\":{\"@id\":\"https:\/\/acieloabierto.net\/en\/#logo\"}},{\"@type\":\"WebSite\",\"@id\":\"https:\/\/acieloabierto.net\/en\/#website\",\"url\":\"https:\/\/acieloabierto.net\/en\/\",\"name\":\"Acielo Abierto\",\"description\":\"Tuinmeubels Costa Blanca\",\"publisher\":{\"@id\":\"https:\/\/acieloabierto.net\/en\/#organization\"},\"potentialAction\":[{\"@type\":\"SearchAction\",\"target\":\"https:\/\/acieloabierto.net\/en\/?s={search_term_string}\",\"query-input\":\"required name=search_term_string\"}],\"inLanguage\":\"de\"},{\"@type\":\"ImageObject\",\"@id\":\"https:\/\/acieloabierto.net\/de\/produkte\/ninix\/#primaryimage\",\"inLanguage\":\"de\",\"url\":\"https:\/\/acieloabierto.net\/wp-content\/uploads\/2021\/04\/NINIX-RoyalBotania-Ligbed.jpg\",\"contentUrl\":\"https:\/\/acieloabierto.net\/wp-content\/uploads\/2021\/04\/NINIX-RoyalBotania-Ligbed.jpg\",\"width\":1920,\"height\":1300},{\"@type\":\"WebPage\",\"@id\":\"https:\/\/acieloabierto.net\/de\/produkte\/ninix\/#webpage\",\"url\":\"https:\/\/acieloabierto.net\/de\/produkte\/ninix\/\",\"name\":\"Ninix - Acielo Abierto\",\"isPartOf\":{\"@id\":\"https:\/\/acieloabierto.net\/en\/#website\"},\"primaryImageOfPage\":{\"@id\":\"https:\/\/acieloabierto.net\/de\/produkte\/ninix\/#primaryimage\"},\"datePublished\":\"2021-04-30T12:17:21+00:00\",\"dateModified\":\"2021-04-30T12:17:21+00:00\",\"description\":\"Ontdek de Ninix collectie van Royal Botania, een mix van luxe en minimalisme. Shop tijdloos outdoor design in onze winkels!\",\"breadcrumb\":{\"@id\":\"https:\/\/acieloabierto.net\/de\/produkte\/ninix\/#breadcrumb\"},\"inLanguage\":\"de\",\"potentialAction\":[{\"@type\":\"ReadAction\",\"target\":[\"https:\/\/acieloabierto.net\/de\/produkte\/ninix\/\"]}]},{\"@type\":\"BreadcrumbList\",\"@id\":\"https:\/\/acieloabierto.net\/de\/produkte\/ninix\/#breadcrumb\",\"itemListElement\":[{\"@type\":\"ListItem\",\"position\":1,\"item\":{\"@type\":\"WebPage\",\"@id\":\"https:\/\/acieloabierto.net\/\",\"url\":\"https:\/\/acieloabierto.net\/\",\"name\":\"Home\"}},{\"@type\":\"ListItem\",\"position\":2,\"item\":{\"@type\":\"WebPage\",\"@id\":\"\",\"url\":\"\",\"name\":\"\"}},{\"@type\":\"ListItem\",\"position\":3,\"item\":{\"@id\":\"https:\/\/acieloabierto.net\/de\/produkte\/ninix\/#webpage\"}}]}]}<\/script>\n<!-- \/ Yoast SEO plugin. -->","_links":{"self":[{"href":"https:\/\/acieloabierto.net\/de\/wp-json\/wp\/v2\/product\/13801"}],"collection":[{"href":"https:\/\/acieloabierto.net\/de\/wp-json\/wp\/v2\/product"}],"about":[{"href":"https:\/\/acieloabierto.net\/de\/wp-json\/wp\/v2\/types\/product"}],"replies":[{"embeddable":true,"href":"https:\/\/acieloabierto.net\/de\/wp-json\/wp\/v2\/comments?post=13801"}],"wp:featuredmedia":[{"embeddable":true,"href":"https:\/\/acieloabierto.net\/de\/wp-json\/wp\/v2\/media\/13802"}],"wp:attachment":[{"href":"https:\/\/acieloabierto.net\/de\/wp-json\/wp\/v2\/media?parent=13801"}],"curies":[{"name":"wp","href":"https:\/\/api.w.org\/{rel}","templated":true}]}}