{"id":13790,"date":"2021-04-30T13:54:15","date_gmt":"2021-04-30T11:54:15","guid":{"rendered":"https:\/\/acieloabierto.net\/producten\/mozaix\/"},"modified":"2021-04-30T13:54:15","modified_gmt":"2021-04-30T11:54:15","slug":"mozaix","status":"publish","type":"product","link":"https:\/\/acieloabierto.net\/de\/produkte\/mozaix\/","title":{"rendered":"Mozaix"},"content":{"rendered":"<p><span style=\"font-weight: 400;\">Der MOZAIX ist ein Kunstwerk! Die gro\u00dfen Gitter aus Teakholz, ge\u00f6ltem Mahagoni oder Aluminium, die in vier L\u00e4ngen erh\u00e4ltlich sind, bieten Ihnen eine Vielzahl von Kombinationsm\u00f6glichkeiten, um Ihr Lieblingsarrangement zu schaffen.<\/span><\/p>\n<p>&nbsp;<\/p>\n<p><span style=\"font-weight: 400;\">Die \u00e4u\u00dferst bequemen Kissen k\u00f6nnen \u00fcberall platziert werden. Die Kissen sind alle mit QuickDry-Polsterung ausgestattet, so dass auch ein Regenschauer den Genuss dieser luxuri\u00f6sen Gartenm\u00f6bel nicht beeintr\u00e4chtigt.<\/span><\/p>\n<p>&nbsp;<\/p>\n<p><span style=\"font-weight: 400;\">Die Abschnitte, die nach dem Auflegen der Kissen offen bleiben, bieten nahezu unbegrenzte Verstellm\u00f6glichkeiten.<\/span><\/p>\n","protected":false},"excerpt":{"rendered":"<p>Der MOZAIX ist ein Kunstwerk! Die gro\u00dfen Gitter aus Teakholz, ge\u00f6ltem Mahagoni oder Aluminium, die in vier L\u00e4ngen erh\u00e4ltlich sind, bieten Ihnen eine Vielzahl von Kombinationsm\u00f6glichkeiten, um Ihr Lieblingsarrangement zu schaffen. &nbsp; Die \u00e4u\u00dferst bequemen Kissen k\u00f6nnen \u00fcberall platziert werden. Die Kissen sind alle mit QuickDry-Polsterung ausgestattet, so dass auch ein Regenschauer den Genuss dieser [&hellip;]<\/p>\n","protected":false},"featured_media":13795,"comment_status":"closed","ping_status":"closed","template":"","meta":{"wds_primary_pwb-brand":0,"wds_primary_product_cat":0},"brands":[{"id":672,"name":"Royal Botania","slug":"royal-botania-de"}],"yoast_head":"<!-- This site is optimized with the Yoast SEO plugin v16.3 - https:\/\/yoast.com\/wordpress\/plugins\/seo\/ -->\n<title>Mozaix - Acielo Abierto<\/title>\n<meta name=\"robots\" content=\"index, follow, max-snippet:-1, max-image-preview:large, max-video-preview:-1\" \/>\n<link rel=\"canonical\" href=\"https:\/\/acieloabierto.net\/de\/produkte\/mozaix\/\" \/>\n<meta property=\"og:locale\" content=\"de_DE\" \/>\n<meta property=\"og:type\" content=\"article\" \/>\n<meta property=\"og:title\" content=\"Mozaix - Acielo Abierto\" \/>\n<meta property=\"og:description\" content=\"Der MOZAIX ist ein Kunstwerk! Die gro\u00dfen Gitter aus Teakholz, ge\u00f6ltem Mahagoni oder Aluminium, die in vier L\u00e4ngen erh\u00e4ltlich sind, bieten Ihnen eine Vielzahl von Kombinationsm\u00f6glichkeiten, um Ihr Lieblingsarrangement zu schaffen. &nbsp; Die \u00e4u\u00dferst bequemen Kissen k\u00f6nnen \u00fcberall platziert werden. Die Kissen sind alle mit QuickDry-Polsterung ausgestattet, so dass auch ein Regenschauer den Genuss dieser [&hellip;]\" \/>\n<meta property=\"og:url\" content=\"https:\/\/acieloabierto.net\/de\/produkte\/mozaix\/\" \/>\n<meta property=\"og:site_name\" content=\"Acielo Abierto\" \/>\n<meta property=\"og:image\" content=\"https:\/\/acieloabierto.net\/wp-content\/uploads\/2021\/04\/Mozaix-RoyalBotania-Lounge2.jpg\" \/>\n\t<meta property=\"og:image:width\" content=\"1920\" \/>\n\t<meta property=\"og:image:height\" content=\"1300\" \/>\n<meta name=\"twitter:card\" content=\"summary_large_image\" \/>\n<script type=\"application\/ld+json\" class=\"yoast-schema-graph\">{\"@context\":\"https:\/\/schema.org\",\"@graph\":[{\"@type\":\"Organization\",\"@id\":\"https:\/\/acieloabierto.net\/en\/#organization\",\"name\":\"A Cielo Abierto\",\"url\":\"https:\/\/acieloabierto.net\/en\/\",\"sameAs\":[],\"logo\":{\"@type\":\"ImageObject\",\"@id\":\"https:\/\/acieloabierto.net\/en\/#logo\",\"inLanguage\":\"de\",\"url\":\"https:\/\/acieloabierto.net\/wp-content\/uploads\/2021\/02\/logo.svg\",\"contentUrl\":\"https:\/\/acieloabierto.net\/wp-content\/uploads\/2021\/02\/logo.svg\",\"caption\":\"A Cielo Abierto\"},\"image\":{\"@id\":\"https:\/\/acieloabierto.net\/en\/#logo\"}},{\"@type\":\"WebSite\",\"@id\":\"https:\/\/acieloabierto.net\/en\/#website\",\"url\":\"https:\/\/acieloabierto.net\/en\/\",\"name\":\"Acielo Abierto\",\"description\":\"Tuinmeubels Costa Blanca\",\"publisher\":{\"@id\":\"https:\/\/acieloabierto.net\/en\/#organization\"},\"potentialAction\":[{\"@type\":\"SearchAction\",\"target\":\"https:\/\/acieloabierto.net\/en\/?s={search_term_string}\",\"query-input\":\"required name=search_term_string\"}],\"inLanguage\":\"de\"},{\"@type\":\"ImageObject\",\"@id\":\"https:\/\/acieloabierto.net\/de\/produkte\/mozaix\/#primaryimage\",\"inLanguage\":\"de\",\"url\":\"https:\/\/acieloabierto.net\/wp-content\/uploads\/2021\/04\/Mozaix-RoyalBotania-Lounge2.jpg\",\"contentUrl\":\"https:\/\/acieloabierto.net\/wp-content\/uploads\/2021\/04\/Mozaix-RoyalBotania-Lounge2.jpg\",\"width\":1920,\"height\":1300},{\"@type\":\"WebPage\",\"@id\":\"https:\/\/acieloabierto.net\/de\/produkte\/mozaix\/#webpage\",\"url\":\"https:\/\/acieloabierto.net\/de\/produkte\/mozaix\/\",\"name\":\"Mozaix - Acielo Abierto\",\"isPartOf\":{\"@id\":\"https:\/\/acieloabierto.net\/en\/#website\"},\"primaryImageOfPage\":{\"@id\":\"https:\/\/acieloabierto.net\/de\/produkte\/mozaix\/#primaryimage\"},\"datePublished\":\"2021-04-30T11:54:15+00:00\",\"dateModified\":\"2021-04-30T11:54:15+00:00\",\"breadcrumb\":{\"@id\":\"https:\/\/acieloabierto.net\/de\/produkte\/mozaix\/#breadcrumb\"},\"inLanguage\":\"de\",\"potentialAction\":[{\"@type\":\"ReadAction\",\"target\":[\"https:\/\/acieloabierto.net\/de\/produkte\/mozaix\/\"]}]},{\"@type\":\"BreadcrumbList\",\"@id\":\"https:\/\/acieloabierto.net\/de\/produkte\/mozaix\/#breadcrumb\",\"itemListElement\":[{\"@type\":\"ListItem\",\"position\":1,\"item\":{\"@type\":\"WebPage\",\"@id\":\"https:\/\/acieloabierto.net\/\",\"url\":\"https:\/\/acieloabierto.net\/\",\"name\":\"Home\"}},{\"@type\":\"ListItem\",\"position\":2,\"item\":{\"@type\":\"WebPage\",\"@id\":\"\",\"url\":\"\",\"name\":\"\"}},{\"@type\":\"ListItem\",\"position\":3,\"item\":{\"@id\":\"https:\/\/acieloabierto.net\/de\/produkte\/mozaix\/#webpage\"}}]}]}<\/script>\n<!-- \/ Yoast SEO plugin. -->","_links":{"self":[{"href":"https:\/\/acieloabierto.net\/de\/wp-json\/wp\/v2\/product\/13790"}],"collection":[{"href":"https:\/\/acieloabierto.net\/de\/wp-json\/wp\/v2\/product"}],"about":[{"href":"https:\/\/acieloabierto.net\/de\/wp-json\/wp\/v2\/types\/product"}],"replies":[{"embeddable":true,"href":"https:\/\/acieloabierto.net\/de\/wp-json\/wp\/v2\/comments?post=13790"}],"wp:featuredmedia":[{"embeddable":true,"href":"https:\/\/acieloabierto.net\/de\/wp-json\/wp\/v2\/media\/13795"}],"wp:attachment":[{"href":"https:\/\/acieloabierto.net\/de\/wp-json\/wp\/v2\/media?parent=13790"}],"curies":[{"name":"wp","href":"https:\/\/api.w.org\/{rel}","templated":true}]}}