{"id":13779,"date":"2021-04-30T13:47:19","date_gmt":"2021-04-30T11:47:19","guid":{"rendered":"https:\/\/acieloabierto.net\/producten\/exes\/"},"modified":"2021-04-30T13:47:19","modified_gmt":"2021-04-30T11:47:19","slug":"exes","status":"publish","type":"product","link":"https:\/\/acieloabierto.net\/de\/produkte\/exes\/","title":{"rendered":"Exes"},"content":{"rendered":"<p><span style=\"font-weight: 400;\">Welchen besseren Namen k\u00f6nnte man einem Stuhl geben, der aus zwei X-f\u00f6rmigen Gestellen besteht und mehr Komfort und Stil bietet als &#8230; Exes!<\/span><\/p>\n<p>&nbsp;<\/p>\n<p><span style=\"font-weight: 400;\">Die sanften, organischen Linien des Aluminiumgussrahmens werden nur durch die konischzulaufenden Armlehnen aus Teakholz unterbrochen, die ein warmes Designelement darstellen. Die nahtlos integrierte geschwungene R\u00fcckenplatte hat zwei X-f\u00f6rmige \u00d6ffnungen. Sie dienen nicht nur als \u00e4sthetisches Merkmal, sondern auch als Befestigungspunkte f\u00fcr das R\u00fcckenkissen. Diese werden mit X-f\u00f6rmigen Kn\u00f6pfen befestigt, die standardm\u00e4\u00dfig in der Farbe des Gestells geliefert werden. Optional werden sie auch in Teakholz angeboten, passend zu den Armlehnen. Sie machen den Exes-Stuhl noch mehr zu einem Blickfang.<\/span><\/p>\n","protected":false},"excerpt":{"rendered":"<p>Welchen besseren Namen k\u00f6nnte man einem Stuhl geben, der aus zwei X-f\u00f6rmigen Gestellen besteht und mehr Komfort und Stil bietet als &#8230; Exes! &nbsp; Die sanften, organischen Linien des Aluminiumgussrahmens werden nur durch die konischzulaufenden Armlehnen aus Teakholz unterbrochen, die ein warmes Designelement darstellen. Die nahtlos integrierte geschwungene R\u00fcckenplatte hat zwei X-f\u00f6rmige \u00d6ffnungen. Sie dienen [&hellip;]<\/p>\n","protected":false},"featured_media":13783,"comment_status":"closed","ping_status":"closed","template":"","meta":{"wds_primary_pwb-brand":0,"wds_primary_product_cat":0},"brands":[{"id":672,"name":"Royal Botania","slug":"royal-botania-de"}],"yoast_head":"<!-- This site is optimized with the Yoast SEO plugin v16.3 - https:\/\/yoast.com\/wordpress\/plugins\/seo\/ -->\n<title>Exes - Acielo Abierto<\/title>\n<meta name=\"robots\" content=\"index, follow, max-snippet:-1, max-image-preview:large, max-video-preview:-1\" \/>\n<link rel=\"canonical\" href=\"https:\/\/acieloabierto.net\/de\/produkte\/exes\/\" \/>\n<meta property=\"og:locale\" content=\"de_DE\" \/>\n<meta property=\"og:type\" content=\"article\" \/>\n<meta property=\"og:title\" content=\"Exes - Acielo Abierto\" \/>\n<meta property=\"og:description\" content=\"Welchen besseren Namen k\u00f6nnte man einem Stuhl geben, der aus zwei X-f\u00f6rmigen Gestellen besteht und mehr Komfort und Stil bietet als &#8230; Exes! &nbsp; Die sanften, organischen Linien des Aluminiumgussrahmens werden nur durch die konischzulaufenden Armlehnen aus Teakholz unterbrochen, die ein warmes Designelement darstellen. Die nahtlos integrierte geschwungene R\u00fcckenplatte hat zwei X-f\u00f6rmige \u00d6ffnungen. Sie dienen [&hellip;]\" \/>\n<meta property=\"og:url\" content=\"https:\/\/acieloabierto.net\/de\/produkte\/exes\/\" \/>\n<meta property=\"og:site_name\" content=\"Acielo Abierto\" \/>\n<meta property=\"og:image\" content=\"https:\/\/acieloabierto.net\/wp-content\/uploads\/2021\/04\/Exes-RoyalBotania-Stoelen.jpg\" \/>\n\t<meta property=\"og:image:width\" content=\"1920\" \/>\n\t<meta property=\"og:image:height\" content=\"1300\" \/>\n<meta name=\"twitter:card\" content=\"summary_large_image\" \/>\n<meta name=\"twitter:label1\" content=\"Gesch\u00e4tzte Lesezeit\">\n\t<meta name=\"twitter:data1\" content=\"1\u00a0Minute\">\n<script type=\"application\/ld+json\" class=\"yoast-schema-graph\">{\"@context\":\"https:\/\/schema.org\",\"@graph\":[{\"@type\":\"Organization\",\"@id\":\"https:\/\/acieloabierto.net\/en\/#organization\",\"name\":\"A Cielo Abierto\",\"url\":\"https:\/\/acieloabierto.net\/en\/\",\"sameAs\":[],\"logo\":{\"@type\":\"ImageObject\",\"@id\":\"https:\/\/acieloabierto.net\/en\/#logo\",\"inLanguage\":\"de\",\"url\":\"https:\/\/acieloabierto.net\/wp-content\/uploads\/2021\/02\/logo.svg\",\"contentUrl\":\"https:\/\/acieloabierto.net\/wp-content\/uploads\/2021\/02\/logo.svg\",\"caption\":\"A Cielo Abierto\"},\"image\":{\"@id\":\"https:\/\/acieloabierto.net\/en\/#logo\"}},{\"@type\":\"WebSite\",\"@id\":\"https:\/\/acieloabierto.net\/en\/#website\",\"url\":\"https:\/\/acieloabierto.net\/en\/\",\"name\":\"Acielo Abierto\",\"description\":\"Tuinmeubels Costa Blanca\",\"publisher\":{\"@id\":\"https:\/\/acieloabierto.net\/en\/#organization\"},\"potentialAction\":[{\"@type\":\"SearchAction\",\"target\":\"https:\/\/acieloabierto.net\/en\/?s={search_term_string}\",\"query-input\":\"required name=search_term_string\"}],\"inLanguage\":\"de\"},{\"@type\":\"ImageObject\",\"@id\":\"https:\/\/acieloabierto.net\/de\/produkte\/exes\/#primaryimage\",\"inLanguage\":\"de\",\"url\":\"https:\/\/acieloabierto.net\/wp-content\/uploads\/2021\/04\/Exes-RoyalBotania-Stoelen.jpg\",\"contentUrl\":\"https:\/\/acieloabierto.net\/wp-content\/uploads\/2021\/04\/Exes-RoyalBotania-Stoelen.jpg\",\"width\":1920,\"height\":1300},{\"@type\":\"WebPage\",\"@id\":\"https:\/\/acieloabierto.net\/de\/produkte\/exes\/#webpage\",\"url\":\"https:\/\/acieloabierto.net\/de\/produkte\/exes\/\",\"name\":\"Exes - Acielo Abierto\",\"isPartOf\":{\"@id\":\"https:\/\/acieloabierto.net\/en\/#website\"},\"primaryImageOfPage\":{\"@id\":\"https:\/\/acieloabierto.net\/de\/produkte\/exes\/#primaryimage\"},\"datePublished\":\"2021-04-30T11:47:19+00:00\",\"dateModified\":\"2021-04-30T11:47:19+00:00\",\"breadcrumb\":{\"@id\":\"https:\/\/acieloabierto.net\/de\/produkte\/exes\/#breadcrumb\"},\"inLanguage\":\"de\",\"potentialAction\":[{\"@type\":\"ReadAction\",\"target\":[\"https:\/\/acieloabierto.net\/de\/produkte\/exes\/\"]}]},{\"@type\":\"BreadcrumbList\",\"@id\":\"https:\/\/acieloabierto.net\/de\/produkte\/exes\/#breadcrumb\",\"itemListElement\":[{\"@type\":\"ListItem\",\"position\":1,\"item\":{\"@type\":\"WebPage\",\"@id\":\"https:\/\/acieloabierto.net\/\",\"url\":\"https:\/\/acieloabierto.net\/\",\"name\":\"Home\"}},{\"@type\":\"ListItem\",\"position\":2,\"item\":{\"@type\":\"WebPage\",\"@id\":\"\",\"url\":\"\",\"name\":\"\"}},{\"@type\":\"ListItem\",\"position\":3,\"item\":{\"@id\":\"https:\/\/acieloabierto.net\/de\/produkte\/exes\/#webpage\"}}]}]}<\/script>\n<!-- \/ Yoast SEO plugin. -->","_links":{"self":[{"href":"https:\/\/acieloabierto.net\/de\/wp-json\/wp\/v2\/product\/13779"}],"collection":[{"href":"https:\/\/acieloabierto.net\/de\/wp-json\/wp\/v2\/product"}],"about":[{"href":"https:\/\/acieloabierto.net\/de\/wp-json\/wp\/v2\/types\/product"}],"replies":[{"embeddable":true,"href":"https:\/\/acieloabierto.net\/de\/wp-json\/wp\/v2\/comments?post=13779"}],"wp:featuredmedia":[{"embeddable":true,"href":"https:\/\/acieloabierto.net\/de\/wp-json\/wp\/v2\/media\/13783"}],"wp:attachment":[{"href":"https:\/\/acieloabierto.net\/de\/wp-json\/wp\/v2\/media?parent=13779"}],"curies":[{"name":"wp","href":"https:\/\/api.w.org\/{rel}","templated":true}]}}