{"id":13767,"date":"2021-04-30T13:44:35","date_gmt":"2021-04-30T11:44:35","guid":{"rendered":"https:\/\/acieloabierto.net\/producten\/alura\/"},"modified":"2021-04-30T13:44:35","modified_gmt":"2021-04-30T11:44:35","slug":"alura","status":"publish","type":"product","link":"https:\/\/acieloabierto.net\/de\/produkte\/alura\/","title":{"rendered":"Alura"},"content":{"rendered":"<p><span style=\"font-weight: 400;\">Wie der Name schon sagt, handelt es sich bei Alura um eine attraktive Aluminiumm\u00f6belserie, die einen Esszimmerstuhl, einen Sessel, einen niedrigen Stuhl, einen Barhocker und eine Liege umfasst.<\/span><\/p>\n<p><span style=\"font-weight: 400;\">Sie sind alle sch\u00f6n stapelbar und in wei\u00dfer, sandfarbener oder schwarzer Strukturlackierung erh\u00e4ltlich. Die integrierten Armlehnen sind standardm\u00e4\u00dfig in der gleichen Farbe, k\u00f6nnen aber optional auch in Teakholz ausgef\u00fchrt werden.<\/span><\/p>\n<p><span style=\"font-weight: 400;\">Die Familie der Alura-St\u00fchle und -Liegen wurde mit der Einf\u00fchrung der modularen Alura Lounge noch vielseitiger.<\/span><\/p>\n<p><span style=\"font-weight: 400;\">Sie k\u00f6nnen die drei verschiedenen Gr\u00f6\u00dfen der Aluminiumgestelle (800, 1600 und 2400 mm lang), die alle in drei Strukturlackfarben mit farblich abgestimmtem Netzsitz erh\u00e4ltlich sind, zu jeder beliebigen Anordnung kombinieren.<\/span><\/p>\n<p><span style=\"font-weight: 400;\">W\u00e4hlen Sie jetzt aus der gro\u00dfen Auswahl an feinen, farbenfrohen Stoffen, um das Lounge-Set Ihrer Tr\u00e4ume zusammenzustellen.<\/span><\/p>\n","protected":false},"excerpt":{"rendered":"<p>Wie der Name schon sagt, handelt es sich bei Alura um eine attraktive Aluminiumm\u00f6belserie, die einen Esszimmerstuhl, einen Sessel, einen niedrigen Stuhl, einen Barhocker und eine Liege umfasst. Sie sind alle sch\u00f6n stapelbar und in wei\u00dfer, sandfarbener oder schwarzer Strukturlackierung erh\u00e4ltlich. Die integrierten Armlehnen sind standardm\u00e4\u00dfig in der gleichen Farbe, k\u00f6nnen aber optional auch in [&hellip;]<\/p>\n","protected":false},"featured_media":13772,"comment_status":"closed","ping_status":"closed","template":"","meta":{"wds_primary_pwb-brand":0,"wds_primary_product_cat":0},"brands":[{"id":672,"name":"Royal Botania","slug":"royal-botania-de"}],"yoast_head":"<!-- This site is optimized with the Yoast SEO plugin v16.3 - https:\/\/yoast.com\/wordpress\/plugins\/seo\/ -->\n<title>Alura - Acielo Abierto<\/title>\n<meta name=\"robots\" content=\"index, follow, max-snippet:-1, max-image-preview:large, max-video-preview:-1\" \/>\n<link rel=\"canonical\" href=\"https:\/\/acieloabierto.net\/de\/produkte\/alura\/\" \/>\n<meta property=\"og:locale\" content=\"de_DE\" \/>\n<meta property=\"og:type\" content=\"article\" \/>\n<meta property=\"og:title\" content=\"Alura - Acielo Abierto\" \/>\n<meta property=\"og:description\" content=\"Wie der Name schon sagt, handelt es sich bei Alura um eine attraktive Aluminiumm\u00f6belserie, die einen Esszimmerstuhl, einen Sessel, einen niedrigen Stuhl, einen Barhocker und eine Liege umfasst. Sie sind alle sch\u00f6n stapelbar und in wei\u00dfer, sandfarbener oder schwarzer Strukturlackierung erh\u00e4ltlich. Die integrierten Armlehnen sind standardm\u00e4\u00dfig in der gleichen Farbe, k\u00f6nnen aber optional auch in [&hellip;]\" \/>\n<meta property=\"og:url\" content=\"https:\/\/acieloabierto.net\/de\/produkte\/alura\/\" \/>\n<meta property=\"og:site_name\" content=\"Acielo Abierto\" \/>\n<meta property=\"og:image\" content=\"https:\/\/acieloabierto.net\/wp-content\/uploads\/2021\/04\/ALURA-RoyalBotania-Lounge1.jpg\" \/>\n\t<meta property=\"og:image:width\" content=\"1920\" \/>\n\t<meta property=\"og:image:height\" content=\"1300\" \/>\n<meta name=\"twitter:card\" content=\"summary_large_image\" \/>\n<meta name=\"twitter:label1\" content=\"Gesch\u00e4tzte Lesezeit\">\n\t<meta name=\"twitter:data1\" content=\"1\u00a0Minute\">\n<script type=\"application\/ld+json\" class=\"yoast-schema-graph\">{\"@context\":\"https:\/\/schema.org\",\"@graph\":[{\"@type\":\"Organization\",\"@id\":\"https:\/\/acieloabierto.net\/en\/#organization\",\"name\":\"A Cielo Abierto\",\"url\":\"https:\/\/acieloabierto.net\/en\/\",\"sameAs\":[],\"logo\":{\"@type\":\"ImageObject\",\"@id\":\"https:\/\/acieloabierto.net\/en\/#logo\",\"inLanguage\":\"de\",\"url\":\"https:\/\/acieloabierto.net\/wp-content\/uploads\/2021\/02\/logo.svg\",\"contentUrl\":\"https:\/\/acieloabierto.net\/wp-content\/uploads\/2021\/02\/logo.svg\",\"caption\":\"A Cielo Abierto\"},\"image\":{\"@id\":\"https:\/\/acieloabierto.net\/en\/#logo\"}},{\"@type\":\"WebSite\",\"@id\":\"https:\/\/acieloabierto.net\/en\/#website\",\"url\":\"https:\/\/acieloabierto.net\/en\/\",\"name\":\"Acielo Abierto\",\"description\":\"Tuinmeubels Costa Blanca\",\"publisher\":{\"@id\":\"https:\/\/acieloabierto.net\/en\/#organization\"},\"potentialAction\":[{\"@type\":\"SearchAction\",\"target\":\"https:\/\/acieloabierto.net\/en\/?s={search_term_string}\",\"query-input\":\"required name=search_term_string\"}],\"inLanguage\":\"de\"},{\"@type\":\"ImageObject\",\"@id\":\"https:\/\/acieloabierto.net\/de\/produkte\/alura\/#primaryimage\",\"inLanguage\":\"de\",\"url\":\"https:\/\/acieloabierto.net\/wp-content\/uploads\/2021\/04\/ALURA-RoyalBotania-Lounge1.jpg\",\"contentUrl\":\"https:\/\/acieloabierto.net\/wp-content\/uploads\/2021\/04\/ALURA-RoyalBotania-Lounge1.jpg\",\"width\":1920,\"height\":1300},{\"@type\":\"WebPage\",\"@id\":\"https:\/\/acieloabierto.net\/de\/produkte\/alura\/#webpage\",\"url\":\"https:\/\/acieloabierto.net\/de\/produkte\/alura\/\",\"name\":\"Alura - Acielo Abierto\",\"isPartOf\":{\"@id\":\"https:\/\/acieloabierto.net\/en\/#website\"},\"primaryImageOfPage\":{\"@id\":\"https:\/\/acieloabierto.net\/de\/produkte\/alura\/#primaryimage\"},\"datePublished\":\"2021-04-30T11:44:35+00:00\",\"dateModified\":\"2021-04-30T11:44:35+00:00\",\"breadcrumb\":{\"@id\":\"https:\/\/acieloabierto.net\/de\/produkte\/alura\/#breadcrumb\"},\"inLanguage\":\"de\",\"potentialAction\":[{\"@type\":\"ReadAction\",\"target\":[\"https:\/\/acieloabierto.net\/de\/produkte\/alura\/\"]}]},{\"@type\":\"BreadcrumbList\",\"@id\":\"https:\/\/acieloabierto.net\/de\/produkte\/alura\/#breadcrumb\",\"itemListElement\":[{\"@type\":\"ListItem\",\"position\":1,\"item\":{\"@type\":\"WebPage\",\"@id\":\"https:\/\/acieloabierto.net\/\",\"url\":\"https:\/\/acieloabierto.net\/\",\"name\":\"Home\"}},{\"@type\":\"ListItem\",\"position\":2,\"item\":{\"@type\":\"WebPage\",\"@id\":\"\",\"url\":\"\",\"name\":\"\"}},{\"@type\":\"ListItem\",\"position\":3,\"item\":{\"@id\":\"https:\/\/acieloabierto.net\/de\/produkte\/alura\/#webpage\"}}]}]}<\/script>\n<!-- \/ Yoast SEO plugin. -->","_links":{"self":[{"href":"https:\/\/acieloabierto.net\/de\/wp-json\/wp\/v2\/product\/13767"}],"collection":[{"href":"https:\/\/acieloabierto.net\/de\/wp-json\/wp\/v2\/product"}],"about":[{"href":"https:\/\/acieloabierto.net\/de\/wp-json\/wp\/v2\/types\/product"}],"replies":[{"embeddable":true,"href":"https:\/\/acieloabierto.net\/de\/wp-json\/wp\/v2\/comments?post=13767"}],"wp:featuredmedia":[{"embeddable":true,"href":"https:\/\/acieloabierto.net\/de\/wp-json\/wp\/v2\/media\/13772"}],"wp:attachment":[{"href":"https:\/\/acieloabierto.net\/de\/wp-json\/wp\/v2\/media?parent=13767"}],"curies":[{"name":"wp","href":"https:\/\/api.w.org\/{rel}","templated":true}]}}