{"id":13757,"date":"2021-04-28T14:53:20","date_gmt":"2021-04-28T12:53:20","guid":{"rendered":"https:\/\/acieloabierto.net\/producten\/windblocker\/"},"modified":"2021-04-28T14:53:20","modified_gmt":"2021-04-28T12:53:20","slug":"windblocker","status":"publish","type":"product","link":"https:\/\/acieloabierto.net\/de\/produkte\/windblocker\/","title":{"rendered":"Windblocker"},"content":{"rendered":"<p><span style=\"font-weight: 400;\">Sie m\u00f6chten Wind und neugierige Blicke abhalten und gleichzeitig seitlichen Schatten spenden? Dann entscheiden Sie sich f\u00fcr den Brustor Windblocker. Sie k\u00f6nnen das gespannte Tuch direkt an der Wand oder an einem Pfosten befestigen. Die integrierte Feder sorgt f\u00fcr eine optimale Spannung des Tuchs. Das elegante Geh\u00e4use sch\u00fctzt das Tuch im aufgerollten Zustand und besteht aus korrosionsbest\u00e4ndigem, pulverbeschichtetem, stranggepresstem Aluminium.<\/span><\/p>\n","protected":false},"excerpt":{"rendered":"<p>Sie m\u00f6chten Wind und neugierige Blicke abhalten und gleichzeitig seitlichen Schatten spenden? Dann entscheiden Sie sich f\u00fcr den Brustor Windblocker. Sie k\u00f6nnen das gespannte Tuch direkt an der Wand oder an einem Pfosten befestigen. Die integrierte Feder sorgt f\u00fcr eine optimale Spannung des Tuchs. Das elegante Geh\u00e4use sch\u00fctzt das Tuch im aufgerollten Zustand und besteht [&hellip;]<\/p>\n","protected":false},"featured_media":13759,"comment_status":"closed","ping_status":"closed","template":"","meta":{"wds_primary_pwb-brand":0,"wds_primary_product_cat":0},"brands":[{"id":670,"name":"Prostor","slug":"prostor-de"}],"yoast_head":"<!-- This site is optimized with the Yoast SEO plugin v16.3 - https:\/\/yoast.com\/wordpress\/plugins\/seo\/ -->\n<title>Windblocker - Acielo Abierto<\/title>\n<meta name=\"robots\" content=\"index, follow, max-snippet:-1, max-image-preview:large, max-video-preview:-1\" \/>\n<link rel=\"canonical\" href=\"https:\/\/acieloabierto.net\/de\/produkte\/windblocker\/\" \/>\n<meta property=\"og:locale\" content=\"de_DE\" \/>\n<meta property=\"og:type\" content=\"article\" \/>\n<meta property=\"og:title\" content=\"Windblocker - Acielo Abierto\" \/>\n<meta property=\"og:description\" content=\"Sie m\u00f6chten Wind und neugierige Blicke abhalten und gleichzeitig seitlichen Schatten spenden? Dann entscheiden Sie sich f\u00fcr den Brustor Windblocker. Sie k\u00f6nnen das gespannte Tuch direkt an der Wand oder an einem Pfosten befestigen. Die integrierte Feder sorgt f\u00fcr eine optimale Spannung des Tuchs. Das elegante Geh\u00e4use sch\u00fctzt das Tuch im aufgerollten Zustand und besteht [&hellip;]\" \/>\n<meta property=\"og:url\" content=\"https:\/\/acieloabierto.net\/de\/produkte\/windblocker\/\" \/>\n<meta property=\"og:site_name\" content=\"Acielo Abierto\" \/>\n<meta property=\"og:image\" content=\"https:\/\/acieloabierto.net\/wp-content\/uploads\/2021\/04\/Brustor-windblock-1.jpg\" \/>\n\t<meta property=\"og:image:width\" content=\"1920\" \/>\n\t<meta property=\"og:image:height\" content=\"1300\" \/>\n<meta name=\"twitter:card\" content=\"summary_large_image\" \/>\n<script type=\"application\/ld+json\" class=\"yoast-schema-graph\">{\"@context\":\"https:\/\/schema.org\",\"@graph\":[{\"@type\":\"Organization\",\"@id\":\"https:\/\/acieloabierto.net\/en\/#organization\",\"name\":\"A Cielo Abierto\",\"url\":\"https:\/\/acieloabierto.net\/en\/\",\"sameAs\":[],\"logo\":{\"@type\":\"ImageObject\",\"@id\":\"https:\/\/acieloabierto.net\/en\/#logo\",\"inLanguage\":\"de\",\"url\":\"https:\/\/acieloabierto.net\/wp-content\/uploads\/2021\/02\/logo.svg\",\"contentUrl\":\"https:\/\/acieloabierto.net\/wp-content\/uploads\/2021\/02\/logo.svg\",\"caption\":\"A Cielo Abierto\"},\"image\":{\"@id\":\"https:\/\/acieloabierto.net\/en\/#logo\"}},{\"@type\":\"WebSite\",\"@id\":\"https:\/\/acieloabierto.net\/en\/#website\",\"url\":\"https:\/\/acieloabierto.net\/en\/\",\"name\":\"Acielo Abierto\",\"description\":\"Tuinmeubels Costa Blanca\",\"publisher\":{\"@id\":\"https:\/\/acieloabierto.net\/en\/#organization\"},\"potentialAction\":[{\"@type\":\"SearchAction\",\"target\":\"https:\/\/acieloabierto.net\/en\/?s={search_term_string}\",\"query-input\":\"required name=search_term_string\"}],\"inLanguage\":\"de\"},{\"@type\":\"ImageObject\",\"@id\":\"https:\/\/acieloabierto.net\/de\/produkte\/windblocker\/#primaryimage\",\"inLanguage\":\"de\",\"url\":\"https:\/\/acieloabierto.net\/wp-content\/uploads\/2021\/04\/Brustor-windblock-1.jpg\",\"contentUrl\":\"https:\/\/acieloabierto.net\/wp-content\/uploads\/2021\/04\/Brustor-windblock-1.jpg\",\"width\":1920,\"height\":1300},{\"@type\":\"WebPage\",\"@id\":\"https:\/\/acieloabierto.net\/de\/produkte\/windblocker\/#webpage\",\"url\":\"https:\/\/acieloabierto.net\/de\/produkte\/windblocker\/\",\"name\":\"Windblocker - Acielo Abierto\",\"isPartOf\":{\"@id\":\"https:\/\/acieloabierto.net\/en\/#website\"},\"primaryImageOfPage\":{\"@id\":\"https:\/\/acieloabierto.net\/de\/produkte\/windblocker\/#primaryimage\"},\"datePublished\":\"2021-04-28T12:53:20+00:00\",\"dateModified\":\"2021-04-28T12:53:20+00:00\",\"breadcrumb\":{\"@id\":\"https:\/\/acieloabierto.net\/de\/produkte\/windblocker\/#breadcrumb\"},\"inLanguage\":\"de\",\"potentialAction\":[{\"@type\":\"ReadAction\",\"target\":[\"https:\/\/acieloabierto.net\/de\/produkte\/windblocker\/\"]}]},{\"@type\":\"BreadcrumbList\",\"@id\":\"https:\/\/acieloabierto.net\/de\/produkte\/windblocker\/#breadcrumb\",\"itemListElement\":[{\"@type\":\"ListItem\",\"position\":1,\"item\":{\"@type\":\"WebPage\",\"@id\":\"https:\/\/acieloabierto.net\/\",\"url\":\"https:\/\/acieloabierto.net\/\",\"name\":\"Home\"}},{\"@type\":\"ListItem\",\"position\":2,\"item\":{\"@type\":\"WebPage\",\"@id\":\"\",\"url\":\"\",\"name\":\"\"}},{\"@type\":\"ListItem\",\"position\":3,\"item\":{\"@id\":\"https:\/\/acieloabierto.net\/de\/produkte\/windblocker\/#webpage\"}}]}]}<\/script>\n<!-- \/ Yoast SEO plugin. -->","_links":{"self":[{"href":"https:\/\/acieloabierto.net\/de\/wp-json\/wp\/v2\/product\/13757"}],"collection":[{"href":"https:\/\/acieloabierto.net\/de\/wp-json\/wp\/v2\/product"}],"about":[{"href":"https:\/\/acieloabierto.net\/de\/wp-json\/wp\/v2\/types\/product"}],"replies":[{"embeddable":true,"href":"https:\/\/acieloabierto.net\/de\/wp-json\/wp\/v2\/comments?post=13757"}],"wp:featuredmedia":[{"embeddable":true,"href":"https:\/\/acieloabierto.net\/de\/wp-json\/wp\/v2\/media\/13759"}],"wp:attachment":[{"href":"https:\/\/acieloabierto.net\/de\/wp-json\/wp\/v2\/media?parent=13757"}],"curies":[{"name":"wp","href":"https:\/\/api.w.org\/{rel}","templated":true}]}}