{"id":13721,"date":"2021-03-04T14:03:23","date_gmt":"2021-03-04T13:03:23","guid":{"rendered":"https:\/\/acieloabierto.net\/producten\/vis-a-vis\/"},"modified":"2021-03-04T14:03:23","modified_gmt":"2021-03-04T13:03:23","slug":"vis-a-vis","status":"publish","type":"product","link":"https:\/\/acieloabierto.net\/de\/produkte\/vis-a-vis\/","title":{"rendered":"Vis \u00e0 Vis"},"content":{"rendered":"<p><span style=\"font-weight: 400;\">Das Sofa Vis \u00e0 vis ist eine Hommage an das reine Design. Schlanke Plattformen aus Teakholz, die zu schweben scheinen, tragen bequeme Outdoor-Kissen, ohne sichtbare Arm- oder R\u00fcckenst\u00fctzen. Die Kissen werden \u00fcber eine Halterung aus rostfreiem Stahl geschoben, so dass dieses Loungesofa nach allen Seiten hin eine sch\u00f6ne Aussicht bietet. Eine grafische Umrandung aus Teakholzlatten kann das Ganze umrahmen oder auch nicht. Das Vis \u00e0 vis-Sofa besteht aus einem modularen Konstruktionssystem, das endlose Kompositionen erm\u00f6glicht, von einer kleinen Liege bis hin zu einem gro\u00dfen Loungeset mit Beistelltischen. Die Outdoor-Kissen sind so konzipiert, dass sie dank einer luftdurchl\u00e4ssigen F\u00fcllung in einer wasserabweisenden Innenh\u00fclle auch Regen standhalten. Die N\u00e4hte dieser H\u00fclle sind zus\u00e4tzlich auf der Innenseite abgedeckt, so dass Feuchtigkeit keine Chance hat. Bei den Stoffen k\u00f6nnen Sie aus mehr als 100 von der Natur inspirierten Outdoor-Stoffen w\u00e4hlen<\/span><\/p>\n","protected":false},"excerpt":{"rendered":"<p>Das Sofa Vis \u00e0 vis ist eine Hommage an das reine Design. Schlanke Plattformen aus Teakholz, die zu schweben scheinen, tragen bequeme Outdoor-Kissen, ohne sichtbare Arm- oder R\u00fcckenst\u00fctzen. Die Kissen werden \u00fcber eine Halterung aus rostfreiem Stahl geschoben, so dass dieses Loungesofa nach allen Seiten hin eine sch\u00f6ne Aussicht bietet. Eine grafische Umrandung aus Teakholzlatten [&hellip;]<\/p>\n","protected":false},"featured_media":13722,"comment_status":"open","ping_status":"closed","template":"","meta":{"wds_primary_pwb-brand":0,"wds_primary_product_cat":0},"brands":[{"id":668,"name":"Tribu","slug":"tribu-de"}],"yoast_head":"<!-- This site is optimized with the Yoast SEO plugin v16.3 - https:\/\/yoast.com\/wordpress\/plugins\/seo\/ -->\n<title>Vis \u00e0 Vis - Acielo Abierto<\/title>\n<meta name=\"robots\" content=\"index, follow, max-snippet:-1, max-image-preview:large, max-video-preview:-1\" \/>\n<link rel=\"canonical\" href=\"https:\/\/acieloabierto.net\/de\/produkte\/vis-a-vis\/\" \/>\n<meta property=\"og:locale\" content=\"de_DE\" \/>\n<meta property=\"og:type\" content=\"article\" \/>\n<meta property=\"og:title\" content=\"Vis \u00e0 Vis - Acielo Abierto\" \/>\n<meta property=\"og:description\" content=\"Das Sofa Vis \u00e0 vis ist eine Hommage an das reine Design. Schlanke Plattformen aus Teakholz, die zu schweben scheinen, tragen bequeme Outdoor-Kissen, ohne sichtbare Arm- oder R\u00fcckenst\u00fctzen. Die Kissen werden \u00fcber eine Halterung aus rostfreiem Stahl geschoben, so dass dieses Loungesofa nach allen Seiten hin eine sch\u00f6ne Aussicht bietet. Eine grafische Umrandung aus Teakholzlatten [&hellip;]\" \/>\n<meta property=\"og:url\" content=\"https:\/\/acieloabierto.net\/de\/produkte\/vis-a-vis\/\" \/>\n<meta property=\"og:site_name\" content=\"Acielo Abierto\" \/>\n<meta property=\"og:image\" content=\"https:\/\/acieloabierto.net\/wp-content\/uploads\/2021\/03\/visavis-tribu-stoel1.jpg\" \/>\n\t<meta property=\"og:image:width\" content=\"1920\" \/>\n\t<meta property=\"og:image:height\" content=\"1284\" \/>\n<meta name=\"twitter:card\" content=\"summary_large_image\" \/>\n<meta name=\"twitter:label1\" content=\"Gesch\u00e4tzte Lesezeit\">\n\t<meta name=\"twitter:data1\" content=\"1\u00a0Minute\">\n<script type=\"application\/ld+json\" class=\"yoast-schema-graph\">{\"@context\":\"https:\/\/schema.org\",\"@graph\":[{\"@type\":\"Organization\",\"@id\":\"https:\/\/acieloabierto.net\/en\/#organization\",\"name\":\"A Cielo Abierto\",\"url\":\"https:\/\/acieloabierto.net\/en\/\",\"sameAs\":[],\"logo\":{\"@type\":\"ImageObject\",\"@id\":\"https:\/\/acieloabierto.net\/en\/#logo\",\"inLanguage\":\"de\",\"url\":\"https:\/\/acieloabierto.net\/wp-content\/uploads\/2021\/02\/logo.svg\",\"contentUrl\":\"https:\/\/acieloabierto.net\/wp-content\/uploads\/2021\/02\/logo.svg\",\"caption\":\"A Cielo Abierto\"},\"image\":{\"@id\":\"https:\/\/acieloabierto.net\/en\/#logo\"}},{\"@type\":\"WebSite\",\"@id\":\"https:\/\/acieloabierto.net\/en\/#website\",\"url\":\"https:\/\/acieloabierto.net\/en\/\",\"name\":\"Acielo Abierto\",\"description\":\"Tuinmeubels Costa Blanca\",\"publisher\":{\"@id\":\"https:\/\/acieloabierto.net\/en\/#organization\"},\"potentialAction\":[{\"@type\":\"SearchAction\",\"target\":\"https:\/\/acieloabierto.net\/en\/?s={search_term_string}\",\"query-input\":\"required name=search_term_string\"}],\"inLanguage\":\"de\"},{\"@type\":\"ImageObject\",\"@id\":\"https:\/\/acieloabierto.net\/de\/produkte\/vis-a-vis\/#primaryimage\",\"inLanguage\":\"de\",\"url\":\"https:\/\/acieloabierto.net\/wp-content\/uploads\/2021\/03\/visavis-tribu-stoel1.jpg\",\"contentUrl\":\"https:\/\/acieloabierto.net\/wp-content\/uploads\/2021\/03\/visavis-tribu-stoel1.jpg\",\"width\":1920,\"height\":1284},{\"@type\":\"WebPage\",\"@id\":\"https:\/\/acieloabierto.net\/de\/produkte\/vis-a-vis\/#webpage\",\"url\":\"https:\/\/acieloabierto.net\/de\/produkte\/vis-a-vis\/\",\"name\":\"Vis \\u00e0 Vis - Acielo Abierto\",\"isPartOf\":{\"@id\":\"https:\/\/acieloabierto.net\/en\/#website\"},\"primaryImageOfPage\":{\"@id\":\"https:\/\/acieloabierto.net\/de\/produkte\/vis-a-vis\/#primaryimage\"},\"datePublished\":\"2021-03-04T13:03:23+00:00\",\"dateModified\":\"2021-03-04T13:03:23+00:00\",\"breadcrumb\":{\"@id\":\"https:\/\/acieloabierto.net\/de\/produkte\/vis-a-vis\/#breadcrumb\"},\"inLanguage\":\"de\",\"potentialAction\":[{\"@type\":\"ReadAction\",\"target\":[\"https:\/\/acieloabierto.net\/de\/produkte\/vis-a-vis\/\"]}]},{\"@type\":\"BreadcrumbList\",\"@id\":\"https:\/\/acieloabierto.net\/de\/produkte\/vis-a-vis\/#breadcrumb\",\"itemListElement\":[{\"@type\":\"ListItem\",\"position\":1,\"item\":{\"@type\":\"WebPage\",\"@id\":\"https:\/\/acieloabierto.net\/\",\"url\":\"https:\/\/acieloabierto.net\/\",\"name\":\"Home\"}},{\"@type\":\"ListItem\",\"position\":2,\"item\":{\"@type\":\"WebPage\",\"@id\":\"\",\"url\":\"\",\"name\":\"\"}},{\"@type\":\"ListItem\",\"position\":3,\"item\":{\"@id\":\"https:\/\/acieloabierto.net\/de\/produkte\/vis-a-vis\/#webpage\"}}]}]}<\/script>\n<!-- \/ Yoast SEO plugin. -->","_links":{"self":[{"href":"https:\/\/acieloabierto.net\/de\/wp-json\/wp\/v2\/product\/13721"}],"collection":[{"href":"https:\/\/acieloabierto.net\/de\/wp-json\/wp\/v2\/product"}],"about":[{"href":"https:\/\/acieloabierto.net\/de\/wp-json\/wp\/v2\/types\/product"}],"replies":[{"embeddable":true,"href":"https:\/\/acieloabierto.net\/de\/wp-json\/wp\/v2\/comments?post=13721"}],"wp:featuredmedia":[{"embeddable":true,"href":"https:\/\/acieloabierto.net\/de\/wp-json\/wp\/v2\/media\/13722"}],"wp:attachment":[{"href":"https:\/\/acieloabierto.net\/de\/wp-json\/wp\/v2\/media?parent=13721"}],"curies":[{"name":"wp","href":"https:\/\/api.w.org\/{rel}","templated":true}]}}