{"id":13710,"date":"2021-03-04T13:59:20","date_gmt":"2021-03-04T12:59:20","guid":{"rendered":"https:\/\/acieloabierto.net\/producten\/tosca\/"},"modified":"2021-03-04T13:59:20","modified_gmt":"2021-03-04T12:59:20","slug":"tosca","status":"publish","type":"product","link":"https:\/\/acieloabierto.net\/de\/produkte\/tosca\/","title":{"rendered":"Tosca"},"content":{"rendered":"<p><span style=\"font-weight: 400;\">Die Tosca-Kollektion ist gleichzeitig warm und einladend, schick und faszinierend. Es war das erste Mal, dass TRIB\u00d9 eine Designerin engagierte. Weiblichkeit und Emotion waren daher die Schl\u00fcsselw\u00f6rter bei der Gestaltung dieser exklusiven Outdoor-M\u00f6belkollektion. Eine elegante Sitzschale aus pulverbeschichtetem Edelstahl wird von schlanken, konisch zulaufenden Beinen getragen und mit einem extra breiten, vertikalen Geflecht \u00fcberzogen. Das Material f\u00fcr dieses Geflecht ist durchaus als innovativ zu bezeichnen: Schaumstoff wird mit einem schlauchf\u00f6rmigen, aus Textil und Polyolefin gestrickten \u201eStrumpf\u201c \u00fcberzogen. Das Material sieht erstaunlich nat\u00fcrlich aus und ist dennoch 100% wetterfest. Auch der Sitzkomfort der M\u00f6bel ist sehr angenehm, dank der bequemen Outdoor-Kissen.<\/span><\/p>\n","protected":false},"excerpt":{"rendered":"<p>Die Tosca-Kollektion ist gleichzeitig warm und einladend, schick und faszinierend. Es war das erste Mal, dass TRIB\u00d9 eine Designerin engagierte. Weiblichkeit und Emotion waren daher die Schl\u00fcsselw\u00f6rter bei der Gestaltung dieser exklusiven Outdoor-M\u00f6belkollektion. Eine elegante Sitzschale aus pulverbeschichtetem Edelstahl wird von schlanken, konisch zulaufenden Beinen getragen und mit einem extra breiten, vertikalen Geflecht \u00fcberzogen. Das [&hellip;]<\/p>\n","protected":false},"featured_media":13711,"comment_status":"open","ping_status":"closed","template":"","meta":{"wds_primary_pwb-brand":0,"wds_primary_product_cat":0},"brands":[{"id":668,"name":"Tribu","slug":"tribu-de"}],"yoast_head":"<!-- This site is optimized with the Yoast SEO plugin v16.3 - https:\/\/yoast.com\/wordpress\/plugins\/seo\/ -->\n<title>Tosca - Acielo Abierto<\/title>\n<meta name=\"robots\" content=\"index, follow, max-snippet:-1, max-image-preview:large, max-video-preview:-1\" \/>\n<link rel=\"canonical\" href=\"https:\/\/acieloabierto.net\/de\/produkte\/tosca\/\" \/>\n<meta property=\"og:locale\" content=\"de_DE\" \/>\n<meta property=\"og:type\" content=\"article\" \/>\n<meta property=\"og:title\" content=\"Tosca - Acielo Abierto\" \/>\n<meta property=\"og:description\" content=\"Die Tosca-Kollektion ist gleichzeitig warm und einladend, schick und faszinierend. Es war das erste Mal, dass TRIB\u00d9 eine Designerin engagierte. Weiblichkeit und Emotion waren daher die Schl\u00fcsselw\u00f6rter bei der Gestaltung dieser exklusiven Outdoor-M\u00f6belkollektion. Eine elegante Sitzschale aus pulverbeschichtetem Edelstahl wird von schlanken, konisch zulaufenden Beinen getragen und mit einem extra breiten, vertikalen Geflecht \u00fcberzogen. Das [&hellip;]\" \/>\n<meta property=\"og:url\" content=\"https:\/\/acieloabierto.net\/de\/produkte\/tosca\/\" \/>\n<meta property=\"og:site_name\" content=\"Acielo Abierto\" \/>\n<meta property=\"og:image\" content=\"https:\/\/acieloabierto.net\/wp-content\/uploads\/2021\/03\/tosca-tribu-stoel.jpg\" \/>\n\t<meta property=\"og:image:width\" content=\"1920\" \/>\n\t<meta property=\"og:image:height\" content=\"1282\" \/>\n<meta name=\"twitter:card\" content=\"summary_large_image\" \/>\n<meta name=\"twitter:label1\" content=\"Gesch\u00e4tzte Lesezeit\">\n\t<meta name=\"twitter:data1\" content=\"1\u00a0Minute\">\n<script type=\"application\/ld+json\" class=\"yoast-schema-graph\">{\"@context\":\"https:\/\/schema.org\",\"@graph\":[{\"@type\":\"Organization\",\"@id\":\"https:\/\/acieloabierto.net\/en\/#organization\",\"name\":\"A Cielo Abierto\",\"url\":\"https:\/\/acieloabierto.net\/en\/\",\"sameAs\":[],\"logo\":{\"@type\":\"ImageObject\",\"@id\":\"https:\/\/acieloabierto.net\/en\/#logo\",\"inLanguage\":\"de\",\"url\":\"https:\/\/acieloabierto.net\/wp-content\/uploads\/2021\/02\/logo.svg\",\"contentUrl\":\"https:\/\/acieloabierto.net\/wp-content\/uploads\/2021\/02\/logo.svg\",\"caption\":\"A Cielo Abierto\"},\"image\":{\"@id\":\"https:\/\/acieloabierto.net\/en\/#logo\"}},{\"@type\":\"WebSite\",\"@id\":\"https:\/\/acieloabierto.net\/en\/#website\",\"url\":\"https:\/\/acieloabierto.net\/en\/\",\"name\":\"Acielo Abierto\",\"description\":\"Tuinmeubels Costa Blanca\",\"publisher\":{\"@id\":\"https:\/\/acieloabierto.net\/en\/#organization\"},\"potentialAction\":[{\"@type\":\"SearchAction\",\"target\":\"https:\/\/acieloabierto.net\/en\/?s={search_term_string}\",\"query-input\":\"required name=search_term_string\"}],\"inLanguage\":\"de\"},{\"@type\":\"ImageObject\",\"@id\":\"https:\/\/acieloabierto.net\/de\/produkte\/tosca\/#primaryimage\",\"inLanguage\":\"de\",\"url\":\"https:\/\/acieloabierto.net\/wp-content\/uploads\/2021\/03\/tosca-tribu-stoel.jpg\",\"contentUrl\":\"https:\/\/acieloabierto.net\/wp-content\/uploads\/2021\/03\/tosca-tribu-stoel.jpg\",\"width\":1920,\"height\":1282},{\"@type\":\"WebPage\",\"@id\":\"https:\/\/acieloabierto.net\/de\/produkte\/tosca\/#webpage\",\"url\":\"https:\/\/acieloabierto.net\/de\/produkte\/tosca\/\",\"name\":\"Tosca - Acielo Abierto\",\"isPartOf\":{\"@id\":\"https:\/\/acieloabierto.net\/en\/#website\"},\"primaryImageOfPage\":{\"@id\":\"https:\/\/acieloabierto.net\/de\/produkte\/tosca\/#primaryimage\"},\"datePublished\":\"2021-03-04T12:59:20+00:00\",\"dateModified\":\"2021-03-04T12:59:20+00:00\",\"breadcrumb\":{\"@id\":\"https:\/\/acieloabierto.net\/de\/produkte\/tosca\/#breadcrumb\"},\"inLanguage\":\"de\",\"potentialAction\":[{\"@type\":\"ReadAction\",\"target\":[\"https:\/\/acieloabierto.net\/de\/produkte\/tosca\/\"]}]},{\"@type\":\"BreadcrumbList\",\"@id\":\"https:\/\/acieloabierto.net\/de\/produkte\/tosca\/#breadcrumb\",\"itemListElement\":[{\"@type\":\"ListItem\",\"position\":1,\"item\":{\"@type\":\"WebPage\",\"@id\":\"https:\/\/acieloabierto.net\/\",\"url\":\"https:\/\/acieloabierto.net\/\",\"name\":\"Home\"}},{\"@type\":\"ListItem\",\"position\":2,\"item\":{\"@type\":\"WebPage\",\"@id\":\"\",\"url\":\"\",\"name\":\"\"}},{\"@type\":\"ListItem\",\"position\":3,\"item\":{\"@id\":\"https:\/\/acieloabierto.net\/de\/produkte\/tosca\/#webpage\"}}]}]}<\/script>\n<!-- \/ Yoast SEO plugin. -->","_links":{"self":[{"href":"https:\/\/acieloabierto.net\/de\/wp-json\/wp\/v2\/product\/13710"}],"collection":[{"href":"https:\/\/acieloabierto.net\/de\/wp-json\/wp\/v2\/product"}],"about":[{"href":"https:\/\/acieloabierto.net\/de\/wp-json\/wp\/v2\/types\/product"}],"replies":[{"embeddable":true,"href":"https:\/\/acieloabierto.net\/de\/wp-json\/wp\/v2\/comments?post=13710"}],"wp:featuredmedia":[{"embeddable":true,"href":"https:\/\/acieloabierto.net\/de\/wp-json\/wp\/v2\/media\/13711"}],"wp:attachment":[{"href":"https:\/\/acieloabierto.net\/de\/wp-json\/wp\/v2\/media?parent=13710"}],"curies":[{"name":"wp","href":"https:\/\/api.w.org\/{rel}","templated":true}]}}