{"id":13698,"date":"2021-03-04T13:55:21","date_gmt":"2021-03-04T12:55:21","guid":{"rendered":"https:\/\/acieloabierto.net\/producten\/senja\/"},"modified":"2021-03-04T13:55:21","modified_gmt":"2021-03-04T12:55:21","slug":"senja","status":"publish","type":"product","link":"https:\/\/acieloabierto.net\/de\/produkte\/senja\/","title":{"rendered":"Senja"},"content":{"rendered":"<p><span style=\"font-weight: 400;\">Entspannen Sie sich und machen Sie es sich auf dem ultra-modularen Sofa Senja bequem. Kombinieren Sie ein-, zwei- oder dreisitzige Module mit hohen oder niedrigen Armlehnen, w\u00e4hlen Sie die Farbe der Beine und halten Sie alles, was Sie brauchen, mit einer Tischplatte, einer Konsole oder einem Beistelltisch aus Teakholz oder glasiertem Lavastein griffbereit. Senja ist au\u00dferdem in zwei Sitztiefen erh\u00e4ltlich: eine Standardtiefe oder eine extra tiefe Version f\u00fcr noch mehr Lounge-Komfort. Die Kissen im nordischen Stil sind mit einem Keder versehen und halten dank der luftdurchl\u00e4ssigen, wasserabweisenden Polsterung auch einem Regenschauer stand. Die N\u00e4hte des F\u00fcllbezugs sind zus\u00e4tzlich von innen ummantelt, so dass Feuchtigkeit keine Chance hat. Bei den Stoffen k\u00f6nnen Sie aus mehr als 100 von der Natur inspirierten Outdoor-Stoffen w\u00e4hlen.<\/span><\/p>\n","protected":false},"excerpt":{"rendered":"<p>Entspannen Sie sich und machen Sie es sich auf dem ultra-modularen Sofa Senja bequem. Kombinieren Sie ein-, zwei- oder dreisitzige Module mit hohen oder niedrigen Armlehnen, w\u00e4hlen Sie die Farbe der Beine und halten Sie alles, was Sie brauchen, mit einer Tischplatte, einer Konsole oder einem Beistelltisch aus Teakholz oder glasiertem Lavastein griffbereit. Senja ist [&hellip;]<\/p>\n","protected":false},"featured_media":13699,"comment_status":"open","ping_status":"closed","template":"","meta":{"wds_primary_pwb-brand":0,"wds_primary_product_cat":0},"brands":[{"id":668,"name":"Tribu","slug":"tribu-de"}],"yoast_head":"<!-- This site is optimized with the Yoast SEO plugin v16.3 - https:\/\/yoast.com\/wordpress\/plugins\/seo\/ -->\n<title>Senja - Acielo Abierto<\/title>\n<meta name=\"robots\" content=\"index, follow, max-snippet:-1, max-image-preview:large, max-video-preview:-1\" \/>\n<link rel=\"canonical\" href=\"https:\/\/acieloabierto.net\/de\/produkte\/senja\/\" \/>\n<meta property=\"og:locale\" content=\"de_DE\" \/>\n<meta property=\"og:type\" content=\"article\" \/>\n<meta property=\"og:title\" content=\"Senja - Acielo Abierto\" \/>\n<meta property=\"og:description\" content=\"Entspannen Sie sich und machen Sie es sich auf dem ultra-modularen Sofa Senja bequem. Kombinieren Sie ein-, zwei- oder dreisitzige Module mit hohen oder niedrigen Armlehnen, w\u00e4hlen Sie die Farbe der Beine und halten Sie alles, was Sie brauchen, mit einer Tischplatte, einer Konsole oder einem Beistelltisch aus Teakholz oder glasiertem Lavastein griffbereit. Senja ist [&hellip;]\" \/>\n<meta property=\"og:url\" content=\"https:\/\/acieloabierto.net\/de\/produkte\/senja\/\" \/>\n<meta property=\"og:site_name\" content=\"Acielo Abierto\" \/>\n<meta property=\"og:image\" content=\"https:\/\/acieloabierto.net\/wp-content\/uploads\/2021\/03\/senja-tribu-lounge.jpg\" \/>\n\t<meta property=\"og:image:width\" content=\"1920\" \/>\n\t<meta property=\"og:image:height\" content=\"1300\" \/>\n<meta name=\"twitter:card\" content=\"summary_large_image\" \/>\n<meta name=\"twitter:label1\" content=\"Gesch\u00e4tzte Lesezeit\">\n\t<meta name=\"twitter:data1\" content=\"1\u00a0Minute\">\n<script type=\"application\/ld+json\" class=\"yoast-schema-graph\">{\"@context\":\"https:\/\/schema.org\",\"@graph\":[{\"@type\":\"Organization\",\"@id\":\"https:\/\/acieloabierto.net\/en\/#organization\",\"name\":\"A Cielo Abierto\",\"url\":\"https:\/\/acieloabierto.net\/en\/\",\"sameAs\":[],\"logo\":{\"@type\":\"ImageObject\",\"@id\":\"https:\/\/acieloabierto.net\/en\/#logo\",\"inLanguage\":\"de\",\"url\":\"https:\/\/acieloabierto.net\/wp-content\/uploads\/2021\/02\/logo.svg\",\"contentUrl\":\"https:\/\/acieloabierto.net\/wp-content\/uploads\/2021\/02\/logo.svg\",\"caption\":\"A Cielo Abierto\"},\"image\":{\"@id\":\"https:\/\/acieloabierto.net\/en\/#logo\"}},{\"@type\":\"WebSite\",\"@id\":\"https:\/\/acieloabierto.net\/en\/#website\",\"url\":\"https:\/\/acieloabierto.net\/en\/\",\"name\":\"Acielo Abierto\",\"description\":\"Tuinmeubels Costa Blanca\",\"publisher\":{\"@id\":\"https:\/\/acieloabierto.net\/en\/#organization\"},\"potentialAction\":[{\"@type\":\"SearchAction\",\"target\":\"https:\/\/acieloabierto.net\/en\/?s={search_term_string}\",\"query-input\":\"required name=search_term_string\"}],\"inLanguage\":\"de\"},{\"@type\":\"ImageObject\",\"@id\":\"https:\/\/acieloabierto.net\/de\/produkte\/senja\/#primaryimage\",\"inLanguage\":\"de\",\"url\":\"https:\/\/acieloabierto.net\/wp-content\/uploads\/2021\/03\/senja-tribu-lounge.jpg\",\"contentUrl\":\"https:\/\/acieloabierto.net\/wp-content\/uploads\/2021\/03\/senja-tribu-lounge.jpg\",\"width\":1920,\"height\":1300},{\"@type\":\"WebPage\",\"@id\":\"https:\/\/acieloabierto.net\/de\/produkte\/senja\/#webpage\",\"url\":\"https:\/\/acieloabierto.net\/de\/produkte\/senja\/\",\"name\":\"Senja - Acielo Abierto\",\"isPartOf\":{\"@id\":\"https:\/\/acieloabierto.net\/en\/#website\"},\"primaryImageOfPage\":{\"@id\":\"https:\/\/acieloabierto.net\/de\/produkte\/senja\/#primaryimage\"},\"datePublished\":\"2021-03-04T12:55:21+00:00\",\"dateModified\":\"2021-03-04T12:55:21+00:00\",\"breadcrumb\":{\"@id\":\"https:\/\/acieloabierto.net\/de\/produkte\/senja\/#breadcrumb\"},\"inLanguage\":\"de\",\"potentialAction\":[{\"@type\":\"ReadAction\",\"target\":[\"https:\/\/acieloabierto.net\/de\/produkte\/senja\/\"]}]},{\"@type\":\"BreadcrumbList\",\"@id\":\"https:\/\/acieloabierto.net\/de\/produkte\/senja\/#breadcrumb\",\"itemListElement\":[{\"@type\":\"ListItem\",\"position\":1,\"item\":{\"@type\":\"WebPage\",\"@id\":\"https:\/\/acieloabierto.net\/\",\"url\":\"https:\/\/acieloabierto.net\/\",\"name\":\"Home\"}},{\"@type\":\"ListItem\",\"position\":2,\"item\":{\"@type\":\"WebPage\",\"@id\":\"\",\"url\":\"\",\"name\":\"\"}},{\"@type\":\"ListItem\",\"position\":3,\"item\":{\"@id\":\"https:\/\/acieloabierto.net\/de\/produkte\/senja\/#webpage\"}}]}]}<\/script>\n<!-- \/ Yoast SEO plugin. -->","_links":{"self":[{"href":"https:\/\/acieloabierto.net\/de\/wp-json\/wp\/v2\/product\/13698"}],"collection":[{"href":"https:\/\/acieloabierto.net\/de\/wp-json\/wp\/v2\/product"}],"about":[{"href":"https:\/\/acieloabierto.net\/de\/wp-json\/wp\/v2\/types\/product"}],"replies":[{"embeddable":true,"href":"https:\/\/acieloabierto.net\/de\/wp-json\/wp\/v2\/comments?post=13698"}],"wp:featuredmedia":[{"embeddable":true,"href":"https:\/\/acieloabierto.net\/de\/wp-json\/wp\/v2\/media\/13699"}],"wp:attachment":[{"href":"https:\/\/acieloabierto.net\/de\/wp-json\/wp\/v2\/media?parent=13698"}],"curies":[{"name":"wp","href":"https:\/\/api.w.org\/{rel}","templated":true}]}}