{"id":13687,"date":"2021-03-04T13:52:22","date_gmt":"2021-03-04T12:52:22","guid":{"rendered":"https:\/\/acieloabierto.net\/producten\/pure\/"},"modified":"2021-03-04T13:52:22","modified_gmt":"2021-03-04T12:52:22","slug":"pure","status":"publish","type":"product","link":"https:\/\/acieloabierto.net\/de\/produkte\/pure\/","title":{"rendered":"Pure"},"content":{"rendered":"<p><span style=\"font-weight: 400;\">Mit Pure Sofa reduziert der Designer Andrei Munteanu das Design auf das Wesentliche, ohne jeden \u00dcberfluss: pure Schlichtheit und Eleganz. Dieses modulare Teakholzsofa f\u00fcr den Au\u00dfenbereich besteht aus f\u00fcnf Elementen, die Sie leicht kombinieren k\u00f6nnen, um das Loungeset Ihrer Tr\u00e4ume zu schaffen. Trib\u00f9 w\u00e4hlt f\u00fcr sein Teakholz nur hochwertiges A-Klasse-Holz aus nachhaltig bewirtschafteten Plantagen in Indonesien aus, das von der Tochtergesellschaft Trib\u00f9 Asia ganzj\u00e4hrig vor Ort kontrolliert wird. Die Kissen sind in 2 verschiedenen Designs und einer gro\u00dfen Auswahl an luxuri\u00f6sen Outdoor-Stoffen erh\u00e4ltlich. Dank der luftdurchl\u00e4ssigen und wasserabweisenden Polsterung k\u00f6nnen die Kissen problemlos einen Regenschauer \u00fcberstehen.<\/span><\/p>\n","protected":false},"excerpt":{"rendered":"<p>Mit Pure Sofa reduziert der Designer Andrei Munteanu das Design auf das Wesentliche, ohne jeden \u00dcberfluss: pure Schlichtheit und Eleganz. Dieses modulare Teakholzsofa f\u00fcr den Au\u00dfenbereich besteht aus f\u00fcnf Elementen, die Sie leicht kombinieren k\u00f6nnen, um das Loungeset Ihrer Tr\u00e4ume zu schaffen. Trib\u00f9 w\u00e4hlt f\u00fcr sein Teakholz nur hochwertiges A-Klasse-Holz aus nachhaltig bewirtschafteten Plantagen in [&hellip;]<\/p>\n","protected":false},"featured_media":13688,"comment_status":"open","ping_status":"closed","template":"","meta":{"wds_primary_pwb-brand":0,"wds_primary_product_cat":0},"brands":[{"id":668,"name":"Tribu","slug":"tribu-de"}],"yoast_head":"<!-- This site is optimized with the Yoast SEO plugin v16.3 - https:\/\/yoast.com\/wordpress\/plugins\/seo\/ -->\n<title>Pure - Acielo Abierto<\/title>\n<meta name=\"robots\" content=\"index, follow, max-snippet:-1, max-image-preview:large, max-video-preview:-1\" \/>\n<link rel=\"canonical\" href=\"https:\/\/acieloabierto.net\/de\/produkte\/pure\/\" \/>\n<meta property=\"og:locale\" content=\"de_DE\" \/>\n<meta property=\"og:type\" content=\"article\" \/>\n<meta property=\"og:title\" content=\"Pure - Acielo Abierto\" \/>\n<meta property=\"og:description\" content=\"Mit Pure Sofa reduziert der Designer Andrei Munteanu das Design auf das Wesentliche, ohne jeden \u00dcberfluss: pure Schlichtheit und Eleganz. Dieses modulare Teakholzsofa f\u00fcr den Au\u00dfenbereich besteht aus f\u00fcnf Elementen, die Sie leicht kombinieren k\u00f6nnen, um das Loungeset Ihrer Tr\u00e4ume zu schaffen. Trib\u00f9 w\u00e4hlt f\u00fcr sein Teakholz nur hochwertiges A-Klasse-Holz aus nachhaltig bewirtschafteten Plantagen in [&hellip;]\" \/>\n<meta property=\"og:url\" content=\"https:\/\/acieloabierto.net\/de\/produkte\/pure\/\" \/>\n<meta property=\"og:site_name\" content=\"Acielo Abierto\" \/>\n<meta property=\"og:image\" content=\"https:\/\/acieloabierto.net\/wp-content\/uploads\/2021\/03\/pure-tribu-lounge1.jpg\" \/>\n\t<meta property=\"og:image:width\" content=\"1920\" \/>\n\t<meta property=\"og:image:height\" content=\"1300\" \/>\n<meta name=\"twitter:card\" content=\"summary_large_image\" \/>\n<meta name=\"twitter:label1\" content=\"Gesch\u00e4tzte Lesezeit\">\n\t<meta name=\"twitter:data1\" content=\"1\u00a0Minute\">\n<script type=\"application\/ld+json\" class=\"yoast-schema-graph\">{\"@context\":\"https:\/\/schema.org\",\"@graph\":[{\"@type\":\"Organization\",\"@id\":\"https:\/\/acieloabierto.net\/en\/#organization\",\"name\":\"A Cielo Abierto\",\"url\":\"https:\/\/acieloabierto.net\/en\/\",\"sameAs\":[],\"logo\":{\"@type\":\"ImageObject\",\"@id\":\"https:\/\/acieloabierto.net\/en\/#logo\",\"inLanguage\":\"de\",\"url\":\"https:\/\/acieloabierto.net\/wp-content\/uploads\/2021\/02\/logo.svg\",\"contentUrl\":\"https:\/\/acieloabierto.net\/wp-content\/uploads\/2021\/02\/logo.svg\",\"caption\":\"A Cielo Abierto\"},\"image\":{\"@id\":\"https:\/\/acieloabierto.net\/en\/#logo\"}},{\"@type\":\"WebSite\",\"@id\":\"https:\/\/acieloabierto.net\/en\/#website\",\"url\":\"https:\/\/acieloabierto.net\/en\/\",\"name\":\"Acielo Abierto\",\"description\":\"Tuinmeubels Costa Blanca\",\"publisher\":{\"@id\":\"https:\/\/acieloabierto.net\/en\/#organization\"},\"potentialAction\":[{\"@type\":\"SearchAction\",\"target\":\"https:\/\/acieloabierto.net\/en\/?s={search_term_string}\",\"query-input\":\"required name=search_term_string\"}],\"inLanguage\":\"de\"},{\"@type\":\"ImageObject\",\"@id\":\"https:\/\/acieloabierto.net\/de\/produkte\/pure\/#primaryimage\",\"inLanguage\":\"de\",\"url\":\"https:\/\/acieloabierto.net\/wp-content\/uploads\/2021\/03\/pure-tribu-lounge1.jpg\",\"contentUrl\":\"https:\/\/acieloabierto.net\/wp-content\/uploads\/2021\/03\/pure-tribu-lounge1.jpg\",\"width\":1920,\"height\":1300},{\"@type\":\"WebPage\",\"@id\":\"https:\/\/acieloabierto.net\/de\/produkte\/pure\/#webpage\",\"url\":\"https:\/\/acieloabierto.net\/de\/produkte\/pure\/\",\"name\":\"Pure - Acielo Abierto\",\"isPartOf\":{\"@id\":\"https:\/\/acieloabierto.net\/en\/#website\"},\"primaryImageOfPage\":{\"@id\":\"https:\/\/acieloabierto.net\/de\/produkte\/pure\/#primaryimage\"},\"datePublished\":\"2021-03-04T12:52:22+00:00\",\"dateModified\":\"2021-03-04T12:52:22+00:00\",\"breadcrumb\":{\"@id\":\"https:\/\/acieloabierto.net\/de\/produkte\/pure\/#breadcrumb\"},\"inLanguage\":\"de\",\"potentialAction\":[{\"@type\":\"ReadAction\",\"target\":[\"https:\/\/acieloabierto.net\/de\/produkte\/pure\/\"]}]},{\"@type\":\"BreadcrumbList\",\"@id\":\"https:\/\/acieloabierto.net\/de\/produkte\/pure\/#breadcrumb\",\"itemListElement\":[{\"@type\":\"ListItem\",\"position\":1,\"item\":{\"@type\":\"WebPage\",\"@id\":\"https:\/\/acieloabierto.net\/\",\"url\":\"https:\/\/acieloabierto.net\/\",\"name\":\"Home\"}},{\"@type\":\"ListItem\",\"position\":2,\"item\":{\"@type\":\"WebPage\",\"@id\":\"\",\"url\":\"\",\"name\":\"\"}},{\"@type\":\"ListItem\",\"position\":3,\"item\":{\"@id\":\"https:\/\/acieloabierto.net\/de\/produkte\/pure\/#webpage\"}}]}]}<\/script>\n<!-- \/ Yoast SEO plugin. -->","_links":{"self":[{"href":"https:\/\/acieloabierto.net\/de\/wp-json\/wp\/v2\/product\/13687"}],"collection":[{"href":"https:\/\/acieloabierto.net\/de\/wp-json\/wp\/v2\/product"}],"about":[{"href":"https:\/\/acieloabierto.net\/de\/wp-json\/wp\/v2\/types\/product"}],"replies":[{"embeddable":true,"href":"https:\/\/acieloabierto.net\/de\/wp-json\/wp\/v2\/comments?post=13687"}],"wp:featuredmedia":[{"embeddable":true,"href":"https:\/\/acieloabierto.net\/de\/wp-json\/wp\/v2\/media\/13688"}],"wp:attachment":[{"href":"https:\/\/acieloabierto.net\/de\/wp-json\/wp\/v2\/media?parent=13687"}],"curies":[{"name":"wp","href":"https:\/\/api.w.org\/{rel}","templated":true}]}}