{"id":13678,"date":"2021-03-04T13:49:53","date_gmt":"2021-03-04T12:49:53","guid":{"rendered":"https:\/\/acieloabierto.net\/producten\/pavilion\/"},"modified":"2021-03-04T13:49:53","modified_gmt":"2021-03-04T12:49:53","slug":"pavilion","status":"publish","type":"product","link":"https:\/\/acieloabierto.net\/de\/produkte\/pavilion\/","title":{"rendered":"Pavilion"},"content":{"rendered":"<p><span style=\"font-weight: 400;\">Monica Armani hat dem klassischen Himmelbett mit einer geometrisch raffinierten Silhouette aus pulverbeschichtetem Aluminium ein modernes Facelifting verpasst. Das Daybed l\u00e4sst sich ganz nach dem eigenen Geschmack zusammenstellen. F\u00fcr die R\u00fcckwand und das Dach k\u00f6nnen Sie zum Beispiel zwischen Aluminium- oder Teakholzlamellen oder dem Sunvision-Stoff w\u00e4hlen, einem patentierten Textil, das die Sonnenstrahlen filtert, ohne das Sonnenlicht zu blockieren. Das Sunvision-Gewebe im Dach l\u00e4sst sich zudem wegschieben, um das Sonnenlicht optimal zu genie\u00dfen. Das Gestell ist in 2 verschiedenen Farben erh\u00e4ltlich und der strapazierf\u00e4hige Batyline-Sitz kann mit 2 bequemen Outdoor-Kissen erg\u00e4nzt werden, die regen- und UV-best\u00e4ndig sind. Ein praktischer Tisch und transparente Vorh\u00e4nge vervollst\u00e4ndigen den Look.<\/span><\/p>\n","protected":false},"excerpt":{"rendered":"<p>Monica Armani hat dem klassischen Himmelbett mit einer geometrisch raffinierten Silhouette aus pulverbeschichtetem Aluminium ein modernes Facelifting verpasst. Das Daybed l\u00e4sst sich ganz nach dem eigenen Geschmack zusammenstellen. F\u00fcr die R\u00fcckwand und das Dach k\u00f6nnen Sie zum Beispiel zwischen Aluminium- oder Teakholzlamellen oder dem Sunvision-Stoff w\u00e4hlen, einem patentierten Textil, das die Sonnenstrahlen filtert, ohne das [&hellip;]<\/p>\n","protected":false},"featured_media":13679,"comment_status":"open","ping_status":"closed","template":"","meta":{"wds_primary_pwb-brand":0,"wds_primary_product_cat":0},"brands":[{"id":668,"name":"Tribu","slug":"tribu-de"}],"yoast_head":"<!-- This site is optimized with the Yoast SEO plugin v16.3 - https:\/\/yoast.com\/wordpress\/plugins\/seo\/ -->\n<title>Pavilion - Acielo Abierto<\/title>\n<meta name=\"robots\" content=\"index, follow, max-snippet:-1, max-image-preview:large, max-video-preview:-1\" \/>\n<link rel=\"canonical\" href=\"https:\/\/acieloabierto.net\/de\/produkte\/pavilion\/\" \/>\n<meta property=\"og:locale\" content=\"de_DE\" \/>\n<meta property=\"og:type\" content=\"article\" \/>\n<meta property=\"og:title\" content=\"Pavilion - Acielo Abierto\" \/>\n<meta property=\"og:description\" content=\"Monica Armani hat dem klassischen Himmelbett mit einer geometrisch raffinierten Silhouette aus pulverbeschichtetem Aluminium ein modernes Facelifting verpasst. Das Daybed l\u00e4sst sich ganz nach dem eigenen Geschmack zusammenstellen. F\u00fcr die R\u00fcckwand und das Dach k\u00f6nnen Sie zum Beispiel zwischen Aluminium- oder Teakholzlamellen oder dem Sunvision-Stoff w\u00e4hlen, einem patentierten Textil, das die Sonnenstrahlen filtert, ohne das [&hellip;]\" \/>\n<meta property=\"og:url\" content=\"https:\/\/acieloabierto.net\/de\/produkte\/pavilion\/\" \/>\n<meta property=\"og:site_name\" content=\"Acielo Abierto\" \/>\n<meta property=\"og:image\" content=\"https:\/\/acieloabierto.net\/wp-content\/uploads\/2021\/03\/pavilion-tribu-lounge1.jpg\" \/>\n\t<meta property=\"og:image:width\" content=\"1920\" \/>\n\t<meta property=\"og:image:height\" content=\"1300\" \/>\n<meta name=\"twitter:card\" content=\"summary_large_image\" \/>\n<meta name=\"twitter:label1\" content=\"Gesch\u00e4tzte Lesezeit\">\n\t<meta name=\"twitter:data1\" content=\"1\u00a0Minute\">\n<script type=\"application\/ld+json\" class=\"yoast-schema-graph\">{\"@context\":\"https:\/\/schema.org\",\"@graph\":[{\"@type\":\"Organization\",\"@id\":\"https:\/\/acieloabierto.net\/en\/#organization\",\"name\":\"A Cielo Abierto\",\"url\":\"https:\/\/acieloabierto.net\/en\/\",\"sameAs\":[],\"logo\":{\"@type\":\"ImageObject\",\"@id\":\"https:\/\/acieloabierto.net\/en\/#logo\",\"inLanguage\":\"de\",\"url\":\"https:\/\/acieloabierto.net\/wp-content\/uploads\/2021\/02\/logo.svg\",\"contentUrl\":\"https:\/\/acieloabierto.net\/wp-content\/uploads\/2021\/02\/logo.svg\",\"caption\":\"A Cielo Abierto\"},\"image\":{\"@id\":\"https:\/\/acieloabierto.net\/en\/#logo\"}},{\"@type\":\"WebSite\",\"@id\":\"https:\/\/acieloabierto.net\/en\/#website\",\"url\":\"https:\/\/acieloabierto.net\/en\/\",\"name\":\"Acielo Abierto\",\"description\":\"Tuinmeubels Costa Blanca\",\"publisher\":{\"@id\":\"https:\/\/acieloabierto.net\/en\/#organization\"},\"potentialAction\":[{\"@type\":\"SearchAction\",\"target\":\"https:\/\/acieloabierto.net\/en\/?s={search_term_string}\",\"query-input\":\"required name=search_term_string\"}],\"inLanguage\":\"de\"},{\"@type\":\"ImageObject\",\"@id\":\"https:\/\/acieloabierto.net\/de\/produkte\/pavilion\/#primaryimage\",\"inLanguage\":\"de\",\"url\":\"https:\/\/acieloabierto.net\/wp-content\/uploads\/2021\/03\/pavilion-tribu-lounge1.jpg\",\"contentUrl\":\"https:\/\/acieloabierto.net\/wp-content\/uploads\/2021\/03\/pavilion-tribu-lounge1.jpg\",\"width\":1920,\"height\":1300},{\"@type\":\"WebPage\",\"@id\":\"https:\/\/acieloabierto.net\/de\/produkte\/pavilion\/#webpage\",\"url\":\"https:\/\/acieloabierto.net\/de\/produkte\/pavilion\/\",\"name\":\"Pavilion - Acielo Abierto\",\"isPartOf\":{\"@id\":\"https:\/\/acieloabierto.net\/en\/#website\"},\"primaryImageOfPage\":{\"@id\":\"https:\/\/acieloabierto.net\/de\/produkte\/pavilion\/#primaryimage\"},\"datePublished\":\"2021-03-04T12:49:53+00:00\",\"dateModified\":\"2021-03-04T12:49:53+00:00\",\"breadcrumb\":{\"@id\":\"https:\/\/acieloabierto.net\/de\/produkte\/pavilion\/#breadcrumb\"},\"inLanguage\":\"de\",\"potentialAction\":[{\"@type\":\"ReadAction\",\"target\":[\"https:\/\/acieloabierto.net\/de\/produkte\/pavilion\/\"]}]},{\"@type\":\"BreadcrumbList\",\"@id\":\"https:\/\/acieloabierto.net\/de\/produkte\/pavilion\/#breadcrumb\",\"itemListElement\":[{\"@type\":\"ListItem\",\"position\":1,\"item\":{\"@type\":\"WebPage\",\"@id\":\"https:\/\/acieloabierto.net\/\",\"url\":\"https:\/\/acieloabierto.net\/\",\"name\":\"Home\"}},{\"@type\":\"ListItem\",\"position\":2,\"item\":{\"@type\":\"WebPage\",\"@id\":\"\",\"url\":\"\",\"name\":\"\"}},{\"@type\":\"ListItem\",\"position\":3,\"item\":{\"@id\":\"https:\/\/acieloabierto.net\/de\/produkte\/pavilion\/#webpage\"}}]}]}<\/script>\n<!-- \/ Yoast SEO plugin. -->","_links":{"self":[{"href":"https:\/\/acieloabierto.net\/de\/wp-json\/wp\/v2\/product\/13678"}],"collection":[{"href":"https:\/\/acieloabierto.net\/de\/wp-json\/wp\/v2\/product"}],"about":[{"href":"https:\/\/acieloabierto.net\/de\/wp-json\/wp\/v2\/types\/product"}],"replies":[{"embeddable":true,"href":"https:\/\/acieloabierto.net\/de\/wp-json\/wp\/v2\/comments?post=13678"}],"wp:featuredmedia":[{"embeddable":true,"href":"https:\/\/acieloabierto.net\/de\/wp-json\/wp\/v2\/media\/13679"}],"wp:attachment":[{"href":"https:\/\/acieloabierto.net\/de\/wp-json\/wp\/v2\/media?parent=13678"}],"curies":[{"name":"wp","href":"https:\/\/api.w.org\/{rel}","templated":true}]}}