{"id":13669,"date":"2021-03-04T13:47:53","date_gmt":"2021-03-04T12:47:53","guid":{"rendered":"https:\/\/acieloabierto.net\/producten\/nodi\/"},"modified":"2021-03-04T13:47:53","modified_gmt":"2021-03-04T12:47:53","slug":"nodi","status":"publish","type":"product","link":"https:\/\/acieloabierto.net\/de\/produkte\/nodi\/","title":{"rendered":"Nodi"},"content":{"rendered":"<p><span style=\"font-weight: 400;\">Das modulare Sofa Nodi hat eine starke Pers\u00f6nlichkeit, f\u00fcgt sich aber subtil in seine Umgebung ein, ohne die ganze Aufmerksamkeit auf sich zu ziehen. Das Gestell ist aus pulverbeschichtetem Edelstahl, aber das durchdachte Design von Yabu Pushelberg verleiht ihm einen leichten Eindruck. Das Sofa hat einen offenen, architektonischen Look dank der eleganten Kurve des Gestells und des offenen Geflechts aus Canax\u00ae. Die extraweiche, luftige Kissenf\u00fcllung macht Nodi besonders bequem. Mit den drei modularen Sitzelementen und den vier Sitztiefen k\u00f6nnen Sie das Sofa nach Ihren W\u00fcnschen zusammenstellen.<\/span><\/p>\n","protected":false},"excerpt":{"rendered":"<p>Das modulare Sofa Nodi hat eine starke Pers\u00f6nlichkeit, f\u00fcgt sich aber subtil in seine Umgebung ein, ohne die ganze Aufmerksamkeit auf sich zu ziehen. Das Gestell ist aus pulverbeschichtetem Edelstahl, aber das durchdachte Design von Yabu Pushelberg verleiht ihm einen leichten Eindruck. Das Sofa hat einen offenen, architektonischen Look dank der eleganten Kurve des Gestells [&hellip;]<\/p>\n","protected":false},"featured_media":13673,"comment_status":"open","ping_status":"closed","template":"","meta":{"wds_primary_pwb-brand":0,"wds_primary_product_cat":0},"brands":[{"id":668,"name":"Tribu","slug":"tribu-de"}],"yoast_head":"<!-- This site is optimized with the Yoast SEO plugin v16.3 - https:\/\/yoast.com\/wordpress\/plugins\/seo\/ -->\n<title>Nodi - Acielo Abierto<\/title>\n<meta name=\"robots\" content=\"index, follow, max-snippet:-1, max-image-preview:large, max-video-preview:-1\" \/>\n<link rel=\"canonical\" href=\"https:\/\/acieloabierto.net\/de\/produkte\/nodi\/\" \/>\n<meta property=\"og:locale\" content=\"de_DE\" \/>\n<meta property=\"og:type\" content=\"article\" \/>\n<meta property=\"og:title\" content=\"Nodi - Acielo Abierto\" \/>\n<meta property=\"og:description\" content=\"Das modulare Sofa Nodi hat eine starke Pers\u00f6nlichkeit, f\u00fcgt sich aber subtil in seine Umgebung ein, ohne die ganze Aufmerksamkeit auf sich zu ziehen. Das Gestell ist aus pulverbeschichtetem Edelstahl, aber das durchdachte Design von Yabu Pushelberg verleiht ihm einen leichten Eindruck. Das Sofa hat einen offenen, architektonischen Look dank der eleganten Kurve des Gestells [&hellip;]\" \/>\n<meta property=\"og:url\" content=\"https:\/\/acieloabierto.net\/de\/produkte\/nodi\/\" \/>\n<meta property=\"og:site_name\" content=\"Acielo Abierto\" \/>\n<meta property=\"og:image\" content=\"https:\/\/acieloabierto.net\/wp-content\/uploads\/2021\/03\/nodi-tribu-lounge3.jpg\" \/>\n\t<meta property=\"og:image:width\" content=\"1920\" \/>\n\t<meta property=\"og:image:height\" content=\"1300\" \/>\n<meta name=\"twitter:card\" content=\"summary_large_image\" \/>\n<script type=\"application\/ld+json\" class=\"yoast-schema-graph\">{\"@context\":\"https:\/\/schema.org\",\"@graph\":[{\"@type\":\"Organization\",\"@id\":\"https:\/\/acieloabierto.net\/en\/#organization\",\"name\":\"A Cielo Abierto\",\"url\":\"https:\/\/acieloabierto.net\/en\/\",\"sameAs\":[],\"logo\":{\"@type\":\"ImageObject\",\"@id\":\"https:\/\/acieloabierto.net\/en\/#logo\",\"inLanguage\":\"de\",\"url\":\"https:\/\/acieloabierto.net\/wp-content\/uploads\/2021\/02\/logo.svg\",\"contentUrl\":\"https:\/\/acieloabierto.net\/wp-content\/uploads\/2021\/02\/logo.svg\",\"caption\":\"A Cielo Abierto\"},\"image\":{\"@id\":\"https:\/\/acieloabierto.net\/en\/#logo\"}},{\"@type\":\"WebSite\",\"@id\":\"https:\/\/acieloabierto.net\/en\/#website\",\"url\":\"https:\/\/acieloabierto.net\/en\/\",\"name\":\"Acielo Abierto\",\"description\":\"Tuinmeubels Costa Blanca\",\"publisher\":{\"@id\":\"https:\/\/acieloabierto.net\/en\/#organization\"},\"potentialAction\":[{\"@type\":\"SearchAction\",\"target\":\"https:\/\/acieloabierto.net\/en\/?s={search_term_string}\",\"query-input\":\"required name=search_term_string\"}],\"inLanguage\":\"de\"},{\"@type\":\"ImageObject\",\"@id\":\"https:\/\/acieloabierto.net\/de\/produkte\/nodi\/#primaryimage\",\"inLanguage\":\"de\",\"url\":\"https:\/\/acieloabierto.net\/wp-content\/uploads\/2021\/03\/nodi-tribu-lounge3.jpg\",\"contentUrl\":\"https:\/\/acieloabierto.net\/wp-content\/uploads\/2021\/03\/nodi-tribu-lounge3.jpg\",\"width\":1920,\"height\":1300},{\"@type\":\"WebPage\",\"@id\":\"https:\/\/acieloabierto.net\/de\/produkte\/nodi\/#webpage\",\"url\":\"https:\/\/acieloabierto.net\/de\/produkte\/nodi\/\",\"name\":\"Nodi - Acielo Abierto\",\"isPartOf\":{\"@id\":\"https:\/\/acieloabierto.net\/en\/#website\"},\"primaryImageOfPage\":{\"@id\":\"https:\/\/acieloabierto.net\/de\/produkte\/nodi\/#primaryimage\"},\"datePublished\":\"2021-03-04T12:47:53+00:00\",\"dateModified\":\"2021-03-04T12:47:53+00:00\",\"breadcrumb\":{\"@id\":\"https:\/\/acieloabierto.net\/de\/produkte\/nodi\/#breadcrumb\"},\"inLanguage\":\"de\",\"potentialAction\":[{\"@type\":\"ReadAction\",\"target\":[\"https:\/\/acieloabierto.net\/de\/produkte\/nodi\/\"]}]},{\"@type\":\"BreadcrumbList\",\"@id\":\"https:\/\/acieloabierto.net\/de\/produkte\/nodi\/#breadcrumb\",\"itemListElement\":[{\"@type\":\"ListItem\",\"position\":1,\"item\":{\"@type\":\"WebPage\",\"@id\":\"https:\/\/acieloabierto.net\/\",\"url\":\"https:\/\/acieloabierto.net\/\",\"name\":\"Home\"}},{\"@type\":\"ListItem\",\"position\":2,\"item\":{\"@type\":\"WebPage\",\"@id\":\"\",\"url\":\"\",\"name\":\"\"}},{\"@type\":\"ListItem\",\"position\":3,\"item\":{\"@id\":\"https:\/\/acieloabierto.net\/de\/produkte\/nodi\/#webpage\"}}]}]}<\/script>\n<!-- \/ Yoast SEO plugin. -->","_links":{"self":[{"href":"https:\/\/acieloabierto.net\/de\/wp-json\/wp\/v2\/product\/13669"}],"collection":[{"href":"https:\/\/acieloabierto.net\/de\/wp-json\/wp\/v2\/product"}],"about":[{"href":"https:\/\/acieloabierto.net\/de\/wp-json\/wp\/v2\/types\/product"}],"replies":[{"embeddable":true,"href":"https:\/\/acieloabierto.net\/de\/wp-json\/wp\/v2\/comments?post=13669"}],"wp:featuredmedia":[{"embeddable":true,"href":"https:\/\/acieloabierto.net\/de\/wp-json\/wp\/v2\/media\/13673"}],"wp:attachment":[{"href":"https:\/\/acieloabierto.net\/de\/wp-json\/wp\/v2\/media?parent=13669"}],"curies":[{"name":"wp","href":"https:\/\/api.w.org\/{rel}","templated":true}]}}