{"id":13658,"date":"2021-03-04T11:25:14","date_gmt":"2021-03-04T10:25:14","guid":{"rendered":"https:\/\/acieloabierto.net\/producten\/natal\/"},"modified":"2021-03-04T11:25:14","modified_gmt":"2021-03-04T10:25:14","slug":"natal","status":"publish","type":"product","link":"https:\/\/acieloabierto.net\/de\/produkte\/natal\/","title":{"rendered":"Natal"},"content":{"rendered":"<p><span style=\"font-weight: 400;\">Ein dezenter Rahmen mit geschwungenen Armlehnen steht in sch\u00f6nem Kontrast zum Volumen der Kissen, die von einem Geflecht aus breiten Textilb\u00e4ndern getragen werden. Das zeitlose und elegante Natal Alu Sofa ist ein Outdoor-Sofa, das auf jede Terrasse passt. Mit neunzehn verschiedenen Modulen, zwei verschiedenen Sitztiefen, zwei verf\u00fcgbaren Gestellfarben und mehr als 100 Stoffen sind die M\u00f6glichkeiten endlos. Das Gestell aus Aluminium ist pulverbeschichtet mit einem ultra-strapazierf\u00e4higen UV- und kratzfesten Strukturlack, der auch eine sch\u00f6ne matte Optik bietet. Besonderes Augenmerk wird auf die Outdoor-Kissen gelegt, die mit einer luftdurchl\u00e4ssigen, wasserabweisenden F\u00fcllung versehen sind, so dass sie auch einem Regenschauer problemlos standhalten. Die N\u00e4hte des Polsterbezugs sind zus\u00e4tzlich auf der Innenseite \u00fcberlagert, so dass Feuchtigkeit keine Chance hat.<\/span><\/p>\n","protected":false},"excerpt":{"rendered":"<p>Ein dezenter Rahmen mit geschwungenen Armlehnen steht in sch\u00f6nem Kontrast zum Volumen der Kissen, die von einem Geflecht aus breiten Textilb\u00e4ndern getragen werden. Das zeitlose und elegante Natal Alu Sofa ist ein Outdoor-Sofa, das auf jede Terrasse passt. Mit neunzehn verschiedenen Modulen, zwei verschiedenen Sitztiefen, zwei verf\u00fcgbaren Gestellfarben und mehr als 100 Stoffen sind die [&hellip;]<\/p>\n","protected":false},"featured_media":13659,"comment_status":"open","ping_status":"closed","template":"","meta":{"wds_primary_pwb-brand":0,"wds_primary_product_cat":0},"brands":[{"id":668,"name":"Tribu","slug":"tribu-de"}],"yoast_head":"<!-- This site is optimized with the Yoast SEO plugin v16.3 - https:\/\/yoast.com\/wordpress\/plugins\/seo\/ -->\n<title>Natal - Acielo Abierto<\/title>\n<meta name=\"robots\" content=\"index, follow, max-snippet:-1, max-image-preview:large, max-video-preview:-1\" \/>\n<link rel=\"canonical\" href=\"https:\/\/acieloabierto.net\/de\/produkte\/natal\/\" \/>\n<meta property=\"og:locale\" content=\"de_DE\" \/>\n<meta property=\"og:type\" content=\"article\" \/>\n<meta property=\"og:title\" content=\"Natal - Acielo Abierto\" \/>\n<meta property=\"og:description\" content=\"Ein dezenter Rahmen mit geschwungenen Armlehnen steht in sch\u00f6nem Kontrast zum Volumen der Kissen, die von einem Geflecht aus breiten Textilb\u00e4ndern getragen werden. Das zeitlose und elegante Natal Alu Sofa ist ein Outdoor-Sofa, das auf jede Terrasse passt. Mit neunzehn verschiedenen Modulen, zwei verschiedenen Sitztiefen, zwei verf\u00fcgbaren Gestellfarben und mehr als 100 Stoffen sind die [&hellip;]\" \/>\n<meta property=\"og:url\" content=\"https:\/\/acieloabierto.net\/de\/produkte\/natal\/\" \/>\n<meta property=\"og:site_name\" content=\"Acielo Abierto\" \/>\n<meta property=\"og:image\" content=\"https:\/\/acieloabierto.net\/wp-content\/uploads\/2021\/03\/natal-tribu-lounge2.jpg\" \/>\n\t<meta property=\"og:image:width\" content=\"1920\" \/>\n\t<meta property=\"og:image:height\" content=\"1300\" \/>\n<meta name=\"twitter:card\" content=\"summary_large_image\" \/>\n<meta name=\"twitter:label1\" content=\"Gesch\u00e4tzte Lesezeit\">\n\t<meta name=\"twitter:data1\" content=\"1\u00a0Minute\">\n<script type=\"application\/ld+json\" class=\"yoast-schema-graph\">{\"@context\":\"https:\/\/schema.org\",\"@graph\":[{\"@type\":\"Organization\",\"@id\":\"https:\/\/acieloabierto.net\/en\/#organization\",\"name\":\"A Cielo Abierto\",\"url\":\"https:\/\/acieloabierto.net\/en\/\",\"sameAs\":[],\"logo\":{\"@type\":\"ImageObject\",\"@id\":\"https:\/\/acieloabierto.net\/en\/#logo\",\"inLanguage\":\"de\",\"url\":\"https:\/\/acieloabierto.net\/wp-content\/uploads\/2021\/02\/logo.svg\",\"contentUrl\":\"https:\/\/acieloabierto.net\/wp-content\/uploads\/2021\/02\/logo.svg\",\"caption\":\"A Cielo Abierto\"},\"image\":{\"@id\":\"https:\/\/acieloabierto.net\/en\/#logo\"}},{\"@type\":\"WebSite\",\"@id\":\"https:\/\/acieloabierto.net\/en\/#website\",\"url\":\"https:\/\/acieloabierto.net\/en\/\",\"name\":\"Acielo Abierto\",\"description\":\"Tuinmeubels Costa Blanca\",\"publisher\":{\"@id\":\"https:\/\/acieloabierto.net\/en\/#organization\"},\"potentialAction\":[{\"@type\":\"SearchAction\",\"target\":\"https:\/\/acieloabierto.net\/en\/?s={search_term_string}\",\"query-input\":\"required name=search_term_string\"}],\"inLanguage\":\"de\"},{\"@type\":\"ImageObject\",\"@id\":\"https:\/\/acieloabierto.net\/de\/produkte\/natal\/#primaryimage\",\"inLanguage\":\"de\",\"url\":\"https:\/\/acieloabierto.net\/wp-content\/uploads\/2021\/03\/natal-tribu-lounge2.jpg\",\"contentUrl\":\"https:\/\/acieloabierto.net\/wp-content\/uploads\/2021\/03\/natal-tribu-lounge2.jpg\",\"width\":1920,\"height\":1300},{\"@type\":\"WebPage\",\"@id\":\"https:\/\/acieloabierto.net\/de\/produkte\/natal\/#webpage\",\"url\":\"https:\/\/acieloabierto.net\/de\/produkte\/natal\/\",\"name\":\"Natal - Acielo Abierto\",\"isPartOf\":{\"@id\":\"https:\/\/acieloabierto.net\/en\/#website\"},\"primaryImageOfPage\":{\"@id\":\"https:\/\/acieloabierto.net\/de\/produkte\/natal\/#primaryimage\"},\"datePublished\":\"2021-03-04T10:25:14+00:00\",\"dateModified\":\"2021-03-04T10:25:14+00:00\",\"breadcrumb\":{\"@id\":\"https:\/\/acieloabierto.net\/de\/produkte\/natal\/#breadcrumb\"},\"inLanguage\":\"de\",\"potentialAction\":[{\"@type\":\"ReadAction\",\"target\":[\"https:\/\/acieloabierto.net\/de\/produkte\/natal\/\"]}]},{\"@type\":\"BreadcrumbList\",\"@id\":\"https:\/\/acieloabierto.net\/de\/produkte\/natal\/#breadcrumb\",\"itemListElement\":[{\"@type\":\"ListItem\",\"position\":1,\"item\":{\"@type\":\"WebPage\",\"@id\":\"https:\/\/acieloabierto.net\/\",\"url\":\"https:\/\/acieloabierto.net\/\",\"name\":\"Home\"}},{\"@type\":\"ListItem\",\"position\":2,\"item\":{\"@type\":\"WebPage\",\"@id\":\"\",\"url\":\"\",\"name\":\"\"}},{\"@type\":\"ListItem\",\"position\":3,\"item\":{\"@id\":\"https:\/\/acieloabierto.net\/de\/produkte\/natal\/#webpage\"}}]}]}<\/script>\n<!-- \/ Yoast SEO plugin. -->","_links":{"self":[{"href":"https:\/\/acieloabierto.net\/de\/wp-json\/wp\/v2\/product\/13658"}],"collection":[{"href":"https:\/\/acieloabierto.net\/de\/wp-json\/wp\/v2\/product"}],"about":[{"href":"https:\/\/acieloabierto.net\/de\/wp-json\/wp\/v2\/types\/product"}],"replies":[{"embeddable":true,"href":"https:\/\/acieloabierto.net\/de\/wp-json\/wp\/v2\/comments?post=13658"}],"wp:featuredmedia":[{"embeddable":true,"href":"https:\/\/acieloabierto.net\/de\/wp-json\/wp\/v2\/media\/13659"}],"wp:attachment":[{"href":"https:\/\/acieloabierto.net\/de\/wp-json\/wp\/v2\/media?parent=13658"}],"curies":[{"name":"wp","href":"https:\/\/api.w.org\/{rel}","templated":true}]}}