{"id":13646,"date":"2021-03-04T11:13:25","date_gmt":"2021-03-04T10:13:25","guid":{"rendered":"https:\/\/acieloabierto.net\/producten\/mood\/"},"modified":"2021-03-04T11:13:25","modified_gmt":"2021-03-04T10:13:25","slug":"mood","status":"publish","type":"product","link":"https:\/\/acieloabierto.net\/de\/produkte\/mood\/","title":{"rendered":"Mood"},"content":{"rendered":"<p><span style=\"font-weight: 400;\">Das luftige Design der Mood-Kollektion und die warme Kombination aus Teakholz und handgeflochtenen R\u00fcckenlehnen sorgen f\u00fcr ein sofortiges Ambiente auf Ihrer Terrasse. Das sch\u00f6n abgerundete Design des Rahmens verleiht der Kollektion ein freundliches Aussehen. Das Tricord-Geflecht f\u00fchlt sich weich an und ist absolut wetterfest. Trib\u00f9 hat eine Reihe nat\u00fcrlicher Farbt\u00f6ne wie Moos, Leinen, Weng\u00e9, Erdbraun und Steingrau entwickelt, die sich wunderbar in jede Au\u00dfenumgebung einf\u00fcgen.<\/span><\/p>\n","protected":false},"excerpt":{"rendered":"<p>Das luftige Design der Mood-Kollektion und die warme Kombination aus Teakholz und handgeflochtenen R\u00fcckenlehnen sorgen f\u00fcr ein sofortiges Ambiente auf Ihrer Terrasse. Das sch\u00f6n abgerundete Design des Rahmens verleiht der Kollektion ein freundliches Aussehen. Das Tricord-Geflecht f\u00fchlt sich weich an und ist absolut wetterfest. Trib\u00f9 hat eine Reihe nat\u00fcrlicher Farbt\u00f6ne wie Moos, Leinen, Weng\u00e9, Erdbraun [&hellip;]<\/p>\n","protected":false},"featured_media":13647,"comment_status":"open","ping_status":"closed","template":"","meta":{"wds_primary_pwb-brand":0,"wds_primary_product_cat":0},"brands":[{"id":668,"name":"Tribu","slug":"tribu-de"}],"yoast_head":"<!-- This site is optimized with the Yoast SEO plugin v16.3 - https:\/\/yoast.com\/wordpress\/plugins\/seo\/ -->\n<title>Mood - Acielo Abierto<\/title>\n<meta name=\"robots\" content=\"index, follow, max-snippet:-1, max-image-preview:large, max-video-preview:-1\" \/>\n<link rel=\"canonical\" href=\"https:\/\/acieloabierto.net\/de\/produkte\/mood\/\" \/>\n<meta property=\"og:locale\" content=\"de_DE\" \/>\n<meta property=\"og:type\" content=\"article\" \/>\n<meta property=\"og:title\" content=\"Mood - Acielo Abierto\" \/>\n<meta property=\"og:description\" content=\"Das luftige Design der Mood-Kollektion und die warme Kombination aus Teakholz und handgeflochtenen R\u00fcckenlehnen sorgen f\u00fcr ein sofortiges Ambiente auf Ihrer Terrasse. Das sch\u00f6n abgerundete Design des Rahmens verleiht der Kollektion ein freundliches Aussehen. Das Tricord-Geflecht f\u00fchlt sich weich an und ist absolut wetterfest. Trib\u00f9 hat eine Reihe nat\u00fcrlicher Farbt\u00f6ne wie Moos, Leinen, Weng\u00e9, Erdbraun [&hellip;]\" \/>\n<meta property=\"og:url\" content=\"https:\/\/acieloabierto.net\/de\/produkte\/mood\/\" \/>\n<meta property=\"og:site_name\" content=\"Acielo Abierto\" \/>\n<meta property=\"og:image\" content=\"https:\/\/acieloabierto.net\/wp-content\/uploads\/2021\/03\/mood-tribu-lounge1.jpg\" \/>\n\t<meta property=\"og:image:width\" content=\"1920\" \/>\n\t<meta property=\"og:image:height\" content=\"1300\" \/>\n<meta name=\"twitter:card\" content=\"summary_large_image\" \/>\n<script type=\"application\/ld+json\" class=\"yoast-schema-graph\">{\"@context\":\"https:\/\/schema.org\",\"@graph\":[{\"@type\":\"Organization\",\"@id\":\"https:\/\/acieloabierto.net\/en\/#organization\",\"name\":\"A Cielo Abierto\",\"url\":\"https:\/\/acieloabierto.net\/en\/\",\"sameAs\":[],\"logo\":{\"@type\":\"ImageObject\",\"@id\":\"https:\/\/acieloabierto.net\/en\/#logo\",\"inLanguage\":\"de\",\"url\":\"https:\/\/acieloabierto.net\/wp-content\/uploads\/2021\/02\/logo.svg\",\"contentUrl\":\"https:\/\/acieloabierto.net\/wp-content\/uploads\/2021\/02\/logo.svg\",\"caption\":\"A Cielo Abierto\"},\"image\":{\"@id\":\"https:\/\/acieloabierto.net\/en\/#logo\"}},{\"@type\":\"WebSite\",\"@id\":\"https:\/\/acieloabierto.net\/en\/#website\",\"url\":\"https:\/\/acieloabierto.net\/en\/\",\"name\":\"Acielo Abierto\",\"description\":\"Tuinmeubels Costa Blanca\",\"publisher\":{\"@id\":\"https:\/\/acieloabierto.net\/en\/#organization\"},\"potentialAction\":[{\"@type\":\"SearchAction\",\"target\":\"https:\/\/acieloabierto.net\/en\/?s={search_term_string}\",\"query-input\":\"required name=search_term_string\"}],\"inLanguage\":\"de\"},{\"@type\":\"ImageObject\",\"@id\":\"https:\/\/acieloabierto.net\/de\/produkte\/mood\/#primaryimage\",\"inLanguage\":\"de\",\"url\":\"https:\/\/acieloabierto.net\/wp-content\/uploads\/2021\/03\/mood-tribu-lounge1.jpg\",\"contentUrl\":\"https:\/\/acieloabierto.net\/wp-content\/uploads\/2021\/03\/mood-tribu-lounge1.jpg\",\"width\":1920,\"height\":1300},{\"@type\":\"WebPage\",\"@id\":\"https:\/\/acieloabierto.net\/de\/produkte\/mood\/#webpage\",\"url\":\"https:\/\/acieloabierto.net\/de\/produkte\/mood\/\",\"name\":\"Mood - Acielo Abierto\",\"isPartOf\":{\"@id\":\"https:\/\/acieloabierto.net\/en\/#website\"},\"primaryImageOfPage\":{\"@id\":\"https:\/\/acieloabierto.net\/de\/produkte\/mood\/#primaryimage\"},\"datePublished\":\"2021-03-04T10:13:25+00:00\",\"dateModified\":\"2021-03-04T10:13:25+00:00\",\"breadcrumb\":{\"@id\":\"https:\/\/acieloabierto.net\/de\/produkte\/mood\/#breadcrumb\"},\"inLanguage\":\"de\",\"potentialAction\":[{\"@type\":\"ReadAction\",\"target\":[\"https:\/\/acieloabierto.net\/de\/produkte\/mood\/\"]}]},{\"@type\":\"BreadcrumbList\",\"@id\":\"https:\/\/acieloabierto.net\/de\/produkte\/mood\/#breadcrumb\",\"itemListElement\":[{\"@type\":\"ListItem\",\"position\":1,\"item\":{\"@type\":\"WebPage\",\"@id\":\"https:\/\/acieloabierto.net\/\",\"url\":\"https:\/\/acieloabierto.net\/\",\"name\":\"Home\"}},{\"@type\":\"ListItem\",\"position\":2,\"item\":{\"@type\":\"WebPage\",\"@id\":\"\",\"url\":\"\",\"name\":\"\"}},{\"@type\":\"ListItem\",\"position\":3,\"item\":{\"@id\":\"https:\/\/acieloabierto.net\/de\/produkte\/mood\/#webpage\"}}]}]}<\/script>\n<!-- \/ Yoast SEO plugin. -->","_links":{"self":[{"href":"https:\/\/acieloabierto.net\/de\/wp-json\/wp\/v2\/product\/13646"}],"collection":[{"href":"https:\/\/acieloabierto.net\/de\/wp-json\/wp\/v2\/product"}],"about":[{"href":"https:\/\/acieloabierto.net\/de\/wp-json\/wp\/v2\/types\/product"}],"replies":[{"embeddable":true,"href":"https:\/\/acieloabierto.net\/de\/wp-json\/wp\/v2\/comments?post=13646"}],"wp:featuredmedia":[{"embeddable":true,"href":"https:\/\/acieloabierto.net\/de\/wp-json\/wp\/v2\/media\/13647"}],"wp:attachment":[{"href":"https:\/\/acieloabierto.net\/de\/wp-json\/wp\/v2\/media?parent=13646"}],"curies":[{"name":"wp","href":"https:\/\/api.w.org\/{rel}","templated":true}]}}