{"id":13636,"date":"2021-03-04T11:05:58","date_gmt":"2021-03-04T10:05:58","guid":{"rendered":"https:\/\/acieloabierto.net\/producten\/illum\/"},"modified":"2021-03-04T11:05:58","modified_gmt":"2021-03-04T10:05:58","slug":"illum","status":"publish","type":"product","link":"https:\/\/acieloabierto.net\/de\/produkte\/illum\/","title":{"rendered":"Illum"},"content":{"rendered":"<p><span style=\"font-weight: 400;\">Die Illum-Kollektion ist die \u00dcbersetzung des klassischen skandinavischen Designs f\u00fcr den Au\u00dfenbereich, mit Materialien, die allen Wetterbedingungen standhalten. Als Alternative zu Holz wurde Aluminium verwendet, f\u00fcr die Sitzfl\u00e4che dehnbares Batyline. Funktionalit\u00e4t steht bei Illum an erster Stelle, ohne auf Komfort und Klasse zu verzichten. Die sanft abfallende R\u00fcckenlehne des Stuhls bietet eine einladende Aussicht und Sitzkomfort.<\/span><\/p>\n<p><span style=\"font-weight: 400;\">Der Tisch mit schlanken Beinen ist schlicht und einfach gehalten, mit sch\u00f6n gearbeiteten Rundprofilen als Detail. Der Tisch ist in zwei Breiten erh\u00e4ltlich, der Standardbreite von 98 cm und einer schmaleren Version von 71 cm, die ideale L\u00f6sung f\u00fcr schmale Terrassen und Balkone.<\/span><\/p>\n","protected":false},"excerpt":{"rendered":"<p>Die Illum-Kollektion ist die \u00dcbersetzung des klassischen skandinavischen Designs f\u00fcr den Au\u00dfenbereich, mit Materialien, die allen Wetterbedingungen standhalten. Als Alternative zu Holz wurde Aluminium verwendet, f\u00fcr die Sitzfl\u00e4che dehnbares Batyline. Funktionalit\u00e4t steht bei Illum an erster Stelle, ohne auf Komfort und Klasse zu verzichten. Die sanft abfallende R\u00fcckenlehne des Stuhls bietet eine einladende Aussicht und [&hellip;]<\/p>\n","protected":false},"featured_media":13638,"comment_status":"open","ping_status":"closed","template":"","meta":{"wds_primary_pwb-brand":0,"wds_primary_product_cat":0},"brands":[{"id":668,"name":"Tribu","slug":"tribu-de"}],"yoast_head":"<!-- This site is optimized with the Yoast SEO plugin v16.3 - https:\/\/yoast.com\/wordpress\/plugins\/seo\/ -->\n<title>Illum - Acielo Abierto<\/title>\n<meta name=\"robots\" content=\"index, follow, max-snippet:-1, max-image-preview:large, max-video-preview:-1\" \/>\n<link rel=\"canonical\" href=\"https:\/\/acieloabierto.net\/de\/produkte\/illum\/\" \/>\n<meta property=\"og:locale\" content=\"de_DE\" \/>\n<meta property=\"og:type\" content=\"article\" \/>\n<meta property=\"og:title\" content=\"Illum - Acielo Abierto\" \/>\n<meta property=\"og:description\" content=\"Die Illum-Kollektion ist die \u00dcbersetzung des klassischen skandinavischen Designs f\u00fcr den Au\u00dfenbereich, mit Materialien, die allen Wetterbedingungen standhalten. Als Alternative zu Holz wurde Aluminium verwendet, f\u00fcr die Sitzfl\u00e4che dehnbares Batyline. Funktionalit\u00e4t steht bei Illum an erster Stelle, ohne auf Komfort und Klasse zu verzichten. Die sanft abfallende R\u00fcckenlehne des Stuhls bietet eine einladende Aussicht und [&hellip;]\" \/>\n<meta property=\"og:url\" content=\"https:\/\/acieloabierto.net\/de\/produkte\/illum\/\" \/>\n<meta property=\"og:site_name\" content=\"Acielo Abierto\" \/>\n<meta property=\"og:image\" content=\"https:\/\/acieloabierto.net\/wp-content\/uploads\/2021\/03\/illum-tribu-stoel1.jpg\" \/>\n\t<meta property=\"og:image:width\" content=\"1920\" \/>\n\t<meta property=\"og:image:height\" content=\"1300\" \/>\n<meta name=\"twitter:card\" content=\"summary_large_image\" \/>\n<meta name=\"twitter:label1\" content=\"Gesch\u00e4tzte Lesezeit\">\n\t<meta name=\"twitter:data1\" content=\"1\u00a0Minute\">\n<script type=\"application\/ld+json\" class=\"yoast-schema-graph\">{\"@context\":\"https:\/\/schema.org\",\"@graph\":[{\"@type\":\"Organization\",\"@id\":\"https:\/\/acieloabierto.net\/en\/#organization\",\"name\":\"A Cielo Abierto\",\"url\":\"https:\/\/acieloabierto.net\/en\/\",\"sameAs\":[],\"logo\":{\"@type\":\"ImageObject\",\"@id\":\"https:\/\/acieloabierto.net\/en\/#logo\",\"inLanguage\":\"de\",\"url\":\"https:\/\/acieloabierto.net\/wp-content\/uploads\/2021\/02\/logo.svg\",\"contentUrl\":\"https:\/\/acieloabierto.net\/wp-content\/uploads\/2021\/02\/logo.svg\",\"caption\":\"A Cielo Abierto\"},\"image\":{\"@id\":\"https:\/\/acieloabierto.net\/en\/#logo\"}},{\"@type\":\"WebSite\",\"@id\":\"https:\/\/acieloabierto.net\/en\/#website\",\"url\":\"https:\/\/acieloabierto.net\/en\/\",\"name\":\"Acielo Abierto\",\"description\":\"Tuinmeubels Costa Blanca\",\"publisher\":{\"@id\":\"https:\/\/acieloabierto.net\/en\/#organization\"},\"potentialAction\":[{\"@type\":\"SearchAction\",\"target\":\"https:\/\/acieloabierto.net\/en\/?s={search_term_string}\",\"query-input\":\"required name=search_term_string\"}],\"inLanguage\":\"de\"},{\"@type\":\"ImageObject\",\"@id\":\"https:\/\/acieloabierto.net\/de\/produkte\/illum\/#primaryimage\",\"inLanguage\":\"de\",\"url\":\"https:\/\/acieloabierto.net\/wp-content\/uploads\/2021\/03\/illum-tribu-stoel1.jpg\",\"contentUrl\":\"https:\/\/acieloabierto.net\/wp-content\/uploads\/2021\/03\/illum-tribu-stoel1.jpg\",\"width\":1920,\"height\":1300},{\"@type\":\"WebPage\",\"@id\":\"https:\/\/acieloabierto.net\/de\/produkte\/illum\/#webpage\",\"url\":\"https:\/\/acieloabierto.net\/de\/produkte\/illum\/\",\"name\":\"Illum - Acielo Abierto\",\"isPartOf\":{\"@id\":\"https:\/\/acieloabierto.net\/en\/#website\"},\"primaryImageOfPage\":{\"@id\":\"https:\/\/acieloabierto.net\/de\/produkte\/illum\/#primaryimage\"},\"datePublished\":\"2021-03-04T10:05:58+00:00\",\"dateModified\":\"2021-03-04T10:05:58+00:00\",\"breadcrumb\":{\"@id\":\"https:\/\/acieloabierto.net\/de\/produkte\/illum\/#breadcrumb\"},\"inLanguage\":\"de\",\"potentialAction\":[{\"@type\":\"ReadAction\",\"target\":[\"https:\/\/acieloabierto.net\/de\/produkte\/illum\/\"]}]},{\"@type\":\"BreadcrumbList\",\"@id\":\"https:\/\/acieloabierto.net\/de\/produkte\/illum\/#breadcrumb\",\"itemListElement\":[{\"@type\":\"ListItem\",\"position\":1,\"item\":{\"@type\":\"WebPage\",\"@id\":\"https:\/\/acieloabierto.net\/\",\"url\":\"https:\/\/acieloabierto.net\/\",\"name\":\"Home\"}},{\"@type\":\"ListItem\",\"position\":2,\"item\":{\"@type\":\"WebPage\",\"@id\":\"\",\"url\":\"\",\"name\":\"\"}},{\"@type\":\"ListItem\",\"position\":3,\"item\":{\"@id\":\"https:\/\/acieloabierto.net\/de\/produkte\/illum\/#webpage\"}}]}]}<\/script>\n<!-- \/ Yoast SEO plugin. -->","_links":{"self":[{"href":"https:\/\/acieloabierto.net\/de\/wp-json\/wp\/v2\/product\/13636"}],"collection":[{"href":"https:\/\/acieloabierto.net\/de\/wp-json\/wp\/v2\/product"}],"about":[{"href":"https:\/\/acieloabierto.net\/de\/wp-json\/wp\/v2\/types\/product"}],"replies":[{"embeddable":true,"href":"https:\/\/acieloabierto.net\/de\/wp-json\/wp\/v2\/comments?post=13636"}],"wp:featuredmedia":[{"embeddable":true,"href":"https:\/\/acieloabierto.net\/de\/wp-json\/wp\/v2\/media\/13638"}],"wp:attachment":[{"href":"https:\/\/acieloabierto.net\/de\/wp-json\/wp\/v2\/media?parent=13636"}],"curies":[{"name":"wp","href":"https:\/\/api.w.org\/{rel}","templated":true}]}}