{"id":13627,"date":"2021-03-04T10:47:37","date_gmt":"2021-03-04T09:47:37","guid":{"rendered":"https:\/\/acieloabierto.net\/producten\/elio\/"},"modified":"2021-03-04T10:47:37","modified_gmt":"2021-03-04T09:47:37","slug":"elio","status":"publish","type":"product","link":"https:\/\/acieloabierto.net\/de\/produkte\/elio\/","title":{"rendered":"Elio"},"content":{"rendered":"<p><span style=\"font-weight: 400;\">Elio, benannt nach dem griechischen Sonnengott Helios und entworfen vom kanadischen Designstudio Yabu Pushelberg, soll einen universellen und fl\u00fcchtigen Moment der Zeit einfangen: den Sonnenuntergang. Inspiriert von der Bewegung des Lichts, das von Landschaften und Objekten reflektiert wird, stellt das elegante Gewebe von Elio die sanften T\u00f6ne der D\u00e4mmerung dar. Elio zeichnet sich durch eine sanft gerundete Silhouette aus, die sich nach innen w\u00f6lbt und einen angenehmen Kokon bildet.<\/span><\/p>\n<p><span style=\"font-weight: 400;\">Der Sessel, der niedrige Stuhl, der Sessel mit hoher R\u00fcckenlehne und das zweisitzige Sofa haben ein Gestell aus nat\u00fcrlichem Teakholz, dessen Hinterbeine die Sitzschale durchqueren. Der Sitz ist aus Tricord handgeflochten.\u00a0 Alte Textiltechniken werden mit modernen Materialien und F\u00e4rbeverfahren kombiniert, um ein weiches, aber wetterfestes Material zu schaffen. Der D\u00e9grad\u00e9-Effekt mit subtilen Schattierungen wird durch die Kombination verschiedenfarbiger Garne in einem Strang erzielt und verleiht jedem St\u00fcck ein einzigartiges Aussehen.\u00a0 Das Gewebe ist in den Farben Leinen, Wenge und Moos erh\u00e4ltlich.<\/span><\/p>\n","protected":false},"excerpt":{"rendered":"<p>Elio, benannt nach dem griechischen Sonnengott Helios und entworfen vom kanadischen Designstudio Yabu Pushelberg, soll einen universellen und fl\u00fcchtigen Moment der Zeit einfangen: den Sonnenuntergang. Inspiriert von der Bewegung des Lichts, das von Landschaften und Objekten reflektiert wird, stellt das elegante Gewebe von Elio die sanften T\u00f6ne der D\u00e4mmerung dar. Elio zeichnet sich durch eine [&hellip;]<\/p>\n","protected":false},"featured_media":13631,"comment_status":"open","ping_status":"closed","template":"","meta":{"wds_primary_pwb-brand":0,"wds_primary_product_cat":0},"brands":[{"id":668,"name":"Tribu","slug":"tribu-de"}],"yoast_head":"<!-- This site is optimized with the Yoast SEO plugin v16.3 - https:\/\/yoast.com\/wordpress\/plugins\/seo\/ -->\n<title>Elio - Acielo Abierto<\/title>\n<meta name=\"robots\" content=\"index, follow, max-snippet:-1, max-image-preview:large, max-video-preview:-1\" \/>\n<link rel=\"canonical\" href=\"https:\/\/acieloabierto.net\/de\/produkte\/elio\/\" \/>\n<meta property=\"og:locale\" content=\"de_DE\" \/>\n<meta property=\"og:type\" content=\"article\" \/>\n<meta property=\"og:title\" content=\"Elio - Acielo Abierto\" \/>\n<meta property=\"og:description\" content=\"Elio, benannt nach dem griechischen Sonnengott Helios und entworfen vom kanadischen Designstudio Yabu Pushelberg, soll einen universellen und fl\u00fcchtigen Moment der Zeit einfangen: den Sonnenuntergang. Inspiriert von der Bewegung des Lichts, das von Landschaften und Objekten reflektiert wird, stellt das elegante Gewebe von Elio die sanften T\u00f6ne der D\u00e4mmerung dar. Elio zeichnet sich durch eine [&hellip;]\" \/>\n<meta property=\"og:url\" content=\"https:\/\/acieloabierto.net\/de\/produkte\/elio\/\" \/>\n<meta property=\"og:site_name\" content=\"Acielo Abierto\" \/>\n<meta property=\"og:image\" content=\"https:\/\/acieloabierto.net\/wp-content\/uploads\/2021\/03\/elio-tribu-lounge1.jpg\" \/>\n\t<meta property=\"og:image:width\" content=\"1920\" \/>\n\t<meta property=\"og:image:height\" content=\"1300\" \/>\n<meta name=\"twitter:card\" content=\"summary_large_image\" \/>\n<meta name=\"twitter:label1\" content=\"Gesch\u00e4tzte Lesezeit\">\n\t<meta name=\"twitter:data1\" content=\"1\u00a0Minute\">\n<script type=\"application\/ld+json\" class=\"yoast-schema-graph\">{\"@context\":\"https:\/\/schema.org\",\"@graph\":[{\"@type\":\"Organization\",\"@id\":\"https:\/\/acieloabierto.net\/en\/#organization\",\"name\":\"A Cielo Abierto\",\"url\":\"https:\/\/acieloabierto.net\/en\/\",\"sameAs\":[],\"logo\":{\"@type\":\"ImageObject\",\"@id\":\"https:\/\/acieloabierto.net\/en\/#logo\",\"inLanguage\":\"de\",\"url\":\"https:\/\/acieloabierto.net\/wp-content\/uploads\/2021\/02\/logo.svg\",\"contentUrl\":\"https:\/\/acieloabierto.net\/wp-content\/uploads\/2021\/02\/logo.svg\",\"caption\":\"A Cielo Abierto\"},\"image\":{\"@id\":\"https:\/\/acieloabierto.net\/en\/#logo\"}},{\"@type\":\"WebSite\",\"@id\":\"https:\/\/acieloabierto.net\/en\/#website\",\"url\":\"https:\/\/acieloabierto.net\/en\/\",\"name\":\"Acielo Abierto\",\"description\":\"Tuinmeubels Costa Blanca\",\"publisher\":{\"@id\":\"https:\/\/acieloabierto.net\/en\/#organization\"},\"potentialAction\":[{\"@type\":\"SearchAction\",\"target\":\"https:\/\/acieloabierto.net\/en\/?s={search_term_string}\",\"query-input\":\"required name=search_term_string\"}],\"inLanguage\":\"de\"},{\"@type\":\"ImageObject\",\"@id\":\"https:\/\/acieloabierto.net\/de\/produkte\/elio\/#primaryimage\",\"inLanguage\":\"de\",\"url\":\"https:\/\/acieloabierto.net\/wp-content\/uploads\/2021\/03\/elio-tribu-lounge1.jpg\",\"contentUrl\":\"https:\/\/acieloabierto.net\/wp-content\/uploads\/2021\/03\/elio-tribu-lounge1.jpg\",\"width\":1920,\"height\":1300},{\"@type\":\"WebPage\",\"@id\":\"https:\/\/acieloabierto.net\/de\/produkte\/elio\/#webpage\",\"url\":\"https:\/\/acieloabierto.net\/de\/produkte\/elio\/\",\"name\":\"Elio - Acielo Abierto\",\"isPartOf\":{\"@id\":\"https:\/\/acieloabierto.net\/en\/#website\"},\"primaryImageOfPage\":{\"@id\":\"https:\/\/acieloabierto.net\/de\/produkte\/elio\/#primaryimage\"},\"datePublished\":\"2021-03-04T09:47:37+00:00\",\"dateModified\":\"2021-03-04T09:47:37+00:00\",\"breadcrumb\":{\"@id\":\"https:\/\/acieloabierto.net\/de\/produkte\/elio\/#breadcrumb\"},\"inLanguage\":\"de\",\"potentialAction\":[{\"@type\":\"ReadAction\",\"target\":[\"https:\/\/acieloabierto.net\/de\/produkte\/elio\/\"]}]},{\"@type\":\"BreadcrumbList\",\"@id\":\"https:\/\/acieloabierto.net\/de\/produkte\/elio\/#breadcrumb\",\"itemListElement\":[{\"@type\":\"ListItem\",\"position\":1,\"item\":{\"@type\":\"WebPage\",\"@id\":\"https:\/\/acieloabierto.net\/\",\"url\":\"https:\/\/acieloabierto.net\/\",\"name\":\"Home\"}},{\"@type\":\"ListItem\",\"position\":2,\"item\":{\"@type\":\"WebPage\",\"@id\":\"\",\"url\":\"\",\"name\":\"\"}},{\"@type\":\"ListItem\",\"position\":3,\"item\":{\"@id\":\"https:\/\/acieloabierto.net\/de\/produkte\/elio\/#webpage\"}}]}]}<\/script>\n<!-- \/ Yoast SEO plugin. -->","_links":{"self":[{"href":"https:\/\/acieloabierto.net\/de\/wp-json\/wp\/v2\/product\/13627"}],"collection":[{"href":"https:\/\/acieloabierto.net\/de\/wp-json\/wp\/v2\/product"}],"about":[{"href":"https:\/\/acieloabierto.net\/de\/wp-json\/wp\/v2\/types\/product"}],"replies":[{"embeddable":true,"href":"https:\/\/acieloabierto.net\/de\/wp-json\/wp\/v2\/comments?post=13627"}],"wp:featuredmedia":[{"embeddable":true,"href":"https:\/\/acieloabierto.net\/de\/wp-json\/wp\/v2\/media\/13631"}],"wp:attachment":[{"href":"https:\/\/acieloabierto.net\/de\/wp-json\/wp\/v2\/media?parent=13627"}],"curies":[{"name":"wp","href":"https:\/\/api.w.org\/{rel}","templated":true}]}}