{"id":13608,"date":"2021-03-04T10:38:41","date_gmt":"2021-03-04T09:38:41","guid":{"rendered":"https:\/\/acieloabierto.net\/producten\/radoc\/"},"modified":"2021-03-04T10:38:41","modified_gmt":"2021-03-04T09:38:41","slug":"radoc","status":"publish","type":"product","link":"https:\/\/acieloabierto.net\/de\/produkte\/radoc\/","title":{"rendered":"Radoc"},"content":{"rendered":"<p><span style=\"font-weight: 400;\">Das einzigartige und luftige Design des Sessels, der Ottomane, des Sessels und des Sofas aus dieser Kollektion ist wie geschaffen f\u00fcr herzliche Momente voller Geborgenheit. Die Seilstruktur der umh\u00fcllenden R\u00fccken- und Armlehnen f\u00fcgt sich nahtlos in das Ganze ein und verleiht dieser Kollektion einen neomodernistischen und doch zeitlosen Look. Halten Sie es dezent. Oder erg\u00e4nzen Sie ihn mit den passenden R\u00fcckenkissen f\u00fcr lang anhaltenden Sitzkomfort.<\/span><\/p>\n","protected":false},"excerpt":{"rendered":"<p>Das einzigartige und luftige Design des Sessels, der Ottomane, des Sessels und des Sofas aus dieser Kollektion ist wie geschaffen f\u00fcr herzliche Momente voller Geborgenheit. Die Seilstruktur der umh\u00fcllenden R\u00fccken- und Armlehnen f\u00fcgt sich nahtlos in das Ganze ein und verleiht dieser Kollektion einen neomodernistischen und doch zeitlosen Look. Halten Sie es dezent. Oder erg\u00e4nzen [&hellip;]<\/p>\n","protected":false},"featured_media":13609,"comment_status":"open","ping_status":"closed","template":"","meta":{"wds_primary_pwb-brand":0,"wds_primary_product_cat":0},"brands":[{"id":666,"name":"Manutti","slug":"manutti-de"}],"yoast_head":"<!-- This site is optimized with the Yoast SEO plugin v16.3 - https:\/\/yoast.com\/wordpress\/plugins\/seo\/ -->\n<title>Radoc - Acielo Abierto<\/title>\n<meta name=\"robots\" content=\"index, follow, max-snippet:-1, max-image-preview:large, max-video-preview:-1\" \/>\n<link rel=\"canonical\" href=\"https:\/\/acieloabierto.net\/de\/produkte\/radoc\/\" \/>\n<meta property=\"og:locale\" content=\"de_DE\" \/>\n<meta property=\"og:type\" content=\"article\" \/>\n<meta property=\"og:title\" content=\"Radoc - Acielo Abierto\" \/>\n<meta property=\"og:description\" content=\"Das einzigartige und luftige Design des Sessels, der Ottomane, des Sessels und des Sofas aus dieser Kollektion ist wie geschaffen f\u00fcr herzliche Momente voller Geborgenheit. Die Seilstruktur der umh\u00fcllenden R\u00fccken- und Armlehnen f\u00fcgt sich nahtlos in das Ganze ein und verleiht dieser Kollektion einen neomodernistischen und doch zeitlosen Look. Halten Sie es dezent. Oder erg\u00e4nzen [&hellip;]\" \/>\n<meta property=\"og:url\" content=\"https:\/\/acieloabierto.net\/de\/produkte\/radoc\/\" \/>\n<meta property=\"og:site_name\" content=\"Acielo Abierto\" \/>\n<meta property=\"og:image\" content=\"https:\/\/acieloabierto.net\/wp-content\/uploads\/2021\/03\/radius-manutti-lounge2.jpg\" \/>\n\t<meta property=\"og:image:width\" content=\"1920\" \/>\n\t<meta property=\"og:image:height\" content=\"1300\" \/>\n<meta name=\"twitter:card\" content=\"summary_large_image\" \/>\n<script type=\"application\/ld+json\" class=\"yoast-schema-graph\">{\"@context\":\"https:\/\/schema.org\",\"@graph\":[{\"@type\":\"Organization\",\"@id\":\"https:\/\/acieloabierto.net\/en\/#organization\",\"name\":\"A Cielo Abierto\",\"url\":\"https:\/\/acieloabierto.net\/en\/\",\"sameAs\":[],\"logo\":{\"@type\":\"ImageObject\",\"@id\":\"https:\/\/acieloabierto.net\/en\/#logo\",\"inLanguage\":\"de\",\"url\":\"https:\/\/acieloabierto.net\/wp-content\/uploads\/2021\/02\/logo.svg\",\"contentUrl\":\"https:\/\/acieloabierto.net\/wp-content\/uploads\/2021\/02\/logo.svg\",\"caption\":\"A Cielo Abierto\"},\"image\":{\"@id\":\"https:\/\/acieloabierto.net\/en\/#logo\"}},{\"@type\":\"WebSite\",\"@id\":\"https:\/\/acieloabierto.net\/en\/#website\",\"url\":\"https:\/\/acieloabierto.net\/en\/\",\"name\":\"Acielo Abierto\",\"description\":\"Tuinmeubels Costa Blanca\",\"publisher\":{\"@id\":\"https:\/\/acieloabierto.net\/en\/#organization\"},\"potentialAction\":[{\"@type\":\"SearchAction\",\"target\":\"https:\/\/acieloabierto.net\/en\/?s={search_term_string}\",\"query-input\":\"required name=search_term_string\"}],\"inLanguage\":\"de\"},{\"@type\":\"ImageObject\",\"@id\":\"https:\/\/acieloabierto.net\/de\/produkte\/radoc\/#primaryimage\",\"inLanguage\":\"de\",\"url\":\"https:\/\/acieloabierto.net\/wp-content\/uploads\/2021\/03\/radius-manutti-lounge2.jpg\",\"contentUrl\":\"https:\/\/acieloabierto.net\/wp-content\/uploads\/2021\/03\/radius-manutti-lounge2.jpg\",\"width\":1920,\"height\":1300},{\"@type\":\"WebPage\",\"@id\":\"https:\/\/acieloabierto.net\/de\/produkte\/radoc\/#webpage\",\"url\":\"https:\/\/acieloabierto.net\/de\/produkte\/radoc\/\",\"name\":\"Radoc - Acielo Abierto\",\"isPartOf\":{\"@id\":\"https:\/\/acieloabierto.net\/en\/#website\"},\"primaryImageOfPage\":{\"@id\":\"https:\/\/acieloabierto.net\/de\/produkte\/radoc\/#primaryimage\"},\"datePublished\":\"2021-03-04T09:38:41+00:00\",\"dateModified\":\"2021-03-04T09:38:41+00:00\",\"breadcrumb\":{\"@id\":\"https:\/\/acieloabierto.net\/de\/produkte\/radoc\/#breadcrumb\"},\"inLanguage\":\"de\",\"potentialAction\":[{\"@type\":\"ReadAction\",\"target\":[\"https:\/\/acieloabierto.net\/de\/produkte\/radoc\/\"]}]},{\"@type\":\"BreadcrumbList\",\"@id\":\"https:\/\/acieloabierto.net\/de\/produkte\/radoc\/#breadcrumb\",\"itemListElement\":[{\"@type\":\"ListItem\",\"position\":1,\"item\":{\"@type\":\"WebPage\",\"@id\":\"https:\/\/acieloabierto.net\/\",\"url\":\"https:\/\/acieloabierto.net\/\",\"name\":\"Home\"}},{\"@type\":\"ListItem\",\"position\":2,\"item\":{\"@type\":\"WebPage\",\"@id\":\"\",\"url\":\"\",\"name\":\"\"}},{\"@type\":\"ListItem\",\"position\":3,\"item\":{\"@id\":\"https:\/\/acieloabierto.net\/de\/produkte\/radoc\/#webpage\"}}]}]}<\/script>\n<!-- \/ Yoast SEO plugin. -->","_links":{"self":[{"href":"https:\/\/acieloabierto.net\/de\/wp-json\/wp\/v2\/product\/13608"}],"collection":[{"href":"https:\/\/acieloabierto.net\/de\/wp-json\/wp\/v2\/product"}],"about":[{"href":"https:\/\/acieloabierto.net\/de\/wp-json\/wp\/v2\/types\/product"}],"replies":[{"embeddable":true,"href":"https:\/\/acieloabierto.net\/de\/wp-json\/wp\/v2\/comments?post=13608"}],"wp:featuredmedia":[{"embeddable":true,"href":"https:\/\/acieloabierto.net\/de\/wp-json\/wp\/v2\/media\/13609"}],"wp:attachment":[{"href":"https:\/\/acieloabierto.net\/de\/wp-json\/wp\/v2\/media?parent=13608"}],"curies":[{"name":"wp","href":"https:\/\/api.w.org\/{rel}","templated":true}]}}