{"id":13594,"date":"2021-03-04T10:26:48","date_gmt":"2021-03-04T09:26:48","guid":{"rendered":"https:\/\/acieloabierto.net\/producten\/kumo\/"},"modified":"2021-03-04T10:26:48","modified_gmt":"2021-03-04T09:26:48","slug":"kumo","status":"publish","type":"product","link":"https:\/\/acieloabierto.net\/de\/produkte\/kumo\/","title":{"rendered":"Kumo"},"content":{"rendered":"<p><span style=\"font-weight: 400;\">Kumo ist das japanische Wort f\u00fcr &#8218;Wolke&#8216;. Die moderne Kollektion stellt eine leichte und verspielte Sitzinsel mit Hocker dar. Die Kollektion l\u00e4dt dazu ein, sich einen eigenen Kokon im Freien zu schaffen. Diese Linie ist in verschiedenen Formen und Gr\u00f6\u00dfen erh\u00e4ltlich. Dank der abnehmbaren Arm- und R\u00fcckenlehnen verwandeln Sie ein bequemes Sofa im Handumdrehen in ein stilvolles Loungebett oder einen luxuri\u00f6sen Loungesessel in eine praktische Ottomane.<\/span><\/p>\n","protected":false},"excerpt":{"rendered":"<p>Kumo ist das japanische Wort f\u00fcr &#8218;Wolke&#8216;. Die moderne Kollektion stellt eine leichte und verspielte Sitzinsel mit Hocker dar. Die Kollektion l\u00e4dt dazu ein, sich einen eigenen Kokon im Freien zu schaffen. Diese Linie ist in verschiedenen Formen und Gr\u00f6\u00dfen erh\u00e4ltlich. Dank der abnehmbaren Arm- und R\u00fcckenlehnen verwandeln Sie ein bequemes Sofa im Handumdrehen in [&hellip;]<\/p>\n","protected":false},"featured_media":13597,"comment_status":"open","ping_status":"closed","template":"","meta":{"wds_primary_pwb-brand":0,"wds_primary_product_cat":0},"brands":[{"id":666,"name":"Manutti","slug":"manutti-de"}],"yoast_head":"<!-- This site is optimized with the Yoast SEO plugin v16.3 - https:\/\/yoast.com\/wordpress\/plugins\/seo\/ -->\n<title>Kumo - Acielo Abierto<\/title>\n<meta name=\"robots\" content=\"index, follow, max-snippet:-1, max-image-preview:large, max-video-preview:-1\" \/>\n<link rel=\"canonical\" href=\"https:\/\/acieloabierto.net\/de\/produkte\/kumo\/\" \/>\n<meta property=\"og:locale\" content=\"de_DE\" \/>\n<meta property=\"og:type\" content=\"article\" \/>\n<meta property=\"og:title\" content=\"Kumo - Acielo Abierto\" \/>\n<meta property=\"og:description\" content=\"Kumo ist das japanische Wort f\u00fcr &#8218;Wolke&#8216;. Die moderne Kollektion stellt eine leichte und verspielte Sitzinsel mit Hocker dar. Die Kollektion l\u00e4dt dazu ein, sich einen eigenen Kokon im Freien zu schaffen. Diese Linie ist in verschiedenen Formen und Gr\u00f6\u00dfen erh\u00e4ltlich. Dank der abnehmbaren Arm- und R\u00fcckenlehnen verwandeln Sie ein bequemes Sofa im Handumdrehen in [&hellip;]\" \/>\n<meta property=\"og:url\" content=\"https:\/\/acieloabierto.net\/de\/produkte\/kumo\/\" \/>\n<meta property=\"og:site_name\" content=\"Acielo Abierto\" \/>\n<meta property=\"og:image\" content=\"https:\/\/acieloabierto.net\/wp-content\/uploads\/2021\/03\/kumo-manutti-lounge2.jpg\" \/>\n\t<meta property=\"og:image:width\" content=\"1920\" \/>\n\t<meta property=\"og:image:height\" content=\"1300\" \/>\n<meta name=\"twitter:card\" content=\"summary_large_image\" \/>\n<script type=\"application\/ld+json\" class=\"yoast-schema-graph\">{\"@context\":\"https:\/\/schema.org\",\"@graph\":[{\"@type\":\"Organization\",\"@id\":\"https:\/\/acieloabierto.net\/en\/#organization\",\"name\":\"A Cielo Abierto\",\"url\":\"https:\/\/acieloabierto.net\/en\/\",\"sameAs\":[],\"logo\":{\"@type\":\"ImageObject\",\"@id\":\"https:\/\/acieloabierto.net\/en\/#logo\",\"inLanguage\":\"de\",\"url\":\"https:\/\/acieloabierto.net\/wp-content\/uploads\/2021\/02\/logo.svg\",\"contentUrl\":\"https:\/\/acieloabierto.net\/wp-content\/uploads\/2021\/02\/logo.svg\",\"caption\":\"A Cielo Abierto\"},\"image\":{\"@id\":\"https:\/\/acieloabierto.net\/en\/#logo\"}},{\"@type\":\"WebSite\",\"@id\":\"https:\/\/acieloabierto.net\/en\/#website\",\"url\":\"https:\/\/acieloabierto.net\/en\/\",\"name\":\"Acielo Abierto\",\"description\":\"Tuinmeubels Costa Blanca\",\"publisher\":{\"@id\":\"https:\/\/acieloabierto.net\/en\/#organization\"},\"potentialAction\":[{\"@type\":\"SearchAction\",\"target\":\"https:\/\/acieloabierto.net\/en\/?s={search_term_string}\",\"query-input\":\"required name=search_term_string\"}],\"inLanguage\":\"de\"},{\"@type\":\"ImageObject\",\"@id\":\"https:\/\/acieloabierto.net\/de\/produkte\/kumo\/#primaryimage\",\"inLanguage\":\"de\",\"url\":\"https:\/\/acieloabierto.net\/wp-content\/uploads\/2021\/03\/kumo-manutti-lounge2.jpg\",\"contentUrl\":\"https:\/\/acieloabierto.net\/wp-content\/uploads\/2021\/03\/kumo-manutti-lounge2.jpg\",\"width\":1920,\"height\":1300},{\"@type\":\"WebPage\",\"@id\":\"https:\/\/acieloabierto.net\/de\/produkte\/kumo\/#webpage\",\"url\":\"https:\/\/acieloabierto.net\/de\/produkte\/kumo\/\",\"name\":\"Kumo - Acielo Abierto\",\"isPartOf\":{\"@id\":\"https:\/\/acieloabierto.net\/en\/#website\"},\"primaryImageOfPage\":{\"@id\":\"https:\/\/acieloabierto.net\/de\/produkte\/kumo\/#primaryimage\"},\"datePublished\":\"2021-03-04T09:26:48+00:00\",\"dateModified\":\"2021-03-04T09:26:48+00:00\",\"breadcrumb\":{\"@id\":\"https:\/\/acieloabierto.net\/de\/produkte\/kumo\/#breadcrumb\"},\"inLanguage\":\"de\",\"potentialAction\":[{\"@type\":\"ReadAction\",\"target\":[\"https:\/\/acieloabierto.net\/de\/produkte\/kumo\/\"]}]},{\"@type\":\"BreadcrumbList\",\"@id\":\"https:\/\/acieloabierto.net\/de\/produkte\/kumo\/#breadcrumb\",\"itemListElement\":[{\"@type\":\"ListItem\",\"position\":1,\"item\":{\"@type\":\"WebPage\",\"@id\":\"https:\/\/acieloabierto.net\/\",\"url\":\"https:\/\/acieloabierto.net\/\",\"name\":\"Home\"}},{\"@type\":\"ListItem\",\"position\":2,\"item\":{\"@type\":\"WebPage\",\"@id\":\"\",\"url\":\"\",\"name\":\"\"}},{\"@type\":\"ListItem\",\"position\":3,\"item\":{\"@id\":\"https:\/\/acieloabierto.net\/de\/produkte\/kumo\/#webpage\"}}]}]}<\/script>\n<!-- \/ Yoast SEO plugin. -->","_links":{"self":[{"href":"https:\/\/acieloabierto.net\/de\/wp-json\/wp\/v2\/product\/13594"}],"collection":[{"href":"https:\/\/acieloabierto.net\/de\/wp-json\/wp\/v2\/product"}],"about":[{"href":"https:\/\/acieloabierto.net\/de\/wp-json\/wp\/v2\/types\/product"}],"replies":[{"embeddable":true,"href":"https:\/\/acieloabierto.net\/de\/wp-json\/wp\/v2\/comments?post=13594"}],"wp:featuredmedia":[{"embeddable":true,"href":"https:\/\/acieloabierto.net\/de\/wp-json\/wp\/v2\/media\/13597"}],"wp:attachment":[{"href":"https:\/\/acieloabierto.net\/de\/wp-json\/wp\/v2\/media?parent=13594"}],"curies":[{"name":"wp","href":"https:\/\/api.w.org\/{rel}","templated":true}]}}