{"id":13584,"date":"2021-03-04T10:21:56","date_gmt":"2021-03-04T09:21:56","guid":{"rendered":"https:\/\/acieloabierto.net\/producten\/kobo\/"},"modified":"2021-03-04T10:21:56","modified_gmt":"2021-03-04T09:21:56","slug":"kobo","status":"publish","type":"product","link":"https:\/\/acieloabierto.net\/de\/produkte\/kobo\/","title":{"rendered":"Kobo"},"content":{"rendered":"<p><span style=\"font-weight: 400;\">Die zeitlosen St\u00fchle und Sofas der Kollektion Kobo sind eine technische Meisterleistung. Das Geheimnis dieses Designs? Die vollst\u00e4ndig handgeflochtene Seilstruktur auf einem\u00a0<\/span><\/p>\n<p><span style=\"font-weight: 400;\">geschwei\u00dften Aluminiumrahmen. Die geschwungenen Linien des Sessels und des Sofas in voller L\u00e4nge werden durch tiefe, \u00fcppige Kissen f\u00fcr ultimativen Komfort erg\u00e4nzt.<\/span><\/p>\n","protected":false},"excerpt":{"rendered":"<p>Die zeitlosen St\u00fchle und Sofas der Kollektion Kobo sind eine technische Meisterleistung. Das Geheimnis dieses Designs? Die vollst\u00e4ndig handgeflochtene Seilstruktur auf einem\u00a0 geschwei\u00dften Aluminiumrahmen. Die geschwungenen Linien des Sessels und des Sofas in voller L\u00e4nge werden durch tiefe, \u00fcppige Kissen f\u00fcr ultimativen Komfort erg\u00e4nzt.<\/p>\n","protected":false},"featured_media":13585,"comment_status":"open","ping_status":"closed","template":"","meta":{"wds_primary_pwb-brand":0,"wds_primary_product_cat":0},"brands":[{"id":666,"name":"Manutti","slug":"manutti-de"}],"yoast_head":"<!-- This site is optimized with the Yoast SEO plugin v16.3 - https:\/\/yoast.com\/wordpress\/plugins\/seo\/ -->\n<title>Kobo - Acielo Abierto<\/title>\n<meta name=\"robots\" content=\"index, follow, max-snippet:-1, max-image-preview:large, max-video-preview:-1\" \/>\n<link rel=\"canonical\" href=\"https:\/\/acieloabierto.net\/de\/produkte\/kobo\/\" \/>\n<meta property=\"og:locale\" content=\"de_DE\" \/>\n<meta property=\"og:type\" content=\"article\" \/>\n<meta property=\"og:title\" content=\"Kobo - Acielo Abierto\" \/>\n<meta property=\"og:description\" content=\"Die zeitlosen St\u00fchle und Sofas der Kollektion Kobo sind eine technische Meisterleistung. Das Geheimnis dieses Designs? Die vollst\u00e4ndig handgeflochtene Seilstruktur auf einem\u00a0 geschwei\u00dften Aluminiumrahmen. Die geschwungenen Linien des Sessels und des Sofas in voller L\u00e4nge werden durch tiefe, \u00fcppige Kissen f\u00fcr ultimativen Komfort erg\u00e4nzt.\" \/>\n<meta property=\"og:url\" content=\"https:\/\/acieloabierto.net\/de\/produkte\/kobo\/\" \/>\n<meta property=\"og:site_name\" content=\"Acielo Abierto\" \/>\n<meta property=\"og:image\" content=\"https:\/\/acieloabierto.net\/wp-content\/uploads\/2021\/03\/kobo-manutti-ligbed1.jpg\" \/>\n\t<meta property=\"og:image:width\" content=\"1920\" \/>\n\t<meta property=\"og:image:height\" content=\"1300\" \/>\n<meta name=\"twitter:card\" content=\"summary_large_image\" \/>\n<script type=\"application\/ld+json\" class=\"yoast-schema-graph\">{\"@context\":\"https:\/\/schema.org\",\"@graph\":[{\"@type\":\"Organization\",\"@id\":\"https:\/\/acieloabierto.net\/en\/#organization\",\"name\":\"A Cielo Abierto\",\"url\":\"https:\/\/acieloabierto.net\/en\/\",\"sameAs\":[],\"logo\":{\"@type\":\"ImageObject\",\"@id\":\"https:\/\/acieloabierto.net\/en\/#logo\",\"inLanguage\":\"de\",\"url\":\"https:\/\/acieloabierto.net\/wp-content\/uploads\/2021\/02\/logo.svg\",\"contentUrl\":\"https:\/\/acieloabierto.net\/wp-content\/uploads\/2021\/02\/logo.svg\",\"caption\":\"A Cielo Abierto\"},\"image\":{\"@id\":\"https:\/\/acieloabierto.net\/en\/#logo\"}},{\"@type\":\"WebSite\",\"@id\":\"https:\/\/acieloabierto.net\/en\/#website\",\"url\":\"https:\/\/acieloabierto.net\/en\/\",\"name\":\"Acielo Abierto\",\"description\":\"Tuinmeubels Costa Blanca\",\"publisher\":{\"@id\":\"https:\/\/acieloabierto.net\/en\/#organization\"},\"potentialAction\":[{\"@type\":\"SearchAction\",\"target\":\"https:\/\/acieloabierto.net\/en\/?s={search_term_string}\",\"query-input\":\"required name=search_term_string\"}],\"inLanguage\":\"de\"},{\"@type\":\"ImageObject\",\"@id\":\"https:\/\/acieloabierto.net\/de\/produkte\/kobo\/#primaryimage\",\"inLanguage\":\"de\",\"url\":\"https:\/\/acieloabierto.net\/wp-content\/uploads\/2021\/03\/kobo-manutti-ligbed1.jpg\",\"contentUrl\":\"https:\/\/acieloabierto.net\/wp-content\/uploads\/2021\/03\/kobo-manutti-ligbed1.jpg\",\"width\":1920,\"height\":1300},{\"@type\":\"WebPage\",\"@id\":\"https:\/\/acieloabierto.net\/de\/produkte\/kobo\/#webpage\",\"url\":\"https:\/\/acieloabierto.net\/de\/produkte\/kobo\/\",\"name\":\"Kobo - Acielo Abierto\",\"isPartOf\":{\"@id\":\"https:\/\/acieloabierto.net\/en\/#website\"},\"primaryImageOfPage\":{\"@id\":\"https:\/\/acieloabierto.net\/de\/produkte\/kobo\/#primaryimage\"},\"datePublished\":\"2021-03-04T09:21:56+00:00\",\"dateModified\":\"2021-03-04T09:21:56+00:00\",\"breadcrumb\":{\"@id\":\"https:\/\/acieloabierto.net\/de\/produkte\/kobo\/#breadcrumb\"},\"inLanguage\":\"de\",\"potentialAction\":[{\"@type\":\"ReadAction\",\"target\":[\"https:\/\/acieloabierto.net\/de\/produkte\/kobo\/\"]}]},{\"@type\":\"BreadcrumbList\",\"@id\":\"https:\/\/acieloabierto.net\/de\/produkte\/kobo\/#breadcrumb\",\"itemListElement\":[{\"@type\":\"ListItem\",\"position\":1,\"item\":{\"@type\":\"WebPage\",\"@id\":\"https:\/\/acieloabierto.net\/\",\"url\":\"https:\/\/acieloabierto.net\/\",\"name\":\"Home\"}},{\"@type\":\"ListItem\",\"position\":2,\"item\":{\"@type\":\"WebPage\",\"@id\":\"\",\"url\":\"\",\"name\":\"\"}},{\"@type\":\"ListItem\",\"position\":3,\"item\":{\"@id\":\"https:\/\/acieloabierto.net\/de\/produkte\/kobo\/#webpage\"}}]}]}<\/script>\n<!-- \/ Yoast SEO plugin. -->","_links":{"self":[{"href":"https:\/\/acieloabierto.net\/de\/wp-json\/wp\/v2\/product\/13584"}],"collection":[{"href":"https:\/\/acieloabierto.net\/de\/wp-json\/wp\/v2\/product"}],"about":[{"href":"https:\/\/acieloabierto.net\/de\/wp-json\/wp\/v2\/types\/product"}],"replies":[{"embeddable":true,"href":"https:\/\/acieloabierto.net\/de\/wp-json\/wp\/v2\/comments?post=13584"}],"wp:featuredmedia":[{"embeddable":true,"href":"https:\/\/acieloabierto.net\/de\/wp-json\/wp\/v2\/media\/13585"}],"wp:attachment":[{"href":"https:\/\/acieloabierto.net\/de\/wp-json\/wp\/v2\/media?parent=13584"}],"curies":[{"name":"wp","href":"https:\/\/api.w.org\/{rel}","templated":true}]}}