{"id":13526,"date":"2024-05-21T10:49:37","date_gmt":"2024-05-21T08:49:37","guid":{"rendered":"https:\/\/acieloabierto.net\/producten\/onyx\/"},"modified":"2024-05-21T10:49:37","modified_gmt":"2024-05-21T08:49:37","slug":"onyx","status":"publish","type":"product","link":"https:\/\/acieloabierto.net\/de\/produkte\/onyx\/","title":{"rendered":"Onyx"},"content":{"rendered":"<p><span style=\"font-weight: 400;\">Abgerundete Kanten und ein schlankes Design machen Onyx zum Barwagen der Tr\u00e4ume. Dieser schlichte, aber elegante Wagen wird ohne Eisw\u00fcrfelschale geliefert und bietet reichlich Stauraum f\u00fcr <\/span><span style=\"font-weight: 400;\">Gl\u00e4ser und anderes Aperitifzubeh\u00f6r. Ein Must-Have f\u00fcr jeden Gastgeber.<\/span><\/p>\n","protected":false},"excerpt":{"rendered":"<p>Abgerundete Kanten und ein schlankes Design machen Onyx zum Barwagen der Tr\u00e4ume. Dieser schlichte, aber elegante Wagen wird ohne Eisw\u00fcrfelschale geliefert und bietet reichlich Stauraum f\u00fcr Gl\u00e4ser und anderes Aperitifzubeh\u00f6r. Ein Must-Have f\u00fcr jeden Gastgeber.<\/p>\n","protected":false},"featured_media":13527,"comment_status":"open","ping_status":"closed","template":"","meta":{"wds_primary_pwb-brand":0,"wds_primary_product_cat":0},"brands":[{"id":664,"name":"InduPlus","slug":"induplus-de"}],"yoast_head":"<!-- This site is optimized with the Yoast SEO plugin v16.3 - https:\/\/yoast.com\/wordpress\/plugins\/seo\/ -->\n<title>Indu+ Onyx Trolley &amp; Outdoor-K\u00fcchen in Spanien - A Cielo Abierto<\/title>\n<meta name=\"description\" content=\"Luxuri\u00f6se Onyx Indu+ Outdoor-K\u00fcchen und -Wagen bei A Cielo Abierto Outdoor-M\u00f6bel in Altea, Benissa, Marbella und Estepona.\" \/>\n<meta name=\"robots\" content=\"index, follow, max-snippet:-1, max-image-preview:large, max-video-preview:-1\" \/>\n<link rel=\"canonical\" href=\"https:\/\/acieloabierto.net\/de\/produkte\/onyx\/\" \/>\n<meta property=\"og:locale\" content=\"de_DE\" \/>\n<meta property=\"og:type\" content=\"article\" \/>\n<meta property=\"og:title\" content=\"Indu+ Onyx Trolley &amp; Outdoor-K\u00fcchen in Spanien - A Cielo Abierto\" \/>\n<meta property=\"og:description\" content=\"Luxuri\u00f6se Onyx Indu+ Outdoor-K\u00fcchen und -Wagen bei A Cielo Abierto Outdoor-M\u00f6bel in Altea, Benissa, Marbella und Estepona.\" \/>\n<meta property=\"og:url\" content=\"https:\/\/acieloabierto.net\/de\/produkte\/onyx\/\" \/>\n<meta property=\"og:site_name\" content=\"Acielo Abierto\" \/>\n<meta property=\"og:image\" content=\"https:\/\/acieloabierto.net\/wp-content\/uploads\/2024\/05\/onyx_007.jpg\" \/>\n\t<meta property=\"og:image:width\" content=\"1920\" \/>\n\t<meta property=\"og:image:height\" content=\"960\" \/>\n<meta name=\"twitter:card\" content=\"summary_large_image\" \/>\n<script type=\"application\/ld+json\" class=\"yoast-schema-graph\">{\"@context\":\"https:\/\/schema.org\",\"@graph\":[{\"@type\":\"Organization\",\"@id\":\"https:\/\/acieloabierto.net\/en\/#organization\",\"name\":\"A Cielo Abierto\",\"url\":\"https:\/\/acieloabierto.net\/en\/\",\"sameAs\":[],\"logo\":{\"@type\":\"ImageObject\",\"@id\":\"https:\/\/acieloabierto.net\/en\/#logo\",\"inLanguage\":\"de\",\"url\":\"https:\/\/acieloabierto.net\/wp-content\/uploads\/2021\/02\/logo.svg\",\"contentUrl\":\"https:\/\/acieloabierto.net\/wp-content\/uploads\/2021\/02\/logo.svg\",\"caption\":\"A Cielo Abierto\"},\"image\":{\"@id\":\"https:\/\/acieloabierto.net\/en\/#logo\"}},{\"@type\":\"WebSite\",\"@id\":\"https:\/\/acieloabierto.net\/en\/#website\",\"url\":\"https:\/\/acieloabierto.net\/en\/\",\"name\":\"Acielo Abierto\",\"description\":\"Tuinmeubels Costa Blanca\",\"publisher\":{\"@id\":\"https:\/\/acieloabierto.net\/en\/#organization\"},\"potentialAction\":[{\"@type\":\"SearchAction\",\"target\":\"https:\/\/acieloabierto.net\/en\/?s={search_term_string}\",\"query-input\":\"required name=search_term_string\"}],\"inLanguage\":\"de\"},{\"@type\":\"ImageObject\",\"@id\":\"https:\/\/acieloabierto.net\/de\/produkte\/onyx\/#primaryimage\",\"inLanguage\":\"de\",\"url\":\"https:\/\/acieloabierto.net\/wp-content\/uploads\/2024\/05\/onyx_007.jpg\",\"contentUrl\":\"https:\/\/acieloabierto.net\/wp-content\/uploads\/2024\/05\/onyx_007.jpg\",\"width\":1920,\"height\":960},{\"@type\":\"WebPage\",\"@id\":\"https:\/\/acieloabierto.net\/de\/produkte\/onyx\/#webpage\",\"url\":\"https:\/\/acieloabierto.net\/de\/produkte\/onyx\/\",\"name\":\"Indu+ Onyx Trolley & Outdoor-K\\u00fcchen in Spanien - A Cielo Abierto\",\"isPartOf\":{\"@id\":\"https:\/\/acieloabierto.net\/en\/#website\"},\"primaryImageOfPage\":{\"@id\":\"https:\/\/acieloabierto.net\/de\/produkte\/onyx\/#primaryimage\"},\"datePublished\":\"2024-05-21T08:49:37+00:00\",\"dateModified\":\"2024-05-21T08:49:37+00:00\",\"description\":\"Luxuri\\u00f6se Onyx Indu+ Outdoor-K\\u00fcchen und -Wagen bei A Cielo Abierto Outdoor-M\\u00f6bel in Altea, Benissa, Marbella und Estepona.\",\"breadcrumb\":{\"@id\":\"https:\/\/acieloabierto.net\/de\/produkte\/onyx\/#breadcrumb\"},\"inLanguage\":\"de\",\"potentialAction\":[{\"@type\":\"ReadAction\",\"target\":[\"https:\/\/acieloabierto.net\/de\/produkte\/onyx\/\"]}]},{\"@type\":\"BreadcrumbList\",\"@id\":\"https:\/\/acieloabierto.net\/de\/produkte\/onyx\/#breadcrumb\",\"itemListElement\":[{\"@type\":\"ListItem\",\"position\":1,\"item\":{\"@type\":\"WebPage\",\"@id\":\"https:\/\/acieloabierto.net\/\",\"url\":\"https:\/\/acieloabierto.net\/\",\"name\":\"Home\"}},{\"@type\":\"ListItem\",\"position\":2,\"item\":{\"@type\":\"WebPage\",\"@id\":\"\",\"url\":\"\",\"name\":\"\"}},{\"@type\":\"ListItem\",\"position\":3,\"item\":{\"@id\":\"https:\/\/acieloabierto.net\/de\/produkte\/onyx\/#webpage\"}}]}]}<\/script>\n<!-- \/ Yoast SEO plugin. -->","_links":{"self":[{"href":"https:\/\/acieloabierto.net\/de\/wp-json\/wp\/v2\/product\/13526"}],"collection":[{"href":"https:\/\/acieloabierto.net\/de\/wp-json\/wp\/v2\/product"}],"about":[{"href":"https:\/\/acieloabierto.net\/de\/wp-json\/wp\/v2\/types\/product"}],"replies":[{"embeddable":true,"href":"https:\/\/acieloabierto.net\/de\/wp-json\/wp\/v2\/comments?post=13526"}],"wp:featuredmedia":[{"embeddable":true,"href":"https:\/\/acieloabierto.net\/de\/wp-json\/wp\/v2\/media\/13527"}],"wp:attachment":[{"href":"https:\/\/acieloabierto.net\/de\/wp-json\/wp\/v2\/media?parent=13526"}],"curies":[{"name":"wp","href":"https:\/\/api.w.org\/{rel}","templated":true}]}}