{"id":13456,"date":"2021-10-06T14:06:58","date_gmt":"2021-10-06T12:06:58","guid":{"rendered":"https:\/\/acieloabierto.net\/producten\/iceboy-wagen\/"},"modified":"2021-10-06T14:06:58","modified_gmt":"2021-10-06T12:06:58","slug":"iceboy-wagen","status":"publish","type":"product","link":"https:\/\/acieloabierto.net\/de\/produkte\/iceboy-wagen\/","title":{"rendered":"Iceboy Wagen"},"content":{"rendered":"<p><span style=\"font-weight: 400;\">Iceboy funktioniert sowohl als tragbare Bar als auch als praktischer Beistelltisch. Perfekt, um Ihre Getr\u00e4nke gek\u00fchlt und in Reichweite zu halten. Dieser Wagen verf\u00fcgt \u00fcber eine Schiebeplatte, einen <\/span><span style=\"font-weight: 400;\">Edelstahlk\u00fchler, Stauraum f\u00fcr Gl\u00e4ser und einem Ablasshahn.<\/span><\/p>\n","protected":false},"excerpt":{"rendered":"<p>Iceboy funktioniert sowohl als tragbare Bar als auch als praktischer Beistelltisch. Perfekt, um Ihre Getr\u00e4nke gek\u00fchlt und in Reichweite zu halten. Dieser Wagen verf\u00fcgt \u00fcber eine Schiebeplatte, einen Edelstahlk\u00fchler, Stauraum f\u00fcr Gl\u00e4ser und einem Ablasshahn.<\/p>\n","protected":false},"featured_media":13484,"comment_status":"open","ping_status":"closed","template":"","meta":{"wds_primary_pwb-brand":0,"wds_primary_product_cat":0},"brands":[{"id":664,"name":"InduPlus","slug":"induplus-de"}],"yoast_head":"<!-- This site is optimized with the Yoast SEO plugin v16.3 - https:\/\/yoast.com\/wordpress\/plugins\/seo\/ -->\n<title>Iceboy Wagen Outdoor-K\u00fcchen Costa Blanca - Acielo Abierto<\/title>\n<meta name=\"description\" content=\"Stilvolle Outdoor-K\u00fcchen auf R\u00e4dern mit einer Auswahl an Induktions-, Teppanyaki-, Wok- und Grillkombinationen, bekannt f\u00fcr ihre hohe Qualit\u00e4t und einzigartige Modularit\u00e4t.\" \/>\n<meta name=\"robots\" content=\"index, follow, max-snippet:-1, max-image-preview:large, max-video-preview:-1\" \/>\n<link rel=\"canonical\" href=\"https:\/\/acieloabierto.net\/de\/produkte\/iceboy-wagen\/\" \/>\n<meta property=\"og:locale\" content=\"de_DE\" \/>\n<meta property=\"og:type\" content=\"article\" \/>\n<meta property=\"og:title\" content=\"Iceboy Wagen Outdoor-K\u00fcchen Costa Blanca - Acielo Abierto\" \/>\n<meta property=\"og:description\" content=\"Stilvolle Outdoor-K\u00fcchen auf R\u00e4dern mit einer Auswahl an Induktions-, Teppanyaki-, Wok- und Grillkombinationen, bekannt f\u00fcr ihre hohe Qualit\u00e4t und einzigartige Modularit\u00e4t.\" \/>\n<meta property=\"og:url\" content=\"https:\/\/acieloabierto.net\/de\/produkte\/iceboy-wagen\/\" \/>\n<meta property=\"og:site_name\" content=\"Acielo Abierto\" \/>\n<meta property=\"og:image\" content=\"https:\/\/acieloabierto.net\/wp-content\/uploads\/2024\/05\/iceboy_036-1.jpg\" \/>\n\t<meta property=\"og:image:width\" content=\"707\" \/>\n\t<meta property=\"og:image:height\" content=\"707\" \/>\n<meta name=\"twitter:card\" content=\"summary_large_image\" \/>\n<script type=\"application\/ld+json\" class=\"yoast-schema-graph\">{\"@context\":\"https:\/\/schema.org\",\"@graph\":[{\"@type\":\"Organization\",\"@id\":\"https:\/\/acieloabierto.net\/en\/#organization\",\"name\":\"A Cielo Abierto\",\"url\":\"https:\/\/acieloabierto.net\/en\/\",\"sameAs\":[],\"logo\":{\"@type\":\"ImageObject\",\"@id\":\"https:\/\/acieloabierto.net\/en\/#logo\",\"inLanguage\":\"de\",\"url\":\"https:\/\/acieloabierto.net\/wp-content\/uploads\/2021\/02\/logo.svg\",\"contentUrl\":\"https:\/\/acieloabierto.net\/wp-content\/uploads\/2021\/02\/logo.svg\",\"caption\":\"A Cielo Abierto\"},\"image\":{\"@id\":\"https:\/\/acieloabierto.net\/en\/#logo\"}},{\"@type\":\"WebSite\",\"@id\":\"https:\/\/acieloabierto.net\/en\/#website\",\"url\":\"https:\/\/acieloabierto.net\/en\/\",\"name\":\"Acielo Abierto\",\"description\":\"Tuinmeubels Costa Blanca\",\"publisher\":{\"@id\":\"https:\/\/acieloabierto.net\/en\/#organization\"},\"potentialAction\":[{\"@type\":\"SearchAction\",\"target\":\"https:\/\/acieloabierto.net\/en\/?s={search_term_string}\",\"query-input\":\"required name=search_term_string\"}],\"inLanguage\":\"de\"},{\"@type\":\"ImageObject\",\"@id\":\"https:\/\/acieloabierto.net\/de\/produkte\/iceboy-wagen\/#primaryimage\",\"inLanguage\":\"de\",\"url\":\"https:\/\/acieloabierto.net\/wp-content\/uploads\/2024\/05\/iceboy_036-1.jpg\",\"contentUrl\":\"https:\/\/acieloabierto.net\/wp-content\/uploads\/2024\/05\/iceboy_036-1.jpg\",\"width\":707,\"height\":707,\"caption\":\"bar cart iceboy indu+ by pool\"},{\"@type\":\"WebPage\",\"@id\":\"https:\/\/acieloabierto.net\/de\/produkte\/iceboy-wagen\/#webpage\",\"url\":\"https:\/\/acieloabierto.net\/de\/produkte\/iceboy-wagen\/\",\"name\":\"Iceboy Wagen Outdoor-K\\u00fcchen Costa Blanca - Acielo Abierto\",\"isPartOf\":{\"@id\":\"https:\/\/acieloabierto.net\/en\/#website\"},\"primaryImageOfPage\":{\"@id\":\"https:\/\/acieloabierto.net\/de\/produkte\/iceboy-wagen\/#primaryimage\"},\"datePublished\":\"2021-10-06T12:06:58+00:00\",\"dateModified\":\"2021-10-06T12:06:58+00:00\",\"description\":\"Stilvolle Outdoor-K\\u00fcchen auf R\\u00e4dern mit einer Auswahl an Induktions-, Teppanyaki-, Wok- und Grillkombinationen, bekannt f\\u00fcr ihre hohe Qualit\\u00e4t und einzigartige Modularit\\u00e4t.\",\"breadcrumb\":{\"@id\":\"https:\/\/acieloabierto.net\/de\/produkte\/iceboy-wagen\/#breadcrumb\"},\"inLanguage\":\"de\",\"potentialAction\":[{\"@type\":\"ReadAction\",\"target\":[\"https:\/\/acieloabierto.net\/de\/produkte\/iceboy-wagen\/\"]}]},{\"@type\":\"BreadcrumbList\",\"@id\":\"https:\/\/acieloabierto.net\/de\/produkte\/iceboy-wagen\/#breadcrumb\",\"itemListElement\":[{\"@type\":\"ListItem\",\"position\":1,\"item\":{\"@type\":\"WebPage\",\"@id\":\"https:\/\/acieloabierto.net\/\",\"url\":\"https:\/\/acieloabierto.net\/\",\"name\":\"Home\"}},{\"@type\":\"ListItem\",\"position\":2,\"item\":{\"@type\":\"WebPage\",\"@id\":\"\",\"url\":\"\",\"name\":\"\"}},{\"@type\":\"ListItem\",\"position\":3,\"item\":{\"@id\":\"https:\/\/acieloabierto.net\/de\/produkte\/iceboy-wagen\/#webpage\"}}]}]}<\/script>\n<!-- \/ Yoast SEO plugin. -->","_links":{"self":[{"href":"https:\/\/acieloabierto.net\/de\/wp-json\/wp\/v2\/product\/13456"}],"collection":[{"href":"https:\/\/acieloabierto.net\/de\/wp-json\/wp\/v2\/product"}],"about":[{"href":"https:\/\/acieloabierto.net\/de\/wp-json\/wp\/v2\/types\/product"}],"replies":[{"embeddable":true,"href":"https:\/\/acieloabierto.net\/de\/wp-json\/wp\/v2\/comments?post=13456"}],"wp:featuredmedia":[{"embeddable":true,"href":"https:\/\/acieloabierto.net\/de\/wp-json\/wp\/v2\/media\/13484"}],"wp:attachment":[{"href":"https:\/\/acieloabierto.net\/de\/wp-json\/wp\/v2\/media?parent=13456"}],"curies":[{"name":"wp","href":"https:\/\/api.w.org\/{rel}","templated":true}]}}