{"id":13423,"date":"2021-10-06T13:57:26","date_gmt":"2021-10-06T11:57:26","guid":{"rendered":"https:\/\/acieloabierto.net\/producten\/induplus-gazzboy-wagen\/"},"modified":"2021-10-06T13:57:26","modified_gmt":"2021-10-06T11:57:26","slug":"induplus-gazzboy-wagen","status":"publish","type":"product","link":"https:\/\/acieloabierto.net\/de\/produkte\/induplus-gazzboy-wagen\/","title":{"rendered":"Gazzboy Wagen"},"content":{"rendered":"<p><span style=\"font-weight: 400;\">Das Design des GazzBoy ist einfach und stilvoll zugleich und bietet alles, was man von einer Outdoor-K\u00fcche erwartet: eine verl\u00e4ngerte Arbeitsfl\u00e4che, einen eingebauten Messerhalter und eine praktische Schublade zur Aufbewahrung von Ger\u00e4ten. Der mattschwarze pulverbeschichtete Aluminiumrahmen harmoniert wunderbar mit dem massiven Teakholz.<\/span><\/p>\n","protected":false},"excerpt":{"rendered":"<p>Das Design des GazzBoy ist einfach und stilvoll zugleich und bietet alles, was man von einer Outdoor-K\u00fcche erwartet: eine verl\u00e4ngerte Arbeitsfl\u00e4che, einen eingebauten Messerhalter und eine praktische Schublade zur Aufbewahrung von Ger\u00e4ten. Der mattschwarze pulverbeschichtete Aluminiumrahmen harmoniert wunderbar mit dem massiven Teakholz.<\/p>\n","protected":false},"featured_media":13424,"comment_status":"open","ping_status":"closed","template":"","meta":{"wds_primary_pwb-brand":0,"wds_primary_product_cat":0},"brands":[{"id":664,"name":"InduPlus","slug":"induplus-de"}],"yoast_head":"<!-- This site is optimized with the Yoast SEO plugin v16.3 - https:\/\/yoast.com\/wordpress\/plugins\/seo\/ -->\n<title>Gazzboy Wagen Outdoor-K\u00fcchen Costa Blanca - Acielo Abierto<\/title>\n<meta name=\"description\" content=\"Stilvolle Outdoor-K\u00fcchen auf R\u00e4dern mit einer Auswahl an Induktions-, Teppanyaki-, Wok- und Grillkombinationen, bekannt f\u00fcr ihre hohe Qualit\u00e4t und einzigartige Modularit\u00e4t.\" \/>\n<meta name=\"robots\" content=\"index, follow, max-snippet:-1, max-image-preview:large, max-video-preview:-1\" \/>\n<link rel=\"canonical\" href=\"https:\/\/acieloabierto.net\/de\/produkte\/induplus-gazzboy-wagen\/\" \/>\n<meta property=\"og:locale\" content=\"de_DE\" \/>\n<meta property=\"og:type\" content=\"article\" \/>\n<meta property=\"og:title\" content=\"Gazzboy Wagen Outdoor-K\u00fcchen Costa Blanca - Acielo Abierto\" \/>\n<meta property=\"og:description\" content=\"Stilvolle Outdoor-K\u00fcchen auf R\u00e4dern mit einer Auswahl an Induktions-, Teppanyaki-, Wok- und Grillkombinationen, bekannt f\u00fcr ihre hohe Qualit\u00e4t und einzigartige Modularit\u00e4t.\" \/>\n<meta property=\"og:url\" content=\"https:\/\/acieloabierto.net\/de\/produkte\/induplus-gazzboy-wagen\/\" \/>\n<meta property=\"og:site_name\" content=\"Acielo Abierto\" \/>\n<meta property=\"og:image\" content=\"https:\/\/acieloabierto.net\/wp-content\/uploads\/2021\/10\/induplus-gazzboy-trolley.jpg\" \/>\n\t<meta property=\"og:image:width\" content=\"576\" \/>\n\t<meta property=\"og:image:height\" content=\"400\" \/>\n<meta name=\"twitter:card\" content=\"summary_large_image\" \/>\n<script type=\"application\/ld+json\" class=\"yoast-schema-graph\">{\"@context\":\"https:\/\/schema.org\",\"@graph\":[{\"@type\":\"Organization\",\"@id\":\"https:\/\/acieloabierto.net\/en\/#organization\",\"name\":\"A Cielo Abierto\",\"url\":\"https:\/\/acieloabierto.net\/en\/\",\"sameAs\":[],\"logo\":{\"@type\":\"ImageObject\",\"@id\":\"https:\/\/acieloabierto.net\/en\/#logo\",\"inLanguage\":\"de\",\"url\":\"https:\/\/acieloabierto.net\/wp-content\/uploads\/2021\/02\/logo.svg\",\"contentUrl\":\"https:\/\/acieloabierto.net\/wp-content\/uploads\/2021\/02\/logo.svg\",\"caption\":\"A Cielo Abierto\"},\"image\":{\"@id\":\"https:\/\/acieloabierto.net\/en\/#logo\"}},{\"@type\":\"WebSite\",\"@id\":\"https:\/\/acieloabierto.net\/en\/#website\",\"url\":\"https:\/\/acieloabierto.net\/en\/\",\"name\":\"Acielo Abierto\",\"description\":\"Tuinmeubels Costa Blanca\",\"publisher\":{\"@id\":\"https:\/\/acieloabierto.net\/en\/#organization\"},\"potentialAction\":[{\"@type\":\"SearchAction\",\"target\":\"https:\/\/acieloabierto.net\/en\/?s={search_term_string}\",\"query-input\":\"required name=search_term_string\"}],\"inLanguage\":\"de\"},{\"@type\":\"ImageObject\",\"@id\":\"https:\/\/acieloabierto.net\/de\/produkte\/induplus-gazzboy-wagen\/#primaryimage\",\"inLanguage\":\"de\",\"url\":\"https:\/\/acieloabierto.net\/wp-content\/uploads\/2021\/10\/induplus-gazzboy-trolley.jpg\",\"contentUrl\":\"https:\/\/acieloabierto.net\/wp-content\/uploads\/2021\/10\/induplus-gazzboy-trolley.jpg\",\"width\":576,\"height\":400},{\"@type\":\"WebPage\",\"@id\":\"https:\/\/acieloabierto.net\/de\/produkte\/induplus-gazzboy-wagen\/#webpage\",\"url\":\"https:\/\/acieloabierto.net\/de\/produkte\/induplus-gazzboy-wagen\/\",\"name\":\"Gazzboy Wagen Outdoor-K\\u00fcchen Costa Blanca - Acielo Abierto\",\"isPartOf\":{\"@id\":\"https:\/\/acieloabierto.net\/en\/#website\"},\"primaryImageOfPage\":{\"@id\":\"https:\/\/acieloabierto.net\/de\/produkte\/induplus-gazzboy-wagen\/#primaryimage\"},\"datePublished\":\"2021-10-06T11:57:26+00:00\",\"dateModified\":\"2021-10-06T11:57:26+00:00\",\"description\":\"Stilvolle Outdoor-K\\u00fcchen auf R\\u00e4dern mit einer Auswahl an Induktions-, Teppanyaki-, Wok- und Grillkombinationen, bekannt f\\u00fcr ihre hohe Qualit\\u00e4t und einzigartige Modularit\\u00e4t.\",\"breadcrumb\":{\"@id\":\"https:\/\/acieloabierto.net\/de\/produkte\/induplus-gazzboy-wagen\/#breadcrumb\"},\"inLanguage\":\"de\",\"potentialAction\":[{\"@type\":\"ReadAction\",\"target\":[\"https:\/\/acieloabierto.net\/de\/produkte\/induplus-gazzboy-wagen\/\"]}]},{\"@type\":\"BreadcrumbList\",\"@id\":\"https:\/\/acieloabierto.net\/de\/produkte\/induplus-gazzboy-wagen\/#breadcrumb\",\"itemListElement\":[{\"@type\":\"ListItem\",\"position\":1,\"item\":{\"@type\":\"WebPage\",\"@id\":\"https:\/\/acieloabierto.net\/\",\"url\":\"https:\/\/acieloabierto.net\/\",\"name\":\"Home\"}},{\"@type\":\"ListItem\",\"position\":2,\"item\":{\"@type\":\"WebPage\",\"@id\":\"\",\"url\":\"\",\"name\":\"\"}},{\"@type\":\"ListItem\",\"position\":3,\"item\":{\"@id\":\"https:\/\/acieloabierto.net\/de\/produkte\/induplus-gazzboy-wagen\/#webpage\"}}]}]}<\/script>\n<!-- \/ Yoast SEO plugin. -->","_links":{"self":[{"href":"https:\/\/acieloabierto.net\/de\/wp-json\/wp\/v2\/product\/13423"}],"collection":[{"href":"https:\/\/acieloabierto.net\/de\/wp-json\/wp\/v2\/product"}],"about":[{"href":"https:\/\/acieloabierto.net\/de\/wp-json\/wp\/v2\/types\/product"}],"replies":[{"embeddable":true,"href":"https:\/\/acieloabierto.net\/de\/wp-json\/wp\/v2\/comments?post=13423"}],"wp:featuredmedia":[{"embeddable":true,"href":"https:\/\/acieloabierto.net\/de\/wp-json\/wp\/v2\/media\/13424"}],"wp:attachment":[{"href":"https:\/\/acieloabierto.net\/de\/wp-json\/wp\/v2\/media?parent=13423"}],"curies":[{"name":"wp","href":"https:\/\/api.w.org\/{rel}","templated":true}]}}