{"id":13400,"date":"2024-05-20T17:17:27","date_gmt":"2024-05-20T15:17:27","guid":{"rendered":"https:\/\/acieloabierto.net\/producten\/bilba\/"},"modified":"2024-05-20T17:17:27","modified_gmt":"2024-05-20T15:17:27","slug":"bilba","status":"publish","type":"product","link":"https:\/\/acieloabierto.net\/de\/produkte\/bilba\/","title":{"rendered":"Bilba"},"content":{"rendered":"<p><span style=\"font-weight: 400;\">Der leistungsstarke und elegante Bilba ist der ger\u00e4umigste Wagen und verf\u00fcgt \u00fcber nicht weniger als drei Kochzonen. Er verf\u00fcgt \u00fcber drei Schubladen, zwei integrierte Messerhalter, ein Induktionsset und ein Schneidebrett. Bonus: viel Platz f\u00fcr Gew\u00fcrze und andere Kochutensilien.<\/span><\/p>\n","protected":false},"excerpt":{"rendered":"<p>Der leistungsstarke und elegante Bilba ist der ger\u00e4umigste Wagen und verf\u00fcgt \u00fcber nicht weniger als drei Kochzonen. Er verf\u00fcgt \u00fcber drei Schubladen, zwei integrierte Messerhalter, ein Induktionsset und ein Schneidebrett. Bonus: viel Platz f\u00fcr Gew\u00fcrze und andere Kochutensilien.<\/p>\n","protected":false},"featured_media":13418,"comment_status":"open","ping_status":"closed","template":"","meta":{"wds_primary_pwb-brand":0,"wds_primary_product_cat":0},"brands":[{"id":664,"name":"InduPlus","slug":"induplus-de"}],"yoast_head":"<!-- This site is optimized with the Yoast SEO plugin v16.3 - https:\/\/yoast.com\/wordpress\/plugins\/seo\/ -->\n<title>Indu+ Bilba Outdoor-K\u00fcchen in Spanien - A Cielo Abierto<\/title>\n<meta name=\"description\" content=\"Stilvolle Bilba Indu+ Outdoor-K\u00fcchen und -Wagen bei A Cielo Abierto in Altea, Benissa, Marbella und Estepona.\" \/>\n<meta name=\"robots\" content=\"index, follow, max-snippet:-1, max-image-preview:large, max-video-preview:-1\" \/>\n<link rel=\"canonical\" href=\"https:\/\/acieloabierto.net\/de\/produkte\/bilba\/\" \/>\n<meta property=\"og:locale\" content=\"de_DE\" \/>\n<meta property=\"og:type\" content=\"article\" \/>\n<meta property=\"og:title\" content=\"Indu+ Bilba Outdoor-K\u00fcchen in Spanien - A Cielo Abierto\" \/>\n<meta property=\"og:description\" content=\"Stilvolle Bilba Indu+ Outdoor-K\u00fcchen und -Wagen bei A Cielo Abierto in Altea, Benissa, Marbella und Estepona.\" \/>\n<meta property=\"og:url\" content=\"https:\/\/acieloabierto.net\/de\/produkte\/bilba\/\" \/>\n<meta property=\"og:site_name\" content=\"Acielo Abierto\" \/>\n<meta property=\"og:image\" content=\"https:\/\/acieloabierto.net\/wp-content\/uploads\/2024\/05\/bilba_023.jpg\" \/>\n\t<meta property=\"og:image:width\" content=\"2500\" \/>\n\t<meta property=\"og:image:height\" content=\"1406\" \/>\n<meta name=\"twitter:card\" content=\"summary_large_image\" \/>\n<script type=\"application\/ld+json\" class=\"yoast-schema-graph\">{\"@context\":\"https:\/\/schema.org\",\"@graph\":[{\"@type\":\"Organization\",\"@id\":\"https:\/\/acieloabierto.net\/en\/#organization\",\"name\":\"A Cielo Abierto\",\"url\":\"https:\/\/acieloabierto.net\/en\/\",\"sameAs\":[],\"logo\":{\"@type\":\"ImageObject\",\"@id\":\"https:\/\/acieloabierto.net\/en\/#logo\",\"inLanguage\":\"de\",\"url\":\"https:\/\/acieloabierto.net\/wp-content\/uploads\/2021\/02\/logo.svg\",\"contentUrl\":\"https:\/\/acieloabierto.net\/wp-content\/uploads\/2021\/02\/logo.svg\",\"caption\":\"A Cielo Abierto\"},\"image\":{\"@id\":\"https:\/\/acieloabierto.net\/en\/#logo\"}},{\"@type\":\"WebSite\",\"@id\":\"https:\/\/acieloabierto.net\/en\/#website\",\"url\":\"https:\/\/acieloabierto.net\/en\/\",\"name\":\"Acielo Abierto\",\"description\":\"Tuinmeubels Costa Blanca\",\"publisher\":{\"@id\":\"https:\/\/acieloabierto.net\/en\/#organization\"},\"potentialAction\":[{\"@type\":\"SearchAction\",\"target\":\"https:\/\/acieloabierto.net\/en\/?s={search_term_string}\",\"query-input\":\"required name=search_term_string\"}],\"inLanguage\":\"de\"},{\"@type\":\"ImageObject\",\"@id\":\"https:\/\/acieloabierto.net\/de\/produkte\/bilba\/#primaryimage\",\"inLanguage\":\"de\",\"url\":\"https:\/\/acieloabierto.net\/wp-content\/uploads\/2024\/05\/bilba_023.jpg\",\"contentUrl\":\"https:\/\/acieloabierto.net\/wp-content\/uploads\/2024\/05\/bilba_023.jpg\",\"width\":2500,\"height\":1406},{\"@type\":\"WebPage\",\"@id\":\"https:\/\/acieloabierto.net\/de\/produkte\/bilba\/#webpage\",\"url\":\"https:\/\/acieloabierto.net\/de\/produkte\/bilba\/\",\"name\":\"Indu+ Bilba Outdoor-K\\u00fcchen in Spanien - A Cielo Abierto\",\"isPartOf\":{\"@id\":\"https:\/\/acieloabierto.net\/en\/#website\"},\"primaryImageOfPage\":{\"@id\":\"https:\/\/acieloabierto.net\/de\/produkte\/bilba\/#primaryimage\"},\"datePublished\":\"2024-05-20T15:17:27+00:00\",\"dateModified\":\"2024-05-20T15:17:27+00:00\",\"description\":\"Stilvolle Bilba Indu+ Outdoor-K\\u00fcchen und -Wagen bei A Cielo Abierto in Altea, Benissa, Marbella und Estepona.\",\"breadcrumb\":{\"@id\":\"https:\/\/acieloabierto.net\/de\/produkte\/bilba\/#breadcrumb\"},\"inLanguage\":\"de\",\"potentialAction\":[{\"@type\":\"ReadAction\",\"target\":[\"https:\/\/acieloabierto.net\/de\/produkte\/bilba\/\"]}]},{\"@type\":\"BreadcrumbList\",\"@id\":\"https:\/\/acieloabierto.net\/de\/produkte\/bilba\/#breadcrumb\",\"itemListElement\":[{\"@type\":\"ListItem\",\"position\":1,\"item\":{\"@type\":\"WebPage\",\"@id\":\"https:\/\/acieloabierto.net\/\",\"url\":\"https:\/\/acieloabierto.net\/\",\"name\":\"Home\"}},{\"@type\":\"ListItem\",\"position\":2,\"item\":{\"@type\":\"WebPage\",\"@id\":\"\",\"url\":\"\",\"name\":\"\"}},{\"@type\":\"ListItem\",\"position\":3,\"item\":{\"@id\":\"https:\/\/acieloabierto.net\/de\/produkte\/bilba\/#webpage\"}}]}]}<\/script>\n<!-- \/ Yoast SEO plugin. -->","_links":{"self":[{"href":"https:\/\/acieloabierto.net\/de\/wp-json\/wp\/v2\/product\/13400"}],"collection":[{"href":"https:\/\/acieloabierto.net\/de\/wp-json\/wp\/v2\/product"}],"about":[{"href":"https:\/\/acieloabierto.net\/de\/wp-json\/wp\/v2\/types\/product"}],"replies":[{"embeddable":true,"href":"https:\/\/acieloabierto.net\/de\/wp-json\/wp\/v2\/comments?post=13400"}],"wp:featuredmedia":[{"embeddable":true,"href":"https:\/\/acieloabierto.net\/de\/wp-json\/wp\/v2\/media\/13418"}],"wp:attachment":[{"href":"https:\/\/acieloabierto.net\/de\/wp-json\/wp\/v2\/media?parent=13400"}],"curies":[{"name":"wp","href":"https:\/\/api.w.org\/{rel}","templated":true}]}}