{"id":13313,"date":"2021-02-22T10:51:30","date_gmt":"2021-02-22T09:51:30","guid":{"rendered":"https:\/\/acieloabierto.net\/producten\/sunset\/"},"modified":"2021-02-22T10:51:30","modified_gmt":"2021-02-22T09:51:30","slug":"sunset","status":"publish","type":"product","link":"https:\/\/acieloabierto.net\/de\/produkte\/sunset\/","title":{"rendered":"Sunset"},"content":{"rendered":"<p><span style=\"font-weight: 400;\">Lustig, verspielt, modern. Sunset ist der dynamischste Stuhl der Serie und bietet 3 geometrische Formen, die beliebig kombiniert werden k\u00f6nnen. Seine beweglichen Arm- und R\u00fcckenlehnen erm\u00f6glichen \u00fcberraschende Kombinationen, garantieren aber auch Stabilit\u00e4t dank der rutschfesten Oberfl\u00e4che und des Klettverschlusses. Erh\u00e4ltlich in dunklem und hellem Silber, sind die Sitz- und R\u00fcckenlehnen in zwei verschiedenen wasserfesten Texturen f\u00fcr raffinierte Arrangements erh\u00e4ltlich.<\/span><\/p>\n","protected":false},"excerpt":{"rendered":"<p>Lustig, verspielt, modern. Sunset ist der dynamischste Stuhl der Serie und bietet 3 geometrische Formen, die beliebig kombiniert werden k\u00f6nnen. Seine beweglichen Arm- und R\u00fcckenlehnen erm\u00f6glichen \u00fcberraschende Kombinationen, garantieren aber auch Stabilit\u00e4t dank der rutschfesten Oberfl\u00e4che und des Klettverschlusses. Erh\u00e4ltlich in dunklem und hellem Silber, sind die Sitz- und R\u00fcckenlehnen in zwei verschiedenen wasserfesten Texturen [&hellip;]<\/p>\n","protected":false},"featured_media":7847,"comment_status":"closed","ping_status":"closed","template":"","meta":{"wds_primary_pwb-brand":0,"wds_primary_product_cat":0},"brands":[{"id":658,"name":"Diphano","slug":"diphano-de"}],"yoast_head":"<!-- This site is optimized with the Yoast SEO plugin v16.3 - https:\/\/yoast.com\/wordpress\/plugins\/seo\/ -->\n<title>Sunset - Acielo Abierto<\/title>\n<meta name=\"robots\" content=\"index, follow, max-snippet:-1, max-image-preview:large, max-video-preview:-1\" \/>\n<link rel=\"canonical\" href=\"https:\/\/acieloabierto.net\/de\/produkte\/sunset\/\" \/>\n<meta property=\"og:locale\" content=\"de_DE\" \/>\n<meta property=\"og:type\" content=\"article\" \/>\n<meta property=\"og:title\" content=\"Sunset - Acielo Abierto\" \/>\n<meta property=\"og:description\" content=\"Lustig, verspielt, modern. Sunset ist der dynamischste Stuhl der Serie und bietet 3 geometrische Formen, die beliebig kombiniert werden k\u00f6nnen. Seine beweglichen Arm- und R\u00fcckenlehnen erm\u00f6glichen \u00fcberraschende Kombinationen, garantieren aber auch Stabilit\u00e4t dank der rutschfesten Oberfl\u00e4che und des Klettverschlusses. Erh\u00e4ltlich in dunklem und hellem Silber, sind die Sitz- und R\u00fcckenlehnen in zwei verschiedenen wasserfesten Texturen [&hellip;]\" \/>\n<meta property=\"og:url\" content=\"https:\/\/acieloabierto.net\/de\/produkte\/sunset\/\" \/>\n<meta property=\"og:site_name\" content=\"Acielo Abierto\" \/>\n<meta name=\"twitter:card\" content=\"summary_large_image\" \/>\n<script type=\"application\/ld+json\" class=\"yoast-schema-graph\">{\"@context\":\"https:\/\/schema.org\",\"@graph\":[{\"@type\":\"Organization\",\"@id\":\"https:\/\/acieloabierto.net\/en\/#organization\",\"name\":\"A Cielo Abierto\",\"url\":\"https:\/\/acieloabierto.net\/en\/\",\"sameAs\":[],\"logo\":{\"@type\":\"ImageObject\",\"@id\":\"https:\/\/acieloabierto.net\/en\/#logo\",\"inLanguage\":\"de\",\"url\":\"https:\/\/acieloabierto.net\/wp-content\/uploads\/2021\/02\/logo.svg\",\"contentUrl\":\"https:\/\/acieloabierto.net\/wp-content\/uploads\/2021\/02\/logo.svg\",\"caption\":\"A Cielo Abierto\"},\"image\":{\"@id\":\"https:\/\/acieloabierto.net\/en\/#logo\"}},{\"@type\":\"WebSite\",\"@id\":\"https:\/\/acieloabierto.net\/en\/#website\",\"url\":\"https:\/\/acieloabierto.net\/en\/\",\"name\":\"Acielo Abierto\",\"description\":\"Tuinmeubels Costa Blanca\",\"publisher\":{\"@id\":\"https:\/\/acieloabierto.net\/en\/#organization\"},\"potentialAction\":[{\"@type\":\"SearchAction\",\"target\":\"https:\/\/acieloabierto.net\/en\/?s={search_term_string}\",\"query-input\":\"required name=search_term_string\"}],\"inLanguage\":\"de\"},{\"@type\":\"ImageObject\",\"@id\":\"https:\/\/acieloabierto.net\/de\/produkte\/sunset\/#primaryimage\",\"inLanguage\":\"de\",\"url\":\"https:\/\/acieloabierto.net\/wp-content\/uploads\/2021\/02\/sunset-diphano-lounge.jpg\",\"contentUrl\":\"https:\/\/acieloabierto.net\/wp-content\/uploads\/2021\/02\/sunset-diphano-lounge.jpg\",\"width\":1920,\"height\":1300},{\"@type\":\"WebPage\",\"@id\":\"https:\/\/acieloabierto.net\/de\/produkte\/sunset\/#webpage\",\"url\":\"https:\/\/acieloabierto.net\/de\/produkte\/sunset\/\",\"name\":\"Sunset - Acielo Abierto\",\"isPartOf\":{\"@id\":\"https:\/\/acieloabierto.net\/en\/#website\"},\"primaryImageOfPage\":{\"@id\":\"https:\/\/acieloabierto.net\/de\/produkte\/sunset\/#primaryimage\"},\"datePublished\":\"2021-02-22T09:51:30+00:00\",\"dateModified\":\"2021-02-22T09:51:30+00:00\",\"breadcrumb\":{\"@id\":\"https:\/\/acieloabierto.net\/de\/produkte\/sunset\/#breadcrumb\"},\"inLanguage\":\"de\",\"potentialAction\":[{\"@type\":\"ReadAction\",\"target\":[\"https:\/\/acieloabierto.net\/de\/produkte\/sunset\/\"]}]},{\"@type\":\"BreadcrumbList\",\"@id\":\"https:\/\/acieloabierto.net\/de\/produkte\/sunset\/#breadcrumb\",\"itemListElement\":[{\"@type\":\"ListItem\",\"position\":1,\"item\":{\"@type\":\"WebPage\",\"@id\":\"https:\/\/acieloabierto.net\/\",\"url\":\"https:\/\/acieloabierto.net\/\",\"name\":\"Home\"}},{\"@type\":\"ListItem\",\"position\":2,\"item\":{\"@type\":\"WebPage\",\"@id\":\"\",\"url\":\"\",\"name\":\"\"}},{\"@type\":\"ListItem\",\"position\":3,\"item\":{\"@id\":\"https:\/\/acieloabierto.net\/de\/produkte\/sunset\/#webpage\"}}]}]}<\/script>\n<!-- \/ Yoast SEO plugin. -->","_links":{"self":[{"href":"https:\/\/acieloabierto.net\/de\/wp-json\/wp\/v2\/product\/13313"}],"collection":[{"href":"https:\/\/acieloabierto.net\/de\/wp-json\/wp\/v2\/product"}],"about":[{"href":"https:\/\/acieloabierto.net\/de\/wp-json\/wp\/v2\/types\/product"}],"replies":[{"embeddable":true,"href":"https:\/\/acieloabierto.net\/de\/wp-json\/wp\/v2\/comments?post=13313"}],"wp:featuredmedia":[{"embeddable":true,"href":"https:\/\/acieloabierto.net\/de\/wp-json\/wp\/v2\/media\/7847"}],"wp:attachment":[{"href":"https:\/\/acieloabierto.net\/de\/wp-json\/wp\/v2\/media?parent=13313"}],"curies":[{"name":"wp","href":"https:\/\/api.w.org\/{rel}","templated":true}]}}