{"id":13295,"date":"2021-02-22T10:51:30","date_gmt":"2021-02-22T09:51:30","guid":{"rendered":"https:\/\/acieloabierto.net\/producten\/metris\/"},"modified":"2021-02-22T10:51:30","modified_gmt":"2021-02-22T09:51:30","slug":"metris","status":"publish","type":"product","link":"https:\/\/acieloabierto.net\/de\/produkte\/metris\/","title":{"rendered":"Metris"},"content":{"rendered":"<p><span style=\"font-weight: 400;\">Metris ist in den Farben Lava und Wei\u00df erh\u00e4ltlich. Diese umfangreiche Kollektion deckt alles ab, von bequemen St\u00fchlen \u00fcber geschmackvolle Tische bis hin zu einem trendigen Barelement. Metris hat ein modernes lineares Muster aus pulverbeschichtetem Aluminium. Ein einfaches, aber elegantes Design, das man in guter Gesellschaft genie\u00dfen kann. Kombinieren Sie die einzigartigen Partytische mit den langen Esstischen f\u00fcr endlose Unterhaltungen und unvergessliche Momente. Die Metris-Kollektion ist leicht stapelbar und \u00e4u\u00dferst langlebig und passt zu jedem Stil und Budget.<\/span><\/p>\n","protected":false},"excerpt":{"rendered":"<p>Metris ist in den Farben Lava und Wei\u00df erh\u00e4ltlich. Diese umfangreiche Kollektion deckt alles ab, von bequemen St\u00fchlen \u00fcber geschmackvolle Tische bis hin zu einem trendigen Barelement. Metris hat ein modernes lineares Muster aus pulverbeschichtetem Aluminium. Ein einfaches, aber elegantes Design, das man in guter Gesellschaft genie\u00dfen kann. Kombinieren Sie die einzigartigen Partytische mit den [&hellip;]<\/p>\n","protected":false},"featured_media":7838,"comment_status":"closed","ping_status":"closed","template":"","meta":{"wds_primary_pwb-brand":0,"wds_primary_product_cat":0},"brands":[{"id":658,"name":"Diphano","slug":"diphano-de"}],"yoast_head":"<!-- This site is optimized with the Yoast SEO plugin v16.3 - https:\/\/yoast.com\/wordpress\/plugins\/seo\/ -->\n<title>Metris - Acielo Abierto<\/title>\n<meta name=\"robots\" content=\"index, follow, max-snippet:-1, max-image-preview:large, max-video-preview:-1\" \/>\n<link rel=\"canonical\" href=\"https:\/\/acieloabierto.net\/de\/produkte\/metris\/\" \/>\n<meta property=\"og:locale\" content=\"de_DE\" \/>\n<meta property=\"og:type\" content=\"article\" \/>\n<meta property=\"og:title\" content=\"Metris - Acielo Abierto\" \/>\n<meta property=\"og:description\" content=\"Metris ist in den Farben Lava und Wei\u00df erh\u00e4ltlich. Diese umfangreiche Kollektion deckt alles ab, von bequemen St\u00fchlen \u00fcber geschmackvolle Tische bis hin zu einem trendigen Barelement. Metris hat ein modernes lineares Muster aus pulverbeschichtetem Aluminium. Ein einfaches, aber elegantes Design, das man in guter Gesellschaft genie\u00dfen kann. Kombinieren Sie die einzigartigen Partytische mit den [&hellip;]\" \/>\n<meta property=\"og:url\" content=\"https:\/\/acieloabierto.net\/de\/produkte\/metris\/\" \/>\n<meta property=\"og:site_name\" content=\"Acielo Abierto\" \/>\n<meta name=\"twitter:card\" content=\"summary_large_image\" \/>\n<script type=\"application\/ld+json\" class=\"yoast-schema-graph\">{\"@context\":\"https:\/\/schema.org\",\"@graph\":[{\"@type\":\"Organization\",\"@id\":\"https:\/\/acieloabierto.net\/en\/#organization\",\"name\":\"A Cielo Abierto\",\"url\":\"https:\/\/acieloabierto.net\/en\/\",\"sameAs\":[],\"logo\":{\"@type\":\"ImageObject\",\"@id\":\"https:\/\/acieloabierto.net\/en\/#logo\",\"inLanguage\":\"de\",\"url\":\"https:\/\/acieloabierto.net\/wp-content\/uploads\/2021\/02\/logo.svg\",\"contentUrl\":\"https:\/\/acieloabierto.net\/wp-content\/uploads\/2021\/02\/logo.svg\",\"caption\":\"A Cielo Abierto\"},\"image\":{\"@id\":\"https:\/\/acieloabierto.net\/en\/#logo\"}},{\"@type\":\"WebSite\",\"@id\":\"https:\/\/acieloabierto.net\/en\/#website\",\"url\":\"https:\/\/acieloabierto.net\/en\/\",\"name\":\"Acielo Abierto\",\"description\":\"Tuinmeubels Costa Blanca\",\"publisher\":{\"@id\":\"https:\/\/acieloabierto.net\/en\/#organization\"},\"potentialAction\":[{\"@type\":\"SearchAction\",\"target\":\"https:\/\/acieloabierto.net\/en\/?s={search_term_string}\",\"query-input\":\"required name=search_term_string\"}],\"inLanguage\":\"de\"},{\"@type\":\"ImageObject\",\"@id\":\"https:\/\/acieloabierto.net\/de\/produkte\/metris\/#primaryimage\",\"inLanguage\":\"de\",\"url\":\"https:\/\/acieloabierto.net\/wp-content\/uploads\/2021\/02\/metris-diphano-tafel-stoelen.jpg\",\"contentUrl\":\"https:\/\/acieloabierto.net\/wp-content\/uploads\/2021\/02\/metris-diphano-tafel-stoelen.jpg\",\"width\":1920,\"height\":1300},{\"@type\":\"WebPage\",\"@id\":\"https:\/\/acieloabierto.net\/de\/produkte\/metris\/#webpage\",\"url\":\"https:\/\/acieloabierto.net\/de\/produkte\/metris\/\",\"name\":\"Metris - Acielo Abierto\",\"isPartOf\":{\"@id\":\"https:\/\/acieloabierto.net\/en\/#website\"},\"primaryImageOfPage\":{\"@id\":\"https:\/\/acieloabierto.net\/de\/produkte\/metris\/#primaryimage\"},\"datePublished\":\"2021-02-22T09:51:30+00:00\",\"dateModified\":\"2021-02-22T09:51:30+00:00\",\"breadcrumb\":{\"@id\":\"https:\/\/acieloabierto.net\/de\/produkte\/metris\/#breadcrumb\"},\"inLanguage\":\"de\",\"potentialAction\":[{\"@type\":\"ReadAction\",\"target\":[\"https:\/\/acieloabierto.net\/de\/produkte\/metris\/\"]}]},{\"@type\":\"BreadcrumbList\",\"@id\":\"https:\/\/acieloabierto.net\/de\/produkte\/metris\/#breadcrumb\",\"itemListElement\":[{\"@type\":\"ListItem\",\"position\":1,\"item\":{\"@type\":\"WebPage\",\"@id\":\"https:\/\/acieloabierto.net\/\",\"url\":\"https:\/\/acieloabierto.net\/\",\"name\":\"Home\"}},{\"@type\":\"ListItem\",\"position\":2,\"item\":{\"@type\":\"WebPage\",\"@id\":\"\",\"url\":\"\",\"name\":\"\"}},{\"@type\":\"ListItem\",\"position\":3,\"item\":{\"@id\":\"https:\/\/acieloabierto.net\/de\/produkte\/metris\/#webpage\"}}]}]}<\/script>\n<!-- \/ Yoast SEO plugin. -->","_links":{"self":[{"href":"https:\/\/acieloabierto.net\/de\/wp-json\/wp\/v2\/product\/13295"}],"collection":[{"href":"https:\/\/acieloabierto.net\/de\/wp-json\/wp\/v2\/product"}],"about":[{"href":"https:\/\/acieloabierto.net\/de\/wp-json\/wp\/v2\/types\/product"}],"replies":[{"embeddable":true,"href":"https:\/\/acieloabierto.net\/de\/wp-json\/wp\/v2\/comments?post=13295"}],"wp:featuredmedia":[{"embeddable":true,"href":"https:\/\/acieloabierto.net\/de\/wp-json\/wp\/v2\/media\/7838"}],"wp:attachment":[{"href":"https:\/\/acieloabierto.net\/de\/wp-json\/wp\/v2\/media?parent=13295"}],"curies":[{"name":"wp","href":"https:\/\/api.w.org\/{rel}","templated":true}]}}