{"id":13273,"date":"2021-02-22T12:05:40","date_gmt":"2021-02-22T11:05:40","guid":{"rendered":"https:\/\/acieloabierto.net\/producten\/coast\/"},"modified":"2021-02-22T12:05:40","modified_gmt":"2021-02-22T11:05:40","slug":"coast","status":"publish","type":"product","link":"https:\/\/acieloabierto.net\/de\/produkte\/coast\/","title":{"rendered":"Coast"},"content":{"rendered":"<p><span style=\"font-weight: 400;\">Entscheiden Sie sich f\u00fcr Coast! Sie suchen eine Outdoor-Garnitur, die zu allem passt? Ob klassischer Endsessel oder moderne Chaiselongue, dank ihres modularen Aufbaus garantiert diese Kollektion unendliche Kombinationsm\u00f6glichkeiten. M\u00fchelos schick in einer kleinen Einrichtung oder einladend ger\u00e4umig auf einer hohen Terrasse: Coast passt an jeden Ort. Pflegeleicht und langlebig dank des wasserfesten Stoffes, elegant und leicht dank der abklappbaren Beine.<\/span><\/p>\n","protected":false},"excerpt":{"rendered":"<p>Entscheiden Sie sich f\u00fcr Coast! Sie suchen eine Outdoor-Garnitur, die zu allem passt? Ob klassischer Endsessel oder moderne Chaiselongue, dank ihres modularen Aufbaus garantiert diese Kollektion unendliche Kombinationsm\u00f6glichkeiten. M\u00fchelos schick in einer kleinen Einrichtung oder einladend ger\u00e4umig auf einer hohen Terrasse: Coast passt an jeden Ort. Pflegeleicht und langlebig dank des wasserfesten Stoffes, elegant und [&hellip;]<\/p>\n","protected":false},"featured_media":13274,"comment_status":"closed","ping_status":"closed","template":"","meta":{"wds_primary_pwb-brand":0,"wds_primary_product_cat":0},"brands":[{"id":658,"name":"Diphano","slug":"diphano-de"}],"yoast_head":"<!-- This site is optimized with the Yoast SEO plugin v16.3 - https:\/\/yoast.com\/wordpress\/plugins\/seo\/ -->\n<title>Coast - Acielo Abierto<\/title>\n<meta name=\"robots\" content=\"index, follow, max-snippet:-1, max-image-preview:large, max-video-preview:-1\" \/>\n<link rel=\"canonical\" href=\"https:\/\/acieloabierto.net\/de\/produkte\/coast\/\" \/>\n<meta property=\"og:locale\" content=\"de_DE\" \/>\n<meta property=\"og:type\" content=\"article\" \/>\n<meta property=\"og:title\" content=\"Coast - Acielo Abierto\" \/>\n<meta property=\"og:description\" content=\"Entscheiden Sie sich f\u00fcr Coast! Sie suchen eine Outdoor-Garnitur, die zu allem passt? Ob klassischer Endsessel oder moderne Chaiselongue, dank ihres modularen Aufbaus garantiert diese Kollektion unendliche Kombinationsm\u00f6glichkeiten. M\u00fchelos schick in einer kleinen Einrichtung oder einladend ger\u00e4umig auf einer hohen Terrasse: Coast passt an jeden Ort. Pflegeleicht und langlebig dank des wasserfesten Stoffes, elegant und [&hellip;]\" \/>\n<meta property=\"og:url\" content=\"https:\/\/acieloabierto.net\/de\/produkte\/coast\/\" \/>\n<meta property=\"og:site_name\" content=\"Acielo Abierto\" \/>\n<meta property=\"og:image\" content=\"https:\/\/acieloabierto.net\/wp-content\/uploads\/2021\/02\/coast-diphano-lounge.jpg\" \/>\n\t<meta property=\"og:image:width\" content=\"1920\" \/>\n\t<meta property=\"og:image:height\" content=\"1300\" \/>\n<meta name=\"twitter:card\" content=\"summary_large_image\" \/>\n<script type=\"application\/ld+json\" class=\"yoast-schema-graph\">{\"@context\":\"https:\/\/schema.org\",\"@graph\":[{\"@type\":\"Organization\",\"@id\":\"https:\/\/acieloabierto.net\/en\/#organization\",\"name\":\"A Cielo Abierto\",\"url\":\"https:\/\/acieloabierto.net\/en\/\",\"sameAs\":[],\"logo\":{\"@type\":\"ImageObject\",\"@id\":\"https:\/\/acieloabierto.net\/en\/#logo\",\"inLanguage\":\"de\",\"url\":\"https:\/\/acieloabierto.net\/wp-content\/uploads\/2021\/02\/logo.svg\",\"contentUrl\":\"https:\/\/acieloabierto.net\/wp-content\/uploads\/2021\/02\/logo.svg\",\"caption\":\"A Cielo Abierto\"},\"image\":{\"@id\":\"https:\/\/acieloabierto.net\/en\/#logo\"}},{\"@type\":\"WebSite\",\"@id\":\"https:\/\/acieloabierto.net\/en\/#website\",\"url\":\"https:\/\/acieloabierto.net\/en\/\",\"name\":\"Acielo Abierto\",\"description\":\"Tuinmeubels Costa Blanca\",\"publisher\":{\"@id\":\"https:\/\/acieloabierto.net\/en\/#organization\"},\"potentialAction\":[{\"@type\":\"SearchAction\",\"target\":\"https:\/\/acieloabierto.net\/en\/?s={search_term_string}\",\"query-input\":\"required name=search_term_string\"}],\"inLanguage\":\"de\"},{\"@type\":\"ImageObject\",\"@id\":\"https:\/\/acieloabierto.net\/de\/produkte\/coast\/#primaryimage\",\"inLanguage\":\"de\",\"url\":\"https:\/\/acieloabierto.net\/wp-content\/uploads\/2021\/02\/coast-diphano-lounge.jpg\",\"contentUrl\":\"https:\/\/acieloabierto.net\/wp-content\/uploads\/2021\/02\/coast-diphano-lounge.jpg\",\"width\":1920,\"height\":1300},{\"@type\":\"WebPage\",\"@id\":\"https:\/\/acieloabierto.net\/de\/produkte\/coast\/#webpage\",\"url\":\"https:\/\/acieloabierto.net\/de\/produkte\/coast\/\",\"name\":\"Coast - Acielo Abierto\",\"isPartOf\":{\"@id\":\"https:\/\/acieloabierto.net\/en\/#website\"},\"primaryImageOfPage\":{\"@id\":\"https:\/\/acieloabierto.net\/de\/produkte\/coast\/#primaryimage\"},\"datePublished\":\"2021-02-22T11:05:40+00:00\",\"dateModified\":\"2021-02-22T11:05:40+00:00\",\"breadcrumb\":{\"@id\":\"https:\/\/acieloabierto.net\/de\/produkte\/coast\/#breadcrumb\"},\"inLanguage\":\"de\",\"potentialAction\":[{\"@type\":\"ReadAction\",\"target\":[\"https:\/\/acieloabierto.net\/de\/produkte\/coast\/\"]}]},{\"@type\":\"BreadcrumbList\",\"@id\":\"https:\/\/acieloabierto.net\/de\/produkte\/coast\/#breadcrumb\",\"itemListElement\":[{\"@type\":\"ListItem\",\"position\":1,\"item\":{\"@type\":\"WebPage\",\"@id\":\"https:\/\/acieloabierto.net\/\",\"url\":\"https:\/\/acieloabierto.net\/\",\"name\":\"Home\"}},{\"@type\":\"ListItem\",\"position\":2,\"item\":{\"@type\":\"WebPage\",\"@id\":\"\",\"url\":\"\",\"name\":\"\"}},{\"@type\":\"ListItem\",\"position\":3,\"item\":{\"@id\":\"https:\/\/acieloabierto.net\/de\/produkte\/coast\/#webpage\"}}]}]}<\/script>\n<!-- \/ Yoast SEO plugin. -->","_links":{"self":[{"href":"https:\/\/acieloabierto.net\/de\/wp-json\/wp\/v2\/product\/13273"}],"collection":[{"href":"https:\/\/acieloabierto.net\/de\/wp-json\/wp\/v2\/product"}],"about":[{"href":"https:\/\/acieloabierto.net\/de\/wp-json\/wp\/v2\/types\/product"}],"replies":[{"embeddable":true,"href":"https:\/\/acieloabierto.net\/de\/wp-json\/wp\/v2\/comments?post=13273"}],"wp:featuredmedia":[{"embeddable":true,"href":"https:\/\/acieloabierto.net\/de\/wp-json\/wp\/v2\/media\/13274"}],"wp:attachment":[{"href":"https:\/\/acieloabierto.net\/de\/wp-json\/wp\/v2\/media?parent=13273"}],"curies":[{"name":"wp","href":"https:\/\/api.w.org\/{rel}","templated":true}]}}