{"id":13255,"date":"2021-02-19T12:43:36","date_gmt":"2021-02-19T11:43:36","guid":{"rendered":"https:\/\/acieloabierto.net\/producten\/alexa\/"},"modified":"2021-02-19T12:43:36","modified_gmt":"2021-02-19T11:43:36","slug":"alexa","status":"publish","type":"product","link":"https:\/\/acieloabierto.net\/de\/produkte\/alexa\/","title":{"rendered":"Alexa"},"content":{"rendered":"<p><span style=\"font-weight: 400;\">Stapelbar. Zusammenklappbar. Bequem. Unsere Alexa-St\u00fchle haben alles, was Sie f\u00fcr ein perfektes Outdoor-Vergn\u00fcgen brauchen. Mit ihrer verspielten Batyline\u00ae-Oberfl\u00e4che bietet die Kollektion eine willkommene Abwechslung in jeder Umgebung. Das Aluminiumgestell von Alexa in Lava und Wei\u00df l\u00e4sst sich wunderbar mit der nat\u00fcrlichen Teakholzplatte der ausziehbaren, runden und Bistrotische kombinieren. Die Trespa\u00ae-Platten sind eine weitere Option f\u00fcr Ihre anspruchsvollen Projekte und garantieren eine einfache Pflege und perfekte Haltbarkeit.<\/span><\/p>\n","protected":false},"excerpt":{"rendered":"<p>Stapelbar. Zusammenklappbar. Bequem. Unsere Alexa-St\u00fchle haben alles, was Sie f\u00fcr ein perfektes Outdoor-Vergn\u00fcgen brauchen. Mit ihrer verspielten Batyline\u00ae-Oberfl\u00e4che bietet die Kollektion eine willkommene Abwechslung in jeder Umgebung. Das Aluminiumgestell von Alexa in Lava und Wei\u00df l\u00e4sst sich wunderbar mit der nat\u00fcrlichen Teakholzplatte der ausziehbaren, runden und Bistrotische kombinieren. Die Trespa\u00ae-Platten sind eine weitere Option f\u00fcr [&hellip;]<\/p>\n","protected":false},"featured_media":7813,"comment_status":"open","ping_status":"closed","template":"","meta":{"wds_primary_pwb-brand":0,"wds_primary_product_cat":0},"brands":[{"id":658,"name":"Diphano","slug":"diphano-de"}],"yoast_head":"<!-- This site is optimized with the Yoast SEO plugin v16.3 - https:\/\/yoast.com\/wordpress\/plugins\/seo\/ -->\n<title>Alexa - Acielo Abierto<\/title>\n<meta name=\"robots\" content=\"index, follow, max-snippet:-1, max-image-preview:large, max-video-preview:-1\" \/>\n<link rel=\"canonical\" href=\"https:\/\/acieloabierto.net\/de\/produkte\/alexa\/\" \/>\n<meta property=\"og:locale\" content=\"de_DE\" \/>\n<meta property=\"og:type\" content=\"article\" \/>\n<meta property=\"og:title\" content=\"Alexa - Acielo Abierto\" \/>\n<meta property=\"og:description\" content=\"Stapelbar. Zusammenklappbar. Bequem. Unsere Alexa-St\u00fchle haben alles, was Sie f\u00fcr ein perfektes Outdoor-Vergn\u00fcgen brauchen. Mit ihrer verspielten Batyline\u00ae-Oberfl\u00e4che bietet die Kollektion eine willkommene Abwechslung in jeder Umgebung. Das Aluminiumgestell von Alexa in Lava und Wei\u00df l\u00e4sst sich wunderbar mit der nat\u00fcrlichen Teakholzplatte der ausziehbaren, runden und Bistrotische kombinieren. Die Trespa\u00ae-Platten sind eine weitere Option f\u00fcr [&hellip;]\" \/>\n<meta property=\"og:url\" content=\"https:\/\/acieloabierto.net\/de\/produkte\/alexa\/\" \/>\n<meta property=\"og:site_name\" content=\"Acielo Abierto\" \/>\n<meta name=\"twitter:card\" content=\"summary_large_image\" \/>\n<script type=\"application\/ld+json\" class=\"yoast-schema-graph\">{\"@context\":\"https:\/\/schema.org\",\"@graph\":[{\"@type\":\"Organization\",\"@id\":\"https:\/\/acieloabierto.net\/en\/#organization\",\"name\":\"A Cielo Abierto\",\"url\":\"https:\/\/acieloabierto.net\/en\/\",\"sameAs\":[],\"logo\":{\"@type\":\"ImageObject\",\"@id\":\"https:\/\/acieloabierto.net\/en\/#logo\",\"inLanguage\":\"de\",\"url\":\"https:\/\/acieloabierto.net\/wp-content\/uploads\/2021\/02\/logo.svg\",\"contentUrl\":\"https:\/\/acieloabierto.net\/wp-content\/uploads\/2021\/02\/logo.svg\",\"caption\":\"A Cielo Abierto\"},\"image\":{\"@id\":\"https:\/\/acieloabierto.net\/en\/#logo\"}},{\"@type\":\"WebSite\",\"@id\":\"https:\/\/acieloabierto.net\/en\/#website\",\"url\":\"https:\/\/acieloabierto.net\/en\/\",\"name\":\"Acielo Abierto\",\"description\":\"Tuinmeubels Costa Blanca\",\"publisher\":{\"@id\":\"https:\/\/acieloabierto.net\/en\/#organization\"},\"potentialAction\":[{\"@type\":\"SearchAction\",\"target\":\"https:\/\/acieloabierto.net\/en\/?s={search_term_string}\",\"query-input\":\"required name=search_term_string\"}],\"inLanguage\":\"de\"},{\"@type\":\"ImageObject\",\"@id\":\"https:\/\/acieloabierto.net\/de\/produkte\/alexa\/#primaryimage\",\"inLanguage\":\"de\",\"url\":\"https:\/\/acieloabierto.net\/wp-content\/uploads\/2021\/02\/alexa-diphano-tafels-stoelen-3.jpg\",\"contentUrl\":\"https:\/\/acieloabierto.net\/wp-content\/uploads\/2021\/02\/alexa-diphano-tafels-stoelen-3.jpg\",\"width\":1920,\"height\":1300},{\"@type\":\"WebPage\",\"@id\":\"https:\/\/acieloabierto.net\/de\/produkte\/alexa\/#webpage\",\"url\":\"https:\/\/acieloabierto.net\/de\/produkte\/alexa\/\",\"name\":\"Alexa - Acielo Abierto\",\"isPartOf\":{\"@id\":\"https:\/\/acieloabierto.net\/en\/#website\"},\"primaryImageOfPage\":{\"@id\":\"https:\/\/acieloabierto.net\/de\/produkte\/alexa\/#primaryimage\"},\"datePublished\":\"2021-02-19T11:43:36+00:00\",\"dateModified\":\"2021-02-19T11:43:36+00:00\",\"breadcrumb\":{\"@id\":\"https:\/\/acieloabierto.net\/de\/produkte\/alexa\/#breadcrumb\"},\"inLanguage\":\"de\",\"potentialAction\":[{\"@type\":\"ReadAction\",\"target\":[\"https:\/\/acieloabierto.net\/de\/produkte\/alexa\/\"]}]},{\"@type\":\"BreadcrumbList\",\"@id\":\"https:\/\/acieloabierto.net\/de\/produkte\/alexa\/#breadcrumb\",\"itemListElement\":[{\"@type\":\"ListItem\",\"position\":1,\"item\":{\"@type\":\"WebPage\",\"@id\":\"https:\/\/acieloabierto.net\/\",\"url\":\"https:\/\/acieloabierto.net\/\",\"name\":\"Home\"}},{\"@type\":\"ListItem\",\"position\":2,\"item\":{\"@type\":\"WebPage\",\"@id\":\"\",\"url\":\"\",\"name\":\"\"}},{\"@type\":\"ListItem\",\"position\":3,\"item\":{\"@id\":\"https:\/\/acieloabierto.net\/de\/produkte\/alexa\/#webpage\"}}]}]}<\/script>\n<!-- \/ Yoast SEO plugin. -->","_links":{"self":[{"href":"https:\/\/acieloabierto.net\/de\/wp-json\/wp\/v2\/product\/13255"}],"collection":[{"href":"https:\/\/acieloabierto.net\/de\/wp-json\/wp\/v2\/product"}],"about":[{"href":"https:\/\/acieloabierto.net\/de\/wp-json\/wp\/v2\/types\/product"}],"replies":[{"embeddable":true,"href":"https:\/\/acieloabierto.net\/de\/wp-json\/wp\/v2\/comments?post=13255"}],"wp:featuredmedia":[{"embeddable":true,"href":"https:\/\/acieloabierto.net\/de\/wp-json\/wp\/v2\/media\/7813"}],"wp:attachment":[{"href":"https:\/\/acieloabierto.net\/de\/wp-json\/wp\/v2\/media?parent=13255"}],"curies":[{"name":"wp","href":"https:\/\/api.w.org\/{rel}","templated":true}]}}