{"id":13225,"date":"2021-04-28T14:42:21","date_gmt":"2021-04-28T12:42:21","guid":{"rendered":"https:\/\/acieloabierto.net\/producten\/b25\/"},"modified":"2021-04-28T14:42:21","modified_gmt":"2021-04-28T12:42:21","slug":"b25","status":"publish","type":"product","link":"https:\/\/acieloabierto.net\/de\/produkte\/b25\/","title":{"rendered":"B25"},"content":{"rendered":"<p><span style=\"font-weight: 400;\">Die B25-Familie ist in 3 verschiedenen Ausf\u00fchrungen erh\u00e4ltlich. Bei der B25 Elite und Prestige haben Sie au\u00dferdem die M\u00f6glichkeit, eine vollautomatische Markise anzubringen. Mit ihrem kompakten Design passt die B25-Serie an jede Fassade.<\/span><\/p>\n","protected":false},"excerpt":{"rendered":"<p>Die B25-Familie ist in 3 verschiedenen Ausf\u00fchrungen erh\u00e4ltlich. Bei der B25 Elite und Prestige haben Sie au\u00dferdem die M\u00f6glichkeit, eine vollautomatische Markise anzubringen. Mit ihrem kompakten Design passt die B25-Serie an jede Fassade.<\/p>\n","protected":false},"featured_media":13228,"comment_status":"closed","ping_status":"closed","template":"","meta":{"wds_primary_pwb-brand":0,"wds_primary_product_cat":0},"brands":[{"id":656,"name":"Brustor","slug":"brustor-de"}],"yoast_head":"<!-- This site is optimized with the Yoast SEO plugin v16.3 - https:\/\/yoast.com\/wordpress\/plugins\/seo\/ -->\n<title>B25 - Acielo Abierto<\/title>\n<meta name=\"robots\" content=\"index, follow, max-snippet:-1, max-image-preview:large, max-video-preview:-1\" \/>\n<link rel=\"canonical\" href=\"https:\/\/acieloabierto.net\/de\/produkte\/b25\/\" \/>\n<meta property=\"og:locale\" content=\"de_DE\" \/>\n<meta property=\"og:type\" content=\"article\" \/>\n<meta property=\"og:title\" content=\"B25 - Acielo Abierto\" \/>\n<meta property=\"og:description\" content=\"Die B25-Familie ist in 3 verschiedenen Ausf\u00fchrungen erh\u00e4ltlich. Bei der B25 Elite und Prestige haben Sie au\u00dferdem die M\u00f6glichkeit, eine vollautomatische Markise anzubringen. Mit ihrem kompakten Design passt die B25-Serie an jede Fassade.\" \/>\n<meta property=\"og:url\" content=\"https:\/\/acieloabierto.net\/de\/produkte\/b25\/\" \/>\n<meta property=\"og:site_name\" content=\"Acielo Abierto\" \/>\n<meta property=\"og:image\" content=\"https:\/\/acieloabierto.net\/wp-content\/uploads\/2021\/04\/B25_Volant_Wit_Grijs_Doek_VilleneuveLesBeziers_FR_AluminiumMDDelangrange_Guillaume_2019_20_B.jpg\" \/>\n\t<meta property=\"og:image:width\" content=\"1300\" \/>\n\t<meta property=\"og:image:height\" content=\"866\" \/>\n<meta name=\"twitter:card\" content=\"summary_large_image\" \/>\n<script type=\"application\/ld+json\" class=\"yoast-schema-graph\">{\"@context\":\"https:\/\/schema.org\",\"@graph\":[{\"@type\":\"Organization\",\"@id\":\"https:\/\/acieloabierto.net\/en\/#organization\",\"name\":\"A Cielo Abierto\",\"url\":\"https:\/\/acieloabierto.net\/en\/\",\"sameAs\":[],\"logo\":{\"@type\":\"ImageObject\",\"@id\":\"https:\/\/acieloabierto.net\/en\/#logo\",\"inLanguage\":\"de\",\"url\":\"https:\/\/acieloabierto.net\/wp-content\/uploads\/2021\/02\/logo.svg\",\"contentUrl\":\"https:\/\/acieloabierto.net\/wp-content\/uploads\/2021\/02\/logo.svg\",\"caption\":\"A Cielo Abierto\"},\"image\":{\"@id\":\"https:\/\/acieloabierto.net\/en\/#logo\"}},{\"@type\":\"WebSite\",\"@id\":\"https:\/\/acieloabierto.net\/en\/#website\",\"url\":\"https:\/\/acieloabierto.net\/en\/\",\"name\":\"Acielo Abierto\",\"description\":\"Tuinmeubels Costa Blanca\",\"publisher\":{\"@id\":\"https:\/\/acieloabierto.net\/en\/#organization\"},\"potentialAction\":[{\"@type\":\"SearchAction\",\"target\":\"https:\/\/acieloabierto.net\/en\/?s={search_term_string}\",\"query-input\":\"required name=search_term_string\"}],\"inLanguage\":\"de\"},{\"@type\":\"ImageObject\",\"@id\":\"https:\/\/acieloabierto.net\/de\/produkte\/b25\/#primaryimage\",\"inLanguage\":\"de\",\"url\":\"https:\/\/acieloabierto.net\/wp-content\/uploads\/2021\/04\/B25_Volant_Wit_Grijs_Doek_VilleneuveLesBeziers_FR_AluminiumMDDelangrange_Guillaume_2019_20_B.jpg\",\"contentUrl\":\"https:\/\/acieloabierto.net\/wp-content\/uploads\/2021\/04\/B25_Volant_Wit_Grijs_Doek_VilleneuveLesBeziers_FR_AluminiumMDDelangrange_Guillaume_2019_20_B.jpg\",\"width\":1300,\"height\":866,\"caption\":\"Brustor B25_Volant_Wit_Grijs_Doek_VilleneuveLesBeziers_FR_AluminiumMDDelangrange_Guillaume_2019_20_B\"},{\"@type\":\"WebPage\",\"@id\":\"https:\/\/acieloabierto.net\/de\/produkte\/b25\/#webpage\",\"url\":\"https:\/\/acieloabierto.net\/de\/produkte\/b25\/\",\"name\":\"B25 - Acielo Abierto\",\"isPartOf\":{\"@id\":\"https:\/\/acieloabierto.net\/en\/#website\"},\"primaryImageOfPage\":{\"@id\":\"https:\/\/acieloabierto.net\/de\/produkte\/b25\/#primaryimage\"},\"datePublished\":\"2021-04-28T12:42:21+00:00\",\"dateModified\":\"2021-04-28T12:42:21+00:00\",\"breadcrumb\":{\"@id\":\"https:\/\/acieloabierto.net\/de\/produkte\/b25\/#breadcrumb\"},\"inLanguage\":\"de\",\"potentialAction\":[{\"@type\":\"ReadAction\",\"target\":[\"https:\/\/acieloabierto.net\/de\/produkte\/b25\/\"]}]},{\"@type\":\"BreadcrumbList\",\"@id\":\"https:\/\/acieloabierto.net\/de\/produkte\/b25\/#breadcrumb\",\"itemListElement\":[{\"@type\":\"ListItem\",\"position\":1,\"item\":{\"@type\":\"WebPage\",\"@id\":\"https:\/\/acieloabierto.net\/\",\"url\":\"https:\/\/acieloabierto.net\/\",\"name\":\"Home\"}},{\"@type\":\"ListItem\",\"position\":2,\"item\":{\"@type\":\"WebPage\",\"@id\":\"\",\"url\":\"\",\"name\":\"\"}},{\"@type\":\"ListItem\",\"position\":3,\"item\":{\"@id\":\"https:\/\/acieloabierto.net\/de\/produkte\/b25\/#webpage\"}}]}]}<\/script>\n<!-- \/ Yoast SEO plugin. -->","_links":{"self":[{"href":"https:\/\/acieloabierto.net\/de\/wp-json\/wp\/v2\/product\/13225"}],"collection":[{"href":"https:\/\/acieloabierto.net\/de\/wp-json\/wp\/v2\/product"}],"about":[{"href":"https:\/\/acieloabierto.net\/de\/wp-json\/wp\/v2\/types\/product"}],"replies":[{"embeddable":true,"href":"https:\/\/acieloabierto.net\/de\/wp-json\/wp\/v2\/comments?post=13225"}],"wp:featuredmedia":[{"embeddable":true,"href":"https:\/\/acieloabierto.net\/de\/wp-json\/wp\/v2\/media\/13228"}],"wp:attachment":[{"href":"https:\/\/acieloabierto.net\/de\/wp-json\/wp\/v2\/media?parent=13225"}],"curies":[{"name":"wp","href":"https:\/\/api.w.org\/{rel}","templated":true}]}}